{"id":47042,"date":"2026-03-07T13:52:05","date_gmt":"2026-03-07T12:52:05","guid":{"rendered":"https:\/\/www.mjoelnerhunting.com\/?post_type=product&#038;p=47042"},"modified":"2026-04-23T15:23:26","modified_gmt":"2026-04-23T13:23:26","slug":"kikarhaallarsystem-toke-kopier","status":"publish","type":"product","link":"https:\/\/www.mjoelnerhunting.com\/sv\/produkt\/kikarhaallarsystem-toke-kopier\/","title":{"rendered":"Kikarh\u00e5llarsystem Toke Loden"},"content":{"rendered":"<p>H\u00e5ll din handkikare torr och dimfri med detta geniala b\u00e4rsystem f\u00f6r kikare. Med plats f\u00f6r \u00e4ven de st\u00f6rsta kikarna. Tillverkad av loden p\u00e5 utsidan och fleece p\u00e5 insidan f\u00f6r tyst drift. Droppfront med dubbel magnetisk st\u00e4ngning. Ventilerad b\u00e4rrem med mycket goda justeringsm\u00f6jligheter. Tre olika kikarf\u00e4sten. Sidoremmar f\u00f6r att h\u00e5lla kikaren p\u00e5 plats \u00e4ven vid sv\u00e5ra s\u00f6kningar. Ficka p\u00e5 baksidan f\u00f6r t.ex. mobiltelefon.       <\/p>\n","protected":false},"excerpt":{"rendered":"<p>H\u00e5ll din handkikare torr och dimfri med detta geniala b\u00e4rsystem f\u00f6r kikare. Med plats f\u00f6r \u00e4ven de st\u00f6rsta kikarna. Tillverkad av loden p\u00e5 utsidan och fleece p\u00e5 insidan f\u00f6r tyst drift. Droppfront med dubbel magnetisk st\u00e4ngning. Ventilerad b\u00e4rrem med mycket goda justeringsm\u00f6jligheter. Tre olika kikarf\u00e4sten. Sidoremmar f\u00f6r att h\u00e5lla kikaren p\u00e5 plats \u00e4ven vid sv\u00e5ra s\u00f6kningar. Ficka p\u00e5 baksidan f\u00f6r t.ex. mobiltelefon.       <\/p>\n","protected":false},"featured_media":44482,"comment_status":"closed","ping_status":"closed","template":"","meta":{"_acf_changed":false},"product_brand":[],"product_cat":[201],"product_tag":[],"class_list":{"0":"post-47042","1":"product","2":"type-product","3":"status-publish","4":"has-post-thumbnail","6":"product_cat-optik-och-optiktillbehoer","8":"first","9":"instock","10":"purchasable","11":"product-type-simple"},"supplier_id":null,"supplier_sku":"","barcode":null,"atum_controlled":true,"out_stock_date":null,"out_stock_threshold":null,"inheritable":false,"inbound_stock":null,"stock_on_hold":null,"sold_today":null,"sales_last_days":null,"reserved_stock":null,"customer_returns":null,"warehouse_damage":null,"lost_in_post":null,"other_logs":null,"out_stock_days":null,"lost_sales":null,"has_location":false,"update_date":"2026-04-23T13:23:09","atum_locations":[],"atum_stock_status":"instock","restock_status":false,"low_stock_amount":"","sales_update_date":"2026-03-06T14:13:35","calc_backorders":null,"acf":[],"yoast_head":"<!-- This site is optimized with the Yoast SEO plugin v27.6 - https:\/\/yoast.com\/product\/yoast-seo-wordpress\/ -->\n<title>Kikarh\u00e5llarsystem Toke Loden - Mj\u00f8lner Hunting<\/title>\n<meta name=\"robots\" content=\"index, follow, max-snippet:-1, max-image-preview:large, max-video-preview:-1\" \/>\n<link rel=\"canonical\" href=\"https:\/\/www.mjoelnerhunting.com\/sv\/produkt\/kikarhaallarsystem-toke-kopier\/\" \/>\n<meta property=\"og:locale\" content=\"sv_SE\" \/>\n<meta property=\"og:type\" content=\"article\" \/>\n<meta property=\"og:title\" content=\"Kikarh\u00e5llarsystem Toke Loden - Mj\u00f8lner Hunting\" \/>\n<meta property=\"og:description\" content=\"H\u00e5ll din handkikare torr och dimfri med detta geniala b\u00e4rsystem f\u00f6r kikare. Med plats f\u00f6r \u00e4ven de st\u00f6rsta kikarna. Tillverkad av loden p\u00e5 utsidan och fleece p\u00e5 insidan f\u00f6r tyst drift. Droppfront med dubbel magnetisk st\u00e4ngning. Ventilerad b\u00e4rrem med mycket goda justeringsm\u00f6jligheter. Tre olika kikarf\u00e4sten. Sidoremmar f\u00f6r att h\u00e5lla kikaren p\u00e5 plats \u00e4ven vid sv\u00e5ra s\u00f6kningar. Ficka p\u00e5 baksidan f\u00f6r t.ex. mobiltelefon.\" \/>\n<meta property=\"og:url\" content=\"https:\/\/www.mjoelnerhunting.com\/sv\/produkt\/kikarhaallarsystem-toke-kopier\/\" \/>\n<meta property=\"og:site_name\" content=\"Mj\u00f8lner Hunting\" \/>\n<meta property=\"article:publisher\" content=\"https:\/\/www.facebook.com\/MJOELNERHUNTING\" \/>\n<meta property=\"article:modified_time\" content=\"2026-04-23T13:23:26+00:00\" \/>\n<meta property=\"og:image\" content=\"https:\/\/www.mjoelnerhunting.com\/wp-content\/uploads\/2026\/01\/10214222401_Binocular_Carring_System_Toke_Loden%20(1)-scaled.jpg\" \/>\n\t<meta property=\"og:image:width\" content=\"1707\" \/>\n\t<meta property=\"og:image:height\" content=\"2560\" \/>\n\t<meta property=\"og:image:type\" content=\"image\/jpeg\" \/>\n<meta name=\"twitter:card\" content=\"summary_large_image\" \/>\n<script type=\"application\/ld+json\" class=\"yoast-schema-graph\">{\"@context\":\"https:\\\/\\\/schema.org\",\"@graph\":[{\"@type\":\"WebPage\",\"@id\":\"https:\\\/\\\/www.mjoelnerhunting.com\\\/sv\\\/produkt\\\/kikarhaallarsystem-toke-kopier\\\/\",\"url\":\"https:\\\/\\\/www.mjoelnerhunting.com\\\/sv\\\/produkt\\\/kikarhaallarsystem-toke-kopier\\\/\",\"name\":\"Kikarh\u00e5llarsystem Toke Loden - Mj\u00f8lner Hunting\",\"isPartOf\":{\"@id\":\"https:\\\/\\\/www.mjoelnerhunting.com\\\/sv\\\/#website\"},\"primaryImageOfPage\":{\"@id\":\"https:\\\/\\\/www.mjoelnerhunting.com\\\/sv\\\/produkt\\\/kikarhaallarsystem-toke-kopier\\\/#primaryimage\"},\"image\":{\"@id\":\"https:\\\/\\\/www.mjoelnerhunting.com\\\/sv\\\/produkt\\\/kikarhaallarsystem-toke-kopier\\\/#primaryimage\"},\"thumbnailUrl\":\"https:\\\/\\\/www.mjoelnerhunting.com\\\/wp-content\\\/uploads\\\/2026\\\/01\\\/10214222401_Binocular_Carring_System_Toke_Loden (1)-scaled.jpg\",\"datePublished\":\"2026-03-07T12:52:05+00:00\",\"dateModified\":\"2026-04-23T13:23:26+00:00\",\"breadcrumb\":{\"@id\":\"https:\\\/\\\/www.mjoelnerhunting.com\\\/sv\\\/produkt\\\/kikarhaallarsystem-toke-kopier\\\/#breadcrumb\"},\"inLanguage\":\"sv-SE\",\"potentialAction\":[{\"@type\":\"ReadAction\",\"target\":[\"https:\\\/\\\/www.mjoelnerhunting.com\\\/sv\\\/produkt\\\/kikarhaallarsystem-toke-kopier\\\/\"]}]},{\"@type\":\"ImageObject\",\"inLanguage\":\"sv-SE\",\"@id\":\"https:\\\/\\\/www.mjoelnerhunting.com\\\/sv\\\/produkt\\\/kikarhaallarsystem-toke-kopier\\\/#primaryimage\",\"url\":\"https:\\\/\\\/www.mjoelnerhunting.com\\\/wp-content\\\/uploads\\\/2026\\\/01\\\/10214222401_Binocular_Carring_System_Toke_Loden (1)-scaled.jpg\",\"contentUrl\":\"https:\\\/\\\/www.mjoelnerhunting.com\\\/wp-content\\\/uploads\\\/2026\\\/01\\\/10214222401_Binocular_Carring_System_Toke_Loden (1)-scaled.jpg\",\"width\":1707,\"height\":2560},{\"@type\":\"BreadcrumbList\",\"@id\":\"https:\\\/\\\/www.mjoelnerhunting.com\\\/sv\\\/produkt\\\/kikarhaallarsystem-toke-kopier\\\/#breadcrumb\",\"itemListElement\":[{\"@type\":\"ListItem\",\"position\":1,\"name\":\"Hem\",\"item\":\"https:\\\/\\\/www.mjoelnerhunting.com\\\/sv\\\/jaga-smartare-inte-hardare\\\/\"},{\"@type\":\"ListItem\",\"position\":2,\"name\":\"Butik\",\"item\":\"https:\\\/\\\/www.mjoelnerhunting.com\\\/sv\\\/butik\\\/\"},{\"@type\":\"ListItem\",\"position\":3,\"name\":\"Kikarh\u00e5llarsystem Toke Loden\"}]},{\"@type\":\"WebSite\",\"@id\":\"https:\\\/\\\/www.mjoelnerhunting.com\\\/sv\\\/#website\",\"url\":\"https:\\\/\\\/www.mjoelnerhunting.com\\\/sv\\\/\",\"name\":\"Mj\u00f8lner Hunting\",\"description\":\"Hunting Gear\",\"publisher\":{\"@id\":\"https:\\\/\\\/www.mjoelnerhunting.com\\\/sv\\\/#organization\"},\"potentialAction\":[{\"@type\":\"SearchAction\",\"target\":{\"@type\":\"EntryPoint\",\"urlTemplate\":\"https:\\\/\\\/www.mjoelnerhunting.com\\\/sv\\\/?s={search_term_string}\"},\"query-input\":{\"@type\":\"PropertyValueSpecification\",\"valueRequired\":true,\"valueName\":\"search_term_string\"}}],\"inLanguage\":\"sv-SE\"},{\"@type\":\"Organization\",\"@id\":\"https:\\\/\\\/www.mjoelnerhunting.com\\\/sv\\\/#organization\",\"name\":\"Mj\u00f8lner Jakt\",\"url\":\"https:\\\/\\\/www.mjoelnerhunting.com\\\/sv\\\/\",\"logo\":{\"@type\":\"ImageObject\",\"inLanguage\":\"sv-SE\",\"@id\":\"https:\\\/\\\/www.mjoelnerhunting.com\\\/sv\\\/#\\\/schema\\\/logo\\\/image\\\/\",\"url\":\"https:\\\/\\\/www.mjoelnerhunting.com\\\/wp-content\\\/uploads\\\/2021\\\/10\\\/Logo-White.png\",\"contentUrl\":\"https:\\\/\\\/www.mjoelnerhunting.com\\\/wp-content\\\/uploads\\\/2021\\\/10\\\/Logo-White.png\",\"width\":238,\"height\":114,\"caption\":\"Mj\u00f8lner Jakt\"},\"image\":{\"@id\":\"https:\\\/\\\/www.mjoelnerhunting.com\\\/sv\\\/#\\\/schema\\\/logo\\\/image\\\/\"},\"sameAs\":[\"https:\\\/\\\/www.facebook.com\\\/MJOELNERHUNTING\"]}]}<\/script>\n<!-- \/ Yoast SEO plugin. -->","yoast_head_json":{"title":"Kikarh\u00e5llarsystem Toke Loden - Mj\u00f8lner Hunting","robots":{"index":"index","follow":"follow","max-snippet":"max-snippet:-1","max-image-preview":"max-image-preview:large","max-video-preview":"max-video-preview:-1"},"canonical":"https:\/\/www.mjoelnerhunting.com\/sv\/produkt\/kikarhaallarsystem-toke-kopier\/","og_locale":"sv_SE","og_type":"article","og_title":"Kikarh\u00e5llarsystem Toke Loden - Mj\u00f8lner Hunting","og_description":"H\u00e5ll din handkikare torr och dimfri med detta geniala b\u00e4rsystem f\u00f6r kikare. Med plats f\u00f6r \u00e4ven de st\u00f6rsta kikarna. Tillverkad av loden p\u00e5 utsidan och fleece p\u00e5 insidan f\u00f6r tyst drift. Droppfront med dubbel magnetisk st\u00e4ngning. Ventilerad b\u00e4rrem med mycket goda justeringsm\u00f6jligheter. Tre olika kikarf\u00e4sten. Sidoremmar f\u00f6r att h\u00e5lla kikaren p\u00e5 plats \u00e4ven vid sv\u00e5ra s\u00f6kningar. Ficka p\u00e5 baksidan f\u00f6r t.ex. mobiltelefon.","og_url":"https:\/\/www.mjoelnerhunting.com\/sv\/produkt\/kikarhaallarsystem-toke-kopier\/","og_site_name":"Mj\u00f8lner Hunting","article_publisher":"https:\/\/www.facebook.com\/MJOELNERHUNTING","article_modified_time":"2026-04-23T13:23:26+00:00","og_image":[{"width":1707,"height":2560,"url":"https:\/\/www.mjoelnerhunting.com\/wp-content\/uploads\/2026\/01\/10214222401_Binocular_Carring_System_Toke_Loden (1)-scaled.jpg","type":"image\/jpeg"}],"twitter_card":"summary_large_image","schema":{"@context":"https:\/\/schema.org","@graph":[{"@type":"WebPage","@id":"https:\/\/www.mjoelnerhunting.com\/sv\/produkt\/kikarhaallarsystem-toke-kopier\/","url":"https:\/\/www.mjoelnerhunting.com\/sv\/produkt\/kikarhaallarsystem-toke-kopier\/","name":"Kikarh\u00e5llarsystem Toke Loden - Mj\u00f8lner Hunting","isPartOf":{"@id":"https:\/\/www.mjoelnerhunting.com\/sv\/#website"},"primaryImageOfPage":{"@id":"https:\/\/www.mjoelnerhunting.com\/sv\/produkt\/kikarhaallarsystem-toke-kopier\/#primaryimage"},"image":{"@id":"https:\/\/www.mjoelnerhunting.com\/sv\/produkt\/kikarhaallarsystem-toke-kopier\/#primaryimage"},"thumbnailUrl":"https:\/\/www.mjoelnerhunting.com\/wp-content\/uploads\/2026\/01\/10214222401_Binocular_Carring_System_Toke_Loden (1)-scaled.jpg","datePublished":"2026-03-07T12:52:05+00:00","dateModified":"2026-04-23T13:23:26+00:00","breadcrumb":{"@id":"https:\/\/www.mjoelnerhunting.com\/sv\/produkt\/kikarhaallarsystem-toke-kopier\/#breadcrumb"},"inLanguage":"sv-SE","potentialAction":[{"@type":"ReadAction","target":["https:\/\/www.mjoelnerhunting.com\/sv\/produkt\/kikarhaallarsystem-toke-kopier\/"]}]},{"@type":"ImageObject","inLanguage":"sv-SE","@id":"https:\/\/www.mjoelnerhunting.com\/sv\/produkt\/kikarhaallarsystem-toke-kopier\/#primaryimage","url":"https:\/\/www.mjoelnerhunting.com\/wp-content\/uploads\/2026\/01\/10214222401_Binocular_Carring_System_Toke_Loden (1)-scaled.jpg","contentUrl":"https:\/\/www.mjoelnerhunting.com\/wp-content\/uploads\/2026\/01\/10214222401_Binocular_Carring_System_Toke_Loden (1)-scaled.jpg","width":1707,"height":2560},{"@type":"BreadcrumbList","@id":"https:\/\/www.mjoelnerhunting.com\/sv\/produkt\/kikarhaallarsystem-toke-kopier\/#breadcrumb","itemListElement":[{"@type":"ListItem","position":1,"name":"Hem","item":"https:\/\/www.mjoelnerhunting.com\/sv\/jaga-smartare-inte-hardare\/"},{"@type":"ListItem","position":2,"name":"Butik","item":"https:\/\/www.mjoelnerhunting.com\/sv\/butik\/"},{"@type":"ListItem","position":3,"name":"Kikarh\u00e5llarsystem Toke Loden"}]},{"@type":"WebSite","@id":"https:\/\/www.mjoelnerhunting.com\/sv\/#website","url":"https:\/\/www.mjoelnerhunting.com\/sv\/","name":"Mj\u00f8lner Hunting","description":"Hunting Gear","publisher":{"@id":"https:\/\/www.mjoelnerhunting.com\/sv\/#organization"},"potentialAction":[{"@type":"SearchAction","target":{"@type":"EntryPoint","urlTemplate":"https:\/\/www.mjoelnerhunting.com\/sv\/?s={search_term_string}"},"query-input":{"@type":"PropertyValueSpecification","valueRequired":true,"valueName":"search_term_string"}}],"inLanguage":"sv-SE"},{"@type":"Organization","@id":"https:\/\/www.mjoelnerhunting.com\/sv\/#organization","name":"Mj\u00f8lner Jakt","url":"https:\/\/www.mjoelnerhunting.com\/sv\/","logo":{"@type":"ImageObject","inLanguage":"sv-SE","@id":"https:\/\/www.mjoelnerhunting.com\/sv\/#\/schema\/logo\/image\/","url":"https:\/\/www.mjoelnerhunting.com\/wp-content\/uploads\/2021\/10\/Logo-White.png","contentUrl":"https:\/\/www.mjoelnerhunting.com\/wp-content\/uploads\/2021\/10\/Logo-White.png","width":238,"height":114,"caption":"Mj\u00f8lner Jakt"},"image":{"@id":"https:\/\/www.mjoelnerhunting.com\/sv\/#\/schema\/logo\/image\/"},"sameAs":["https:\/\/www.facebook.com\/MJOELNERHUNTING"]}]}},"_links":{"self":[{"href":"https:\/\/www.mjoelnerhunting.com\/sv\/wp-json\/wp\/v2\/product\/47042","targetHints":{"allow":["GET"]}}],"collection":[{"href":"https:\/\/www.mjoelnerhunting.com\/sv\/wp-json\/wp\/v2\/product"}],"about":[{"href":"https:\/\/www.mjoelnerhunting.com\/sv\/wp-json\/wp\/v2\/types\/product"}],"replies":[{"embeddable":true,"href":"https:\/\/www.mjoelnerhunting.com\/sv\/wp-json\/wp\/v2\/comments?post=47042"}],"wp:featuredmedia":[{"embeddable":true,"href":"https:\/\/www.mjoelnerhunting.com\/sv\/wp-json\/wp\/v2\/media\/44482"}],"wp:attachment":[{"href":"https:\/\/www.mjoelnerhunting.com\/sv\/wp-json\/wp\/v2\/media?parent=47042"}],"wp:term":[{"taxonomy":"product_brand","embeddable":true,"href":"https:\/\/www.mjoelnerhunting.com\/sv\/wp-json\/wp\/v2\/product_brand?post=47042"},{"taxonomy":"product_cat","embeddable":true,"href":"https:\/\/www.mjoelnerhunting.com\/sv\/wp-json\/wp\/v2\/product_cat?post=47042"},{"taxonomy":"product_tag","embeddable":true,"href":"https:\/\/www.mjoelnerhunting.com\/sv\/wp-json\/wp\/v2\/product_tag?post=47042"}],"curies":[{"name":"wp","href":"https:\/\/api.w.org\/{rel}","templated":true}]}}