{"id":45788,"date":"2026-02-19T13:10:43","date_gmt":"2026-02-19T12:10:43","guid":{"rendered":"https:\/\/www.mjoelnerhunting.com\/product\/handkikare-heimdal-xo-1042-laseravstaandsmaetare\/"},"modified":"2026-03-12T12:13:50","modified_gmt":"2026-03-12T11:13:50","slug":"handkikare-heimdal-xo-1042-laseravstaandsmaetare","status":"publish","type":"product","link":"https:\/\/www.mjoelnerhunting.com\/sv\/produkt\/handkikare-heimdal-xo-1042-laseravstaandsmaetare\/","title":{"rendered":"Kikare Heimdal XO+ 10*42 Laseravst\u00e5ndsm\u00e4tare"},"content":{"rendered":"<p data-start=\"84\" data-end=\"125\">Stil: 20913001913 (EAN 5714414000321)<\/p>\n<p data-start=\"127\" data-end=\"146\">F\u00e4rg:  M\u00f6rkgr\u00f6n<\/p>\n<p data-start=\"148\" data-end=\"179\">    Huvudmaterial Aluminium<\/p>\n<p data-start=\"181\" data-end=\"223\">Produktdetaljer L: 15 cm, vikt 850 gram<\/p>\n<p data-start=\"225\" data-end=\"235\">Funktioner<\/p>\n<p data-start=\"237\" data-end=\"255\">Livstids garanti.<\/p>\n<p data-start=\"257\" data-end=\"280\">Optik av ED-specialglas.<\/p>\n<p data-start=\"282\" data-end=\"315\">BaK4-prismor med full multicoating.<\/p>\n<p data-start=\"317\" data-end=\"357\">Synf\u00e4lt (ft\/1000 meter) 10&#215;42: 304 ft<\/p>\n<p data-start=\"359\" data-end=\"368\">Vattent\u00e4t<\/p>\n<p data-start=\"370\" data-end=\"408\">Kv\u00e4vefylld konstruktion &#8211; daggfri.<\/p>\n<p data-start=\"410\" data-end=\"443\">Okularsystem: Vridbart i metall.<\/p>\n<p data-start=\"445\" data-end=\"487\">Levereras med nylonfodral, rem och reng\u00f6ringsduk.<\/p>\n<hr data-start=\"489\" data-end=\"492\">\n<p data-start=\"494\" data-end=\"515\">Produktbeskrivning:<\/p>\n<p data-start=\"517\" data-end=\"786\">En mycket funktionell handh\u00e5llen kikare. F\u00f6rb\u00e4ttra din sikt p\u00e5 l\u00e5nga avst\u00e5nd n\u00e4r du jagar med Heimdal XO-kikaren &#8211; l\u00e4tt, robust och vattent\u00e4t. ED-specialglasoptik och helt flerskiktade BaK4-prismor ger naturliga, klara f\u00e4rger och avsev\u00e4rt f\u00f6rb\u00e4ttrad prestanda i svagt ljus.  <\/p>\n","protected":false},"excerpt":{"rendered":"<p>Mjoelner Hunting<\/p>\n<p data-start=\"84\" data-end=\"125\">Stil: 20913001913 (EAN 5714414000321)<\/p>\n<p data-start=\"127\" data-end=\"146\">F\u00e4rg:  M\u00f6rkgr\u00f6n<\/p>\n<p data-start=\"148\" data-end=\"179\">    Huvudmaterial Aluminium<\/p>\n<p data-start=\"181\" data-end=\"223\">Produktdetaljer L: 15 cm, vikt 850 gram<\/p>\n<p data-start=\"225\" data-end=\"235\">Funktioner:<\/p>\n<ul>\n<li data-start=\"237\" data-end=\"255\">Livstids garanti.<\/li>\n<li data-start=\"257\" data-end=\"280\">Optik av ED-specialglas.<\/li>\n<li data-start=\"282\" data-end=\"315\">BaK4-prismor med full multicoating.<\/li>\n<li data-start=\"317\" data-end=\"357\">Synf\u00e4lt (ft\/1000 meter) 10&#215;42: 304 ft<\/li>\n<li data-start=\"359\" data-end=\"368\">Vattent\u00e4t<\/li>\n<li data-start=\"370\" data-end=\"408\">Kv\u00e4vefylld konstruktion &#8211; daggfri.<\/li>\n<li data-start=\"410\" data-end=\"443\">Okularsystem: Vridbart i metall.<\/li>\n<li data-start=\"445\" data-end=\"487\">Levereras med nylonfodral, rem och reng\u00f6ringsduk.<\/li>\n<\/ul>\n<hr data-start=\"489\" data-end=\"492\">\n<p data-start=\"494\" data-end=\"515\">Produktbeskrivning:<\/p>\n<p data-start=\"517\" data-end=\"786\">En mycket funktionell handh\u00e5llen kikare. F\u00f6rb\u00e4ttra din sikt p\u00e5 l\u00e5nga avst\u00e5nd n\u00e4r du jagar med Heimdal XO-kikaren &#8211; l\u00e4tt, robust och vattent\u00e4t. ED-specialglasoptik och helt flerskiktade BaK4-prismor ger naturliga, klara f\u00e4rger och avsev\u00e4rt f\u00f6rb\u00e4ttrad prestanda i svagt ljus.  <\/p>\n","protected":false},"featured_media":45792,"comment_status":"closed","ping_status":"closed","template":"","meta":{"_acf_changed":false},"product_brand":[],"product_cat":[201],"product_tag":[],"class_list":{"0":"post-45788","1":"product","2":"type-product","3":"status-publish","4":"has-post-thumbnail","6":"product_cat-optik-och-optiktillbehoer","8":"first","9":"instock","10":"purchasable","11":"product-type-simple"},"supplier_id":null,"supplier_sku":"","barcode":null,"atum_controlled":true,"out_stock_date":null,"out_stock_threshold":null,"inheritable":false,"inbound_stock":0,"stock_on_hold":6,"sold_today":0,"sales_last_days":0,"reserved_stock":0,"customer_returns":0,"warehouse_damage":0,"lost_in_post":0,"other_logs":0,"out_stock_days":0,"lost_sales":0,"has_location":false,"update_date":"2026-03-31T22:04:41","atum_locations":[],"atum_stock_status":"instock","restock_status":false,"low_stock_amount":"","sales_update_date":"2026-03-31T22:04:41","calc_backorders":null,"acf":[],"yoast_head":"<!-- This site is optimized with the Yoast SEO plugin v27.3 - https:\/\/yoast.com\/product\/yoast-seo-wordpress\/ -->\n<title>Kikare Heimdal XO+ 10*42 Laseravst\u00e5ndsm\u00e4tare - Mj\u00f8lner Hunting<\/title>\n<meta name=\"description\" content=\"Stil: 20913001913 (EAN 5714414000321)F\u00e4rg: M\u00f6rkgr\u00f6n Huvudmaterial AluminiumProduktdetaljerL\u00e4ngd: 15 cm, vikt 850 gramFunktionerLivstidsgaranti.ED-specialglasoptik.BaK4-prismor med full multicoating.Synf\u00e4lt (ft\/1000 yards) 10x42: 304 ftVattent\u00e4tKv\u00e4vefylld konstruktion - dimfri.Okularsystem: vridbart i metall.Levereras med nylonfodral, rem och reng\u00f6ringsduk.Produktbeskrivning:En mycket funktionell handkikare. F\u00f6rb\u00e4ttra din sikt p\u00e5 l\u00e5nga avst\u00e5nd n\u00e4r du jagar med Heimdal XO-kikaren - l\u00e4tt, robust och vattent\u00e4t. ED-specialglasoptik och helt flerskiktade BaK4-prismor ger naturliga, klara f\u00e4rger och avsev\u00e4rt f\u00f6rb\u00e4ttrad prestanda i svagt ljus.\" \/>\n<meta name=\"robots\" content=\"index, follow, max-snippet:-1, max-image-preview:large, max-video-preview:-1\" \/>\n<link rel=\"canonical\" href=\"https:\/\/www.mjoelnerhunting.com\/sv\/produkt\/handkikare-heimdal-xo-1042-laseravstaandsmaetare\/\" \/>\n<meta property=\"og:locale\" content=\"sv_SE\" \/>\n<meta property=\"og:type\" content=\"article\" \/>\n<meta property=\"og:title\" content=\"Kikare Heimdal XO+ 10*42 Laseravst\u00e5ndsm\u00e4tare - Mj\u00f8lner Hunting\" \/>\n<meta property=\"og:description\" content=\"Stil: 20913001913 (EAN 5714414000321)F\u00e4rg: M\u00f6rkgr\u00f6n Huvudmaterial AluminiumProduktdetaljerL\u00e4ngd: 15 cm, vikt 850 gramFunktionerLivstidsgaranti.ED-specialglasoptik.BaK4-prismor med full multicoating.Synf\u00e4lt (ft\/1000 yards) 10x42: 304 ftVattent\u00e4tKv\u00e4vefylld konstruktion - dimfri.Okularsystem: vridbart i metall.Levereras med nylonfodral, rem och reng\u00f6ringsduk.Produktbeskrivning:En mycket funktionell handkikare. F\u00f6rb\u00e4ttra din sikt p\u00e5 l\u00e5nga avst\u00e5nd n\u00e4r du jagar med Heimdal XO-kikaren - l\u00e4tt, robust och vattent\u00e4t. ED-specialglasoptik och helt flerskiktade BaK4-prismor ger naturliga, klara f\u00e4rger och avsev\u00e4rt f\u00f6rb\u00e4ttrad prestanda i svagt ljus.\" \/>\n<meta property=\"og:url\" content=\"https:\/\/www.mjoelnerhunting.com\/sv\/produkt\/handkikare-heimdal-xo-1042-laseravstaandsmaetare\/\" \/>\n<meta property=\"og:site_name\" content=\"Mj\u00f8lner Hunting\" \/>\n<meta property=\"article:publisher\" content=\"https:\/\/www.facebook.com\/MJOELNERHUNTING\" \/>\n<meta property=\"article:modified_time\" content=\"2026-03-12T11:13:50+00:00\" \/>\n<meta property=\"og:image\" content=\"https:\/\/www.mjoelnerhunting.com\/wp-content\/uploads\/2026\/01\/20913001913_Heimdal_LRF.jpg\" \/>\n\t<meta property=\"og:image:width\" content=\"2416\" \/>\n\t<meta property=\"og:image:height\" content=\"2384\" \/>\n\t<meta property=\"og:image:type\" content=\"image\/jpeg\" \/>\n<meta name=\"twitter:card\" content=\"summary_large_image\" \/>\n<meta name=\"twitter:label1\" content=\"Ber\u00e4knad l\u00e4stid\" \/>\n\t<meta name=\"twitter:data1\" content=\"1 minut\" \/>\n<script type=\"application\/ld+json\" class=\"yoast-schema-graph\">{\"@context\":\"https:\\\/\\\/schema.org\",\"@graph\":[{\"@type\":\"WebPage\",\"@id\":\"https:\\\/\\\/www.mjoelnerhunting.com\\\/sv\\\/produkt\\\/handkikare-heimdal-xo-1042-laseravstaandsmaetare\\\/\",\"url\":\"https:\\\/\\\/www.mjoelnerhunting.com\\\/sv\\\/produkt\\\/handkikare-heimdal-xo-1042-laseravstaandsmaetare\\\/\",\"name\":\"Kikare Heimdal XO+ 10*42 Laseravst\u00e5ndsm\u00e4tare - Mj\u00f8lner Hunting\",\"isPartOf\":{\"@id\":\"https:\\\/\\\/www.mjoelnerhunting.com\\\/sv\\\/#website\"},\"primaryImageOfPage\":{\"@id\":\"https:\\\/\\\/www.mjoelnerhunting.com\\\/sv\\\/produkt\\\/handkikare-heimdal-xo-1042-laseravstaandsmaetare\\\/#primaryimage\"},\"image\":{\"@id\":\"https:\\\/\\\/www.mjoelnerhunting.com\\\/sv\\\/produkt\\\/handkikare-heimdal-xo-1042-laseravstaandsmaetare\\\/#primaryimage\"},\"thumbnailUrl\":\"https:\\\/\\\/www.mjoelnerhunting.com\\\/wp-content\\\/uploads\\\/2026\\\/01\\\/20913001913_Heimdal_LRF.jpg\",\"datePublished\":\"2026-02-19T12:10:43+00:00\",\"dateModified\":\"2026-03-12T11:13:50+00:00\",\"description\":\"Stil: 20913001913 (EAN 5714414000321)F\u00e4rg: M\u00f6rkgr\u00f6n Huvudmaterial AluminiumProduktdetaljerL\u00e4ngd: 15 cm, vikt 850 gramFunktionerLivstidsgaranti.ED-specialglasoptik.BaK4-prismor med full multicoating.Synf\u00e4lt (ft\\\/1000 yards) 10x42: 304 ftVattent\u00e4tKv\u00e4vefylld konstruktion - dimfri.Okularsystem: vridbart i metall.Levereras med nylonfodral, rem och reng\u00f6ringsduk.Produktbeskrivning:En mycket funktionell handkikare. F\u00f6rb\u00e4ttra din sikt p\u00e5 l\u00e5nga avst\u00e5nd n\u00e4r du jagar med Heimdal XO-kikaren - l\u00e4tt, robust och vattent\u00e4t. ED-specialglasoptik och helt flerskiktade BaK4-prismor ger naturliga, klara f\u00e4rger och avsev\u00e4rt f\u00f6rb\u00e4ttrad prestanda i svagt ljus.\",\"breadcrumb\":{\"@id\":\"https:\\\/\\\/www.mjoelnerhunting.com\\\/sv\\\/produkt\\\/handkikare-heimdal-xo-1042-laseravstaandsmaetare\\\/#breadcrumb\"},\"inLanguage\":\"sv-SE\",\"potentialAction\":[{\"@type\":\"ReadAction\",\"target\":[\"https:\\\/\\\/www.mjoelnerhunting.com\\\/sv\\\/produkt\\\/handkikare-heimdal-xo-1042-laseravstaandsmaetare\\\/\"]}]},{\"@type\":\"ImageObject\",\"inLanguage\":\"sv-SE\",\"@id\":\"https:\\\/\\\/www.mjoelnerhunting.com\\\/sv\\\/produkt\\\/handkikare-heimdal-xo-1042-laseravstaandsmaetare\\\/#primaryimage\",\"url\":\"https:\\\/\\\/www.mjoelnerhunting.com\\\/wp-content\\\/uploads\\\/2026\\\/01\\\/20913001913_Heimdal_LRF.jpg\",\"contentUrl\":\"https:\\\/\\\/www.mjoelnerhunting.com\\\/wp-content\\\/uploads\\\/2026\\\/01\\\/20913001913_Heimdal_LRF.jpg\",\"width\":2416,\"height\":2384},{\"@type\":\"BreadcrumbList\",\"@id\":\"https:\\\/\\\/www.mjoelnerhunting.com\\\/sv\\\/produkt\\\/handkikare-heimdal-xo-1042-laseravstaandsmaetare\\\/#breadcrumb\",\"itemListElement\":[{\"@type\":\"ListItem\",\"position\":1,\"name\":\"Hem\",\"item\":\"https:\\\/\\\/www.mjoelnerhunting.com\\\/sv\\\/jaga-smartare-inte-hardare\\\/\"},{\"@type\":\"ListItem\",\"position\":2,\"name\":\"Butik\",\"item\":\"https:\\\/\\\/www.mjoelnerhunting.com\\\/sv\\\/butik\\\/\"},{\"@type\":\"ListItem\",\"position\":3,\"name\":\"Kikare Heimdal XO+ 10*42 Laseravst\u00e5ndsm\u00e4tare\"}]},{\"@type\":\"WebSite\",\"@id\":\"https:\\\/\\\/www.mjoelnerhunting.com\\\/sv\\\/#website\",\"url\":\"https:\\\/\\\/www.mjoelnerhunting.com\\\/sv\\\/\",\"name\":\"Mj\u00f8lner Hunting\",\"description\":\"Hunting Gear\",\"publisher\":{\"@id\":\"https:\\\/\\\/www.mjoelnerhunting.com\\\/sv\\\/#organization\"},\"potentialAction\":[{\"@type\":\"SearchAction\",\"target\":{\"@type\":\"EntryPoint\",\"urlTemplate\":\"https:\\\/\\\/www.mjoelnerhunting.com\\\/sv\\\/?s={search_term_string}\"},\"query-input\":{\"@type\":\"PropertyValueSpecification\",\"valueRequired\":true,\"valueName\":\"search_term_string\"}}],\"inLanguage\":\"sv-SE\"},{\"@type\":\"Organization\",\"@id\":\"https:\\\/\\\/www.mjoelnerhunting.com\\\/sv\\\/#organization\",\"name\":\"Mj\u00f8lner Jakt\",\"url\":\"https:\\\/\\\/www.mjoelnerhunting.com\\\/sv\\\/\",\"logo\":{\"@type\":\"ImageObject\",\"inLanguage\":\"sv-SE\",\"@id\":\"https:\\\/\\\/www.mjoelnerhunting.com\\\/sv\\\/#\\\/schema\\\/logo\\\/image\\\/\",\"url\":\"https:\\\/\\\/www.mjoelnerhunting.com\\\/wp-content\\\/uploads\\\/2021\\\/10\\\/Logo-White.png\",\"contentUrl\":\"https:\\\/\\\/www.mjoelnerhunting.com\\\/wp-content\\\/uploads\\\/2021\\\/10\\\/Logo-White.png\",\"width\":238,\"height\":114,\"caption\":\"Mj\u00f8lner Jakt\"},\"image\":{\"@id\":\"https:\\\/\\\/www.mjoelnerhunting.com\\\/sv\\\/#\\\/schema\\\/logo\\\/image\\\/\"},\"sameAs\":[\"https:\\\/\\\/www.facebook.com\\\/MJOELNERHUNTING\"]}]}<\/script>\n<!-- \/ Yoast SEO plugin. -->","yoast_head_json":{"title":"Kikare Heimdal XO+ 10*42 Laseravst\u00e5ndsm\u00e4tare - Mj\u00f8lner Hunting","description":"Stil: 20913001913 (EAN 5714414000321)F\u00e4rg: M\u00f6rkgr\u00f6n Huvudmaterial AluminiumProduktdetaljerL\u00e4ngd: 15 cm, vikt 850 gramFunktionerLivstidsgaranti.ED-specialglasoptik.BaK4-prismor med full multicoating.Synf\u00e4lt (ft\/1000 yards) 10x42: 304 ftVattent\u00e4tKv\u00e4vefylld konstruktion - dimfri.Okularsystem: vridbart i metall.Levereras med nylonfodral, rem och reng\u00f6ringsduk.Produktbeskrivning:En mycket funktionell handkikare. F\u00f6rb\u00e4ttra din sikt p\u00e5 l\u00e5nga avst\u00e5nd n\u00e4r du jagar med Heimdal XO-kikaren - l\u00e4tt, robust och vattent\u00e4t. ED-specialglasoptik och helt flerskiktade BaK4-prismor ger naturliga, klara f\u00e4rger och avsev\u00e4rt f\u00f6rb\u00e4ttrad prestanda i svagt ljus.","robots":{"index":"index","follow":"follow","max-snippet":"max-snippet:-1","max-image-preview":"max-image-preview:large","max-video-preview":"max-video-preview:-1"},"canonical":"https:\/\/www.mjoelnerhunting.com\/sv\/produkt\/handkikare-heimdal-xo-1042-laseravstaandsmaetare\/","og_locale":"sv_SE","og_type":"article","og_title":"Kikare Heimdal XO+ 10*42 Laseravst\u00e5ndsm\u00e4tare - Mj\u00f8lner Hunting","og_description":"Stil: 20913001913 (EAN 5714414000321)F\u00e4rg: M\u00f6rkgr\u00f6n Huvudmaterial AluminiumProduktdetaljerL\u00e4ngd: 15 cm, vikt 850 gramFunktionerLivstidsgaranti.ED-specialglasoptik.BaK4-prismor med full multicoating.Synf\u00e4lt (ft\/1000 yards) 10x42: 304 ftVattent\u00e4tKv\u00e4vefylld konstruktion - dimfri.Okularsystem: vridbart i metall.Levereras med nylonfodral, rem och reng\u00f6ringsduk.Produktbeskrivning:En mycket funktionell handkikare. F\u00f6rb\u00e4ttra din sikt p\u00e5 l\u00e5nga avst\u00e5nd n\u00e4r du jagar med Heimdal XO-kikaren - l\u00e4tt, robust och vattent\u00e4t. ED-specialglasoptik och helt flerskiktade BaK4-prismor ger naturliga, klara f\u00e4rger och avsev\u00e4rt f\u00f6rb\u00e4ttrad prestanda i svagt ljus.","og_url":"https:\/\/www.mjoelnerhunting.com\/sv\/produkt\/handkikare-heimdal-xo-1042-laseravstaandsmaetare\/","og_site_name":"Mj\u00f8lner Hunting","article_publisher":"https:\/\/www.facebook.com\/MJOELNERHUNTING","article_modified_time":"2026-03-12T11:13:50+00:00","og_image":[{"width":2416,"height":2384,"url":"https:\/\/www.mjoelnerhunting.com\/wp-content\/uploads\/2026\/01\/20913001913_Heimdal_LRF.jpg","type":"image\/jpeg"}],"twitter_card":"summary_large_image","twitter_misc":{"Ber\u00e4knad l\u00e4stid":"1 minut"},"schema":{"@context":"https:\/\/schema.org","@graph":[{"@type":"WebPage","@id":"https:\/\/www.mjoelnerhunting.com\/sv\/produkt\/handkikare-heimdal-xo-1042-laseravstaandsmaetare\/","url":"https:\/\/www.mjoelnerhunting.com\/sv\/produkt\/handkikare-heimdal-xo-1042-laseravstaandsmaetare\/","name":"Kikare Heimdal XO+ 10*42 Laseravst\u00e5ndsm\u00e4tare - Mj\u00f8lner Hunting","isPartOf":{"@id":"https:\/\/www.mjoelnerhunting.com\/sv\/#website"},"primaryImageOfPage":{"@id":"https:\/\/www.mjoelnerhunting.com\/sv\/produkt\/handkikare-heimdal-xo-1042-laseravstaandsmaetare\/#primaryimage"},"image":{"@id":"https:\/\/www.mjoelnerhunting.com\/sv\/produkt\/handkikare-heimdal-xo-1042-laseravstaandsmaetare\/#primaryimage"},"thumbnailUrl":"https:\/\/www.mjoelnerhunting.com\/wp-content\/uploads\/2026\/01\/20913001913_Heimdal_LRF.jpg","datePublished":"2026-02-19T12:10:43+00:00","dateModified":"2026-03-12T11:13:50+00:00","description":"Stil: 20913001913 (EAN 5714414000321)F\u00e4rg: M\u00f6rkgr\u00f6n Huvudmaterial AluminiumProduktdetaljerL\u00e4ngd: 15 cm, vikt 850 gramFunktionerLivstidsgaranti.ED-specialglasoptik.BaK4-prismor med full multicoating.Synf\u00e4lt (ft\/1000 yards) 10x42: 304 ftVattent\u00e4tKv\u00e4vefylld konstruktion - dimfri.Okularsystem: vridbart i metall.Levereras med nylonfodral, rem och reng\u00f6ringsduk.Produktbeskrivning:En mycket funktionell handkikare. F\u00f6rb\u00e4ttra din sikt p\u00e5 l\u00e5nga avst\u00e5nd n\u00e4r du jagar med Heimdal XO-kikaren - l\u00e4tt, robust och vattent\u00e4t. ED-specialglasoptik och helt flerskiktade BaK4-prismor ger naturliga, klara f\u00e4rger och avsev\u00e4rt f\u00f6rb\u00e4ttrad prestanda i svagt ljus.","breadcrumb":{"@id":"https:\/\/www.mjoelnerhunting.com\/sv\/produkt\/handkikare-heimdal-xo-1042-laseravstaandsmaetare\/#breadcrumb"},"inLanguage":"sv-SE","potentialAction":[{"@type":"ReadAction","target":["https:\/\/www.mjoelnerhunting.com\/sv\/produkt\/handkikare-heimdal-xo-1042-laseravstaandsmaetare\/"]}]},{"@type":"ImageObject","inLanguage":"sv-SE","@id":"https:\/\/www.mjoelnerhunting.com\/sv\/produkt\/handkikare-heimdal-xo-1042-laseravstaandsmaetare\/#primaryimage","url":"https:\/\/www.mjoelnerhunting.com\/wp-content\/uploads\/2026\/01\/20913001913_Heimdal_LRF.jpg","contentUrl":"https:\/\/www.mjoelnerhunting.com\/wp-content\/uploads\/2026\/01\/20913001913_Heimdal_LRF.jpg","width":2416,"height":2384},{"@type":"BreadcrumbList","@id":"https:\/\/www.mjoelnerhunting.com\/sv\/produkt\/handkikare-heimdal-xo-1042-laseravstaandsmaetare\/#breadcrumb","itemListElement":[{"@type":"ListItem","position":1,"name":"Hem","item":"https:\/\/www.mjoelnerhunting.com\/sv\/jaga-smartare-inte-hardare\/"},{"@type":"ListItem","position":2,"name":"Butik","item":"https:\/\/www.mjoelnerhunting.com\/sv\/butik\/"},{"@type":"ListItem","position":3,"name":"Kikare Heimdal XO+ 10*42 Laseravst\u00e5ndsm\u00e4tare"}]},{"@type":"WebSite","@id":"https:\/\/www.mjoelnerhunting.com\/sv\/#website","url":"https:\/\/www.mjoelnerhunting.com\/sv\/","name":"Mj\u00f8lner Hunting","description":"Hunting Gear","publisher":{"@id":"https:\/\/www.mjoelnerhunting.com\/sv\/#organization"},"potentialAction":[{"@type":"SearchAction","target":{"@type":"EntryPoint","urlTemplate":"https:\/\/www.mjoelnerhunting.com\/sv\/?s={search_term_string}"},"query-input":{"@type":"PropertyValueSpecification","valueRequired":true,"valueName":"search_term_string"}}],"inLanguage":"sv-SE"},{"@type":"Organization","@id":"https:\/\/www.mjoelnerhunting.com\/sv\/#organization","name":"Mj\u00f8lner Jakt","url":"https:\/\/www.mjoelnerhunting.com\/sv\/","logo":{"@type":"ImageObject","inLanguage":"sv-SE","@id":"https:\/\/www.mjoelnerhunting.com\/sv\/#\/schema\/logo\/image\/","url":"https:\/\/www.mjoelnerhunting.com\/wp-content\/uploads\/2021\/10\/Logo-White.png","contentUrl":"https:\/\/www.mjoelnerhunting.com\/wp-content\/uploads\/2021\/10\/Logo-White.png","width":238,"height":114,"caption":"Mj\u00f8lner Jakt"},"image":{"@id":"https:\/\/www.mjoelnerhunting.com\/sv\/#\/schema\/logo\/image\/"},"sameAs":["https:\/\/www.facebook.com\/MJOELNERHUNTING"]}]}},"_links":{"self":[{"href":"https:\/\/www.mjoelnerhunting.com\/sv\/wp-json\/wp\/v2\/product\/45788","targetHints":{"allow":["GET"]}}],"collection":[{"href":"https:\/\/www.mjoelnerhunting.com\/sv\/wp-json\/wp\/v2\/product"}],"about":[{"href":"https:\/\/www.mjoelnerhunting.com\/sv\/wp-json\/wp\/v2\/types\/product"}],"replies":[{"embeddable":true,"href":"https:\/\/www.mjoelnerhunting.com\/sv\/wp-json\/wp\/v2\/comments?post=45788"}],"wp:featuredmedia":[{"embeddable":true,"href":"https:\/\/www.mjoelnerhunting.com\/sv\/wp-json\/wp\/v2\/media\/45792"}],"wp:attachment":[{"href":"https:\/\/www.mjoelnerhunting.com\/sv\/wp-json\/wp\/v2\/media?parent=45788"}],"wp:term":[{"taxonomy":"product_brand","embeddable":true,"href":"https:\/\/www.mjoelnerhunting.com\/sv\/wp-json\/wp\/v2\/product_brand?post=45788"},{"taxonomy":"product_cat","embeddable":true,"href":"https:\/\/www.mjoelnerhunting.com\/sv\/wp-json\/wp\/v2\/product_cat?post=45788"},{"taxonomy":"product_tag","embeddable":true,"href":"https:\/\/www.mjoelnerhunting.com\/sv\/wp-json\/wp\/v2\/product_tag?post=45788"}],"curies":[{"name":"wp","href":"https:\/\/api.w.org\/{rel}","templated":true}]}}