{"id":44932,"date":"2026-02-19T13:09:46","date_gmt":"2026-02-19T12:09:46","guid":{"rendered":"https:\/\/www.mjoelnerhunting.com\/product\/pappersmaal-foer-skjutlaada-1-punkt-100-st\/"},"modified":"2026-02-18T07:31:45","modified_gmt":"2026-02-18T06:31:45","slug":"pappersmaal-foer-skjutlaada-1-punkt-100-st","status":"publish","type":"product","link":"https:\/\/www.mjoelnerhunting.com\/sv\/produkt\/pappersmaal-foer-skjutlaada-1-punkt-100-st\/","title":{"rendered":"Pappersm\u00e5l f\u00f6r skjutl\u00e5da, 1 punkt, 100 st."},"content":{"rendered":"<p>Style: 11119021124 (EAN 5714414110143) Material Papper F\u00e4rg: Vit och svart Storlek: 14*14 cm. 1-10. 100 st\/p\u00e5se<\/p>\n","protected":false},"excerpt":{"rendered":"<p>Mjoelner Hunting<\/p>\n","protected":false},"featured_media":44934,"comment_status":"closed","ping_status":"closed","template":"","meta":{"_acf_changed":false},"product_brand":[],"product_cat":[225],"product_tag":[],"class_list":{"0":"post-44932","1":"product","2":"type-product","3":"status-publish","4":"has-post-thumbnail","6":"product_cat-skjutmaal","8":"first","9":"instock","10":"purchasable","11":"product-type-simple"},"supplier_id":null,"supplier_sku":"","barcode":null,"atum_controlled":true,"out_stock_date":null,"out_stock_threshold":null,"inheritable":false,"inbound_stock":0,"stock_on_hold":115,"sold_today":0,"sales_last_days":0,"reserved_stock":0,"customer_returns":0,"warehouse_damage":0,"lost_in_post":0,"other_logs":0,"out_stock_days":0,"lost_sales":0,"has_location":false,"update_date":"2026-03-31T22:04:43","atum_locations":[],"atum_stock_status":"instock","restock_status":false,"low_stock_amount":"","sales_update_date":"2026-03-31T22:04:43","calc_backorders":null,"acf":[],"yoast_head":"<!-- This site is optimized with the Yoast SEO plugin v27.3 - https:\/\/yoast.com\/product\/yoast-seo-wordpress\/ -->\n<title>Pappersm\u00e5l f\u00f6r skjutl\u00e5da, 1 punkt, 100 st. - Mj\u00f8lner Hunting<\/title>\n<meta name=\"robots\" content=\"index, follow, max-snippet:-1, max-image-preview:large, max-video-preview:-1\" \/>\n<link rel=\"canonical\" href=\"https:\/\/www.mjoelnerhunting.com\/sv\/produkt\/pappersmaal-foer-skjutlaada-1-punkt-100-st\/\" \/>\n<meta property=\"og:locale\" content=\"sv_SE\" \/>\n<meta property=\"og:type\" content=\"article\" \/>\n<meta property=\"og:title\" content=\"Pappersm\u00e5l f\u00f6r skjutl\u00e5da, 1 punkt, 100 st. - Mj\u00f8lner Hunting\" \/>\n<meta property=\"og:description\" content=\"Mjoelner Hunting\" \/>\n<meta property=\"og:url\" content=\"https:\/\/www.mjoelnerhunting.com\/sv\/produkt\/pappersmaal-foer-skjutlaada-1-punkt-100-st\/\" \/>\n<meta property=\"og:site_name\" content=\"Mj\u00f8lner Hunting\" \/>\n<meta property=\"article:publisher\" content=\"https:\/\/www.facebook.com\/MJOELNERHUNTING\" \/>\n<meta property=\"og:image\" content=\"https:\/\/www.mjoelnerhunting.com\/wp-content\/uploads\/2026\/01\/11119021124%2014x14cm%20Paper%20Targets-scaled.jpg\" \/>\n\t<meta property=\"og:image:width\" content=\"2544\" \/>\n\t<meta property=\"og:image:height\" content=\"2560\" \/>\n\t<meta property=\"og:image:type\" content=\"image\/jpeg\" \/>\n<meta name=\"twitter:card\" content=\"summary_large_image\" \/>\n<script type=\"application\/ld+json\" class=\"yoast-schema-graph\">{\"@context\":\"https:\\\/\\\/schema.org\",\"@graph\":[{\"@type\":\"WebPage\",\"@id\":\"https:\\\/\\\/www.mjoelnerhunting.com\\\/sv\\\/produkt\\\/pappersmaal-foer-skjutlaada-1-punkt-100-st\\\/\",\"url\":\"https:\\\/\\\/www.mjoelnerhunting.com\\\/sv\\\/produkt\\\/pappersmaal-foer-skjutlaada-1-punkt-100-st\\\/\",\"name\":\"Pappersm\u00e5l f\u00f6r skjutl\u00e5da, 1 punkt, 100 st. - Mj\u00f8lner Hunting\",\"isPartOf\":{\"@id\":\"https:\\\/\\\/www.mjoelnerhunting.com\\\/sv\\\/#website\"},\"primaryImageOfPage\":{\"@id\":\"https:\\\/\\\/www.mjoelnerhunting.com\\\/sv\\\/produkt\\\/pappersmaal-foer-skjutlaada-1-punkt-100-st\\\/#primaryimage\"},\"image\":{\"@id\":\"https:\\\/\\\/www.mjoelnerhunting.com\\\/sv\\\/produkt\\\/pappersmaal-foer-skjutlaada-1-punkt-100-st\\\/#primaryimage\"},\"thumbnailUrl\":\"https:\\\/\\\/www.mjoelnerhunting.com\\\/wp-content\\\/uploads\\\/2026\\\/01\\\/11119021124 14x14cm Paper Targets-scaled.jpg\",\"datePublished\":\"2026-02-19T12:09:46+00:00\",\"breadcrumb\":{\"@id\":\"https:\\\/\\\/www.mjoelnerhunting.com\\\/sv\\\/produkt\\\/pappersmaal-foer-skjutlaada-1-punkt-100-st\\\/#breadcrumb\"},\"inLanguage\":\"sv-SE\",\"potentialAction\":[{\"@type\":\"ReadAction\",\"target\":[\"https:\\\/\\\/www.mjoelnerhunting.com\\\/sv\\\/produkt\\\/pappersmaal-foer-skjutlaada-1-punkt-100-st\\\/\"]}]},{\"@type\":\"ImageObject\",\"inLanguage\":\"sv-SE\",\"@id\":\"https:\\\/\\\/www.mjoelnerhunting.com\\\/sv\\\/produkt\\\/pappersmaal-foer-skjutlaada-1-punkt-100-st\\\/#primaryimage\",\"url\":\"https:\\\/\\\/www.mjoelnerhunting.com\\\/wp-content\\\/uploads\\\/2026\\\/01\\\/11119021124 14x14cm Paper Targets-scaled.jpg\",\"contentUrl\":\"https:\\\/\\\/www.mjoelnerhunting.com\\\/wp-content\\\/uploads\\\/2026\\\/01\\\/11119021124 14x14cm Paper Targets-scaled.jpg\",\"width\":2544,\"height\":2560},{\"@type\":\"BreadcrumbList\",\"@id\":\"https:\\\/\\\/www.mjoelnerhunting.com\\\/sv\\\/produkt\\\/pappersmaal-foer-skjutlaada-1-punkt-100-st\\\/#breadcrumb\",\"itemListElement\":[{\"@type\":\"ListItem\",\"position\":1,\"name\":\"Hem\",\"item\":\"https:\\\/\\\/www.mjoelnerhunting.com\\\/sv\\\/jaga-smartare-inte-hardare\\\/\"},{\"@type\":\"ListItem\",\"position\":2,\"name\":\"Butik\",\"item\":\"https:\\\/\\\/www.mjoelnerhunting.com\\\/sv\\\/butik\\\/\"},{\"@type\":\"ListItem\",\"position\":3,\"name\":\"Pappersm\u00e5l f\u00f6r skjutl\u00e5da, 1 punkt, 100 st.\"}]},{\"@type\":\"WebSite\",\"@id\":\"https:\\\/\\\/www.mjoelnerhunting.com\\\/sv\\\/#website\",\"url\":\"https:\\\/\\\/www.mjoelnerhunting.com\\\/sv\\\/\",\"name\":\"Mj\u00f8lner Hunting\",\"description\":\"Hunting Gear\",\"publisher\":{\"@id\":\"https:\\\/\\\/www.mjoelnerhunting.com\\\/sv\\\/#organization\"},\"potentialAction\":[{\"@type\":\"SearchAction\",\"target\":{\"@type\":\"EntryPoint\",\"urlTemplate\":\"https:\\\/\\\/www.mjoelnerhunting.com\\\/sv\\\/?s={search_term_string}\"},\"query-input\":{\"@type\":\"PropertyValueSpecification\",\"valueRequired\":true,\"valueName\":\"search_term_string\"}}],\"inLanguage\":\"sv-SE\"},{\"@type\":\"Organization\",\"@id\":\"https:\\\/\\\/www.mjoelnerhunting.com\\\/sv\\\/#organization\",\"name\":\"Mj\u00f8lner Jakt\",\"url\":\"https:\\\/\\\/www.mjoelnerhunting.com\\\/sv\\\/\",\"logo\":{\"@type\":\"ImageObject\",\"inLanguage\":\"sv-SE\",\"@id\":\"https:\\\/\\\/www.mjoelnerhunting.com\\\/sv\\\/#\\\/schema\\\/logo\\\/image\\\/\",\"url\":\"https:\\\/\\\/www.mjoelnerhunting.com\\\/wp-content\\\/uploads\\\/2021\\\/10\\\/Logo-White.png\",\"contentUrl\":\"https:\\\/\\\/www.mjoelnerhunting.com\\\/wp-content\\\/uploads\\\/2021\\\/10\\\/Logo-White.png\",\"width\":238,\"height\":114,\"caption\":\"Mj\u00f8lner Jakt\"},\"image\":{\"@id\":\"https:\\\/\\\/www.mjoelnerhunting.com\\\/sv\\\/#\\\/schema\\\/logo\\\/image\\\/\"},\"sameAs\":[\"https:\\\/\\\/www.facebook.com\\\/MJOELNERHUNTING\"]}]}<\/script>\n<!-- \/ Yoast SEO plugin. -->","yoast_head_json":{"title":"Pappersm\u00e5l f\u00f6r skjutl\u00e5da, 1 punkt, 100 st. - Mj\u00f8lner Hunting","robots":{"index":"index","follow":"follow","max-snippet":"max-snippet:-1","max-image-preview":"max-image-preview:large","max-video-preview":"max-video-preview:-1"},"canonical":"https:\/\/www.mjoelnerhunting.com\/sv\/produkt\/pappersmaal-foer-skjutlaada-1-punkt-100-st\/","og_locale":"sv_SE","og_type":"article","og_title":"Pappersm\u00e5l f\u00f6r skjutl\u00e5da, 1 punkt, 100 st. - Mj\u00f8lner Hunting","og_description":"Mjoelner Hunting","og_url":"https:\/\/www.mjoelnerhunting.com\/sv\/produkt\/pappersmaal-foer-skjutlaada-1-punkt-100-st\/","og_site_name":"Mj\u00f8lner Hunting","article_publisher":"https:\/\/www.facebook.com\/MJOELNERHUNTING","og_image":[{"width":2544,"height":2560,"url":"https:\/\/www.mjoelnerhunting.com\/wp-content\/uploads\/2026\/01\/11119021124 14x14cm Paper Targets-scaled.jpg","type":"image\/jpeg"}],"twitter_card":"summary_large_image","schema":{"@context":"https:\/\/schema.org","@graph":[{"@type":"WebPage","@id":"https:\/\/www.mjoelnerhunting.com\/sv\/produkt\/pappersmaal-foer-skjutlaada-1-punkt-100-st\/","url":"https:\/\/www.mjoelnerhunting.com\/sv\/produkt\/pappersmaal-foer-skjutlaada-1-punkt-100-st\/","name":"Pappersm\u00e5l f\u00f6r skjutl\u00e5da, 1 punkt, 100 st. - Mj\u00f8lner Hunting","isPartOf":{"@id":"https:\/\/www.mjoelnerhunting.com\/sv\/#website"},"primaryImageOfPage":{"@id":"https:\/\/www.mjoelnerhunting.com\/sv\/produkt\/pappersmaal-foer-skjutlaada-1-punkt-100-st\/#primaryimage"},"image":{"@id":"https:\/\/www.mjoelnerhunting.com\/sv\/produkt\/pappersmaal-foer-skjutlaada-1-punkt-100-st\/#primaryimage"},"thumbnailUrl":"https:\/\/www.mjoelnerhunting.com\/wp-content\/uploads\/2026\/01\/11119021124 14x14cm Paper Targets-scaled.jpg","datePublished":"2026-02-19T12:09:46+00:00","breadcrumb":{"@id":"https:\/\/www.mjoelnerhunting.com\/sv\/produkt\/pappersmaal-foer-skjutlaada-1-punkt-100-st\/#breadcrumb"},"inLanguage":"sv-SE","potentialAction":[{"@type":"ReadAction","target":["https:\/\/www.mjoelnerhunting.com\/sv\/produkt\/pappersmaal-foer-skjutlaada-1-punkt-100-st\/"]}]},{"@type":"ImageObject","inLanguage":"sv-SE","@id":"https:\/\/www.mjoelnerhunting.com\/sv\/produkt\/pappersmaal-foer-skjutlaada-1-punkt-100-st\/#primaryimage","url":"https:\/\/www.mjoelnerhunting.com\/wp-content\/uploads\/2026\/01\/11119021124 14x14cm Paper Targets-scaled.jpg","contentUrl":"https:\/\/www.mjoelnerhunting.com\/wp-content\/uploads\/2026\/01\/11119021124 14x14cm Paper Targets-scaled.jpg","width":2544,"height":2560},{"@type":"BreadcrumbList","@id":"https:\/\/www.mjoelnerhunting.com\/sv\/produkt\/pappersmaal-foer-skjutlaada-1-punkt-100-st\/#breadcrumb","itemListElement":[{"@type":"ListItem","position":1,"name":"Hem","item":"https:\/\/www.mjoelnerhunting.com\/sv\/jaga-smartare-inte-hardare\/"},{"@type":"ListItem","position":2,"name":"Butik","item":"https:\/\/www.mjoelnerhunting.com\/sv\/butik\/"},{"@type":"ListItem","position":3,"name":"Pappersm\u00e5l f\u00f6r skjutl\u00e5da, 1 punkt, 100 st."}]},{"@type":"WebSite","@id":"https:\/\/www.mjoelnerhunting.com\/sv\/#website","url":"https:\/\/www.mjoelnerhunting.com\/sv\/","name":"Mj\u00f8lner Hunting","description":"Hunting Gear","publisher":{"@id":"https:\/\/www.mjoelnerhunting.com\/sv\/#organization"},"potentialAction":[{"@type":"SearchAction","target":{"@type":"EntryPoint","urlTemplate":"https:\/\/www.mjoelnerhunting.com\/sv\/?s={search_term_string}"},"query-input":{"@type":"PropertyValueSpecification","valueRequired":true,"valueName":"search_term_string"}}],"inLanguage":"sv-SE"},{"@type":"Organization","@id":"https:\/\/www.mjoelnerhunting.com\/sv\/#organization","name":"Mj\u00f8lner Jakt","url":"https:\/\/www.mjoelnerhunting.com\/sv\/","logo":{"@type":"ImageObject","inLanguage":"sv-SE","@id":"https:\/\/www.mjoelnerhunting.com\/sv\/#\/schema\/logo\/image\/","url":"https:\/\/www.mjoelnerhunting.com\/wp-content\/uploads\/2021\/10\/Logo-White.png","contentUrl":"https:\/\/www.mjoelnerhunting.com\/wp-content\/uploads\/2021\/10\/Logo-White.png","width":238,"height":114,"caption":"Mj\u00f8lner Jakt"},"image":{"@id":"https:\/\/www.mjoelnerhunting.com\/sv\/#\/schema\/logo\/image\/"},"sameAs":["https:\/\/www.facebook.com\/MJOELNERHUNTING"]}]}},"_links":{"self":[{"href":"https:\/\/www.mjoelnerhunting.com\/sv\/wp-json\/wp\/v2\/product\/44932","targetHints":{"allow":["GET"]}}],"collection":[{"href":"https:\/\/www.mjoelnerhunting.com\/sv\/wp-json\/wp\/v2\/product"}],"about":[{"href":"https:\/\/www.mjoelnerhunting.com\/sv\/wp-json\/wp\/v2\/types\/product"}],"replies":[{"embeddable":true,"href":"https:\/\/www.mjoelnerhunting.com\/sv\/wp-json\/wp\/v2\/comments?post=44932"}],"wp:featuredmedia":[{"embeddable":true,"href":"https:\/\/www.mjoelnerhunting.com\/sv\/wp-json\/wp\/v2\/media\/44934"}],"wp:attachment":[{"href":"https:\/\/www.mjoelnerhunting.com\/sv\/wp-json\/wp\/v2\/media?parent=44932"}],"wp:term":[{"taxonomy":"product_brand","embeddable":true,"href":"https:\/\/www.mjoelnerhunting.com\/sv\/wp-json\/wp\/v2\/product_brand?post=44932"},{"taxonomy":"product_cat","embeddable":true,"href":"https:\/\/www.mjoelnerhunting.com\/sv\/wp-json\/wp\/v2\/product_cat?post=44932"},{"taxonomy":"product_tag","embeddable":true,"href":"https:\/\/www.mjoelnerhunting.com\/sv\/wp-json\/wp\/v2\/product_tag?post=44932"}],"curies":[{"name":"wp","href":"https:\/\/api.w.org\/{rel}","templated":true}]}}