{"id":44105,"date":"2026-02-19T13:04:27","date_gmt":"2026-02-19T12:04:27","guid":{"rendered":"https:\/\/www.mjoelnerhunting.com\/product\/valhalla-resvaeska-40-l\/"},"modified":"2026-02-18T07:32:58","modified_gmt":"2026-02-18T06:32:58","slug":"valhalla-resvaeska-40-l","status":"publish","type":"product","link":"https:\/\/www.mjoelnerhunting.com\/sv\/produkt\/valhalla-resvaeska-40-l\/","title":{"rendered":"Valhalla Resv\u00e4ska 40 L"},"content":{"rendered":"<p>Klassisk weekendresv\u00e4ska i r\u00e4tt f\u00e4rgkombination av sandf\u00e4rgad canvas och brunt kvalitetsl\u00e4der. H\u00e5rd botten med glidande f\u00f6tter. En utv\u00e4ndig ficka med dragkedja och en inv\u00e4ndig ficka med dragkedja. Huvudfacket har en dubbel dragkedja som kan l\u00e5sas med ett h\u00e4ngl\u00e5s.   <\/p>\n","protected":false},"excerpt":{"rendered":"<p>Mjoelner Hunting<\/p>\n","protected":false},"featured_media":44061,"comment_status":"closed","ping_status":"open","template":"","meta":{"_acf_changed":false},"product_brand":[],"product_cat":[129],"product_tag":[],"class_list":{"0":"post-44105","1":"product","2":"type-product","3":"status-publish","4":"has-post-thumbnail","6":"product_cat-ryggsaeckar-och-vaeskor","8":"first","9":"instock","10":"purchasable","11":"product-type-simple"},"supplier_id":null,"supplier_sku":"","barcode":null,"atum_controlled":true,"out_stock_date":null,"out_stock_threshold":null,"inheritable":false,"inbound_stock":null,"stock_on_hold":3,"sold_today":0,"sales_last_days":0,"reserved_stock":null,"customer_returns":null,"warehouse_damage":null,"lost_in_post":null,"other_logs":null,"out_stock_days":0,"lost_sales":0,"has_location":null,"update_date":"2026-03-31T22:04:43","atum_locations":[],"atum_stock_status":"instock","restock_status":false,"low_stock_amount":"","sales_update_date":"2026-03-31T22:04:43","calc_backorders":null,"acf":[],"yoast_head":"<!-- This site is optimized with the Yoast SEO plugin v27.3 - https:\/\/yoast.com\/product\/yoast-seo-wordpress\/ -->\n<title>Valhalla Resv\u00e4ska 40 L - Mj\u00f8lner Hunting<\/title>\n<meta name=\"robots\" content=\"index, follow, max-snippet:-1, max-image-preview:large, max-video-preview:-1\" \/>\n<link rel=\"canonical\" href=\"https:\/\/www.mjoelnerhunting.com\/sv\/produkt\/valhalla-resvaeska-40-l\/\" \/>\n<meta property=\"og:locale\" content=\"sv_SE\" \/>\n<meta property=\"og:type\" content=\"article\" \/>\n<meta property=\"og:title\" content=\"Valhalla Resv\u00e4ska 40 L - Mj\u00f8lner Hunting\" \/>\n<meta property=\"og:description\" content=\"Mjoelner Hunting\" \/>\n<meta property=\"og:url\" content=\"https:\/\/www.mjoelnerhunting.com\/sv\/produkt\/valhalla-resvaeska-40-l\/\" \/>\n<meta property=\"og:site_name\" content=\"Mj\u00f8lner Hunting\" \/>\n<meta property=\"article:publisher\" content=\"https:\/\/www.facebook.com\/MJOELNERHUNTING\" \/>\n<meta property=\"og:image\" content=\"https:\/\/www.mjoelnerhunting.com\/wp-content\/uploads\/2026\/01\/10718147109_Valhalla_Travel_Bag_40L%20II-scaled.jpg\" \/>\n\t<meta property=\"og:image:width\" content=\"2560\" \/>\n\t<meta property=\"og:image:height\" content=\"1906\" \/>\n\t<meta property=\"og:image:type\" content=\"image\/jpeg\" \/>\n<meta name=\"twitter:card\" content=\"summary_large_image\" \/>\n<script type=\"application\/ld+json\" class=\"yoast-schema-graph\">{\"@context\":\"https:\\\/\\\/schema.org\",\"@graph\":[{\"@type\":\"WebPage\",\"@id\":\"https:\\\/\\\/www.mjoelnerhunting.com\\\/sv\\\/produkt\\\/valhalla-resvaeska-40-l\\\/\",\"url\":\"https:\\\/\\\/www.mjoelnerhunting.com\\\/sv\\\/produkt\\\/valhalla-resvaeska-40-l\\\/\",\"name\":\"Valhalla Resv\u00e4ska 40 L - Mj\u00f8lner Hunting\",\"isPartOf\":{\"@id\":\"https:\\\/\\\/www.mjoelnerhunting.com\\\/sv\\\/#website\"},\"primaryImageOfPage\":{\"@id\":\"https:\\\/\\\/www.mjoelnerhunting.com\\\/sv\\\/produkt\\\/valhalla-resvaeska-40-l\\\/#primaryimage\"},\"image\":{\"@id\":\"https:\\\/\\\/www.mjoelnerhunting.com\\\/sv\\\/produkt\\\/valhalla-resvaeska-40-l\\\/#primaryimage\"},\"thumbnailUrl\":\"https:\\\/\\\/www.mjoelnerhunting.com\\\/wp-content\\\/uploads\\\/2026\\\/01\\\/10718147109_Valhalla_Travel_Bag_40L II-scaled.jpg\",\"datePublished\":\"2026-02-19T12:04:27+00:00\",\"breadcrumb\":{\"@id\":\"https:\\\/\\\/www.mjoelnerhunting.com\\\/sv\\\/produkt\\\/valhalla-resvaeska-40-l\\\/#breadcrumb\"},\"inLanguage\":\"sv-SE\",\"potentialAction\":[{\"@type\":\"ReadAction\",\"target\":[\"https:\\\/\\\/www.mjoelnerhunting.com\\\/sv\\\/produkt\\\/valhalla-resvaeska-40-l\\\/\"]}]},{\"@type\":\"ImageObject\",\"inLanguage\":\"sv-SE\",\"@id\":\"https:\\\/\\\/www.mjoelnerhunting.com\\\/sv\\\/produkt\\\/valhalla-resvaeska-40-l\\\/#primaryimage\",\"url\":\"https:\\\/\\\/www.mjoelnerhunting.com\\\/wp-content\\\/uploads\\\/2026\\\/01\\\/10718147109_Valhalla_Travel_Bag_40L II-scaled.jpg\",\"contentUrl\":\"https:\\\/\\\/www.mjoelnerhunting.com\\\/wp-content\\\/uploads\\\/2026\\\/01\\\/10718147109_Valhalla_Travel_Bag_40L II-scaled.jpg\",\"width\":2560,\"height\":1906},{\"@type\":\"BreadcrumbList\",\"@id\":\"https:\\\/\\\/www.mjoelnerhunting.com\\\/sv\\\/produkt\\\/valhalla-resvaeska-40-l\\\/#breadcrumb\",\"itemListElement\":[{\"@type\":\"ListItem\",\"position\":1,\"name\":\"Hem\",\"item\":\"https:\\\/\\\/www.mjoelnerhunting.com\\\/sv\\\/jaga-smartare-inte-hardare\\\/\"},{\"@type\":\"ListItem\",\"position\":2,\"name\":\"Butik\",\"item\":\"https:\\\/\\\/www.mjoelnerhunting.com\\\/sv\\\/butik\\\/\"},{\"@type\":\"ListItem\",\"position\":3,\"name\":\"Valhalla Resv\u00e4ska 40 L\"}]},{\"@type\":\"WebSite\",\"@id\":\"https:\\\/\\\/www.mjoelnerhunting.com\\\/sv\\\/#website\",\"url\":\"https:\\\/\\\/www.mjoelnerhunting.com\\\/sv\\\/\",\"name\":\"Mj\u00f8lner Hunting\",\"description\":\"Hunting Gear\",\"publisher\":{\"@id\":\"https:\\\/\\\/www.mjoelnerhunting.com\\\/sv\\\/#organization\"},\"potentialAction\":[{\"@type\":\"SearchAction\",\"target\":{\"@type\":\"EntryPoint\",\"urlTemplate\":\"https:\\\/\\\/www.mjoelnerhunting.com\\\/sv\\\/?s={search_term_string}\"},\"query-input\":{\"@type\":\"PropertyValueSpecification\",\"valueRequired\":true,\"valueName\":\"search_term_string\"}}],\"inLanguage\":\"sv-SE\"},{\"@type\":\"Organization\",\"@id\":\"https:\\\/\\\/www.mjoelnerhunting.com\\\/sv\\\/#organization\",\"name\":\"Mj\u00f8lner Jakt\",\"url\":\"https:\\\/\\\/www.mjoelnerhunting.com\\\/sv\\\/\",\"logo\":{\"@type\":\"ImageObject\",\"inLanguage\":\"sv-SE\",\"@id\":\"https:\\\/\\\/www.mjoelnerhunting.com\\\/sv\\\/#\\\/schema\\\/logo\\\/image\\\/\",\"url\":\"https:\\\/\\\/www.mjoelnerhunting.com\\\/wp-content\\\/uploads\\\/2021\\\/10\\\/Logo-White.png\",\"contentUrl\":\"https:\\\/\\\/www.mjoelnerhunting.com\\\/wp-content\\\/uploads\\\/2021\\\/10\\\/Logo-White.png\",\"width\":238,\"height\":114,\"caption\":\"Mj\u00f8lner Jakt\"},\"image\":{\"@id\":\"https:\\\/\\\/www.mjoelnerhunting.com\\\/sv\\\/#\\\/schema\\\/logo\\\/image\\\/\"},\"sameAs\":[\"https:\\\/\\\/www.facebook.com\\\/MJOELNERHUNTING\"]}]}<\/script>\n<!-- \/ Yoast SEO plugin. -->","yoast_head_json":{"title":"Valhalla Resv\u00e4ska 40 L - Mj\u00f8lner Hunting","robots":{"index":"index","follow":"follow","max-snippet":"max-snippet:-1","max-image-preview":"max-image-preview:large","max-video-preview":"max-video-preview:-1"},"canonical":"https:\/\/www.mjoelnerhunting.com\/sv\/produkt\/valhalla-resvaeska-40-l\/","og_locale":"sv_SE","og_type":"article","og_title":"Valhalla Resv\u00e4ska 40 L - Mj\u00f8lner Hunting","og_description":"Mjoelner Hunting","og_url":"https:\/\/www.mjoelnerhunting.com\/sv\/produkt\/valhalla-resvaeska-40-l\/","og_site_name":"Mj\u00f8lner Hunting","article_publisher":"https:\/\/www.facebook.com\/MJOELNERHUNTING","og_image":[{"width":2560,"height":1906,"url":"https:\/\/www.mjoelnerhunting.com\/wp-content\/uploads\/2026\/01\/10718147109_Valhalla_Travel_Bag_40L II-scaled.jpg","type":"image\/jpeg"}],"twitter_card":"summary_large_image","schema":{"@context":"https:\/\/schema.org","@graph":[{"@type":"WebPage","@id":"https:\/\/www.mjoelnerhunting.com\/sv\/produkt\/valhalla-resvaeska-40-l\/","url":"https:\/\/www.mjoelnerhunting.com\/sv\/produkt\/valhalla-resvaeska-40-l\/","name":"Valhalla Resv\u00e4ska 40 L - Mj\u00f8lner Hunting","isPartOf":{"@id":"https:\/\/www.mjoelnerhunting.com\/sv\/#website"},"primaryImageOfPage":{"@id":"https:\/\/www.mjoelnerhunting.com\/sv\/produkt\/valhalla-resvaeska-40-l\/#primaryimage"},"image":{"@id":"https:\/\/www.mjoelnerhunting.com\/sv\/produkt\/valhalla-resvaeska-40-l\/#primaryimage"},"thumbnailUrl":"https:\/\/www.mjoelnerhunting.com\/wp-content\/uploads\/2026\/01\/10718147109_Valhalla_Travel_Bag_40L II-scaled.jpg","datePublished":"2026-02-19T12:04:27+00:00","breadcrumb":{"@id":"https:\/\/www.mjoelnerhunting.com\/sv\/produkt\/valhalla-resvaeska-40-l\/#breadcrumb"},"inLanguage":"sv-SE","potentialAction":[{"@type":"ReadAction","target":["https:\/\/www.mjoelnerhunting.com\/sv\/produkt\/valhalla-resvaeska-40-l\/"]}]},{"@type":"ImageObject","inLanguage":"sv-SE","@id":"https:\/\/www.mjoelnerhunting.com\/sv\/produkt\/valhalla-resvaeska-40-l\/#primaryimage","url":"https:\/\/www.mjoelnerhunting.com\/wp-content\/uploads\/2026\/01\/10718147109_Valhalla_Travel_Bag_40L II-scaled.jpg","contentUrl":"https:\/\/www.mjoelnerhunting.com\/wp-content\/uploads\/2026\/01\/10718147109_Valhalla_Travel_Bag_40L II-scaled.jpg","width":2560,"height":1906},{"@type":"BreadcrumbList","@id":"https:\/\/www.mjoelnerhunting.com\/sv\/produkt\/valhalla-resvaeska-40-l\/#breadcrumb","itemListElement":[{"@type":"ListItem","position":1,"name":"Hem","item":"https:\/\/www.mjoelnerhunting.com\/sv\/jaga-smartare-inte-hardare\/"},{"@type":"ListItem","position":2,"name":"Butik","item":"https:\/\/www.mjoelnerhunting.com\/sv\/butik\/"},{"@type":"ListItem","position":3,"name":"Valhalla Resv\u00e4ska 40 L"}]},{"@type":"WebSite","@id":"https:\/\/www.mjoelnerhunting.com\/sv\/#website","url":"https:\/\/www.mjoelnerhunting.com\/sv\/","name":"Mj\u00f8lner Hunting","description":"Hunting Gear","publisher":{"@id":"https:\/\/www.mjoelnerhunting.com\/sv\/#organization"},"potentialAction":[{"@type":"SearchAction","target":{"@type":"EntryPoint","urlTemplate":"https:\/\/www.mjoelnerhunting.com\/sv\/?s={search_term_string}"},"query-input":{"@type":"PropertyValueSpecification","valueRequired":true,"valueName":"search_term_string"}}],"inLanguage":"sv-SE"},{"@type":"Organization","@id":"https:\/\/www.mjoelnerhunting.com\/sv\/#organization","name":"Mj\u00f8lner Jakt","url":"https:\/\/www.mjoelnerhunting.com\/sv\/","logo":{"@type":"ImageObject","inLanguage":"sv-SE","@id":"https:\/\/www.mjoelnerhunting.com\/sv\/#\/schema\/logo\/image\/","url":"https:\/\/www.mjoelnerhunting.com\/wp-content\/uploads\/2021\/10\/Logo-White.png","contentUrl":"https:\/\/www.mjoelnerhunting.com\/wp-content\/uploads\/2021\/10\/Logo-White.png","width":238,"height":114,"caption":"Mj\u00f8lner Jakt"},"image":{"@id":"https:\/\/www.mjoelnerhunting.com\/sv\/#\/schema\/logo\/image\/"},"sameAs":["https:\/\/www.facebook.com\/MJOELNERHUNTING"]}]}},"_links":{"self":[{"href":"https:\/\/www.mjoelnerhunting.com\/sv\/wp-json\/wp\/v2\/product\/44105","targetHints":{"allow":["GET"]}}],"collection":[{"href":"https:\/\/www.mjoelnerhunting.com\/sv\/wp-json\/wp\/v2\/product"}],"about":[{"href":"https:\/\/www.mjoelnerhunting.com\/sv\/wp-json\/wp\/v2\/types\/product"}],"replies":[{"embeddable":true,"href":"https:\/\/www.mjoelnerhunting.com\/sv\/wp-json\/wp\/v2\/comments?post=44105"}],"wp:featuredmedia":[{"embeddable":true,"href":"https:\/\/www.mjoelnerhunting.com\/sv\/wp-json\/wp\/v2\/media\/44061"}],"wp:attachment":[{"href":"https:\/\/www.mjoelnerhunting.com\/sv\/wp-json\/wp\/v2\/media?parent=44105"}],"wp:term":[{"taxonomy":"product_brand","embeddable":true,"href":"https:\/\/www.mjoelnerhunting.com\/sv\/wp-json\/wp\/v2\/product_brand?post=44105"},{"taxonomy":"product_cat","embeddable":true,"href":"https:\/\/www.mjoelnerhunting.com\/sv\/wp-json\/wp\/v2\/product_cat?post=44105"},{"taxonomy":"product_tag","embeddable":true,"href":"https:\/\/www.mjoelnerhunting.com\/sv\/wp-json\/wp\/v2\/product_tag?post=44105"}],"curies":[{"name":"wp","href":"https:\/\/api.w.org\/{rel}","templated":true}]}}