{"id":42731,"date":"2026-02-19T12:57:10","date_gmt":"2026-02-19T11:57:10","guid":{"rendered":"https:\/\/www.mjoelnerhunting.com\/product\/ryggsack-arild-loden-m-vapenskydd-36-liter\/"},"modified":"2026-03-12T11:49:49","modified_gmt":"2026-03-12T10:49:49","slug":"ryggsack-arild-loden-m-vapenskydd-36-liter","status":"publish","type":"product","link":"https:\/\/www.mjoelnerhunting.com\/sv\/produkt\/ryggsack-arild-loden-m-vapenskydd-36-liter\/","title":{"rendered":"Ryggs\u00e4ck Arild loden W.\/gunslip 36 ltr."},"content":{"rendered":"<p>Den ultimata ryggs\u00e4cken f\u00f6r bergs- och h\u00f6glandsvandring. Designad f\u00f6r tuff jakt. Innovativ design som inkluderar; sk\u00f6nt tyst material, avtagbart snabbdragande gev\u00e4rsfodral. Superventilerande b\u00e4rsystem i trampolinmaterial. Brett vadderat h\u00f6ftb\u00e4lte. Ett stort huvudfack med kompressionsremmar. Snabbdragkedja p\u00e5 ovansidan med \u00f6verlappning och \u00e5tkomst nedtill. Avtagbar och v\u00e4ndbar frontklaff med elastiska remmar p\u00e5 ena sidan och en n\u00e4tp\u00e5se p\u00e5 andra sidan som kan anv\u00e4ndas f\u00f6r v\u00e5ta kl\u00e4der eller svampar. Tv\u00e5 sidofickor i mesh f\u00f6r snabb \u00e5tkomst \u00e4ven n\u00e4r du g\u00e5r. Slanggenomf\u00f6ring f\u00f6r vattenflaska. Dragkedjor f\u00f6r enkel och tyst man\u00f6vrering \u00e4ven med handskar. Rem f\u00f6r br\u00f6stet. Regnskydd i v\u00e4ndbart gr\u00f6nt och vitt. Det bakre facket f\u00f6r gev\u00e4rsfodral kan ocks\u00e5 anv\u00e4ndas som f\u00f6rvaringsfack.             <\/p>\n<p>Produktinformation: H x B x D: 64 x 40 x 18 cm, Vikt: 2550 gram, Volym: 36+ liter.<\/p>\n","protected":false},"excerpt":{"rendered":"<p>Den ultimata ryggs\u00e4cken f\u00f6r bergs- och h\u00f6glandsvandring. Designad f\u00f6r tuff jakt. Innovativ design som inkluderar; sk\u00f6nt tyst material, avtagbart snabbdragande gev\u00e4rsfodral. Superventilerande b\u00e4rsystem i trampolinmaterial. Brett vadderat h\u00f6ftb\u00e4lte. Ett stort huvudfack med kompressionsremmar. Snabbdragkedja p\u00e5 ovansidan med \u00f6verlappning och \u00e5tkomst nedtill. Avtagbar och v\u00e4ndbar frontklaff med elastiska remmar p\u00e5 ena sidan och en n\u00e4tp\u00e5se p\u00e5 andra sidan som kan anv\u00e4ndas f\u00f6r v\u00e5ta kl\u00e4der eller svampar. Tv\u00e5 sidofickor i mesh f\u00f6r snabb \u00e5tkomst \u00e4ven n\u00e4r du g\u00e5r. Slanggenomf\u00f6ring f\u00f6r vattenflaska. Dragkedjor f\u00f6r enkel och tyst man\u00f6vrering \u00e4ven med handskar. Rem f\u00f6r br\u00f6stet. Regnskydd i v\u00e4ndbart gr\u00f6nt och vitt. Det bakre facket f\u00f6r gev\u00e4rsfodral kan ocks\u00e5 anv\u00e4ndas som f\u00f6rvaringsfack.             <\/p>\n<p>Produktinformation: H x B x D: 64 x 40 x 18 cm, Vikt: 2550 gram, Volym: 36+ liter.<\/p>\n","protected":false},"featured_media":42399,"comment_status":"closed","ping_status":"closed","template":"","meta":{"_acf_changed":false},"product_brand":[],"product_cat":[129],"product_tag":[],"class_list":{"0":"post-42731","1":"product","2":"type-product","3":"status-publish","4":"has-post-thumbnail","6":"product_cat-ryggsaeckar-och-vaeskor","8":"first","9":"instock","10":"purchasable","11":"product-type-simple"},"supplier_id":null,"supplier_sku":"","barcode":null,"atum_controlled":true,"out_stock_date":null,"out_stock_threshold":null,"inheritable":false,"inbound_stock":null,"stock_on_hold":1,"sold_today":0,"sales_last_days":1,"reserved_stock":null,"customer_returns":null,"warehouse_damage":null,"lost_in_post":null,"other_logs":null,"out_stock_days":0,"lost_sales":0,"has_location":false,"update_date":"2026-03-12T10:49:31","atum_locations":[],"atum_stock_status":"instock","restock_status":false,"low_stock_amount":"","sales_update_date":"2026-03-04T23:03:33","calc_backorders":null,"acf":[],"yoast_head":"<!-- This site is optimized with the Yoast SEO plugin v27.3 - https:\/\/yoast.com\/product\/yoast-seo-wordpress\/ -->\n<title>Ryggs\u00e4ck Arild loden W.\/gunslip 36 ltr. - Mj\u00f8lner Hunting<\/title>\n<meta name=\"robots\" content=\"index, follow, max-snippet:-1, max-image-preview:large, max-video-preview:-1\" \/>\n<link rel=\"canonical\" href=\"https:\/\/www.mjoelnerhunting.com\/sv\/produkt\/ryggsack-arild-loden-m-vapenskydd-36-liter\/\" \/>\n<meta property=\"og:locale\" content=\"sv_SE\" \/>\n<meta property=\"og:type\" content=\"article\" \/>\n<meta property=\"og:title\" content=\"Ryggs\u00e4ck Arild loden W.\/gunslip 36 ltr. - Mj\u00f8lner Hunting\" \/>\n<meta property=\"og:description\" content=\"Den ultimata ryggs\u00e4cken f\u00f6r bergs- och h\u00f6glandsvandring. Designad f\u00f6r tuff jakt. Innovativ design som inkluderar; sk\u00f6nt tyst material, avtagbart snabbdragande gev\u00e4rsfodral. Superventilerande b\u00e4rsystem i trampolinmaterial. Brett vadderat h\u00f6ftb\u00e4lte. Ett stort huvudfack med kompressionsremmar. Snabbdragkedja p\u00e5 ovansidan med \u00f6verlappning och \u00e5tkomst nedtill. Avtagbar och v\u00e4ndbar frontklaff med elastiska remmar p\u00e5 ena sidan och en n\u00e4tp\u00e5se p\u00e5 andra sidan som kan anv\u00e4ndas f\u00f6r v\u00e5ta kl\u00e4der eller svampar. Tv\u00e5 sidofickor i mesh f\u00f6r snabb \u00e5tkomst \u00e4ven n\u00e4r du g\u00e5r. Slanggenomf\u00f6ring f\u00f6r vattenflaska. Dragkedjor f\u00f6r enkel och tyst man\u00f6vrering \u00e4ven med handskar. Rem f\u00f6r br\u00f6stet. Regnskydd i v\u00e4ndbart gr\u00f6nt och vitt. Det bakre facket f\u00f6r gev\u00e4rsfodral kan ocks\u00e5 anv\u00e4ndas som f\u00f6rvaringsfack.        Produktinformation: H x B x D: 64 x 40 x 18 cm, Vikt: 2550 gram, Volym: 36+ liter.\" \/>\n<meta property=\"og:url\" content=\"https:\/\/www.mjoelnerhunting.com\/sv\/produkt\/ryggsack-arild-loden-m-vapenskydd-36-liter\/\" \/>\n<meta property=\"og:site_name\" content=\"Mj\u00f8lner Hunting\" \/>\n<meta property=\"article:publisher\" content=\"https:\/\/www.facebook.com\/MJOELNERHUNTING\" \/>\n<meta property=\"article:modified_time\" content=\"2026-03-12T10:49:49+00:00\" \/>\n<meta property=\"og:image\" content=\"https:\/\/www.mjoelnerhunting.com\/wp-content\/uploads\/2026\/01\/10201140101_Backpack_Arild_with_Fast_draw_rifle_carrying_system%20(1)-scaled.jpg\" \/>\n\t<meta property=\"og:image:width\" content=\"1327\" \/>\n\t<meta property=\"og:image:height\" content=\"2560\" \/>\n\t<meta property=\"og:image:type\" content=\"image\/jpeg\" \/>\n<meta name=\"twitter:card\" content=\"summary_large_image\" \/>\n<meta name=\"twitter:label1\" content=\"Ber\u00e4knad l\u00e4stid\" \/>\n\t<meta name=\"twitter:data1\" content=\"1 minut\" \/>\n<script type=\"application\/ld+json\" class=\"yoast-schema-graph\">{\"@context\":\"https:\\\/\\\/schema.org\",\"@graph\":[{\"@type\":\"WebPage\",\"@id\":\"https:\\\/\\\/www.mjoelnerhunting.com\\\/sv\\\/produkt\\\/ryggsack-arild-loden-m-vapenskydd-36-liter\\\/\",\"url\":\"https:\\\/\\\/www.mjoelnerhunting.com\\\/sv\\\/produkt\\\/ryggsack-arild-loden-m-vapenskydd-36-liter\\\/\",\"name\":\"Ryggs\u00e4ck Arild loden W.\\\/gunslip 36 ltr. - Mj\u00f8lner Hunting\",\"isPartOf\":{\"@id\":\"https:\\\/\\\/www.mjoelnerhunting.com\\\/sv\\\/#website\"},\"primaryImageOfPage\":{\"@id\":\"https:\\\/\\\/www.mjoelnerhunting.com\\\/sv\\\/produkt\\\/ryggsack-arild-loden-m-vapenskydd-36-liter\\\/#primaryimage\"},\"image\":{\"@id\":\"https:\\\/\\\/www.mjoelnerhunting.com\\\/sv\\\/produkt\\\/ryggsack-arild-loden-m-vapenskydd-36-liter\\\/#primaryimage\"},\"thumbnailUrl\":\"https:\\\/\\\/www.mjoelnerhunting.com\\\/wp-content\\\/uploads\\\/2026\\\/01\\\/10201140101_Backpack_Arild_with_Fast_draw_rifle_carrying_system (1)-scaled.jpg\",\"datePublished\":\"2026-02-19T11:57:10+00:00\",\"dateModified\":\"2026-03-12T10:49:49+00:00\",\"breadcrumb\":{\"@id\":\"https:\\\/\\\/www.mjoelnerhunting.com\\\/sv\\\/produkt\\\/ryggsack-arild-loden-m-vapenskydd-36-liter\\\/#breadcrumb\"},\"inLanguage\":\"sv-SE\",\"potentialAction\":[{\"@type\":\"ReadAction\",\"target\":[\"https:\\\/\\\/www.mjoelnerhunting.com\\\/sv\\\/produkt\\\/ryggsack-arild-loden-m-vapenskydd-36-liter\\\/\"]}]},{\"@type\":\"ImageObject\",\"inLanguage\":\"sv-SE\",\"@id\":\"https:\\\/\\\/www.mjoelnerhunting.com\\\/sv\\\/produkt\\\/ryggsack-arild-loden-m-vapenskydd-36-liter\\\/#primaryimage\",\"url\":\"https:\\\/\\\/www.mjoelnerhunting.com\\\/wp-content\\\/uploads\\\/2026\\\/01\\\/10201140101_Backpack_Arild_with_Fast_draw_rifle_carrying_system (1)-scaled.jpg\",\"contentUrl\":\"https:\\\/\\\/www.mjoelnerhunting.com\\\/wp-content\\\/uploads\\\/2026\\\/01\\\/10201140101_Backpack_Arild_with_Fast_draw_rifle_carrying_system (1)-scaled.jpg\",\"width\":1327,\"height\":2560},{\"@type\":\"BreadcrumbList\",\"@id\":\"https:\\\/\\\/www.mjoelnerhunting.com\\\/sv\\\/produkt\\\/ryggsack-arild-loden-m-vapenskydd-36-liter\\\/#breadcrumb\",\"itemListElement\":[{\"@type\":\"ListItem\",\"position\":1,\"name\":\"Hem\",\"item\":\"https:\\\/\\\/www.mjoelnerhunting.com\\\/sv\\\/jaga-smartare-inte-hardare\\\/\"},{\"@type\":\"ListItem\",\"position\":2,\"name\":\"Butik\",\"item\":\"https:\\\/\\\/www.mjoelnerhunting.com\\\/sv\\\/butik\\\/\"},{\"@type\":\"ListItem\",\"position\":3,\"name\":\"Ryggs\u00e4ck Arild loden W.\\\/gunslip 36 ltr.\"}]},{\"@type\":\"WebSite\",\"@id\":\"https:\\\/\\\/www.mjoelnerhunting.com\\\/sv\\\/#website\",\"url\":\"https:\\\/\\\/www.mjoelnerhunting.com\\\/sv\\\/\",\"name\":\"Mj\u00f8lner Hunting\",\"description\":\"Hunting Gear\",\"publisher\":{\"@id\":\"https:\\\/\\\/www.mjoelnerhunting.com\\\/sv\\\/#organization\"},\"potentialAction\":[{\"@type\":\"SearchAction\",\"target\":{\"@type\":\"EntryPoint\",\"urlTemplate\":\"https:\\\/\\\/www.mjoelnerhunting.com\\\/sv\\\/?s={search_term_string}\"},\"query-input\":{\"@type\":\"PropertyValueSpecification\",\"valueRequired\":true,\"valueName\":\"search_term_string\"}}],\"inLanguage\":\"sv-SE\"},{\"@type\":\"Organization\",\"@id\":\"https:\\\/\\\/www.mjoelnerhunting.com\\\/sv\\\/#organization\",\"name\":\"Mj\u00f8lner Jakt\",\"url\":\"https:\\\/\\\/www.mjoelnerhunting.com\\\/sv\\\/\",\"logo\":{\"@type\":\"ImageObject\",\"inLanguage\":\"sv-SE\",\"@id\":\"https:\\\/\\\/www.mjoelnerhunting.com\\\/sv\\\/#\\\/schema\\\/logo\\\/image\\\/\",\"url\":\"https:\\\/\\\/www.mjoelnerhunting.com\\\/wp-content\\\/uploads\\\/2021\\\/10\\\/Logo-White.png\",\"contentUrl\":\"https:\\\/\\\/www.mjoelnerhunting.com\\\/wp-content\\\/uploads\\\/2021\\\/10\\\/Logo-White.png\",\"width\":238,\"height\":114,\"caption\":\"Mj\u00f8lner Jakt\"},\"image\":{\"@id\":\"https:\\\/\\\/www.mjoelnerhunting.com\\\/sv\\\/#\\\/schema\\\/logo\\\/image\\\/\"},\"sameAs\":[\"https:\\\/\\\/www.facebook.com\\\/MJOELNERHUNTING\"]}]}<\/script>\n<!-- \/ Yoast SEO plugin. -->","yoast_head_json":{"title":"Ryggs\u00e4ck Arild loden W.\/gunslip 36 ltr. - Mj\u00f8lner Hunting","robots":{"index":"index","follow":"follow","max-snippet":"max-snippet:-1","max-image-preview":"max-image-preview:large","max-video-preview":"max-video-preview:-1"},"canonical":"https:\/\/www.mjoelnerhunting.com\/sv\/produkt\/ryggsack-arild-loden-m-vapenskydd-36-liter\/","og_locale":"sv_SE","og_type":"article","og_title":"Ryggs\u00e4ck Arild loden W.\/gunslip 36 ltr. - Mj\u00f8lner Hunting","og_description":"Den ultimata ryggs\u00e4cken f\u00f6r bergs- och h\u00f6glandsvandring. Designad f\u00f6r tuff jakt. Innovativ design som inkluderar; sk\u00f6nt tyst material, avtagbart snabbdragande gev\u00e4rsfodral. Superventilerande b\u00e4rsystem i trampolinmaterial. Brett vadderat h\u00f6ftb\u00e4lte. Ett stort huvudfack med kompressionsremmar. Snabbdragkedja p\u00e5 ovansidan med \u00f6verlappning och \u00e5tkomst nedtill. Avtagbar och v\u00e4ndbar frontklaff med elastiska remmar p\u00e5 ena sidan och en n\u00e4tp\u00e5se p\u00e5 andra sidan som kan anv\u00e4ndas f\u00f6r v\u00e5ta kl\u00e4der eller svampar. Tv\u00e5 sidofickor i mesh f\u00f6r snabb \u00e5tkomst \u00e4ven n\u00e4r du g\u00e5r. Slanggenomf\u00f6ring f\u00f6r vattenflaska. Dragkedjor f\u00f6r enkel och tyst man\u00f6vrering \u00e4ven med handskar. Rem f\u00f6r br\u00f6stet. Regnskydd i v\u00e4ndbart gr\u00f6nt och vitt. Det bakre facket f\u00f6r gev\u00e4rsfodral kan ocks\u00e5 anv\u00e4ndas som f\u00f6rvaringsfack.        Produktinformation: H x B x D: 64 x 40 x 18 cm, Vikt: 2550 gram, Volym: 36+ liter.","og_url":"https:\/\/www.mjoelnerhunting.com\/sv\/produkt\/ryggsack-arild-loden-m-vapenskydd-36-liter\/","og_site_name":"Mj\u00f8lner Hunting","article_publisher":"https:\/\/www.facebook.com\/MJOELNERHUNTING","article_modified_time":"2026-03-12T10:49:49+00:00","og_image":[{"width":1327,"height":2560,"url":"https:\/\/www.mjoelnerhunting.com\/wp-content\/uploads\/2026\/01\/10201140101_Backpack_Arild_with_Fast_draw_rifle_carrying_system (1)-scaled.jpg","type":"image\/jpeg"}],"twitter_card":"summary_large_image","twitter_misc":{"Ber\u00e4knad l\u00e4stid":"1 minut"},"schema":{"@context":"https:\/\/schema.org","@graph":[{"@type":"WebPage","@id":"https:\/\/www.mjoelnerhunting.com\/sv\/produkt\/ryggsack-arild-loden-m-vapenskydd-36-liter\/","url":"https:\/\/www.mjoelnerhunting.com\/sv\/produkt\/ryggsack-arild-loden-m-vapenskydd-36-liter\/","name":"Ryggs\u00e4ck Arild loden W.\/gunslip 36 ltr. - Mj\u00f8lner Hunting","isPartOf":{"@id":"https:\/\/www.mjoelnerhunting.com\/sv\/#website"},"primaryImageOfPage":{"@id":"https:\/\/www.mjoelnerhunting.com\/sv\/produkt\/ryggsack-arild-loden-m-vapenskydd-36-liter\/#primaryimage"},"image":{"@id":"https:\/\/www.mjoelnerhunting.com\/sv\/produkt\/ryggsack-arild-loden-m-vapenskydd-36-liter\/#primaryimage"},"thumbnailUrl":"https:\/\/www.mjoelnerhunting.com\/wp-content\/uploads\/2026\/01\/10201140101_Backpack_Arild_with_Fast_draw_rifle_carrying_system (1)-scaled.jpg","datePublished":"2026-02-19T11:57:10+00:00","dateModified":"2026-03-12T10:49:49+00:00","breadcrumb":{"@id":"https:\/\/www.mjoelnerhunting.com\/sv\/produkt\/ryggsack-arild-loden-m-vapenskydd-36-liter\/#breadcrumb"},"inLanguage":"sv-SE","potentialAction":[{"@type":"ReadAction","target":["https:\/\/www.mjoelnerhunting.com\/sv\/produkt\/ryggsack-arild-loden-m-vapenskydd-36-liter\/"]}]},{"@type":"ImageObject","inLanguage":"sv-SE","@id":"https:\/\/www.mjoelnerhunting.com\/sv\/produkt\/ryggsack-arild-loden-m-vapenskydd-36-liter\/#primaryimage","url":"https:\/\/www.mjoelnerhunting.com\/wp-content\/uploads\/2026\/01\/10201140101_Backpack_Arild_with_Fast_draw_rifle_carrying_system (1)-scaled.jpg","contentUrl":"https:\/\/www.mjoelnerhunting.com\/wp-content\/uploads\/2026\/01\/10201140101_Backpack_Arild_with_Fast_draw_rifle_carrying_system (1)-scaled.jpg","width":1327,"height":2560},{"@type":"BreadcrumbList","@id":"https:\/\/www.mjoelnerhunting.com\/sv\/produkt\/ryggsack-arild-loden-m-vapenskydd-36-liter\/#breadcrumb","itemListElement":[{"@type":"ListItem","position":1,"name":"Hem","item":"https:\/\/www.mjoelnerhunting.com\/sv\/jaga-smartare-inte-hardare\/"},{"@type":"ListItem","position":2,"name":"Butik","item":"https:\/\/www.mjoelnerhunting.com\/sv\/butik\/"},{"@type":"ListItem","position":3,"name":"Ryggs\u00e4ck Arild loden W.\/gunslip 36 ltr."}]},{"@type":"WebSite","@id":"https:\/\/www.mjoelnerhunting.com\/sv\/#website","url":"https:\/\/www.mjoelnerhunting.com\/sv\/","name":"Mj\u00f8lner Hunting","description":"Hunting Gear","publisher":{"@id":"https:\/\/www.mjoelnerhunting.com\/sv\/#organization"},"potentialAction":[{"@type":"SearchAction","target":{"@type":"EntryPoint","urlTemplate":"https:\/\/www.mjoelnerhunting.com\/sv\/?s={search_term_string}"},"query-input":{"@type":"PropertyValueSpecification","valueRequired":true,"valueName":"search_term_string"}}],"inLanguage":"sv-SE"},{"@type":"Organization","@id":"https:\/\/www.mjoelnerhunting.com\/sv\/#organization","name":"Mj\u00f8lner Jakt","url":"https:\/\/www.mjoelnerhunting.com\/sv\/","logo":{"@type":"ImageObject","inLanguage":"sv-SE","@id":"https:\/\/www.mjoelnerhunting.com\/sv\/#\/schema\/logo\/image\/","url":"https:\/\/www.mjoelnerhunting.com\/wp-content\/uploads\/2021\/10\/Logo-White.png","contentUrl":"https:\/\/www.mjoelnerhunting.com\/wp-content\/uploads\/2021\/10\/Logo-White.png","width":238,"height":114,"caption":"Mj\u00f8lner Jakt"},"image":{"@id":"https:\/\/www.mjoelnerhunting.com\/sv\/#\/schema\/logo\/image\/"},"sameAs":["https:\/\/www.facebook.com\/MJOELNERHUNTING"]}]}},"_links":{"self":[{"href":"https:\/\/www.mjoelnerhunting.com\/sv\/wp-json\/wp\/v2\/product\/42731","targetHints":{"allow":["GET"]}}],"collection":[{"href":"https:\/\/www.mjoelnerhunting.com\/sv\/wp-json\/wp\/v2\/product"}],"about":[{"href":"https:\/\/www.mjoelnerhunting.com\/sv\/wp-json\/wp\/v2\/types\/product"}],"replies":[{"embeddable":true,"href":"https:\/\/www.mjoelnerhunting.com\/sv\/wp-json\/wp\/v2\/comments?post=42731"}],"wp:featuredmedia":[{"embeddable":true,"href":"https:\/\/www.mjoelnerhunting.com\/sv\/wp-json\/wp\/v2\/media\/42399"}],"wp:attachment":[{"href":"https:\/\/www.mjoelnerhunting.com\/sv\/wp-json\/wp\/v2\/media?parent=42731"}],"wp:term":[{"taxonomy":"product_brand","embeddable":true,"href":"https:\/\/www.mjoelnerhunting.com\/sv\/wp-json\/wp\/v2\/product_brand?post=42731"},{"taxonomy":"product_cat","embeddable":true,"href":"https:\/\/www.mjoelnerhunting.com\/sv\/wp-json\/wp\/v2\/product_cat?post=42731"},{"taxonomy":"product_tag","embeddable":true,"href":"https:\/\/www.mjoelnerhunting.com\/sv\/wp-json\/wp\/v2\/product_tag?post=42731"}],"curies":[{"name":"wp","href":"https:\/\/api.w.org\/{rel}","templated":true}]}}