{"id":42277,"date":"2026-02-19T12:58:27","date_gmt":"2026-02-19T11:58:27","guid":{"rendered":"https:\/\/www.mjoelnerhunting.com\/product\/ryggsacksstol-roar-med-ryggstod\/"},"modified":"2026-02-22T11:54:09","modified_gmt":"2026-02-22T10:54:09","slug":"ryggsacksstol-roar-med-ryggstod","status":"publish","type":"product","link":"https:\/\/www.mjoelnerhunting.com\/sv\/produkt\/ryggsacksstol-roar-med-ryggstod\/","title":{"rendered":"Ryggs\u00e4cksstol ROAR med ryggst\u00f6d"},"content":{"rendered":"<p>Ryggs\u00e4cksstolen med den geniala ryggst\u00f6dsdesignen. &#8221;Ta med f\u00e5t\u00f6ljen ut i skogen\". Sittkomfort i toppklass. Justerbart och avtagbart ryggst\u00f6d. Fast sits med dyna f\u00f6r superkomfort. Tillverkad av material med l\u00e5g ljudniv\u00e5 och vattent\u00e4tt basmaterial. Stort huvudfack, stor frontficka och tv\u00e5 sidofickor i n\u00e4tmaterial. Andningsbart b\u00e4rsystem med breda remmar f\u00f6r h\u00f6g komfort. Dragkedjor f\u00f6r enkel och tyst anv\u00e4ndning \u00e4ven med handskar. Aluminiumram som kombinerar styrka och l\u00e4tthet. Stol och ryggs\u00e4ck kan enkelt separeras och anv\u00e4ndas separat          <\/p>\n","protected":false},"excerpt":{"rendered":"<p data-start=\"101\" data-end=\"150\"><strong data-start=\"101\" data-end=\"150\">Komfort och funktionalitet i en och samma l\u00f6sning<\/strong><\/p>\n<p data-start=\"152\" data-end=\"260\"><strong data-start=\"152\" data-end=\"162\">Modell:<\/strong> 10202131301<br data-start=\"174\" data-end=\"177\"><strong data-start=\"177\" data-end=\"185\"> EAN:<\/strong> 5714414020305<br data-start=\"199\" data-end=\"202\"><strong data-start=\"202\" data-end=\"212\">F\u00e4rg:<\/strong> M\u00f6rkbrun<br data-start=\"222\" data-end=\"225\"><strong data-start=\"225\" data-end=\"239\">Material:<\/strong> Loden och aluminium<\/p>\n<hr data-start=\"262\" data-end=\"265\">\n<h3 data-start=\"267\" data-end=\"286\">Viktiga funktioner<\/h3>\n<ul data-start=\"288\" data-end=\"520\">\n<li data-start=\"288\" data-end=\"316\">\n<p data-start=\"290\" data-end=\"316\">Max. belastning: 100 kg<\/p>\n<\/li>\n<li data-start=\"317\" data-end=\"345\">\n<p data-start=\"319\" data-end=\"345\">Vadderad ryggkonstruktion<\/p>\n<\/li>\n<li data-start=\"346\" data-end=\"377\">\n<p data-start=\"348\" data-end=\"377\">Ventilerade axelremmar<\/p>\n<\/li>\n<li data-start=\"378\" data-end=\"418\">\n<p data-start=\"380\" data-end=\"418\">H\u00f6ftb\u00e4lte f\u00f6r optimal viktf\u00f6rdelning<\/p>\n<\/li>\n<li data-start=\"419\" data-end=\"446\">\n<p data-start=\"421\" data-end=\"446\">Regnskydd ing\u00e5r<\/p>\n<\/li>\n<li data-start=\"447\" data-end=\"482\">\n<p data-start=\"449\" data-end=\"482\">Justerbart och avtagbart ryggst\u00f6d<\/p>\n<\/li>\n<li data-start=\"483\" data-end=\"520\">\n<p data-start=\"485\" data-end=\"520\">Kan demonteras och anv\u00e4ndas separat<\/p>\n<\/li>\n<\/ul>\n<hr data-start=\"522\" data-end=\"525\">\n<h3 data-start=\"527\" data-end=\"546\">Produktinformation<\/h3>\n<ul data-start=\"548\" data-end=\"660\">\n<li data-start=\"548\" data-end=\"584\">\n<p data-start=\"550\" data-end=\"584\">M\u00e5tt (H x B x D): 63 x 30 x 33 cm<\/p>\n<\/li>\n<li data-start=\"585\" data-end=\"618\">\n<p data-start=\"587\" data-end=\"618\">H\u00f6jd med upph\u00f6jt ryggst\u00f6d: 84 cm<\/p>\n<\/li>\n<li data-start=\"619\" data-end=\"638\">\n<p data-start=\"621\" data-end=\"638\">Vikt: 3400 gram<\/p>\n<\/li>\n<li data-start=\"639\" data-end=\"660\">\n<p data-start=\"641\" data-end=\"660\">Volym: 30 liter<\/p>\n<\/li>\n<\/ul>\n<hr data-start=\"662\" data-end=\"665\">\n<h3 data-start=\"667\" data-end=\"689\">Produktbeskrivning<\/h3>\n<p data-start=\"691\" data-end=\"898\">Roar Backpack Chair kombinerar Ryggs\u00e4ck och stol i en genomt\u00e4nkt och praktisk design. Den innovativa ryggst\u00f6dsdesignen ger dig en sittkomfort som normalt bara upplevs i en f\u00e5t\u00f6lj &#8211; nu f\u00f6r anv\u00e4ndning i skogen. <\/p>\n<p data-start=\"900\" data-end=\"1163\">Den fasta, vadderade sittytan ger h\u00f6g komfort under l\u00e5nga vistelser vid posteringen, medan det justerbara och avtagbara ryggst\u00f6det ger flexibilitet vid behov. Materialet \u00e4r tyst och l\u00e4mpligt f\u00f6r jakt, och underredet \u00e4r vattenavvisande f\u00f6r \u00f6kad h\u00e5llbarhet i fuktig terr\u00e4ng. <\/p>\n<p data-start=\"1165\" data-end=\"1398\">Ryggs\u00e4cken har ett stort huvudfack, en rymlig framficka och tv\u00e5 sidofickor i mesh f\u00f6r snabb \u00e5tkomst till utrustningen. De breda, ventilerande axelremmarna och h\u00f6ftb\u00e4ltet ger en bra viktf\u00f6rdelning och h\u00f6g b\u00e4rkomfort &#8211; \u00e4ven p\u00e5 l\u00e4ngre resor. <\/p>\n<p data-start=\"1400\" data-end=\"1581\">Dragkedjorna \u00e4r f\u00f6rsedda med grepp f\u00f6r enkel och tyst man\u00f6vrering, \u00e4ven med handskar. Den solida aluminiumramen kombinerar styrka och l\u00e5g vikt f\u00f6r stabilitet under anv\u00e4ndning. <\/p>\n<p data-start=\"1583\" data-end=\"1799\">Stolen och Ryggs\u00e4cken kan enkelt separeras och anv\u00e4ndas separat, vilket g\u00f6r Roar Backpack Chair till en flexibel l\u00f6sning f\u00f6r j\u00e4gare och friluftsentusiaster som vill ha komfort utan att kompromissa med funktionaliteten.<\/p>\n","protected":false},"featured_media":42278,"comment_status":"closed","ping_status":"closed","template":"","meta":{"_acf_changed":false},"product_brand":[],"product_cat":[129],"product_tag":[],"class_list":{"0":"post-42277","1":"product","2":"type-product","3":"status-publish","4":"has-post-thumbnail","6":"product_cat-ryggsaeckar-och-vaeskor","8":"first","9":"instock","10":"purchasable","11":"product-type-simple"},"supplier_id":null,"supplier_sku":"","barcode":null,"atum_controlled":true,"out_stock_date":null,"out_stock_threshold":null,"inheritable":false,"inbound_stock":null,"stock_on_hold":8,"sold_today":0,"sales_last_days":0,"reserved_stock":null,"customer_returns":null,"warehouse_damage":null,"lost_in_post":null,"other_logs":null,"out_stock_days":0,"lost_sales":0,"has_location":false,"update_date":"2026-03-31T22:04:42","atum_locations":[],"atum_stock_status":"instock","restock_status":false,"low_stock_amount":"","sales_update_date":"2026-03-31T22:04:42","calc_backorders":null,"acf":[],"yoast_head":"<!-- This site is optimized with the Yoast SEO plugin v27.3 - https:\/\/yoast.com\/product\/yoast-seo-wordpress\/ -->\n<title>Ryggs\u00e4cksstol ROAR med ryggst\u00f6d - Mj\u00f8lner Hunting<\/title>\n<meta name=\"robots\" content=\"index, follow, max-snippet:-1, max-image-preview:large, max-video-preview:-1\" \/>\n<link rel=\"canonical\" href=\"https:\/\/www.mjoelnerhunting.com\/sv\/produkt\/ryggsacksstol-roar-med-ryggstod\/\" \/>\n<meta property=\"og:locale\" content=\"sv_SE\" \/>\n<meta property=\"og:type\" content=\"article\" \/>\n<meta property=\"og:title\" content=\"Ryggs\u00e4cksstol ROAR med ryggst\u00f6d - Mj\u00f8lner Hunting\" \/>\n<meta property=\"og:description\" content=\"Komfort och funktionalitet i en och samma l\u00f6sning Modell: 10202131301 EAN: 5714414020305F\u00e4rg: M\u00f6rkbrunMaterial: Loden och aluminium   Viktiga funktioner   Max. belastning: 100 kg   Vadderad ryggkonstruktion   Ventilerade axelremmar   H\u00f6ftb\u00e4lte f\u00f6r optimal viktf\u00f6rdelning   Regnskydd ing\u00e5r   Justerbart och avtagbart ryggst\u00f6d   Kan demonteras och anv\u00e4ndas separat   Produktinformation   M\u00e5tt (H x B x D): 63 x 30 x 33 cm   H\u00f6jd med upph\u00f6jt ryggst\u00f6d: 84 cm   Vikt: 3400 gram   Volym: 30 liter   Produktbeskrivning Roar Backpack Chair kombinerar Ryggs\u00e4ck och stol i en genomt\u00e4nkt och praktisk design. Den innovativa ryggst\u00f6dsdesignen ger dig en sittkomfort som normalt bara upplevs i en f\u00e5t\u00f6lj - nu f\u00f6r anv\u00e4ndning i skogen. Den fasta, vadderade sittytan ger h\u00f6g komfort under l\u00e5nga vistelser vid posteringen, medan det justerbara och avtagbara ryggst\u00f6det ger flexibilitet vid behov. Materialet \u00e4r tyst och l\u00e4mpligt f\u00f6r jakt, och underredet \u00e4r vattenavvisande f\u00f6r \u00f6kad h\u00e5llbarhet i fuktig terr\u00e4ng. Ryggs\u00e4cken har ett stort huvudfack, en rymlig framficka och tv\u00e5 sidofickor i mesh f\u00f6r snabb \u00e5tkomst till utrustningen. De breda, ventilerande axelremmarna och h\u00f6ftb\u00e4ltet ger en bra viktf\u00f6rdelning och h\u00f6g b\u00e4rkomfort - \u00e4ven p\u00e5 l\u00e4ngre resor. Dragkedjorna \u00e4r f\u00f6rsedda med grepp f\u00f6r enkel och tyst man\u00f6vrering, \u00e4ven med handskar. Den solida aluminiumramen kombinerar styrka och l\u00e5g vikt f\u00f6r stabilitet under anv\u00e4ndning. Stolen och Ryggs\u00e4cken kan enkelt separeras och anv\u00e4ndas separat, vilket g\u00f6r Roar Backpack Chair till en flexibel l\u00f6sning f\u00f6r j\u00e4gare och friluftsentusiaster som vill ha komfort utan att kompromissa med funktionaliteten.\" \/>\n<meta property=\"og:url\" content=\"https:\/\/www.mjoelnerhunting.com\/sv\/produkt\/ryggsacksstol-roar-med-ryggstod\/\" \/>\n<meta property=\"og:site_name\" content=\"Mj\u00f8lner Hunting\" \/>\n<meta property=\"article:publisher\" content=\"https:\/\/www.facebook.com\/MJOELNERHUNTING\" \/>\n<meta property=\"article:modified_time\" content=\"2026-02-22T10:54:09+00:00\" \/>\n<meta property=\"og:image\" content=\"https:\/\/www.mjoelnerhunting.com\/wp-content\/uploads\/2026\/01\/10202131301_Backpack_Chair_Roar_Brown_Loden_Backrest%20(1)-scaled.jpg\" \/>\n\t<meta property=\"og:image:width\" content=\"2344\" \/>\n\t<meta property=\"og:image:height\" content=\"2560\" \/>\n\t<meta property=\"og:image:type\" content=\"image\/jpeg\" \/>\n<meta name=\"twitter:card\" content=\"summary_large_image\" \/>\n<script type=\"application\/ld+json\" class=\"yoast-schema-graph\">{\"@context\":\"https:\\\/\\\/schema.org\",\"@graph\":[{\"@type\":\"WebPage\",\"@id\":\"https:\\\/\\\/www.mjoelnerhunting.com\\\/sv\\\/produkt\\\/ryggsacksstol-roar-med-ryggstod\\\/\",\"url\":\"https:\\\/\\\/www.mjoelnerhunting.com\\\/sv\\\/produkt\\\/ryggsacksstol-roar-med-ryggstod\\\/\",\"name\":\"Ryggs\u00e4cksstol ROAR med ryggst\u00f6d - Mj\u00f8lner Hunting\",\"isPartOf\":{\"@id\":\"https:\\\/\\\/www.mjoelnerhunting.com\\\/sv\\\/#website\"},\"primaryImageOfPage\":{\"@id\":\"https:\\\/\\\/www.mjoelnerhunting.com\\\/sv\\\/produkt\\\/ryggsacksstol-roar-med-ryggstod\\\/#primaryimage\"},\"image\":{\"@id\":\"https:\\\/\\\/www.mjoelnerhunting.com\\\/sv\\\/produkt\\\/ryggsacksstol-roar-med-ryggstod\\\/#primaryimage\"},\"thumbnailUrl\":\"https:\\\/\\\/www.mjoelnerhunting.com\\\/wp-content\\\/uploads\\\/2026\\\/01\\\/10202131301_Backpack_Chair_Roar_Brown_Loden_Backrest (1)-scaled.jpg\",\"datePublished\":\"2026-02-19T11:58:27+00:00\",\"dateModified\":\"2026-02-22T10:54:09+00:00\",\"breadcrumb\":{\"@id\":\"https:\\\/\\\/www.mjoelnerhunting.com\\\/sv\\\/produkt\\\/ryggsacksstol-roar-med-ryggstod\\\/#breadcrumb\"},\"inLanguage\":\"sv-SE\",\"potentialAction\":[{\"@type\":\"ReadAction\",\"target\":[\"https:\\\/\\\/www.mjoelnerhunting.com\\\/sv\\\/produkt\\\/ryggsacksstol-roar-med-ryggstod\\\/\"]}]},{\"@type\":\"ImageObject\",\"inLanguage\":\"sv-SE\",\"@id\":\"https:\\\/\\\/www.mjoelnerhunting.com\\\/sv\\\/produkt\\\/ryggsacksstol-roar-med-ryggstod\\\/#primaryimage\",\"url\":\"https:\\\/\\\/www.mjoelnerhunting.com\\\/wp-content\\\/uploads\\\/2026\\\/01\\\/10202131301_Backpack_Chair_Roar_Brown_Loden_Backrest (1)-scaled.jpg\",\"contentUrl\":\"https:\\\/\\\/www.mjoelnerhunting.com\\\/wp-content\\\/uploads\\\/2026\\\/01\\\/10202131301_Backpack_Chair_Roar_Brown_Loden_Backrest (1)-scaled.jpg\",\"width\":2344,\"height\":2560},{\"@type\":\"BreadcrumbList\",\"@id\":\"https:\\\/\\\/www.mjoelnerhunting.com\\\/sv\\\/produkt\\\/ryggsacksstol-roar-med-ryggstod\\\/#breadcrumb\",\"itemListElement\":[{\"@type\":\"ListItem\",\"position\":1,\"name\":\"Hem\",\"item\":\"https:\\\/\\\/www.mjoelnerhunting.com\\\/sv\\\/jaga-smartare-inte-hardare\\\/\"},{\"@type\":\"ListItem\",\"position\":2,\"name\":\"Butik\",\"item\":\"https:\\\/\\\/www.mjoelnerhunting.com\\\/sv\\\/butik\\\/\"},{\"@type\":\"ListItem\",\"position\":3,\"name\":\"Ryggs\u00e4cksstol ROAR med ryggst\u00f6d\"}]},{\"@type\":\"WebSite\",\"@id\":\"https:\\\/\\\/www.mjoelnerhunting.com\\\/sv\\\/#website\",\"url\":\"https:\\\/\\\/www.mjoelnerhunting.com\\\/sv\\\/\",\"name\":\"Mj\u00f8lner Hunting\",\"description\":\"Hunting Gear\",\"publisher\":{\"@id\":\"https:\\\/\\\/www.mjoelnerhunting.com\\\/sv\\\/#organization\"},\"potentialAction\":[{\"@type\":\"SearchAction\",\"target\":{\"@type\":\"EntryPoint\",\"urlTemplate\":\"https:\\\/\\\/www.mjoelnerhunting.com\\\/sv\\\/?s={search_term_string}\"},\"query-input\":{\"@type\":\"PropertyValueSpecification\",\"valueRequired\":true,\"valueName\":\"search_term_string\"}}],\"inLanguage\":\"sv-SE\"},{\"@type\":\"Organization\",\"@id\":\"https:\\\/\\\/www.mjoelnerhunting.com\\\/sv\\\/#organization\",\"name\":\"Mj\u00f8lner Jakt\",\"url\":\"https:\\\/\\\/www.mjoelnerhunting.com\\\/sv\\\/\",\"logo\":{\"@type\":\"ImageObject\",\"inLanguage\":\"sv-SE\",\"@id\":\"https:\\\/\\\/www.mjoelnerhunting.com\\\/sv\\\/#\\\/schema\\\/logo\\\/image\\\/\",\"url\":\"https:\\\/\\\/www.mjoelnerhunting.com\\\/wp-content\\\/uploads\\\/2021\\\/10\\\/Logo-White.png\",\"contentUrl\":\"https:\\\/\\\/www.mjoelnerhunting.com\\\/wp-content\\\/uploads\\\/2021\\\/10\\\/Logo-White.png\",\"width\":238,\"height\":114,\"caption\":\"Mj\u00f8lner Jakt\"},\"image\":{\"@id\":\"https:\\\/\\\/www.mjoelnerhunting.com\\\/sv\\\/#\\\/schema\\\/logo\\\/image\\\/\"},\"sameAs\":[\"https:\\\/\\\/www.facebook.com\\\/MJOELNERHUNTING\"]}]}<\/script>\n<!-- \/ Yoast SEO plugin. -->","yoast_head_json":{"title":"Ryggs\u00e4cksstol ROAR med ryggst\u00f6d - Mj\u00f8lner Hunting","robots":{"index":"index","follow":"follow","max-snippet":"max-snippet:-1","max-image-preview":"max-image-preview:large","max-video-preview":"max-video-preview:-1"},"canonical":"https:\/\/www.mjoelnerhunting.com\/sv\/produkt\/ryggsacksstol-roar-med-ryggstod\/","og_locale":"sv_SE","og_type":"article","og_title":"Ryggs\u00e4cksstol ROAR med ryggst\u00f6d - Mj\u00f8lner Hunting","og_description":"Komfort och funktionalitet i en och samma l\u00f6sning Modell: 10202131301 EAN: 5714414020305F\u00e4rg: M\u00f6rkbrunMaterial: Loden och aluminium   Viktiga funktioner   Max. belastning: 100 kg   Vadderad ryggkonstruktion   Ventilerade axelremmar   H\u00f6ftb\u00e4lte f\u00f6r optimal viktf\u00f6rdelning   Regnskydd ing\u00e5r   Justerbart och avtagbart ryggst\u00f6d   Kan demonteras och anv\u00e4ndas separat   Produktinformation   M\u00e5tt (H x B x D): 63 x 30 x 33 cm   H\u00f6jd med upph\u00f6jt ryggst\u00f6d: 84 cm   Vikt: 3400 gram   Volym: 30 liter   Produktbeskrivning Roar Backpack Chair kombinerar Ryggs\u00e4ck och stol i en genomt\u00e4nkt och praktisk design. Den innovativa ryggst\u00f6dsdesignen ger dig en sittkomfort som normalt bara upplevs i en f\u00e5t\u00f6lj - nu f\u00f6r anv\u00e4ndning i skogen. Den fasta, vadderade sittytan ger h\u00f6g komfort under l\u00e5nga vistelser vid posteringen, medan det justerbara och avtagbara ryggst\u00f6det ger flexibilitet vid behov. Materialet \u00e4r tyst och l\u00e4mpligt f\u00f6r jakt, och underredet \u00e4r vattenavvisande f\u00f6r \u00f6kad h\u00e5llbarhet i fuktig terr\u00e4ng. Ryggs\u00e4cken har ett stort huvudfack, en rymlig framficka och tv\u00e5 sidofickor i mesh f\u00f6r snabb \u00e5tkomst till utrustningen. De breda, ventilerande axelremmarna och h\u00f6ftb\u00e4ltet ger en bra viktf\u00f6rdelning och h\u00f6g b\u00e4rkomfort - \u00e4ven p\u00e5 l\u00e4ngre resor. Dragkedjorna \u00e4r f\u00f6rsedda med grepp f\u00f6r enkel och tyst man\u00f6vrering, \u00e4ven med handskar. Den solida aluminiumramen kombinerar styrka och l\u00e5g vikt f\u00f6r stabilitet under anv\u00e4ndning. Stolen och Ryggs\u00e4cken kan enkelt separeras och anv\u00e4ndas separat, vilket g\u00f6r Roar Backpack Chair till en flexibel l\u00f6sning f\u00f6r j\u00e4gare och friluftsentusiaster som vill ha komfort utan att kompromissa med funktionaliteten.","og_url":"https:\/\/www.mjoelnerhunting.com\/sv\/produkt\/ryggsacksstol-roar-med-ryggstod\/","og_site_name":"Mj\u00f8lner Hunting","article_publisher":"https:\/\/www.facebook.com\/MJOELNERHUNTING","article_modified_time":"2026-02-22T10:54:09+00:00","og_image":[{"width":2344,"height":2560,"url":"https:\/\/www.mjoelnerhunting.com\/wp-content\/uploads\/2026\/01\/10202131301_Backpack_Chair_Roar_Brown_Loden_Backrest (1)-scaled.jpg","type":"image\/jpeg"}],"twitter_card":"summary_large_image","schema":{"@context":"https:\/\/schema.org","@graph":[{"@type":"WebPage","@id":"https:\/\/www.mjoelnerhunting.com\/sv\/produkt\/ryggsacksstol-roar-med-ryggstod\/","url":"https:\/\/www.mjoelnerhunting.com\/sv\/produkt\/ryggsacksstol-roar-med-ryggstod\/","name":"Ryggs\u00e4cksstol ROAR med ryggst\u00f6d - Mj\u00f8lner Hunting","isPartOf":{"@id":"https:\/\/www.mjoelnerhunting.com\/sv\/#website"},"primaryImageOfPage":{"@id":"https:\/\/www.mjoelnerhunting.com\/sv\/produkt\/ryggsacksstol-roar-med-ryggstod\/#primaryimage"},"image":{"@id":"https:\/\/www.mjoelnerhunting.com\/sv\/produkt\/ryggsacksstol-roar-med-ryggstod\/#primaryimage"},"thumbnailUrl":"https:\/\/www.mjoelnerhunting.com\/wp-content\/uploads\/2026\/01\/10202131301_Backpack_Chair_Roar_Brown_Loden_Backrest (1)-scaled.jpg","datePublished":"2026-02-19T11:58:27+00:00","dateModified":"2026-02-22T10:54:09+00:00","breadcrumb":{"@id":"https:\/\/www.mjoelnerhunting.com\/sv\/produkt\/ryggsacksstol-roar-med-ryggstod\/#breadcrumb"},"inLanguage":"sv-SE","potentialAction":[{"@type":"ReadAction","target":["https:\/\/www.mjoelnerhunting.com\/sv\/produkt\/ryggsacksstol-roar-med-ryggstod\/"]}]},{"@type":"ImageObject","inLanguage":"sv-SE","@id":"https:\/\/www.mjoelnerhunting.com\/sv\/produkt\/ryggsacksstol-roar-med-ryggstod\/#primaryimage","url":"https:\/\/www.mjoelnerhunting.com\/wp-content\/uploads\/2026\/01\/10202131301_Backpack_Chair_Roar_Brown_Loden_Backrest (1)-scaled.jpg","contentUrl":"https:\/\/www.mjoelnerhunting.com\/wp-content\/uploads\/2026\/01\/10202131301_Backpack_Chair_Roar_Brown_Loden_Backrest (1)-scaled.jpg","width":2344,"height":2560},{"@type":"BreadcrumbList","@id":"https:\/\/www.mjoelnerhunting.com\/sv\/produkt\/ryggsacksstol-roar-med-ryggstod\/#breadcrumb","itemListElement":[{"@type":"ListItem","position":1,"name":"Hem","item":"https:\/\/www.mjoelnerhunting.com\/sv\/jaga-smartare-inte-hardare\/"},{"@type":"ListItem","position":2,"name":"Butik","item":"https:\/\/www.mjoelnerhunting.com\/sv\/butik\/"},{"@type":"ListItem","position":3,"name":"Ryggs\u00e4cksstol ROAR med ryggst\u00f6d"}]},{"@type":"WebSite","@id":"https:\/\/www.mjoelnerhunting.com\/sv\/#website","url":"https:\/\/www.mjoelnerhunting.com\/sv\/","name":"Mj\u00f8lner Hunting","description":"Hunting Gear","publisher":{"@id":"https:\/\/www.mjoelnerhunting.com\/sv\/#organization"},"potentialAction":[{"@type":"SearchAction","target":{"@type":"EntryPoint","urlTemplate":"https:\/\/www.mjoelnerhunting.com\/sv\/?s={search_term_string}"},"query-input":{"@type":"PropertyValueSpecification","valueRequired":true,"valueName":"search_term_string"}}],"inLanguage":"sv-SE"},{"@type":"Organization","@id":"https:\/\/www.mjoelnerhunting.com\/sv\/#organization","name":"Mj\u00f8lner Jakt","url":"https:\/\/www.mjoelnerhunting.com\/sv\/","logo":{"@type":"ImageObject","inLanguage":"sv-SE","@id":"https:\/\/www.mjoelnerhunting.com\/sv\/#\/schema\/logo\/image\/","url":"https:\/\/www.mjoelnerhunting.com\/wp-content\/uploads\/2021\/10\/Logo-White.png","contentUrl":"https:\/\/www.mjoelnerhunting.com\/wp-content\/uploads\/2021\/10\/Logo-White.png","width":238,"height":114,"caption":"Mj\u00f8lner Jakt"},"image":{"@id":"https:\/\/www.mjoelnerhunting.com\/sv\/#\/schema\/logo\/image\/"},"sameAs":["https:\/\/www.facebook.com\/MJOELNERHUNTING"]}]}},"_links":{"self":[{"href":"https:\/\/www.mjoelnerhunting.com\/sv\/wp-json\/wp\/v2\/product\/42277","targetHints":{"allow":["GET"]}}],"collection":[{"href":"https:\/\/www.mjoelnerhunting.com\/sv\/wp-json\/wp\/v2\/product"}],"about":[{"href":"https:\/\/www.mjoelnerhunting.com\/sv\/wp-json\/wp\/v2\/types\/product"}],"replies":[{"embeddable":true,"href":"https:\/\/www.mjoelnerhunting.com\/sv\/wp-json\/wp\/v2\/comments?post=42277"}],"wp:featuredmedia":[{"embeddable":true,"href":"https:\/\/www.mjoelnerhunting.com\/sv\/wp-json\/wp\/v2\/media\/42278"}],"wp:attachment":[{"href":"https:\/\/www.mjoelnerhunting.com\/sv\/wp-json\/wp\/v2\/media?parent=42277"}],"wp:term":[{"taxonomy":"product_brand","embeddable":true,"href":"https:\/\/www.mjoelnerhunting.com\/sv\/wp-json\/wp\/v2\/product_brand?post=42277"},{"taxonomy":"product_cat","embeddable":true,"href":"https:\/\/www.mjoelnerhunting.com\/sv\/wp-json\/wp\/v2\/product_cat?post=42277"},{"taxonomy":"product_tag","embeddable":true,"href":"https:\/\/www.mjoelnerhunting.com\/sv\/wp-json\/wp\/v2\/product_tag?post=42277"}],"curies":[{"name":"wp","href":"https:\/\/api.w.org\/{rel}","templated":true}]}}