{"id":42235,"date":"2026-02-19T12:58:00","date_gmt":"2026-02-19T11:58:00","guid":{"rendered":"https:\/\/www.mjoelnerhunting.com\/product\/ryggsack-stol-bjorn-brun-loden\/"},"modified":"2026-02-22T15:51:42","modified_gmt":"2026-02-22T14:51:42","slug":"ryggsack-stol-bjorn-brun-loden","status":"publish","type":"product","link":"https:\/\/www.mjoelnerhunting.com\/sv\/produkt\/ryggsack-stol-bjorn-brun-loden\/","title":{"rendered":"Ryggs\u00e4ck stol Bjoern Brun Loden"},"content":{"rendered":"<p>Ryggs\u00e4cksstol Bj\u00f6rn<br \/>\nStilren ryggs\u00e4cksstol i tyst loden. Superh\u00f6g sittkomfort. Breda axelremmar i kraftigt ventilationsn\u00e4t f\u00f6r \u00f6kad komfort. Ett stort huvudfack och ett frontfack samt tv\u00e5 sidofickor. Stark stol som t\u00e5l en sidovikt p\u00e5 200 kg. Regnskydd.     <\/p>\n","protected":false},"excerpt":{"rendered":"<div class=\"relative basis-auto flex-col -mb-(--composer-overlap-px) [--composer-overlap-px:28px] grow flex\">\n<div class=\"flex flex-col text-sm pb-25\">\n<article class=\"text-token-text-primary w-full focus:outline-none [--shadow-height:45px] has-data-writing-block:pointer-events-none has-data-writing-block:-mt-(--shadow-height) has-data-writing-block:pt-(--shadow-height) [&amp;:has([data-writing-block])&gt;*]:pointer-events-auto scroll-mt-[calc(var(--header-height)+min(200px,max(70px,20svh)))]\" dir=\"auto\" tabindex=\"-1\" data-turn-id=\"request-68342a7b-4650-800a-8f78-37ef23b5530d-6\" data-testid=\"conversation-turn-263\" data-scroll-anchor=\"true\" data-turn=\"assistant\">\n<div class=\"text-base my-auto mx-auto pb-10 [--thread-content-margin:--spacing(4)] @w-sm\/main:[--thread-content-margin:--spacing(6)] @w-lg\/main:[--thread-content-margin:--spacing(16)] px-(--thread-content-margin)\">\n<div class=\"[--thread-content-max-width:40rem] @w-lg\/main:[--thread-content-max-width:48rem] mx-auto max-w-(--thread-content-max-width) flex-1 group\/turn-messages focus-visible:outline-hidden relative flex w-full min-w-0 flex-col agent-turn\" tabindex=\"-1\">\n<div class=\"flex max-w-full flex-col grow\">\n<div class=\"min-h-8 text-message relative flex w-full flex-col items-end gap-2 text-start break-words whitespace-normal [.text-message+&amp;]:mt-1\" dir=\"auto\" data-message-author-role=\"assistant\" data-message-id=\"07f35154-a2df-4639-80e7-fca0438c6057\" data-message-model-slug=\"gpt-5-2\">\n<div class=\"flex w-full flex-col gap-1 empty:hidden first:pt-[1px]\">\n<div class=\"markdown prose dark:prose-invert w-full wrap-break-word light markdown-new-styling\">\n<p data-start=\"162\" data-end=\"211\"><strong data-start=\"162\" data-end=\"211\">Kompakt, stark och byggd f\u00f6r nordiska f\u00f6rh\u00e5llanden<\/strong><\/p>\n<p data-start=\"213\" data-end=\"461\">Bjoern \u00e4r Ryggs\u00e4cken f\u00f6r j\u00e4garen som vill ha b\u00e5de komfort och styrka i en och samma kompakta l\u00f6sning. Tillverkad av tyst lodenmaterial och kombinerad med en robust aluminiumram f\u00e5r du en robust stolryggs\u00e4ck som h\u00e5ller &#8211; \u00e4ven n\u00e4r f\u00f6rh\u00e5llandena \u00e4r kr\u00e4vande. <\/p>\n<hr data-start=\"463\" data-end=\"466\">\n<h3 data-start=\"468\" data-end=\"505\">Extrem styrka &#8211; maximal s\u00e4kerhet<\/h3>\n<p data-start=\"507\" data-end=\"690\">Stolen \u00e4r konstruerad med en solid aluminiumram och har en imponerande maxbelastning p\u00e5 <strong data-start=\"608\" data-end=\"618\">200 kg.<\/strong> Detta ger dig stabilitet och sinnesfrid n\u00e4r du sitter i stolpen &#8211; oavsett underlag. <\/p>\n<hr data-start=\"692\" data-end=\"695\">\n<h3 data-start=\"697\" data-end=\"716\">Komfort i fokus<\/h3>\n<ul data-start=\"718\" data-end=\"889\">\n<li data-start=\"718\" data-end=\"746\">\n<p data-start=\"720\" data-end=\"746\">Vadderad ryggkonstruktion<\/p>\n<\/li>\n<li data-start=\"747\" data-end=\"799\">\n<p data-start=\"749\" data-end=\"799\">Breda axelremmar i kraftigt ventilationsn\u00e4t<\/p>\n<\/li>\n<li data-start=\"800\" data-end=\"838\">\n<p data-start=\"802\" data-end=\"838\">H\u00f6ftb\u00e4lte f\u00f6r b\u00e4ttre viktf\u00f6rdelning<\/p>\n<\/li>\n<li data-start=\"839\" data-end=\"861\">\n<p data-start=\"841\" data-end=\"861\">Super sittkomfort<\/p>\n<\/li>\n<li data-start=\"862\" data-end=\"889\">\n<p data-start=\"864\" data-end=\"889\">Regnskydd ing\u00e5r<\/p>\n<\/li>\n<\/ul>\n<p data-start=\"891\" data-end=\"1033\">De breda, ventilerade remmarna \u00f6kar komforten p\u00e5 l\u00e4ngre resor och vadderingen i ryggen g\u00f6r att Ryggs\u00e4cken b\u00e4rs bekv\u00e4mt &#8211; \u00e4ven n\u00e4r den \u00e4r fullpackad.<\/p>\n<hr data-start=\"1035\" data-end=\"1038\">\n<h3 data-start=\"1040\" data-end=\"1064\">Praktisk och rymlig<\/h3>\n<p data-start=\"1066\" data-end=\"1129\">Med en kapacitet p\u00e5 30 liter f\u00e5r du plats med all utrustning du beh\u00f6ver:<\/p>\n<ul data-start=\"1131\" data-end=\"1209\">\n<li data-start=\"1131\" data-end=\"1149\">\n<p data-start=\"1133\" data-end=\"1149\">Stort huvudfack<\/p>\n<\/li>\n<li data-start=\"1150\" data-end=\"1173\">\n<p data-start=\"1152\" data-end=\"1173\">Rymlig ficka p\u00e5 framsidan<\/p>\n<\/li>\n<li data-start=\"1174\" data-end=\"1209\">\n<p data-start=\"1176\" data-end=\"1209\">Tv\u00e5 sidofickor<\/p>\n<\/li>\n<\/ul>\n<p data-start=\"1211\" data-end=\"1328\">Allt \u00e4r f\u00f6rpackat i en kompakt och v\u00e4lbalanserad design som g\u00f6r Bj\u00f6rn l\u00e4tthanterlig b\u00e5de under transport och jakt.<\/p>\n<hr data-start=\"1330\" data-end=\"1333\">\n<h3 data-start=\"1335\" data-end=\"1354\">Specifikationer<\/h3>\n<ul data-start=\"1356\" data-end=\"1528\">\n<li data-start=\"1356\" data-end=\"1392\">\n<p data-start=\"1358\" data-end=\"1392\">M\u00e5tt (H x B x D): 52 x 30 x 25 cm<\/p>\n<\/li>\n<li data-start=\"1393\" data-end=\"1412\">\n<p data-start=\"1395\" data-end=\"1412\">Vikt: 2100 gram<\/p>\n<\/li>\n<li data-start=\"1413\" data-end=\"1434\">\n<p data-start=\"1415\" data-end=\"1434\">Volym: 30 liter<\/p>\n<\/li>\n<li data-start=\"1435\" data-end=\"1468\">\n<p data-start=\"1437\" data-end=\"1468\">Material: Loden och aluminium<\/p>\n<\/li>\n<li data-start=\"1469\" data-end=\"1489\">\n<p data-start=\"1471\" data-end=\"1489\">F\u00e4rg: M\u00f6rkbrun<\/p>\n<\/li>\n<li data-start=\"1490\" data-end=\"1528\">\n<p data-start=\"1492\" data-end=\"1528\">Maximal belastning (stol): 200 kg<\/p>\n<\/li>\n<\/ul>\n<hr data-start=\"1530\" data-end=\"1533\">\n<p data-start=\"1535\" data-end=\"1666\">Bjoern \u00e4r det sj\u00e4lvklara valet f\u00f6r j\u00e4gare som vill ha en stark, kompakt och tyst stolryggs\u00e4ck med h\u00f6g komfort och imponerande b\u00e4rkapacitet.<\/p>\n<p data-start=\"1668\" data-end=\"1709\" data-is-last-node=\"\" data-is-only-node=\"\">N\u00e4r du s\u00e4tter dig ner kommer du att k\u00e4nna skillnaden.<\/p>\n<\/div>\n<\/div>\n<\/div>\n<\/div>\n<div class=\"z-0 flex min-h-[46px] justify-start\"><\/div>\n<\/div>\n<\/div>\n<\/article>\n<\/div>\n<\/div>\n","protected":false},"featured_media":42237,"comment_status":"closed","ping_status":"closed","template":"","meta":{"_acf_changed":false},"product_brand":[],"product_cat":[129],"product_tag":[],"class_list":{"0":"post-42235","1":"product","2":"type-product","3":"status-publish","4":"has-post-thumbnail","6":"product_cat-ryggsaeckar-och-vaeskor","8":"first","9":"instock","10":"purchasable","11":"product-type-simple"},"supplier_id":null,"supplier_sku":"","barcode":null,"atum_controlled":true,"out_stock_date":null,"out_stock_threshold":null,"inheritable":false,"inbound_stock":null,"stock_on_hold":2,"sold_today":0,"sales_last_days":2,"reserved_stock":null,"customer_returns":null,"warehouse_damage":null,"lost_in_post":null,"other_logs":null,"out_stock_days":0,"lost_sales":0,"has_location":false,"update_date":"2026-03-04T23:03:33","atum_locations":[],"atum_stock_status":"instock","restock_status":false,"low_stock_amount":"","sales_update_date":"2026-03-04T23:03:33","calc_backorders":null,"acf":[],"yoast_head":"<!-- This site is optimized with the Yoast SEO plugin v27.3 - https:\/\/yoast.com\/product\/yoast-seo-wordpress\/ -->\n<title>Ryggs\u00e4ck stol Bjoern Brun Loden - Mj\u00f8lner Hunting<\/title>\n<meta name=\"robots\" content=\"index, follow, max-snippet:-1, max-image-preview:large, max-video-preview:-1\" \/>\n<link rel=\"canonical\" href=\"https:\/\/www.mjoelnerhunting.com\/sv\/produkt\/ryggsack-stol-bjorn-brun-loden\/\" \/>\n<meta property=\"og:locale\" content=\"sv_SE\" \/>\n<meta property=\"og:type\" content=\"article\" \/>\n<meta property=\"og:title\" content=\"Ryggs\u00e4ck stol Bjoern Brun Loden - Mj\u00f8lner Hunting\" \/>\n<meta property=\"og:description\" content=\"Kompakt, stark och byggd f\u00f6r nordiska f\u00f6rh\u00e5llanden Bjoern \u00e4r Ryggs\u00e4cken f\u00f6r j\u00e4garen som vill ha b\u00e5de komfort och styrka i en och samma kompakta l\u00f6sning. Tillverkad av tyst lodenmaterial och kombinerad med en robust aluminiumram f\u00e5r du en robust stolryggs\u00e4ck som h\u00e5ller - \u00e4ven n\u00e4r f\u00f6rh\u00e5llandena \u00e4r kr\u00e4vande.   Extrem styrka - maximal s\u00e4kerhet Stolen \u00e4r konstruerad med en solid aluminiumram och har en imponerande maxbelastning p\u00e5 200 kg. Detta ger dig stabilitet och sinnesfrid n\u00e4r du sitter i stolpen - oavsett underlag.   Komfort i fokus   Vadderad ryggkonstruktion   Breda axelremmar i kraftigt ventilationsn\u00e4t   H\u00f6ftb\u00e4lte f\u00f6r b\u00e4ttre viktf\u00f6rdelning   Super sittkomfort   Regnskydd ing\u00e5r  De breda, ventilerade remmarna \u00f6kar komforten p\u00e5 l\u00e4ngre resor och vadderingen i ryggen g\u00f6r att Ryggs\u00e4cken b\u00e4rs bekv\u00e4mt - \u00e4ven n\u00e4r den \u00e4r fullpackad.   Praktisk och rymlig Med en kapacitet p\u00e5 30 liter f\u00e5r du plats med all utrustning du beh\u00f6ver:   Stort huvudfack   Rymlig ficka p\u00e5 framsidan   Tv\u00e5 sidofickor  Allt \u00e4r f\u00f6rpackat i en kompakt och v\u00e4lbalanserad design som g\u00f6r Bj\u00f6rn l\u00e4tthanterlig b\u00e5de under transport och jakt.   Specifikationer   M\u00e5tt (H x B x D): 52 x 30 x 25 cm   Vikt: 2100 gram   Volym: 30 liter   Material: Loden och aluminium   F\u00e4rg: M\u00f6rkbrun   Maximal belastning (stol): 200 kg   Bjoern \u00e4r det sj\u00e4lvklara valet f\u00f6r j\u00e4gare som vill ha en stark, kompakt och tyst stolryggs\u00e4ck med h\u00f6g komfort och imponerande b\u00e4rkapacitet. N\u00e4r du s\u00e4tter dig ner kommer du att k\u00e4nna skillnaden.\" \/>\n<meta property=\"og:url\" content=\"https:\/\/www.mjoelnerhunting.com\/sv\/produkt\/ryggsack-stol-bjorn-brun-loden\/\" \/>\n<meta property=\"og:site_name\" content=\"Mj\u00f8lner Hunting\" \/>\n<meta property=\"article:publisher\" content=\"https:\/\/www.facebook.com\/MJOELNERHUNTING\" \/>\n<meta property=\"article:modified_time\" content=\"2026-02-22T14:51:42+00:00\" \/>\n<meta property=\"og:image\" content=\"https:\/\/www.mjoelnerhunting.com\/wp-content\/uploads\/2026\/01\/10202121301_Backpack_Chair_Bjoern_Brown_Loden%20(10)-scaled.jpg\" \/>\n\t<meta property=\"og:image:width\" content=\"1886\" \/>\n\t<meta property=\"og:image:height\" content=\"2560\" \/>\n\t<meta property=\"og:image:type\" content=\"image\/jpeg\" \/>\n<meta name=\"twitter:card\" content=\"summary_large_image\" \/>\n<script type=\"application\/ld+json\" class=\"yoast-schema-graph\">{\"@context\":\"https:\\\/\\\/schema.org\",\"@graph\":[{\"@type\":\"WebPage\",\"@id\":\"https:\\\/\\\/www.mjoelnerhunting.com\\\/sv\\\/produkt\\\/ryggsack-stol-bjorn-brun-loden\\\/\",\"url\":\"https:\\\/\\\/www.mjoelnerhunting.com\\\/sv\\\/produkt\\\/ryggsack-stol-bjorn-brun-loden\\\/\",\"name\":\"Ryggs\u00e4ck stol Bjoern Brun Loden - Mj\u00f8lner Hunting\",\"isPartOf\":{\"@id\":\"https:\\\/\\\/www.mjoelnerhunting.com\\\/sv\\\/#website\"},\"primaryImageOfPage\":{\"@id\":\"https:\\\/\\\/www.mjoelnerhunting.com\\\/sv\\\/produkt\\\/ryggsack-stol-bjorn-brun-loden\\\/#primaryimage\"},\"image\":{\"@id\":\"https:\\\/\\\/www.mjoelnerhunting.com\\\/sv\\\/produkt\\\/ryggsack-stol-bjorn-brun-loden\\\/#primaryimage\"},\"thumbnailUrl\":\"https:\\\/\\\/www.mjoelnerhunting.com\\\/wp-content\\\/uploads\\\/2026\\\/01\\\/10202121301_Backpack_Chair_Bjoern_Brown_Loden (10)-scaled.jpg\",\"datePublished\":\"2026-02-19T11:58:00+00:00\",\"dateModified\":\"2026-02-22T14:51:42+00:00\",\"breadcrumb\":{\"@id\":\"https:\\\/\\\/www.mjoelnerhunting.com\\\/sv\\\/produkt\\\/ryggsack-stol-bjorn-brun-loden\\\/#breadcrumb\"},\"inLanguage\":\"sv-SE\",\"potentialAction\":[{\"@type\":\"ReadAction\",\"target\":[\"https:\\\/\\\/www.mjoelnerhunting.com\\\/sv\\\/produkt\\\/ryggsack-stol-bjorn-brun-loden\\\/\"]}]},{\"@type\":\"ImageObject\",\"inLanguage\":\"sv-SE\",\"@id\":\"https:\\\/\\\/www.mjoelnerhunting.com\\\/sv\\\/produkt\\\/ryggsack-stol-bjorn-brun-loden\\\/#primaryimage\",\"url\":\"https:\\\/\\\/www.mjoelnerhunting.com\\\/wp-content\\\/uploads\\\/2026\\\/01\\\/10202121301_Backpack_Chair_Bjoern_Brown_Loden (10)-scaled.jpg\",\"contentUrl\":\"https:\\\/\\\/www.mjoelnerhunting.com\\\/wp-content\\\/uploads\\\/2026\\\/01\\\/10202121301_Backpack_Chair_Bjoern_Brown_Loden (10)-scaled.jpg\",\"width\":1886,\"height\":2560},{\"@type\":\"BreadcrumbList\",\"@id\":\"https:\\\/\\\/www.mjoelnerhunting.com\\\/sv\\\/produkt\\\/ryggsack-stol-bjorn-brun-loden\\\/#breadcrumb\",\"itemListElement\":[{\"@type\":\"ListItem\",\"position\":1,\"name\":\"Hem\",\"item\":\"https:\\\/\\\/www.mjoelnerhunting.com\\\/sv\\\/jaga-smartare-inte-hardare\\\/\"},{\"@type\":\"ListItem\",\"position\":2,\"name\":\"Butik\",\"item\":\"https:\\\/\\\/www.mjoelnerhunting.com\\\/sv\\\/butik\\\/\"},{\"@type\":\"ListItem\",\"position\":3,\"name\":\"Ryggs\u00e4ck stol Bjoern Brun Loden\"}]},{\"@type\":\"WebSite\",\"@id\":\"https:\\\/\\\/www.mjoelnerhunting.com\\\/sv\\\/#website\",\"url\":\"https:\\\/\\\/www.mjoelnerhunting.com\\\/sv\\\/\",\"name\":\"Mj\u00f8lner Hunting\",\"description\":\"Hunting Gear\",\"publisher\":{\"@id\":\"https:\\\/\\\/www.mjoelnerhunting.com\\\/sv\\\/#organization\"},\"potentialAction\":[{\"@type\":\"SearchAction\",\"target\":{\"@type\":\"EntryPoint\",\"urlTemplate\":\"https:\\\/\\\/www.mjoelnerhunting.com\\\/sv\\\/?s={search_term_string}\"},\"query-input\":{\"@type\":\"PropertyValueSpecification\",\"valueRequired\":true,\"valueName\":\"search_term_string\"}}],\"inLanguage\":\"sv-SE\"},{\"@type\":\"Organization\",\"@id\":\"https:\\\/\\\/www.mjoelnerhunting.com\\\/sv\\\/#organization\",\"name\":\"Mj\u00f8lner Jakt\",\"url\":\"https:\\\/\\\/www.mjoelnerhunting.com\\\/sv\\\/\",\"logo\":{\"@type\":\"ImageObject\",\"inLanguage\":\"sv-SE\",\"@id\":\"https:\\\/\\\/www.mjoelnerhunting.com\\\/sv\\\/#\\\/schema\\\/logo\\\/image\\\/\",\"url\":\"https:\\\/\\\/www.mjoelnerhunting.com\\\/wp-content\\\/uploads\\\/2021\\\/10\\\/Logo-White.png\",\"contentUrl\":\"https:\\\/\\\/www.mjoelnerhunting.com\\\/wp-content\\\/uploads\\\/2021\\\/10\\\/Logo-White.png\",\"width\":238,\"height\":114,\"caption\":\"Mj\u00f8lner Jakt\"},\"image\":{\"@id\":\"https:\\\/\\\/www.mjoelnerhunting.com\\\/sv\\\/#\\\/schema\\\/logo\\\/image\\\/\"},\"sameAs\":[\"https:\\\/\\\/www.facebook.com\\\/MJOELNERHUNTING\"]}]}<\/script>\n<!-- \/ Yoast SEO plugin. -->","yoast_head_json":{"title":"Ryggs\u00e4ck stol Bjoern Brun Loden - Mj\u00f8lner Hunting","robots":{"index":"index","follow":"follow","max-snippet":"max-snippet:-1","max-image-preview":"max-image-preview:large","max-video-preview":"max-video-preview:-1"},"canonical":"https:\/\/www.mjoelnerhunting.com\/sv\/produkt\/ryggsack-stol-bjorn-brun-loden\/","og_locale":"sv_SE","og_type":"article","og_title":"Ryggs\u00e4ck stol Bjoern Brun Loden - Mj\u00f8lner Hunting","og_description":"Kompakt, stark och byggd f\u00f6r nordiska f\u00f6rh\u00e5llanden Bjoern \u00e4r Ryggs\u00e4cken f\u00f6r j\u00e4garen som vill ha b\u00e5de komfort och styrka i en och samma kompakta l\u00f6sning. Tillverkad av tyst lodenmaterial och kombinerad med en robust aluminiumram f\u00e5r du en robust stolryggs\u00e4ck som h\u00e5ller - \u00e4ven n\u00e4r f\u00f6rh\u00e5llandena \u00e4r kr\u00e4vande.   Extrem styrka - maximal s\u00e4kerhet Stolen \u00e4r konstruerad med en solid aluminiumram och har en imponerande maxbelastning p\u00e5 200 kg. Detta ger dig stabilitet och sinnesfrid n\u00e4r du sitter i stolpen - oavsett underlag.   Komfort i fokus   Vadderad ryggkonstruktion   Breda axelremmar i kraftigt ventilationsn\u00e4t   H\u00f6ftb\u00e4lte f\u00f6r b\u00e4ttre viktf\u00f6rdelning   Super sittkomfort   Regnskydd ing\u00e5r  De breda, ventilerade remmarna \u00f6kar komforten p\u00e5 l\u00e4ngre resor och vadderingen i ryggen g\u00f6r att Ryggs\u00e4cken b\u00e4rs bekv\u00e4mt - \u00e4ven n\u00e4r den \u00e4r fullpackad.   Praktisk och rymlig Med en kapacitet p\u00e5 30 liter f\u00e5r du plats med all utrustning du beh\u00f6ver:   Stort huvudfack   Rymlig ficka p\u00e5 framsidan   Tv\u00e5 sidofickor  Allt \u00e4r f\u00f6rpackat i en kompakt och v\u00e4lbalanserad design som g\u00f6r Bj\u00f6rn l\u00e4tthanterlig b\u00e5de under transport och jakt.   Specifikationer   M\u00e5tt (H x B x D): 52 x 30 x 25 cm   Vikt: 2100 gram   Volym: 30 liter   Material: Loden och aluminium   F\u00e4rg: M\u00f6rkbrun   Maximal belastning (stol): 200 kg   Bjoern \u00e4r det sj\u00e4lvklara valet f\u00f6r j\u00e4gare som vill ha en stark, kompakt och tyst stolryggs\u00e4ck med h\u00f6g komfort och imponerande b\u00e4rkapacitet. N\u00e4r du s\u00e4tter dig ner kommer du att k\u00e4nna skillnaden.","og_url":"https:\/\/www.mjoelnerhunting.com\/sv\/produkt\/ryggsack-stol-bjorn-brun-loden\/","og_site_name":"Mj\u00f8lner Hunting","article_publisher":"https:\/\/www.facebook.com\/MJOELNERHUNTING","article_modified_time":"2026-02-22T14:51:42+00:00","og_image":[{"width":1886,"height":2560,"url":"https:\/\/www.mjoelnerhunting.com\/wp-content\/uploads\/2026\/01\/10202121301_Backpack_Chair_Bjoern_Brown_Loden (10)-scaled.jpg","type":"image\/jpeg"}],"twitter_card":"summary_large_image","schema":{"@context":"https:\/\/schema.org","@graph":[{"@type":"WebPage","@id":"https:\/\/www.mjoelnerhunting.com\/sv\/produkt\/ryggsack-stol-bjorn-brun-loden\/","url":"https:\/\/www.mjoelnerhunting.com\/sv\/produkt\/ryggsack-stol-bjorn-brun-loden\/","name":"Ryggs\u00e4ck stol Bjoern Brun Loden - Mj\u00f8lner Hunting","isPartOf":{"@id":"https:\/\/www.mjoelnerhunting.com\/sv\/#website"},"primaryImageOfPage":{"@id":"https:\/\/www.mjoelnerhunting.com\/sv\/produkt\/ryggsack-stol-bjorn-brun-loden\/#primaryimage"},"image":{"@id":"https:\/\/www.mjoelnerhunting.com\/sv\/produkt\/ryggsack-stol-bjorn-brun-loden\/#primaryimage"},"thumbnailUrl":"https:\/\/www.mjoelnerhunting.com\/wp-content\/uploads\/2026\/01\/10202121301_Backpack_Chair_Bjoern_Brown_Loden (10)-scaled.jpg","datePublished":"2026-02-19T11:58:00+00:00","dateModified":"2026-02-22T14:51:42+00:00","breadcrumb":{"@id":"https:\/\/www.mjoelnerhunting.com\/sv\/produkt\/ryggsack-stol-bjorn-brun-loden\/#breadcrumb"},"inLanguage":"sv-SE","potentialAction":[{"@type":"ReadAction","target":["https:\/\/www.mjoelnerhunting.com\/sv\/produkt\/ryggsack-stol-bjorn-brun-loden\/"]}]},{"@type":"ImageObject","inLanguage":"sv-SE","@id":"https:\/\/www.mjoelnerhunting.com\/sv\/produkt\/ryggsack-stol-bjorn-brun-loden\/#primaryimage","url":"https:\/\/www.mjoelnerhunting.com\/wp-content\/uploads\/2026\/01\/10202121301_Backpack_Chair_Bjoern_Brown_Loden (10)-scaled.jpg","contentUrl":"https:\/\/www.mjoelnerhunting.com\/wp-content\/uploads\/2026\/01\/10202121301_Backpack_Chair_Bjoern_Brown_Loden (10)-scaled.jpg","width":1886,"height":2560},{"@type":"BreadcrumbList","@id":"https:\/\/www.mjoelnerhunting.com\/sv\/produkt\/ryggsack-stol-bjorn-brun-loden\/#breadcrumb","itemListElement":[{"@type":"ListItem","position":1,"name":"Hem","item":"https:\/\/www.mjoelnerhunting.com\/sv\/jaga-smartare-inte-hardare\/"},{"@type":"ListItem","position":2,"name":"Butik","item":"https:\/\/www.mjoelnerhunting.com\/sv\/butik\/"},{"@type":"ListItem","position":3,"name":"Ryggs\u00e4ck stol Bjoern Brun Loden"}]},{"@type":"WebSite","@id":"https:\/\/www.mjoelnerhunting.com\/sv\/#website","url":"https:\/\/www.mjoelnerhunting.com\/sv\/","name":"Mj\u00f8lner Hunting","description":"Hunting Gear","publisher":{"@id":"https:\/\/www.mjoelnerhunting.com\/sv\/#organization"},"potentialAction":[{"@type":"SearchAction","target":{"@type":"EntryPoint","urlTemplate":"https:\/\/www.mjoelnerhunting.com\/sv\/?s={search_term_string}"},"query-input":{"@type":"PropertyValueSpecification","valueRequired":true,"valueName":"search_term_string"}}],"inLanguage":"sv-SE"},{"@type":"Organization","@id":"https:\/\/www.mjoelnerhunting.com\/sv\/#organization","name":"Mj\u00f8lner Jakt","url":"https:\/\/www.mjoelnerhunting.com\/sv\/","logo":{"@type":"ImageObject","inLanguage":"sv-SE","@id":"https:\/\/www.mjoelnerhunting.com\/sv\/#\/schema\/logo\/image\/","url":"https:\/\/www.mjoelnerhunting.com\/wp-content\/uploads\/2021\/10\/Logo-White.png","contentUrl":"https:\/\/www.mjoelnerhunting.com\/wp-content\/uploads\/2021\/10\/Logo-White.png","width":238,"height":114,"caption":"Mj\u00f8lner Jakt"},"image":{"@id":"https:\/\/www.mjoelnerhunting.com\/sv\/#\/schema\/logo\/image\/"},"sameAs":["https:\/\/www.facebook.com\/MJOELNERHUNTING"]}]}},"_links":{"self":[{"href":"https:\/\/www.mjoelnerhunting.com\/sv\/wp-json\/wp\/v2\/product\/42235","targetHints":{"allow":["GET"]}}],"collection":[{"href":"https:\/\/www.mjoelnerhunting.com\/sv\/wp-json\/wp\/v2\/product"}],"about":[{"href":"https:\/\/www.mjoelnerhunting.com\/sv\/wp-json\/wp\/v2\/types\/product"}],"replies":[{"embeddable":true,"href":"https:\/\/www.mjoelnerhunting.com\/sv\/wp-json\/wp\/v2\/comments?post=42235"}],"wp:featuredmedia":[{"embeddable":true,"href":"https:\/\/www.mjoelnerhunting.com\/sv\/wp-json\/wp\/v2\/media\/42237"}],"wp:attachment":[{"href":"https:\/\/www.mjoelnerhunting.com\/sv\/wp-json\/wp\/v2\/media?parent=42235"}],"wp:term":[{"taxonomy":"product_brand","embeddable":true,"href":"https:\/\/www.mjoelnerhunting.com\/sv\/wp-json\/wp\/v2\/product_brand?post=42235"},{"taxonomy":"product_cat","embeddable":true,"href":"https:\/\/www.mjoelnerhunting.com\/sv\/wp-json\/wp\/v2\/product_cat?post=42235"},{"taxonomy":"product_tag","embeddable":true,"href":"https:\/\/www.mjoelnerhunting.com\/sv\/wp-json\/wp\/v2\/product_tag?post=42235"}],"curies":[{"name":"wp","href":"https:\/\/api.w.org\/{rel}","templated":true}]}}