{"id":45595,"date":"2026-02-19T13:04:43","date_gmt":"2026-02-19T12:04:43","guid":{"rendered":"https:\/\/www.mjoelnerhunting.com\/product\/valhalla-toalettveske-modell-safari-grab-bag\/"},"modified":"2026-02-18T07:32:39","modified_gmt":"2026-02-18T06:32:39","slug":"valhalla-toalettveske-modell-safari-grab-bag","status":"publish","type":"product","link":"https:\/\/www.mjoelnerhunting.com\/no\/produkt\/valhalla-toalettveske-modell-safari-grab-bag\/","title":{"rendered":"Valhalla Toalettveske modell Safari &#8211; Grab bag"},"content":{"rendered":"<p>Klassisk safaritoalettveske i den helt riktige fargekombinasjonen av sandfarget kanvas og brunt skinn av h\u00f8y kvalitet.<br \/>\nInteri\u00f8ret er foret med mykt skinn og har rikelig med oppbevaringsplass for toalettsaker. Tannb\u00f8rsterom, to sm\u00e5 veskelommer og et mellomstort rom, samt et st\u00f8rre rom med glidel\u00e5s som kan tas ut. Klassisk S-krok for oppheng. Selvf\u00f8lgelig kan vesken ogs\u00e5 brukes som utstyrsveske   <\/p>\n","protected":false},"excerpt":{"rendered":"<p>Mjoelner Hunting<\/p>\n","protected":false},"featured_media":45596,"comment_status":"closed","ping_status":"open","template":"","meta":{"_acf_changed":false},"product_brand":[],"product_cat":[128],"product_tag":[],"class_list":{"0":"post-45595","1":"product","2":"type-product","3":"status-publish","4":"has-post-thumbnail","6":"product_cat-ryggsekker-og-vesker","8":"first","9":"instock","10":"purchasable","11":"product-type-simple"},"supplier_id":null,"supplier_sku":"","barcode":null,"atum_controlled":true,"out_stock_date":null,"out_stock_threshold":null,"inheritable":false,"inbound_stock":null,"stock_on_hold":1,"sold_today":0,"sales_last_days":1,"reserved_stock":null,"customer_returns":null,"warehouse_damage":null,"lost_in_post":null,"other_logs":null,"out_stock_days":0,"lost_sales":0,"has_location":null,"update_date":"2026-03-04T23:03:33","atum_locations":[],"atum_stock_status":"instock","restock_status":false,"low_stock_amount":"","sales_update_date":"2026-03-04T23:03:33","calc_backorders":null,"acf":[],"yoast_head":"<!-- This site is optimized with the Yoast SEO plugin v27.3 - https:\/\/yoast.com\/product\/yoast-seo-wordpress\/ -->\n<title>Valhalla Toalettveske modell Safari - Grab bag - Mj\u00f8lner Hunting<\/title>\n<meta name=\"robots\" content=\"index, follow, max-snippet:-1, max-image-preview:large, max-video-preview:-1\" \/>\n<link rel=\"canonical\" href=\"https:\/\/www.mjoelnerhunting.com\/no\/produkt\/valhalla-toalettveske-modell-safari-grab-bag\/\" \/>\n<meta property=\"og:locale\" content=\"nb_NO\" \/>\n<meta property=\"og:type\" content=\"article\" \/>\n<meta property=\"og:title\" content=\"Valhalla Toalettveske modell Safari - Grab bag - Mj\u00f8lner Hunting\" \/>\n<meta property=\"og:description\" content=\"Mjoelner Hunting\" \/>\n<meta property=\"og:url\" content=\"https:\/\/www.mjoelnerhunting.com\/no\/produkt\/valhalla-toalettveske-modell-safari-grab-bag\/\" \/>\n<meta property=\"og:site_name\" content=\"Mj\u00f8lner Hunting\" \/>\n<meta property=\"article:publisher\" content=\"https:\/\/www.facebook.com\/MJOELNERHUNTING\" \/>\n<meta property=\"og:image\" content=\"https:\/\/www.mjoelnerhunting.com\/wp-content\/uploads\/2026\/01\/10718577009_Valhalla_Toiletry_Bag_Safari%20(1)-scaled.jpg\" \/>\n\t<meta property=\"og:image:width\" content=\"1853\" \/>\n\t<meta property=\"og:image:height\" content=\"2560\" \/>\n\t<meta property=\"og:image:type\" content=\"image\/jpeg\" \/>\n<meta name=\"twitter:card\" content=\"summary_large_image\" \/>\n<script type=\"application\/ld+json\" class=\"yoast-schema-graph\">{\"@context\":\"https:\\\/\\\/schema.org\",\"@graph\":[{\"@type\":\"WebPage\",\"@id\":\"https:\\\/\\\/www.mjoelnerhunting.com\\\/no\\\/produkt\\\/valhalla-toalettveske-modell-safari-grab-bag\\\/\",\"url\":\"https:\\\/\\\/www.mjoelnerhunting.com\\\/no\\\/produkt\\\/valhalla-toalettveske-modell-safari-grab-bag\\\/\",\"name\":\"Valhalla Toalettveske modell Safari - Grab bag - Mj\u00f8lner Hunting\",\"isPartOf\":{\"@id\":\"https:\\\/\\\/www.mjoelnerhunting.com\\\/no\\\/#website\"},\"primaryImageOfPage\":{\"@id\":\"https:\\\/\\\/www.mjoelnerhunting.com\\\/no\\\/produkt\\\/valhalla-toalettveske-modell-safari-grab-bag\\\/#primaryimage\"},\"image\":{\"@id\":\"https:\\\/\\\/www.mjoelnerhunting.com\\\/no\\\/produkt\\\/valhalla-toalettveske-modell-safari-grab-bag\\\/#primaryimage\"},\"thumbnailUrl\":\"https:\\\/\\\/www.mjoelnerhunting.com\\\/wp-content\\\/uploads\\\/2026\\\/01\\\/10718577009_Valhalla_Toiletry_Bag_Safari (1)-scaled.jpg\",\"datePublished\":\"2026-02-19T12:04:43+00:00\",\"breadcrumb\":{\"@id\":\"https:\\\/\\\/www.mjoelnerhunting.com\\\/no\\\/produkt\\\/valhalla-toalettveske-modell-safari-grab-bag\\\/#breadcrumb\"},\"inLanguage\":\"nb-NO\",\"potentialAction\":[{\"@type\":\"ReadAction\",\"target\":[\"https:\\\/\\\/www.mjoelnerhunting.com\\\/no\\\/produkt\\\/valhalla-toalettveske-modell-safari-grab-bag\\\/\"]}]},{\"@type\":\"ImageObject\",\"inLanguage\":\"nb-NO\",\"@id\":\"https:\\\/\\\/www.mjoelnerhunting.com\\\/no\\\/produkt\\\/valhalla-toalettveske-modell-safari-grab-bag\\\/#primaryimage\",\"url\":\"https:\\\/\\\/www.mjoelnerhunting.com\\\/wp-content\\\/uploads\\\/2026\\\/01\\\/10718577009_Valhalla_Toiletry_Bag_Safari (1)-scaled.jpg\",\"contentUrl\":\"https:\\\/\\\/www.mjoelnerhunting.com\\\/wp-content\\\/uploads\\\/2026\\\/01\\\/10718577009_Valhalla_Toiletry_Bag_Safari (1)-scaled.jpg\",\"width\":1853,\"height\":2560},{\"@type\":\"BreadcrumbList\",\"@id\":\"https:\\\/\\\/www.mjoelnerhunting.com\\\/no\\\/produkt\\\/valhalla-toalettveske-modell-safari-grab-bag\\\/#breadcrumb\",\"itemListElement\":[{\"@type\":\"ListItem\",\"position\":1,\"name\":\"Hjem\",\"item\":\"https:\\\/\\\/www.mjoelnerhunting.com\\\/no\\\/jakt-smartere-ikke-hardere\\\/\"},{\"@type\":\"ListItem\",\"position\":2,\"name\":\"Butikk\",\"item\":\"https:\\\/\\\/www.mjoelnerhunting.com\\\/no\\\/butikk\\\/\"},{\"@type\":\"ListItem\",\"position\":3,\"name\":\"Valhalla Toalettveske modell Safari &#8211; Grab bag\"}]},{\"@type\":\"WebSite\",\"@id\":\"https:\\\/\\\/www.mjoelnerhunting.com\\\/no\\\/#website\",\"url\":\"https:\\\/\\\/www.mjoelnerhunting.com\\\/no\\\/\",\"name\":\"Mj\u00f8lner Hunting\",\"description\":\"Hunting Gear\",\"publisher\":{\"@id\":\"https:\\\/\\\/www.mjoelnerhunting.com\\\/no\\\/#organization\"},\"potentialAction\":[{\"@type\":\"SearchAction\",\"target\":{\"@type\":\"EntryPoint\",\"urlTemplate\":\"https:\\\/\\\/www.mjoelnerhunting.com\\\/no\\\/?s={search_term_string}\"},\"query-input\":{\"@type\":\"PropertyValueSpecification\",\"valueRequired\":true,\"valueName\":\"search_term_string\"}}],\"inLanguage\":\"nb-NO\"},{\"@type\":\"Organization\",\"@id\":\"https:\\\/\\\/www.mjoelnerhunting.com\\\/no\\\/#organization\",\"name\":\"Mj\u00f8lner Jakt\",\"url\":\"https:\\\/\\\/www.mjoelnerhunting.com\\\/no\\\/\",\"logo\":{\"@type\":\"ImageObject\",\"inLanguage\":\"nb-NO\",\"@id\":\"https:\\\/\\\/www.mjoelnerhunting.com\\\/no\\\/#\\\/schema\\\/logo\\\/image\\\/\",\"url\":\"https:\\\/\\\/www.mjoelnerhunting.com\\\/wp-content\\\/uploads\\\/2021\\\/10\\\/Logo-White.png\",\"contentUrl\":\"https:\\\/\\\/www.mjoelnerhunting.com\\\/wp-content\\\/uploads\\\/2021\\\/10\\\/Logo-White.png\",\"width\":238,\"height\":114,\"caption\":\"Mj\u00f8lner Jakt\"},\"image\":{\"@id\":\"https:\\\/\\\/www.mjoelnerhunting.com\\\/no\\\/#\\\/schema\\\/logo\\\/image\\\/\"},\"sameAs\":[\"https:\\\/\\\/www.facebook.com\\\/MJOELNERHUNTING\"]}]}<\/script>\n<!-- \/ Yoast SEO plugin. -->","yoast_head_json":{"title":"Valhalla Toalettveske modell Safari - Grab bag - Mj\u00f8lner Hunting","robots":{"index":"index","follow":"follow","max-snippet":"max-snippet:-1","max-image-preview":"max-image-preview:large","max-video-preview":"max-video-preview:-1"},"canonical":"https:\/\/www.mjoelnerhunting.com\/no\/produkt\/valhalla-toalettveske-modell-safari-grab-bag\/","og_locale":"nb_NO","og_type":"article","og_title":"Valhalla Toalettveske modell Safari - Grab bag - Mj\u00f8lner Hunting","og_description":"Mjoelner Hunting","og_url":"https:\/\/www.mjoelnerhunting.com\/no\/produkt\/valhalla-toalettveske-modell-safari-grab-bag\/","og_site_name":"Mj\u00f8lner Hunting","article_publisher":"https:\/\/www.facebook.com\/MJOELNERHUNTING","og_image":[{"width":1853,"height":2560,"url":"https:\/\/www.mjoelnerhunting.com\/wp-content\/uploads\/2026\/01\/10718577009_Valhalla_Toiletry_Bag_Safari (1)-scaled.jpg","type":"image\/jpeg"}],"twitter_card":"summary_large_image","schema":{"@context":"https:\/\/schema.org","@graph":[{"@type":"WebPage","@id":"https:\/\/www.mjoelnerhunting.com\/no\/produkt\/valhalla-toalettveske-modell-safari-grab-bag\/","url":"https:\/\/www.mjoelnerhunting.com\/no\/produkt\/valhalla-toalettveske-modell-safari-grab-bag\/","name":"Valhalla Toalettveske modell Safari - Grab bag - Mj\u00f8lner Hunting","isPartOf":{"@id":"https:\/\/www.mjoelnerhunting.com\/no\/#website"},"primaryImageOfPage":{"@id":"https:\/\/www.mjoelnerhunting.com\/no\/produkt\/valhalla-toalettveske-modell-safari-grab-bag\/#primaryimage"},"image":{"@id":"https:\/\/www.mjoelnerhunting.com\/no\/produkt\/valhalla-toalettveske-modell-safari-grab-bag\/#primaryimage"},"thumbnailUrl":"https:\/\/www.mjoelnerhunting.com\/wp-content\/uploads\/2026\/01\/10718577009_Valhalla_Toiletry_Bag_Safari (1)-scaled.jpg","datePublished":"2026-02-19T12:04:43+00:00","breadcrumb":{"@id":"https:\/\/www.mjoelnerhunting.com\/no\/produkt\/valhalla-toalettveske-modell-safari-grab-bag\/#breadcrumb"},"inLanguage":"nb-NO","potentialAction":[{"@type":"ReadAction","target":["https:\/\/www.mjoelnerhunting.com\/no\/produkt\/valhalla-toalettveske-modell-safari-grab-bag\/"]}]},{"@type":"ImageObject","inLanguage":"nb-NO","@id":"https:\/\/www.mjoelnerhunting.com\/no\/produkt\/valhalla-toalettveske-modell-safari-grab-bag\/#primaryimage","url":"https:\/\/www.mjoelnerhunting.com\/wp-content\/uploads\/2026\/01\/10718577009_Valhalla_Toiletry_Bag_Safari (1)-scaled.jpg","contentUrl":"https:\/\/www.mjoelnerhunting.com\/wp-content\/uploads\/2026\/01\/10718577009_Valhalla_Toiletry_Bag_Safari (1)-scaled.jpg","width":1853,"height":2560},{"@type":"BreadcrumbList","@id":"https:\/\/www.mjoelnerhunting.com\/no\/produkt\/valhalla-toalettveske-modell-safari-grab-bag\/#breadcrumb","itemListElement":[{"@type":"ListItem","position":1,"name":"Hjem","item":"https:\/\/www.mjoelnerhunting.com\/no\/jakt-smartere-ikke-hardere\/"},{"@type":"ListItem","position":2,"name":"Butikk","item":"https:\/\/www.mjoelnerhunting.com\/no\/butikk\/"},{"@type":"ListItem","position":3,"name":"Valhalla Toalettveske modell Safari &#8211; Grab bag"}]},{"@type":"WebSite","@id":"https:\/\/www.mjoelnerhunting.com\/no\/#website","url":"https:\/\/www.mjoelnerhunting.com\/no\/","name":"Mj\u00f8lner Hunting","description":"Hunting Gear","publisher":{"@id":"https:\/\/www.mjoelnerhunting.com\/no\/#organization"},"potentialAction":[{"@type":"SearchAction","target":{"@type":"EntryPoint","urlTemplate":"https:\/\/www.mjoelnerhunting.com\/no\/?s={search_term_string}"},"query-input":{"@type":"PropertyValueSpecification","valueRequired":true,"valueName":"search_term_string"}}],"inLanguage":"nb-NO"},{"@type":"Organization","@id":"https:\/\/www.mjoelnerhunting.com\/no\/#organization","name":"Mj\u00f8lner Jakt","url":"https:\/\/www.mjoelnerhunting.com\/no\/","logo":{"@type":"ImageObject","inLanguage":"nb-NO","@id":"https:\/\/www.mjoelnerhunting.com\/no\/#\/schema\/logo\/image\/","url":"https:\/\/www.mjoelnerhunting.com\/wp-content\/uploads\/2021\/10\/Logo-White.png","contentUrl":"https:\/\/www.mjoelnerhunting.com\/wp-content\/uploads\/2021\/10\/Logo-White.png","width":238,"height":114,"caption":"Mj\u00f8lner Jakt"},"image":{"@id":"https:\/\/www.mjoelnerhunting.com\/no\/#\/schema\/logo\/image\/"},"sameAs":["https:\/\/www.facebook.com\/MJOELNERHUNTING"]}]}},"_links":{"self":[{"href":"https:\/\/www.mjoelnerhunting.com\/no\/wp-json\/wp\/v2\/product\/45595","targetHints":{"allow":["GET"]}}],"collection":[{"href":"https:\/\/www.mjoelnerhunting.com\/no\/wp-json\/wp\/v2\/product"}],"about":[{"href":"https:\/\/www.mjoelnerhunting.com\/no\/wp-json\/wp\/v2\/types\/product"}],"replies":[{"embeddable":true,"href":"https:\/\/www.mjoelnerhunting.com\/no\/wp-json\/wp\/v2\/comments?post=45595"}],"wp:featuredmedia":[{"embeddable":true,"href":"https:\/\/www.mjoelnerhunting.com\/no\/wp-json\/wp\/v2\/media\/45596"}],"wp:attachment":[{"href":"https:\/\/www.mjoelnerhunting.com\/no\/wp-json\/wp\/v2\/media?parent=45595"}],"wp:term":[{"taxonomy":"product_brand","embeddable":true,"href":"https:\/\/www.mjoelnerhunting.com\/no\/wp-json\/wp\/v2\/product_brand?post=45595"},{"taxonomy":"product_cat","embeddable":true,"href":"https:\/\/www.mjoelnerhunting.com\/no\/wp-json\/wp\/v2\/product_cat?post=45595"},{"taxonomy":"product_tag","embeddable":true,"href":"https:\/\/www.mjoelnerhunting.com\/no\/wp-json\/wp\/v2\/product_tag?post=45595"}],"curies":[{"name":"wp","href":"https:\/\/api.w.org\/{rel}","templated":true}]}}