{"id":43353,"date":"2026-02-19T13:01:13","date_gmt":"2026-02-19T12:01:13","guid":{"rendered":"https:\/\/www.mjoelnerhunting.com\/product\/skytepinne-fenris-ii-svart-aluminium\/"},"modified":"2026-03-11T12:45:30","modified_gmt":"2026-03-11T11:45:30","slug":"skytepinne-fenris-ii-svart-aluminium","status":"publish","type":"product","link":"https:\/\/www.mjoelnerhunting.com\/no\/produkt\/skytepinne-fenris-ii-svart-aluminium\/","title":{"rendered":"Skytepinne Fenris II, svart aluminium"},"content":{"rendered":"<p>Mj\u00f8lner Hunting&#8217;s Fenris II er en forbedring av Fenris I, som sannsynligvis var den beste p\u00e5 markedet inntil Fenris II ble f\u00f8dt. Fenris II gir deg en ultrastabil skyteplattform med et bredt spekter av innstillinger uansett terreng og skytestilling. Ergonomisk formede silikonh\u00e5ndtak gir et ikke-klebrig, men varmende b\u00e6reh\u00e5ndtak som ogs\u00e5 forhindrer at beina klaprer. Silikonbelagt v\u00e5pensystem sikrer et lydl\u00f8st v\u00e5pensystem umiddelbart f\u00f8r avfyring. Festestropper i silikon sikrer v\u00e5penet i ventesituasjoner og gj\u00f8r det raskt, enkelt og lydl\u00f8st \u00e5 skifte m\u00e5l. Den spesialstyrkeinspirerte paracord-fotstroppen fungerer som det \"femte\" benet, noe som forbedrer evnen til \u00e5 levere sikre og n\u00f8yaktige skudd p\u00e5 lang avstand. Mjoelner Fenris II skytepinne er i en klasse for seg. Aluminium under 1000 gram       <\/p>\n","protected":false},"excerpt":{"rendered":"<p>Mjoelner Hunting<\/p>\n","protected":false},"featured_media":43355,"comment_status":"closed","ping_status":"closed","template":"","meta":{"_acf_changed":false},"product_brand":[],"product_cat":[105],"product_tag":[],"class_list":{"0":"post-43353","1":"product","2":"type-product","3":"status-publish","4":"has-post-thumbnail","6":"product_cat-jakttilbehoer","8":"first","9":"instock","10":"purchasable","11":"product-type-simple"},"supplier_id":null,"supplier_sku":"","barcode":null,"atum_controlled":true,"out_stock_date":null,"out_stock_threshold":null,"inheritable":false,"inbound_stock":null,"stock_on_hold":23,"sold_today":0,"sales_last_days":0,"reserved_stock":null,"customer_returns":null,"warehouse_damage":null,"lost_in_post":null,"other_logs":null,"out_stock_days":0,"lost_sales":0,"has_location":false,"update_date":"2026-03-31T22:04:41","atum_locations":[],"atum_stock_status":"instock","restock_status":false,"low_stock_amount":"","sales_update_date":"2026-03-31T22:04:41","calc_backorders":null,"acf":[],"yoast_head":"<!-- This site is optimized with the Yoast SEO plugin v27.3 - https:\/\/yoast.com\/product\/yoast-seo-wordpress\/ -->\n<title>Skytepinne Fenris II, svart aluminium - Mj\u00f8lner Hunting<\/title>\n<meta name=\"robots\" content=\"index, follow, max-snippet:-1, max-image-preview:large, max-video-preview:-1\" \/>\n<link rel=\"canonical\" href=\"https:\/\/www.mjoelnerhunting.com\/no\/produkt\/skytepinne-fenris-ii-svart-aluminium\/\" \/>\n<meta property=\"og:locale\" content=\"nb_NO\" \/>\n<meta property=\"og:type\" content=\"article\" \/>\n<meta property=\"og:title\" content=\"Skytepinne Fenris II, svart aluminium - Mj\u00f8lner Hunting\" \/>\n<meta property=\"og:description\" content=\"Mjoelner Hunting\" \/>\n<meta property=\"og:url\" content=\"https:\/\/www.mjoelnerhunting.com\/no\/produkt\/skytepinne-fenris-ii-svart-aluminium\/\" \/>\n<meta property=\"og:site_name\" content=\"Mj\u00f8lner Hunting\" \/>\n<meta property=\"article:publisher\" content=\"https:\/\/www.facebook.com\/MJOELNERHUNTING\" \/>\n<meta property=\"article:modified_time\" content=\"2026-03-11T11:45:30+00:00\" \/>\n<meta property=\"og:image\" content=\"https:\/\/www.mjoelnerhunting.com\/wp-content\/uploads\/2026\/01\/10312010805_Four_Legged_Shooting_Stick_FenrisII_ALU%20(1).png\" \/>\n\t<meta property=\"og:image:width\" content=\"305\" \/>\n\t<meta property=\"og:image:height\" content=\"335\" \/>\n\t<meta property=\"og:image:type\" content=\"image\/png\" \/>\n<meta name=\"twitter:card\" content=\"summary_large_image\" \/>\n<meta name=\"twitter:label1\" content=\"Ansl. lesetid\" \/>\n\t<meta name=\"twitter:data1\" content=\"1 minutt\" \/>\n<script type=\"application\/ld+json\" class=\"yoast-schema-graph\">{\"@context\":\"https:\\\/\\\/schema.org\",\"@graph\":[{\"@type\":\"WebPage\",\"@id\":\"https:\\\/\\\/www.mjoelnerhunting.com\\\/no\\\/produkt\\\/skytepinne-fenris-ii-svart-aluminium\\\/\",\"url\":\"https:\\\/\\\/www.mjoelnerhunting.com\\\/no\\\/produkt\\\/skytepinne-fenris-ii-svart-aluminium\\\/\",\"name\":\"Skytepinne Fenris II, svart aluminium - Mj\u00f8lner Hunting\",\"isPartOf\":{\"@id\":\"https:\\\/\\\/www.mjoelnerhunting.com\\\/no\\\/#website\"},\"primaryImageOfPage\":{\"@id\":\"https:\\\/\\\/www.mjoelnerhunting.com\\\/no\\\/produkt\\\/skytepinne-fenris-ii-svart-aluminium\\\/#primaryimage\"},\"image\":{\"@id\":\"https:\\\/\\\/www.mjoelnerhunting.com\\\/no\\\/produkt\\\/skytepinne-fenris-ii-svart-aluminium\\\/#primaryimage\"},\"thumbnailUrl\":\"https:\\\/\\\/www.mjoelnerhunting.com\\\/wp-content\\\/uploads\\\/2026\\\/01\\\/10312010805_Four_Legged_Shooting_Stick_FenrisII_ALU (1).png\",\"datePublished\":\"2026-02-19T12:01:13+00:00\",\"dateModified\":\"2026-03-11T11:45:30+00:00\",\"breadcrumb\":{\"@id\":\"https:\\\/\\\/www.mjoelnerhunting.com\\\/no\\\/produkt\\\/skytepinne-fenris-ii-svart-aluminium\\\/#breadcrumb\"},\"inLanguage\":\"nb-NO\",\"potentialAction\":[{\"@type\":\"ReadAction\",\"target\":[\"https:\\\/\\\/www.mjoelnerhunting.com\\\/no\\\/produkt\\\/skytepinne-fenris-ii-svart-aluminium\\\/\"]}]},{\"@type\":\"ImageObject\",\"inLanguage\":\"nb-NO\",\"@id\":\"https:\\\/\\\/www.mjoelnerhunting.com\\\/no\\\/produkt\\\/skytepinne-fenris-ii-svart-aluminium\\\/#primaryimage\",\"url\":\"https:\\\/\\\/www.mjoelnerhunting.com\\\/wp-content\\\/uploads\\\/2026\\\/01\\\/10312010805_Four_Legged_Shooting_Stick_FenrisII_ALU (1).png\",\"contentUrl\":\"https:\\\/\\\/www.mjoelnerhunting.com\\\/wp-content\\\/uploads\\\/2026\\\/01\\\/10312010805_Four_Legged_Shooting_Stick_FenrisII_ALU (1).png\",\"width\":305,\"height\":335},{\"@type\":\"BreadcrumbList\",\"@id\":\"https:\\\/\\\/www.mjoelnerhunting.com\\\/no\\\/produkt\\\/skytepinne-fenris-ii-svart-aluminium\\\/#breadcrumb\",\"itemListElement\":[{\"@type\":\"ListItem\",\"position\":1,\"name\":\"Hjem\",\"item\":\"https:\\\/\\\/www.mjoelnerhunting.com\\\/no\\\/jakt-smartere-ikke-hardere\\\/\"},{\"@type\":\"ListItem\",\"position\":2,\"name\":\"Butikk\",\"item\":\"https:\\\/\\\/www.mjoelnerhunting.com\\\/no\\\/butikk\\\/\"},{\"@type\":\"ListItem\",\"position\":3,\"name\":\"Skytepinne Fenris II, svart aluminium\"}]},{\"@type\":\"WebSite\",\"@id\":\"https:\\\/\\\/www.mjoelnerhunting.com\\\/no\\\/#website\",\"url\":\"https:\\\/\\\/www.mjoelnerhunting.com\\\/no\\\/\",\"name\":\"Mj\u00f8lner Hunting\",\"description\":\"Hunting Gear\",\"publisher\":{\"@id\":\"https:\\\/\\\/www.mjoelnerhunting.com\\\/no\\\/#organization\"},\"potentialAction\":[{\"@type\":\"SearchAction\",\"target\":{\"@type\":\"EntryPoint\",\"urlTemplate\":\"https:\\\/\\\/www.mjoelnerhunting.com\\\/no\\\/?s={search_term_string}\"},\"query-input\":{\"@type\":\"PropertyValueSpecification\",\"valueRequired\":true,\"valueName\":\"search_term_string\"}}],\"inLanguage\":\"nb-NO\"},{\"@type\":\"Organization\",\"@id\":\"https:\\\/\\\/www.mjoelnerhunting.com\\\/no\\\/#organization\",\"name\":\"Mj\u00f8lner Jakt\",\"url\":\"https:\\\/\\\/www.mjoelnerhunting.com\\\/no\\\/\",\"logo\":{\"@type\":\"ImageObject\",\"inLanguage\":\"nb-NO\",\"@id\":\"https:\\\/\\\/www.mjoelnerhunting.com\\\/no\\\/#\\\/schema\\\/logo\\\/image\\\/\",\"url\":\"https:\\\/\\\/www.mjoelnerhunting.com\\\/wp-content\\\/uploads\\\/2021\\\/10\\\/Logo-White.png\",\"contentUrl\":\"https:\\\/\\\/www.mjoelnerhunting.com\\\/wp-content\\\/uploads\\\/2021\\\/10\\\/Logo-White.png\",\"width\":238,\"height\":114,\"caption\":\"Mj\u00f8lner Jakt\"},\"image\":{\"@id\":\"https:\\\/\\\/www.mjoelnerhunting.com\\\/no\\\/#\\\/schema\\\/logo\\\/image\\\/\"},\"sameAs\":[\"https:\\\/\\\/www.facebook.com\\\/MJOELNERHUNTING\"]}]}<\/script>\n<!-- \/ Yoast SEO plugin. -->","yoast_head_json":{"title":"Skytepinne Fenris II, svart aluminium - Mj\u00f8lner Hunting","robots":{"index":"index","follow":"follow","max-snippet":"max-snippet:-1","max-image-preview":"max-image-preview:large","max-video-preview":"max-video-preview:-1"},"canonical":"https:\/\/www.mjoelnerhunting.com\/no\/produkt\/skytepinne-fenris-ii-svart-aluminium\/","og_locale":"nb_NO","og_type":"article","og_title":"Skytepinne Fenris II, svart aluminium - Mj\u00f8lner Hunting","og_description":"Mjoelner Hunting","og_url":"https:\/\/www.mjoelnerhunting.com\/no\/produkt\/skytepinne-fenris-ii-svart-aluminium\/","og_site_name":"Mj\u00f8lner Hunting","article_publisher":"https:\/\/www.facebook.com\/MJOELNERHUNTING","article_modified_time":"2026-03-11T11:45:30+00:00","og_image":[{"width":305,"height":335,"url":"https:\/\/www.mjoelnerhunting.com\/wp-content\/uploads\/2026\/01\/10312010805_Four_Legged_Shooting_Stick_FenrisII_ALU (1).png","type":"image\/png"}],"twitter_card":"summary_large_image","twitter_misc":{"Ansl. lesetid":"1 minutt"},"schema":{"@context":"https:\/\/schema.org","@graph":[{"@type":"WebPage","@id":"https:\/\/www.mjoelnerhunting.com\/no\/produkt\/skytepinne-fenris-ii-svart-aluminium\/","url":"https:\/\/www.mjoelnerhunting.com\/no\/produkt\/skytepinne-fenris-ii-svart-aluminium\/","name":"Skytepinne Fenris II, svart aluminium - Mj\u00f8lner Hunting","isPartOf":{"@id":"https:\/\/www.mjoelnerhunting.com\/no\/#website"},"primaryImageOfPage":{"@id":"https:\/\/www.mjoelnerhunting.com\/no\/produkt\/skytepinne-fenris-ii-svart-aluminium\/#primaryimage"},"image":{"@id":"https:\/\/www.mjoelnerhunting.com\/no\/produkt\/skytepinne-fenris-ii-svart-aluminium\/#primaryimage"},"thumbnailUrl":"https:\/\/www.mjoelnerhunting.com\/wp-content\/uploads\/2026\/01\/10312010805_Four_Legged_Shooting_Stick_FenrisII_ALU (1).png","datePublished":"2026-02-19T12:01:13+00:00","dateModified":"2026-03-11T11:45:30+00:00","breadcrumb":{"@id":"https:\/\/www.mjoelnerhunting.com\/no\/produkt\/skytepinne-fenris-ii-svart-aluminium\/#breadcrumb"},"inLanguage":"nb-NO","potentialAction":[{"@type":"ReadAction","target":["https:\/\/www.mjoelnerhunting.com\/no\/produkt\/skytepinne-fenris-ii-svart-aluminium\/"]}]},{"@type":"ImageObject","inLanguage":"nb-NO","@id":"https:\/\/www.mjoelnerhunting.com\/no\/produkt\/skytepinne-fenris-ii-svart-aluminium\/#primaryimage","url":"https:\/\/www.mjoelnerhunting.com\/wp-content\/uploads\/2026\/01\/10312010805_Four_Legged_Shooting_Stick_FenrisII_ALU (1).png","contentUrl":"https:\/\/www.mjoelnerhunting.com\/wp-content\/uploads\/2026\/01\/10312010805_Four_Legged_Shooting_Stick_FenrisII_ALU (1).png","width":305,"height":335},{"@type":"BreadcrumbList","@id":"https:\/\/www.mjoelnerhunting.com\/no\/produkt\/skytepinne-fenris-ii-svart-aluminium\/#breadcrumb","itemListElement":[{"@type":"ListItem","position":1,"name":"Hjem","item":"https:\/\/www.mjoelnerhunting.com\/no\/jakt-smartere-ikke-hardere\/"},{"@type":"ListItem","position":2,"name":"Butikk","item":"https:\/\/www.mjoelnerhunting.com\/no\/butikk\/"},{"@type":"ListItem","position":3,"name":"Skytepinne Fenris II, svart aluminium"}]},{"@type":"WebSite","@id":"https:\/\/www.mjoelnerhunting.com\/no\/#website","url":"https:\/\/www.mjoelnerhunting.com\/no\/","name":"Mj\u00f8lner Hunting","description":"Hunting Gear","publisher":{"@id":"https:\/\/www.mjoelnerhunting.com\/no\/#organization"},"potentialAction":[{"@type":"SearchAction","target":{"@type":"EntryPoint","urlTemplate":"https:\/\/www.mjoelnerhunting.com\/no\/?s={search_term_string}"},"query-input":{"@type":"PropertyValueSpecification","valueRequired":true,"valueName":"search_term_string"}}],"inLanguage":"nb-NO"},{"@type":"Organization","@id":"https:\/\/www.mjoelnerhunting.com\/no\/#organization","name":"Mj\u00f8lner Jakt","url":"https:\/\/www.mjoelnerhunting.com\/no\/","logo":{"@type":"ImageObject","inLanguage":"nb-NO","@id":"https:\/\/www.mjoelnerhunting.com\/no\/#\/schema\/logo\/image\/","url":"https:\/\/www.mjoelnerhunting.com\/wp-content\/uploads\/2021\/10\/Logo-White.png","contentUrl":"https:\/\/www.mjoelnerhunting.com\/wp-content\/uploads\/2021\/10\/Logo-White.png","width":238,"height":114,"caption":"Mj\u00f8lner Jakt"},"image":{"@id":"https:\/\/www.mjoelnerhunting.com\/no\/#\/schema\/logo\/image\/"},"sameAs":["https:\/\/www.facebook.com\/MJOELNERHUNTING"]}]}},"_links":{"self":[{"href":"https:\/\/www.mjoelnerhunting.com\/no\/wp-json\/wp\/v2\/product\/43353","targetHints":{"allow":["GET"]}}],"collection":[{"href":"https:\/\/www.mjoelnerhunting.com\/no\/wp-json\/wp\/v2\/product"}],"about":[{"href":"https:\/\/www.mjoelnerhunting.com\/no\/wp-json\/wp\/v2\/types\/product"}],"replies":[{"embeddable":true,"href":"https:\/\/www.mjoelnerhunting.com\/no\/wp-json\/wp\/v2\/comments?post=43353"}],"wp:featuredmedia":[{"embeddable":true,"href":"https:\/\/www.mjoelnerhunting.com\/no\/wp-json\/wp\/v2\/media\/43355"}],"wp:attachment":[{"href":"https:\/\/www.mjoelnerhunting.com\/no\/wp-json\/wp\/v2\/media?parent=43353"}],"wp:term":[{"taxonomy":"product_brand","embeddable":true,"href":"https:\/\/www.mjoelnerhunting.com\/no\/wp-json\/wp\/v2\/product_brand?post=43353"},{"taxonomy":"product_cat","embeddable":true,"href":"https:\/\/www.mjoelnerhunting.com\/no\/wp-json\/wp\/v2\/product_cat?post=43353"},{"taxonomy":"product_tag","embeddable":true,"href":"https:\/\/www.mjoelnerhunting.com\/no\/wp-json\/wp\/v2\/product_tag?post=43353"}],"curies":[{"name":"wp","href":"https:\/\/api.w.org\/{rel}","templated":true}]}}