{"id":42809,"date":"2026-02-19T12:58:35","date_gmt":"2026-02-19T11:58:35","guid":{"rendered":"https:\/\/www.mjoelnerhunting.com\/product\/riffelfoderal-bjork-med-ryggsekk\/"},"modified":"2026-03-12T11:43:13","modified_gmt":"2026-03-12T10:43:13","slug":"riffelfoderal-bjork-med-ryggsekk","status":"publish","type":"product","link":"https:\/\/www.mjoelnerhunting.com\/no\/produkt\/riffelfoderal-bjork-med-ryggsekk\/","title":{"rendered":"Riflefutteral Birk med Ryggsekk"},"content":{"rendered":"<p>Luksuri\u00f8st V\u00e5penfutteral med Ryggsekk og b\u00e6restropper. Lett, lydl\u00f8s og stilig design. En kombinasjon av rifleveske og Ryggsekk. Ekstra lengde for rifle med lyddemper. Stort hovedrom med glidel\u00e5s, frontlomme med glidel\u00e5s og elastiske stropper. Separat lomme for sluttstykke og ammunisjon eller lignende. Riflevesken er f\u00f4ret med koselig f\u00f4r i imitert lammeskinn. B\u00e6reh\u00e5ndtak og ryggsekkstropper       <\/p>\n","protected":false},"excerpt":{"rendered":"<p>Luksus v\u00e5penmater med ryggsekk og b\u00e6restropper. Lett, lydl\u00f8s og stilig design. En kombinasjon av rifleveske og ryggsekk. Ekstra lengde for rifle med lyddemper. Stort hovedrom med glidel\u00e5s, frontlomme med glidel\u00e5s og elastiske stropper. Separat lomme for sluttstykke og ammunisjon eller lignende. Riflevesken er f\u00f4ret med et koselig f\u00f4r i imitert lammeskinn. B\u00e6reh\u00e5ndtak og ryggsekkstropper       <\/p>\n","protected":false},"featured_media":42811,"comment_status":"closed","ping_status":"closed","template":"","meta":{"_acf_changed":false},"product_brand":[],"product_cat":[134],"product_tag":[],"class_list":{"0":"post-42809","1":"product","2":"type-product","3":"status-publish","4":"has-post-thumbnail","6":"product_cat-vaapenfutteraler","8":"first","9":"onbackorder","10":"purchasable","11":"product-type-simple"},"supplier_id":null,"supplier_sku":"","barcode":null,"atum_controlled":true,"out_stock_date":"2026-03-12 11:41:17","out_stock_threshold":null,"inheritable":false,"inbound_stock":null,"stock_on_hold":15,"sold_today":0,"sales_last_days":0,"reserved_stock":null,"customer_returns":null,"warehouse_damage":null,"lost_in_post":null,"other_logs":null,"out_stock_days":19,"lost_sales":0,"has_location":false,"update_date":"2026-03-31T22:04:39","atum_locations":[],"atum_stock_status":"onbackorder","restock_status":false,"low_stock_amount":"","sales_update_date":"2026-03-31T22:04:39","calc_backorders":0,"acf":[],"yoast_head":"<!-- This site is optimized with the Yoast SEO plugin v27.3 - https:\/\/yoast.com\/product\/yoast-seo-wordpress\/ -->\n<title>Riflefutteral Birk med Ryggsekk - Mj\u00f8lner Hunting<\/title>\n<meta name=\"robots\" content=\"index, follow, max-snippet:-1, max-image-preview:large, max-video-preview:-1\" \/>\n<link rel=\"canonical\" href=\"https:\/\/www.mjoelnerhunting.com\/no\/produkt\/riffelfoderal-bjork-med-ryggsekk\/\" \/>\n<meta property=\"og:locale\" content=\"nb_NO\" \/>\n<meta property=\"og:type\" content=\"article\" \/>\n<meta property=\"og:title\" content=\"Riflefutteral Birk med Ryggsekk - Mj\u00f8lner Hunting\" \/>\n<meta property=\"og:description\" content=\"Luksus v\u00e5penmater med ryggsekk og b\u00e6restropper. Lett, lydl\u00f8s og stilig design. En kombinasjon av rifleveske og ryggsekk. Ekstra lengde for rifle med lyddemper. Stort hovedrom med glidel\u00e5s, frontlomme med glidel\u00e5s og elastiske stropper. Separat lomme for sluttstykke og ammunisjon eller lignende. Riflevesken er f\u00f4ret med et koselig f\u00f4r i imitert lammeskinn. B\u00e6reh\u00e5ndtak og ryggsekkstropper\" \/>\n<meta property=\"og:url\" content=\"https:\/\/www.mjoelnerhunting.com\/no\/produkt\/riffelfoderal-bjork-med-ryggsekk\/\" \/>\n<meta property=\"og:site_name\" content=\"Mj\u00f8lner Hunting\" \/>\n<meta property=\"article:publisher\" content=\"https:\/\/www.facebook.com\/MJOELNERHUNTING\" \/>\n<meta property=\"article:modified_time\" content=\"2026-03-12T10:43:13+00:00\" \/>\n<meta property=\"og:image\" content=\"https:\/\/www.mjoelnerhunting.com\/wp-content\/uploads\/2026\/01\/10203180201_Rifle_Slip_Backpack_Brown_Loden%20(1)-scaled.jpg\" \/>\n\t<meta property=\"og:image:width\" content=\"1016\" \/>\n\t<meta property=\"og:image:height\" content=\"2560\" \/>\n\t<meta property=\"og:image:type\" content=\"image\/jpeg\" \/>\n<meta name=\"twitter:card\" content=\"summary_large_image\" \/>\n<script type=\"application\/ld+json\" class=\"yoast-schema-graph\">{\"@context\":\"https:\\\/\\\/schema.org\",\"@graph\":[{\"@type\":\"WebPage\",\"@id\":\"https:\\\/\\\/www.mjoelnerhunting.com\\\/no\\\/produkt\\\/riffelfoderal-bjork-med-ryggsekk\\\/\",\"url\":\"https:\\\/\\\/www.mjoelnerhunting.com\\\/no\\\/produkt\\\/riffelfoderal-bjork-med-ryggsekk\\\/\",\"name\":\"Riflefutteral Birk med Ryggsekk - Mj\u00f8lner Hunting\",\"isPartOf\":{\"@id\":\"https:\\\/\\\/www.mjoelnerhunting.com\\\/no\\\/#website\"},\"primaryImageOfPage\":{\"@id\":\"https:\\\/\\\/www.mjoelnerhunting.com\\\/no\\\/produkt\\\/riffelfoderal-bjork-med-ryggsekk\\\/#primaryimage\"},\"image\":{\"@id\":\"https:\\\/\\\/www.mjoelnerhunting.com\\\/no\\\/produkt\\\/riffelfoderal-bjork-med-ryggsekk\\\/#primaryimage\"},\"thumbnailUrl\":\"https:\\\/\\\/www.mjoelnerhunting.com\\\/wp-content\\\/uploads\\\/2026\\\/01\\\/10203180201_Rifle_Slip_Backpack_Brown_Loden (1)-scaled.jpg\",\"datePublished\":\"2026-02-19T11:58:35+00:00\",\"dateModified\":\"2026-03-12T10:43:13+00:00\",\"breadcrumb\":{\"@id\":\"https:\\\/\\\/www.mjoelnerhunting.com\\\/no\\\/produkt\\\/riffelfoderal-bjork-med-ryggsekk\\\/#breadcrumb\"},\"inLanguage\":\"nb-NO\",\"potentialAction\":[{\"@type\":\"ReadAction\",\"target\":[\"https:\\\/\\\/www.mjoelnerhunting.com\\\/no\\\/produkt\\\/riffelfoderal-bjork-med-ryggsekk\\\/\"]}]},{\"@type\":\"ImageObject\",\"inLanguage\":\"nb-NO\",\"@id\":\"https:\\\/\\\/www.mjoelnerhunting.com\\\/no\\\/produkt\\\/riffelfoderal-bjork-med-ryggsekk\\\/#primaryimage\",\"url\":\"https:\\\/\\\/www.mjoelnerhunting.com\\\/wp-content\\\/uploads\\\/2026\\\/01\\\/10203180201_Rifle_Slip_Backpack_Brown_Loden (1)-scaled.jpg\",\"contentUrl\":\"https:\\\/\\\/www.mjoelnerhunting.com\\\/wp-content\\\/uploads\\\/2026\\\/01\\\/10203180201_Rifle_Slip_Backpack_Brown_Loden (1)-scaled.jpg\",\"width\":1016,\"height\":2560},{\"@type\":\"BreadcrumbList\",\"@id\":\"https:\\\/\\\/www.mjoelnerhunting.com\\\/no\\\/produkt\\\/riffelfoderal-bjork-med-ryggsekk\\\/#breadcrumb\",\"itemListElement\":[{\"@type\":\"ListItem\",\"position\":1,\"name\":\"Hjem\",\"item\":\"https:\\\/\\\/www.mjoelnerhunting.com\\\/no\\\/jakt-smartere-ikke-hardere\\\/\"},{\"@type\":\"ListItem\",\"position\":2,\"name\":\"Butikk\",\"item\":\"https:\\\/\\\/www.mjoelnerhunting.com\\\/no\\\/butikk\\\/\"},{\"@type\":\"ListItem\",\"position\":3,\"name\":\"Riflefutteral Birk med Ryggsekk\"}]},{\"@type\":\"WebSite\",\"@id\":\"https:\\\/\\\/www.mjoelnerhunting.com\\\/no\\\/#website\",\"url\":\"https:\\\/\\\/www.mjoelnerhunting.com\\\/no\\\/\",\"name\":\"Mj\u00f8lner Hunting\",\"description\":\"Hunting Gear\",\"publisher\":{\"@id\":\"https:\\\/\\\/www.mjoelnerhunting.com\\\/no\\\/#organization\"},\"potentialAction\":[{\"@type\":\"SearchAction\",\"target\":{\"@type\":\"EntryPoint\",\"urlTemplate\":\"https:\\\/\\\/www.mjoelnerhunting.com\\\/no\\\/?s={search_term_string}\"},\"query-input\":{\"@type\":\"PropertyValueSpecification\",\"valueRequired\":true,\"valueName\":\"search_term_string\"}}],\"inLanguage\":\"nb-NO\"},{\"@type\":\"Organization\",\"@id\":\"https:\\\/\\\/www.mjoelnerhunting.com\\\/no\\\/#organization\",\"name\":\"Mj\u00f8lner Jakt\",\"url\":\"https:\\\/\\\/www.mjoelnerhunting.com\\\/no\\\/\",\"logo\":{\"@type\":\"ImageObject\",\"inLanguage\":\"nb-NO\",\"@id\":\"https:\\\/\\\/www.mjoelnerhunting.com\\\/no\\\/#\\\/schema\\\/logo\\\/image\\\/\",\"url\":\"https:\\\/\\\/www.mjoelnerhunting.com\\\/wp-content\\\/uploads\\\/2021\\\/10\\\/Logo-White.png\",\"contentUrl\":\"https:\\\/\\\/www.mjoelnerhunting.com\\\/wp-content\\\/uploads\\\/2021\\\/10\\\/Logo-White.png\",\"width\":238,\"height\":114,\"caption\":\"Mj\u00f8lner Jakt\"},\"image\":{\"@id\":\"https:\\\/\\\/www.mjoelnerhunting.com\\\/no\\\/#\\\/schema\\\/logo\\\/image\\\/\"},\"sameAs\":[\"https:\\\/\\\/www.facebook.com\\\/MJOELNERHUNTING\"]}]}<\/script>\n<!-- \/ Yoast SEO plugin. -->","yoast_head_json":{"title":"Riflefutteral Birk med Ryggsekk - Mj\u00f8lner Hunting","robots":{"index":"index","follow":"follow","max-snippet":"max-snippet:-1","max-image-preview":"max-image-preview:large","max-video-preview":"max-video-preview:-1"},"canonical":"https:\/\/www.mjoelnerhunting.com\/no\/produkt\/riffelfoderal-bjork-med-ryggsekk\/","og_locale":"nb_NO","og_type":"article","og_title":"Riflefutteral Birk med Ryggsekk - Mj\u00f8lner Hunting","og_description":"Luksus v\u00e5penmater med ryggsekk og b\u00e6restropper. Lett, lydl\u00f8s og stilig design. En kombinasjon av rifleveske og ryggsekk. Ekstra lengde for rifle med lyddemper. Stort hovedrom med glidel\u00e5s, frontlomme med glidel\u00e5s og elastiske stropper. Separat lomme for sluttstykke og ammunisjon eller lignende. Riflevesken er f\u00f4ret med et koselig f\u00f4r i imitert lammeskinn. B\u00e6reh\u00e5ndtak og ryggsekkstropper","og_url":"https:\/\/www.mjoelnerhunting.com\/no\/produkt\/riffelfoderal-bjork-med-ryggsekk\/","og_site_name":"Mj\u00f8lner Hunting","article_publisher":"https:\/\/www.facebook.com\/MJOELNERHUNTING","article_modified_time":"2026-03-12T10:43:13+00:00","og_image":[{"width":1016,"height":2560,"url":"https:\/\/www.mjoelnerhunting.com\/wp-content\/uploads\/2026\/01\/10203180201_Rifle_Slip_Backpack_Brown_Loden (1)-scaled.jpg","type":"image\/jpeg"}],"twitter_card":"summary_large_image","schema":{"@context":"https:\/\/schema.org","@graph":[{"@type":"WebPage","@id":"https:\/\/www.mjoelnerhunting.com\/no\/produkt\/riffelfoderal-bjork-med-ryggsekk\/","url":"https:\/\/www.mjoelnerhunting.com\/no\/produkt\/riffelfoderal-bjork-med-ryggsekk\/","name":"Riflefutteral Birk med Ryggsekk - Mj\u00f8lner Hunting","isPartOf":{"@id":"https:\/\/www.mjoelnerhunting.com\/no\/#website"},"primaryImageOfPage":{"@id":"https:\/\/www.mjoelnerhunting.com\/no\/produkt\/riffelfoderal-bjork-med-ryggsekk\/#primaryimage"},"image":{"@id":"https:\/\/www.mjoelnerhunting.com\/no\/produkt\/riffelfoderal-bjork-med-ryggsekk\/#primaryimage"},"thumbnailUrl":"https:\/\/www.mjoelnerhunting.com\/wp-content\/uploads\/2026\/01\/10203180201_Rifle_Slip_Backpack_Brown_Loden (1)-scaled.jpg","datePublished":"2026-02-19T11:58:35+00:00","dateModified":"2026-03-12T10:43:13+00:00","breadcrumb":{"@id":"https:\/\/www.mjoelnerhunting.com\/no\/produkt\/riffelfoderal-bjork-med-ryggsekk\/#breadcrumb"},"inLanguage":"nb-NO","potentialAction":[{"@type":"ReadAction","target":["https:\/\/www.mjoelnerhunting.com\/no\/produkt\/riffelfoderal-bjork-med-ryggsekk\/"]}]},{"@type":"ImageObject","inLanguage":"nb-NO","@id":"https:\/\/www.mjoelnerhunting.com\/no\/produkt\/riffelfoderal-bjork-med-ryggsekk\/#primaryimage","url":"https:\/\/www.mjoelnerhunting.com\/wp-content\/uploads\/2026\/01\/10203180201_Rifle_Slip_Backpack_Brown_Loden (1)-scaled.jpg","contentUrl":"https:\/\/www.mjoelnerhunting.com\/wp-content\/uploads\/2026\/01\/10203180201_Rifle_Slip_Backpack_Brown_Loden (1)-scaled.jpg","width":1016,"height":2560},{"@type":"BreadcrumbList","@id":"https:\/\/www.mjoelnerhunting.com\/no\/produkt\/riffelfoderal-bjork-med-ryggsekk\/#breadcrumb","itemListElement":[{"@type":"ListItem","position":1,"name":"Hjem","item":"https:\/\/www.mjoelnerhunting.com\/no\/jakt-smartere-ikke-hardere\/"},{"@type":"ListItem","position":2,"name":"Butikk","item":"https:\/\/www.mjoelnerhunting.com\/no\/butikk\/"},{"@type":"ListItem","position":3,"name":"Riflefutteral Birk med Ryggsekk"}]},{"@type":"WebSite","@id":"https:\/\/www.mjoelnerhunting.com\/no\/#website","url":"https:\/\/www.mjoelnerhunting.com\/no\/","name":"Mj\u00f8lner Hunting","description":"Hunting Gear","publisher":{"@id":"https:\/\/www.mjoelnerhunting.com\/no\/#organization"},"potentialAction":[{"@type":"SearchAction","target":{"@type":"EntryPoint","urlTemplate":"https:\/\/www.mjoelnerhunting.com\/no\/?s={search_term_string}"},"query-input":{"@type":"PropertyValueSpecification","valueRequired":true,"valueName":"search_term_string"}}],"inLanguage":"nb-NO"},{"@type":"Organization","@id":"https:\/\/www.mjoelnerhunting.com\/no\/#organization","name":"Mj\u00f8lner Jakt","url":"https:\/\/www.mjoelnerhunting.com\/no\/","logo":{"@type":"ImageObject","inLanguage":"nb-NO","@id":"https:\/\/www.mjoelnerhunting.com\/no\/#\/schema\/logo\/image\/","url":"https:\/\/www.mjoelnerhunting.com\/wp-content\/uploads\/2021\/10\/Logo-White.png","contentUrl":"https:\/\/www.mjoelnerhunting.com\/wp-content\/uploads\/2021\/10\/Logo-White.png","width":238,"height":114,"caption":"Mj\u00f8lner Jakt"},"image":{"@id":"https:\/\/www.mjoelnerhunting.com\/no\/#\/schema\/logo\/image\/"},"sameAs":["https:\/\/www.facebook.com\/MJOELNERHUNTING"]}]}},"_links":{"self":[{"href":"https:\/\/www.mjoelnerhunting.com\/no\/wp-json\/wp\/v2\/product\/42809","targetHints":{"allow":["GET"]}}],"collection":[{"href":"https:\/\/www.mjoelnerhunting.com\/no\/wp-json\/wp\/v2\/product"}],"about":[{"href":"https:\/\/www.mjoelnerhunting.com\/no\/wp-json\/wp\/v2\/types\/product"}],"replies":[{"embeddable":true,"href":"https:\/\/www.mjoelnerhunting.com\/no\/wp-json\/wp\/v2\/comments?post=42809"}],"wp:featuredmedia":[{"embeddable":true,"href":"https:\/\/www.mjoelnerhunting.com\/no\/wp-json\/wp\/v2\/media\/42811"}],"wp:attachment":[{"href":"https:\/\/www.mjoelnerhunting.com\/no\/wp-json\/wp\/v2\/media?parent=42809"}],"wp:term":[{"taxonomy":"product_brand","embeddable":true,"href":"https:\/\/www.mjoelnerhunting.com\/no\/wp-json\/wp\/v2\/product_brand?post=42809"},{"taxonomy":"product_cat","embeddable":true,"href":"https:\/\/www.mjoelnerhunting.com\/no\/wp-json\/wp\/v2\/product_cat?post=42809"},{"taxonomy":"product_tag","embeddable":true,"href":"https:\/\/www.mjoelnerhunting.com\/no\/wp-json\/wp\/v2\/product_tag?post=42809"}],"curies":[{"name":"wp","href":"https:\/\/api.w.org\/{rel}","templated":true}]}}