{"id":42290,"date":"2026-02-19T12:58:00","date_gmt":"2026-02-19T11:58:00","guid":{"rendered":"https:\/\/www.mjoelnerhunting.com\/product\/ryggsekkstol-bjorn-brown-loden\/"},"modified":"2026-02-22T15:51:43","modified_gmt":"2026-02-22T14:51:43","slug":"ryggsekkstol-bjorn-brown-loden","status":"publish","type":"product","link":"https:\/\/www.mjoelnerhunting.com\/no\/produkt\/ryggsekkstol-bjorn-brown-loden\/","title":{"rendered":"Ryggsekk stol Bjoern Brown Loden"},"content":{"rendered":"<p>Ryggsekkstol Bj\u00f8rn<br \/>\nStilig ryggsekkstol i stille loden. Super sittekomfort. Brede skulderstropper i kraftig ventilasjonsnett for \u00f8kt komfort. Ett stort hovedrom og ett frontrom, samt to sidelommer. Sterk stol som t\u00e5ler sidevekt p\u00e5 200 kg. Regntrekk.     <\/p>\n","protected":false},"excerpt":{"rendered":"<div class=\"relative basis-auto flex-col -mb-(--composer-overlap-px) [--composer-overlap-px:28px] grow flex\">\n<div class=\"flex flex-col text-sm pb-25\">\n<article class=\"text-token-text-primary w-full focus:outline-none [--shadow-height:45px] has-data-writing-block:pointer-events-none has-data-writing-block:-mt-(--shadow-height) has-data-writing-block:pt-(--shadow-height) [&amp;:has([data-writing-block])&gt;*]:pointer-events-auto scroll-mt-[calc(var(--header-height)+min(200px,max(70px,20svh)))]\" dir=\"auto\" tabindex=\"-1\" data-turn-id=\"request-68342a7b-4650-800a-8f78-37ef23b5530d-6\" data-testid=\"conversation-turn-263\" data-scroll-anchor=\"true\" data-turn=\"assistant\">\n<div class=\"text-base my-auto mx-auto pb-10 [--thread-content-margin:--spacing(4)] @w-sm\/main:[--thread-content-margin:--spacing(6)] @w-lg\/main:[--thread-content-margin:--spacing(16)] px-(--thread-content-margin)\">\n<div class=\"[--thread-content-max-width:40rem] @w-lg\/main:[--thread-content-max-width:48rem] mx-auto max-w-(--thread-content-max-width) flex-1 group\/turn-messages focus-visible:outline-hidden relative flex w-full min-w-0 flex-col agent-turn\" tabindex=\"-1\">\n<div class=\"flex max-w-full flex-col grow\">\n<div class=\"min-h-8 text-message relative flex w-full flex-col items-end gap-2 text-start break-words whitespace-normal [.text-message+&amp;]:mt-1\" dir=\"auto\" data-message-author-role=\"assistant\" data-message-id=\"07f35154-a2df-4639-80e7-fca0438c6057\" data-message-model-slug=\"gpt-5-2\">\n<div class=\"flex w-full flex-col gap-1 empty:hidden first:pt-[1px]\">\n<div class=\"markdown prose dark:prose-invert w-full wrap-break-word light markdown-new-styling\">\n<p data-start=\"162\" data-end=\"211\"><strong data-start=\"162\" data-end=\"211\">Kompakt, sterk og bygget for nordiske forhold<\/strong><\/p>\n<p data-start=\"213\" data-end=\"461\">Bjoern er Ryggsekken for jegeren som \u00f8nsker b\u00e5de komfort og styrke i ett kompakt oppsett. Den er laget av lydl\u00f8st lodenmateriale og kombinert med en solid aluminiumsramme f\u00e5r du en robust stolryggsekk som holder lenge &#8211; selv under krevende forhold. <\/p>\n<hr data-start=\"463\" data-end=\"466\">\n<h3 data-start=\"468\" data-end=\"505\">Ekstrem styrke &#8211; maksimal sikkerhet<\/h3>\n<p data-start=\"507\" data-end=\"690\">Stolen er konstruert med en solid aluminiumsramme og har en imponerende maksimal belastning p\u00e5 <strong data-start=\"608\" data-end=\"618\">200 kg.<\/strong> Dette gir deg stabilitet og trygghet n\u00e5r du sitter i stolen &#8211; uansett underlag. <\/p>\n<hr data-start=\"692\" data-end=\"695\">\n<h3 data-start=\"697\" data-end=\"716\">Komfort i fokus<\/h3>\n<ul data-start=\"718\" data-end=\"889\">\n<li data-start=\"718\" data-end=\"746\">\n<p data-start=\"720\" data-end=\"746\">Polstret ryggkonstruksjon<\/p>\n<\/li>\n<li data-start=\"747\" data-end=\"799\">\n<p data-start=\"749\" data-end=\"799\">Brede skulderstropper i kraftig ventilasjonsnett<\/p>\n<\/li>\n<li data-start=\"800\" data-end=\"838\">\n<p data-start=\"802\" data-end=\"838\">Hoftebelte for bedre vektfordeling<\/p>\n<\/li>\n<li data-start=\"839\" data-end=\"861\">\n<p data-start=\"841\" data-end=\"861\">Super sittekomfort<\/p>\n<\/li>\n<li data-start=\"862\" data-end=\"889\">\n<p data-start=\"864\" data-end=\"889\">Regntrekk inkludert<\/p>\n<\/li>\n<\/ul>\n<p data-start=\"891\" data-end=\"1033\">De brede, ventilerte stroppene \u00f8ker komforten p\u00e5 lengre turer, og polstringen i Ryggsekken s\u00f8rger for behagelig b\u00e6ring &#8211; selv n\u00e5r sekken er fullpakket.<\/p>\n<hr data-start=\"1035\" data-end=\"1038\">\n<h3 data-start=\"1040\" data-end=\"1064\">Praktisk og romslig<\/h3>\n<p data-start=\"1066\" data-end=\"1129\">Med en kapasitet p\u00e5 30 liter har du plass til alt utstyret du trenger:<\/p>\n<ul data-start=\"1131\" data-end=\"1209\">\n<li data-start=\"1131\" data-end=\"1149\">\n<p data-start=\"1133\" data-end=\"1149\">Stort hovedrom<\/p>\n<\/li>\n<li data-start=\"1150\" data-end=\"1173\">\n<p data-start=\"1152\" data-end=\"1173\">Romslig lomme foran<\/p>\n<\/li>\n<li data-start=\"1174\" data-end=\"1209\">\n<p data-start=\"1176\" data-end=\"1209\">To sidelommer<\/p>\n<\/li>\n<\/ul>\n<p data-start=\"1211\" data-end=\"1328\">Alt er pakket inn i en kompakt og velbalansert design som gj\u00f8r Bjoern enkel \u00e5 h\u00e5ndtere b\u00e5de under transport og jakt.<\/p>\n<hr data-start=\"1330\" data-end=\"1333\">\n<h3 data-start=\"1335\" data-end=\"1354\">Spesifikasjoner<\/h3>\n<ul data-start=\"1356\" data-end=\"1528\">\n<li data-start=\"1356\" data-end=\"1392\">\n<p data-start=\"1358\" data-end=\"1392\">M\u00e5l (H x B x D): 52 x 30 x 25 cm<\/p>\n<\/li>\n<li data-start=\"1393\" data-end=\"1412\">\n<p data-start=\"1395\" data-end=\"1412\">Vekt: 2100 gram<\/p>\n<\/li>\n<li data-start=\"1413\" data-end=\"1434\">\n<p data-start=\"1415\" data-end=\"1434\">Volum: 30 liter<\/p>\n<\/li>\n<li data-start=\"1435\" data-end=\"1468\">\n<p data-start=\"1437\" data-end=\"1468\">Materiale: Loden og aluminium<\/p>\n<\/li>\n<li data-start=\"1469\" data-end=\"1489\">\n<p data-start=\"1471\" data-end=\"1489\">Farge: M\u00f8rkebrun<\/p>\n<\/li>\n<li data-start=\"1490\" data-end=\"1528\">\n<p data-start=\"1492\" data-end=\"1528\">Maksimal belastning (stol): 200 kg<\/p>\n<\/li>\n<\/ul>\n<hr data-start=\"1530\" data-end=\"1533\">\n<p data-start=\"1535\" data-end=\"1666\">Bjoern er det opplagte valget for jegere som \u00f8nsker en sterk, kompakt og stilleg\u00e5ende stolryggsekk med h\u00f8y komfort og imponerende b\u00e6reevne.<\/p>\n<p data-start=\"1668\" data-end=\"1709\" data-is-last-node=\"\" data-is-only-node=\"\">N\u00e5r du setter deg ned &#8211; vil du kjenne forskjellen.<\/p>\n<\/div>\n<\/div>\n<\/div>\n<\/div>\n<div class=\"z-0 flex min-h-[46px] justify-start\"><\/div>\n<\/div>\n<\/div>\n<\/article>\n<\/div>\n<\/div>\n","protected":false},"featured_media":42292,"comment_status":"closed","ping_status":"closed","template":"","meta":{"_acf_changed":false},"product_brand":[],"product_cat":[128],"product_tag":[],"class_list":{"0":"post-42290","1":"product","2":"type-product","3":"status-publish","4":"has-post-thumbnail","6":"product_cat-ryggsekker-og-vesker","8":"first","9":"instock","10":"purchasable","11":"product-type-simple"},"supplier_id":null,"supplier_sku":"","barcode":null,"atum_controlled":true,"out_stock_date":null,"out_stock_threshold":null,"inheritable":false,"inbound_stock":null,"stock_on_hold":2,"sold_today":0,"sales_last_days":2,"reserved_stock":null,"customer_returns":null,"warehouse_damage":null,"lost_in_post":null,"other_logs":null,"out_stock_days":0,"lost_sales":0,"has_location":false,"update_date":"2026-03-04T23:03:33","atum_locations":[],"atum_stock_status":"instock","restock_status":false,"low_stock_amount":"","sales_update_date":"2026-03-04T23:03:33","calc_backorders":null,"acf":[],"yoast_head":"<!-- This site is optimized with the Yoast SEO plugin v27.3 - https:\/\/yoast.com\/product\/yoast-seo-wordpress\/ -->\n<title>Ryggsekk stol Bjoern Brown Loden - Mj\u00f8lner Hunting<\/title>\n<meta name=\"robots\" content=\"index, follow, max-snippet:-1, max-image-preview:large, max-video-preview:-1\" \/>\n<link rel=\"canonical\" href=\"https:\/\/www.mjoelnerhunting.com\/no\/produkt\/ryggsekkstol-bjorn-brown-loden\/\" \/>\n<meta property=\"og:locale\" content=\"nb_NO\" \/>\n<meta property=\"og:type\" content=\"article\" \/>\n<meta property=\"og:title\" content=\"Ryggsekk stol Bjoern Brown Loden - Mj\u00f8lner Hunting\" \/>\n<meta property=\"og:description\" content=\"Kompakt, sterk og bygget for nordiske forhold Bjoern er Ryggsekken for jegeren som \u00f8nsker b\u00e5de komfort og styrke i ett kompakt oppsett. Den er laget av lydl\u00f8st lodenmateriale og kombinert med en solid aluminiumsramme f\u00e5r du en robust stolryggsekk som holder lenge - selv under krevende forhold.   Ekstrem styrke - maksimal sikkerhet Stolen er konstruert med en solid aluminiumsramme og har en imponerende maksimal belastning p\u00e5 200 kg. Dette gir deg stabilitet og trygghet n\u00e5r du sitter i stolen - uansett underlag.   Komfort i fokus   Polstret ryggkonstruksjon   Brede skulderstropper i kraftig ventilasjonsnett   Hoftebelte for bedre vektfordeling   Super sittekomfort   Regntrekk inkludert  De brede, ventilerte stroppene \u00f8ker komforten p\u00e5 lengre turer, og polstringen i Ryggsekken s\u00f8rger for behagelig b\u00e6ring - selv n\u00e5r sekken er fullpakket.   Praktisk og romslig Med en kapasitet p\u00e5 30 liter har du plass til alt utstyret du trenger:   Stort hovedrom   Romslig lomme foran   To sidelommer  Alt er pakket inn i en kompakt og velbalansert design som gj\u00f8r Bjoern enkel \u00e5 h\u00e5ndtere b\u00e5de under transport og jakt.   Spesifikasjoner   M\u00e5l (H x B x D): 52 x 30 x 25 cm   Vekt: 2100 gram   Volum: 30 liter   Materiale: Loden og aluminium   Farge: M\u00f8rkebrun   Maksimal belastning (stol): 200 kg   Bjoern er det opplagte valget for jegere som \u00f8nsker en sterk, kompakt og stilleg\u00e5ende stolryggsekk med h\u00f8y komfort og imponerende b\u00e6reevne. N\u00e5r du setter deg ned - vil du kjenne forskjellen.\" \/>\n<meta property=\"og:url\" content=\"https:\/\/www.mjoelnerhunting.com\/no\/produkt\/ryggsekkstol-bjorn-brown-loden\/\" \/>\n<meta property=\"og:site_name\" content=\"Mj\u00f8lner Hunting\" \/>\n<meta property=\"article:publisher\" content=\"https:\/\/www.facebook.com\/MJOELNERHUNTING\" \/>\n<meta property=\"article:modified_time\" content=\"2026-02-22T14:51:43+00:00\" \/>\n<meta property=\"og:image\" content=\"https:\/\/www.mjoelnerhunting.com\/wp-content\/uploads\/2026\/01\/10202121301_Backpack_Chair_Bjoern_Brown_Loden%20(10)-scaled.jpg\" \/>\n\t<meta property=\"og:image:width\" content=\"1886\" \/>\n\t<meta property=\"og:image:height\" content=\"2560\" \/>\n\t<meta property=\"og:image:type\" content=\"image\/jpeg\" \/>\n<meta name=\"twitter:card\" content=\"summary_large_image\" \/>\n<script type=\"application\/ld+json\" class=\"yoast-schema-graph\">{\"@context\":\"https:\\\/\\\/schema.org\",\"@graph\":[{\"@type\":\"WebPage\",\"@id\":\"https:\\\/\\\/www.mjoelnerhunting.com\\\/no\\\/produkt\\\/ryggsekkstol-bjorn-brown-loden\\\/\",\"url\":\"https:\\\/\\\/www.mjoelnerhunting.com\\\/no\\\/produkt\\\/ryggsekkstol-bjorn-brown-loden\\\/\",\"name\":\"Ryggsekk stol Bjoern Brown Loden - Mj\u00f8lner Hunting\",\"isPartOf\":{\"@id\":\"https:\\\/\\\/www.mjoelnerhunting.com\\\/no\\\/#website\"},\"primaryImageOfPage\":{\"@id\":\"https:\\\/\\\/www.mjoelnerhunting.com\\\/no\\\/produkt\\\/ryggsekkstol-bjorn-brown-loden\\\/#primaryimage\"},\"image\":{\"@id\":\"https:\\\/\\\/www.mjoelnerhunting.com\\\/no\\\/produkt\\\/ryggsekkstol-bjorn-brown-loden\\\/#primaryimage\"},\"thumbnailUrl\":\"https:\\\/\\\/www.mjoelnerhunting.com\\\/wp-content\\\/uploads\\\/2026\\\/01\\\/10202121301_Backpack_Chair_Bjoern_Brown_Loden (10)-scaled.jpg\",\"datePublished\":\"2026-02-19T11:58:00+00:00\",\"dateModified\":\"2026-02-22T14:51:43+00:00\",\"breadcrumb\":{\"@id\":\"https:\\\/\\\/www.mjoelnerhunting.com\\\/no\\\/produkt\\\/ryggsekkstol-bjorn-brown-loden\\\/#breadcrumb\"},\"inLanguage\":\"nb-NO\",\"potentialAction\":[{\"@type\":\"ReadAction\",\"target\":[\"https:\\\/\\\/www.mjoelnerhunting.com\\\/no\\\/produkt\\\/ryggsekkstol-bjorn-brown-loden\\\/\"]}]},{\"@type\":\"ImageObject\",\"inLanguage\":\"nb-NO\",\"@id\":\"https:\\\/\\\/www.mjoelnerhunting.com\\\/no\\\/produkt\\\/ryggsekkstol-bjorn-brown-loden\\\/#primaryimage\",\"url\":\"https:\\\/\\\/www.mjoelnerhunting.com\\\/wp-content\\\/uploads\\\/2026\\\/01\\\/10202121301_Backpack_Chair_Bjoern_Brown_Loden (10)-scaled.jpg\",\"contentUrl\":\"https:\\\/\\\/www.mjoelnerhunting.com\\\/wp-content\\\/uploads\\\/2026\\\/01\\\/10202121301_Backpack_Chair_Bjoern_Brown_Loden (10)-scaled.jpg\",\"width\":1886,\"height\":2560},{\"@type\":\"BreadcrumbList\",\"@id\":\"https:\\\/\\\/www.mjoelnerhunting.com\\\/no\\\/produkt\\\/ryggsekkstol-bjorn-brown-loden\\\/#breadcrumb\",\"itemListElement\":[{\"@type\":\"ListItem\",\"position\":1,\"name\":\"Hjem\",\"item\":\"https:\\\/\\\/www.mjoelnerhunting.com\\\/no\\\/jakt-smartere-ikke-hardere\\\/\"},{\"@type\":\"ListItem\",\"position\":2,\"name\":\"Butikk\",\"item\":\"https:\\\/\\\/www.mjoelnerhunting.com\\\/no\\\/butikk\\\/\"},{\"@type\":\"ListItem\",\"position\":3,\"name\":\"Ryggsekk stol Bjoern Brown Loden\"}]},{\"@type\":\"WebSite\",\"@id\":\"https:\\\/\\\/www.mjoelnerhunting.com\\\/no\\\/#website\",\"url\":\"https:\\\/\\\/www.mjoelnerhunting.com\\\/no\\\/\",\"name\":\"Mj\u00f8lner Hunting\",\"description\":\"Hunting Gear\",\"publisher\":{\"@id\":\"https:\\\/\\\/www.mjoelnerhunting.com\\\/no\\\/#organization\"},\"potentialAction\":[{\"@type\":\"SearchAction\",\"target\":{\"@type\":\"EntryPoint\",\"urlTemplate\":\"https:\\\/\\\/www.mjoelnerhunting.com\\\/no\\\/?s={search_term_string}\"},\"query-input\":{\"@type\":\"PropertyValueSpecification\",\"valueRequired\":true,\"valueName\":\"search_term_string\"}}],\"inLanguage\":\"nb-NO\"},{\"@type\":\"Organization\",\"@id\":\"https:\\\/\\\/www.mjoelnerhunting.com\\\/no\\\/#organization\",\"name\":\"Mj\u00f8lner Jakt\",\"url\":\"https:\\\/\\\/www.mjoelnerhunting.com\\\/no\\\/\",\"logo\":{\"@type\":\"ImageObject\",\"inLanguage\":\"nb-NO\",\"@id\":\"https:\\\/\\\/www.mjoelnerhunting.com\\\/no\\\/#\\\/schema\\\/logo\\\/image\\\/\",\"url\":\"https:\\\/\\\/www.mjoelnerhunting.com\\\/wp-content\\\/uploads\\\/2021\\\/10\\\/Logo-White.png\",\"contentUrl\":\"https:\\\/\\\/www.mjoelnerhunting.com\\\/wp-content\\\/uploads\\\/2021\\\/10\\\/Logo-White.png\",\"width\":238,\"height\":114,\"caption\":\"Mj\u00f8lner Jakt\"},\"image\":{\"@id\":\"https:\\\/\\\/www.mjoelnerhunting.com\\\/no\\\/#\\\/schema\\\/logo\\\/image\\\/\"},\"sameAs\":[\"https:\\\/\\\/www.facebook.com\\\/MJOELNERHUNTING\"]}]}<\/script>\n<!-- \/ Yoast SEO plugin. -->","yoast_head_json":{"title":"Ryggsekk stol Bjoern Brown Loden - Mj\u00f8lner Hunting","robots":{"index":"index","follow":"follow","max-snippet":"max-snippet:-1","max-image-preview":"max-image-preview:large","max-video-preview":"max-video-preview:-1"},"canonical":"https:\/\/www.mjoelnerhunting.com\/no\/produkt\/ryggsekkstol-bjorn-brown-loden\/","og_locale":"nb_NO","og_type":"article","og_title":"Ryggsekk stol Bjoern Brown Loden - Mj\u00f8lner Hunting","og_description":"Kompakt, sterk og bygget for nordiske forhold Bjoern er Ryggsekken for jegeren som \u00f8nsker b\u00e5de komfort og styrke i ett kompakt oppsett. Den er laget av lydl\u00f8st lodenmateriale og kombinert med en solid aluminiumsramme f\u00e5r du en robust stolryggsekk som holder lenge - selv under krevende forhold.   Ekstrem styrke - maksimal sikkerhet Stolen er konstruert med en solid aluminiumsramme og har en imponerende maksimal belastning p\u00e5 200 kg. Dette gir deg stabilitet og trygghet n\u00e5r du sitter i stolen - uansett underlag.   Komfort i fokus   Polstret ryggkonstruksjon   Brede skulderstropper i kraftig ventilasjonsnett   Hoftebelte for bedre vektfordeling   Super sittekomfort   Regntrekk inkludert  De brede, ventilerte stroppene \u00f8ker komforten p\u00e5 lengre turer, og polstringen i Ryggsekken s\u00f8rger for behagelig b\u00e6ring - selv n\u00e5r sekken er fullpakket.   Praktisk og romslig Med en kapasitet p\u00e5 30 liter har du plass til alt utstyret du trenger:   Stort hovedrom   Romslig lomme foran   To sidelommer  Alt er pakket inn i en kompakt og velbalansert design som gj\u00f8r Bjoern enkel \u00e5 h\u00e5ndtere b\u00e5de under transport og jakt.   Spesifikasjoner   M\u00e5l (H x B x D): 52 x 30 x 25 cm   Vekt: 2100 gram   Volum: 30 liter   Materiale: Loden og aluminium   Farge: M\u00f8rkebrun   Maksimal belastning (stol): 200 kg   Bjoern er det opplagte valget for jegere som \u00f8nsker en sterk, kompakt og stilleg\u00e5ende stolryggsekk med h\u00f8y komfort og imponerende b\u00e6reevne. N\u00e5r du setter deg ned - vil du kjenne forskjellen.","og_url":"https:\/\/www.mjoelnerhunting.com\/no\/produkt\/ryggsekkstol-bjorn-brown-loden\/","og_site_name":"Mj\u00f8lner Hunting","article_publisher":"https:\/\/www.facebook.com\/MJOELNERHUNTING","article_modified_time":"2026-02-22T14:51:43+00:00","og_image":[{"width":1886,"height":2560,"url":"https:\/\/www.mjoelnerhunting.com\/wp-content\/uploads\/2026\/01\/10202121301_Backpack_Chair_Bjoern_Brown_Loden (10)-scaled.jpg","type":"image\/jpeg"}],"twitter_card":"summary_large_image","schema":{"@context":"https:\/\/schema.org","@graph":[{"@type":"WebPage","@id":"https:\/\/www.mjoelnerhunting.com\/no\/produkt\/ryggsekkstol-bjorn-brown-loden\/","url":"https:\/\/www.mjoelnerhunting.com\/no\/produkt\/ryggsekkstol-bjorn-brown-loden\/","name":"Ryggsekk stol Bjoern Brown Loden - Mj\u00f8lner Hunting","isPartOf":{"@id":"https:\/\/www.mjoelnerhunting.com\/no\/#website"},"primaryImageOfPage":{"@id":"https:\/\/www.mjoelnerhunting.com\/no\/produkt\/ryggsekkstol-bjorn-brown-loden\/#primaryimage"},"image":{"@id":"https:\/\/www.mjoelnerhunting.com\/no\/produkt\/ryggsekkstol-bjorn-brown-loden\/#primaryimage"},"thumbnailUrl":"https:\/\/www.mjoelnerhunting.com\/wp-content\/uploads\/2026\/01\/10202121301_Backpack_Chair_Bjoern_Brown_Loden (10)-scaled.jpg","datePublished":"2026-02-19T11:58:00+00:00","dateModified":"2026-02-22T14:51:43+00:00","breadcrumb":{"@id":"https:\/\/www.mjoelnerhunting.com\/no\/produkt\/ryggsekkstol-bjorn-brown-loden\/#breadcrumb"},"inLanguage":"nb-NO","potentialAction":[{"@type":"ReadAction","target":["https:\/\/www.mjoelnerhunting.com\/no\/produkt\/ryggsekkstol-bjorn-brown-loden\/"]}]},{"@type":"ImageObject","inLanguage":"nb-NO","@id":"https:\/\/www.mjoelnerhunting.com\/no\/produkt\/ryggsekkstol-bjorn-brown-loden\/#primaryimage","url":"https:\/\/www.mjoelnerhunting.com\/wp-content\/uploads\/2026\/01\/10202121301_Backpack_Chair_Bjoern_Brown_Loden (10)-scaled.jpg","contentUrl":"https:\/\/www.mjoelnerhunting.com\/wp-content\/uploads\/2026\/01\/10202121301_Backpack_Chair_Bjoern_Brown_Loden (10)-scaled.jpg","width":1886,"height":2560},{"@type":"BreadcrumbList","@id":"https:\/\/www.mjoelnerhunting.com\/no\/produkt\/ryggsekkstol-bjorn-brown-loden\/#breadcrumb","itemListElement":[{"@type":"ListItem","position":1,"name":"Hjem","item":"https:\/\/www.mjoelnerhunting.com\/no\/jakt-smartere-ikke-hardere\/"},{"@type":"ListItem","position":2,"name":"Butikk","item":"https:\/\/www.mjoelnerhunting.com\/no\/butikk\/"},{"@type":"ListItem","position":3,"name":"Ryggsekk stol Bjoern Brown Loden"}]},{"@type":"WebSite","@id":"https:\/\/www.mjoelnerhunting.com\/no\/#website","url":"https:\/\/www.mjoelnerhunting.com\/no\/","name":"Mj\u00f8lner Hunting","description":"Hunting Gear","publisher":{"@id":"https:\/\/www.mjoelnerhunting.com\/no\/#organization"},"potentialAction":[{"@type":"SearchAction","target":{"@type":"EntryPoint","urlTemplate":"https:\/\/www.mjoelnerhunting.com\/no\/?s={search_term_string}"},"query-input":{"@type":"PropertyValueSpecification","valueRequired":true,"valueName":"search_term_string"}}],"inLanguage":"nb-NO"},{"@type":"Organization","@id":"https:\/\/www.mjoelnerhunting.com\/no\/#organization","name":"Mj\u00f8lner Jakt","url":"https:\/\/www.mjoelnerhunting.com\/no\/","logo":{"@type":"ImageObject","inLanguage":"nb-NO","@id":"https:\/\/www.mjoelnerhunting.com\/no\/#\/schema\/logo\/image\/","url":"https:\/\/www.mjoelnerhunting.com\/wp-content\/uploads\/2021\/10\/Logo-White.png","contentUrl":"https:\/\/www.mjoelnerhunting.com\/wp-content\/uploads\/2021\/10\/Logo-White.png","width":238,"height":114,"caption":"Mj\u00f8lner Jakt"},"image":{"@id":"https:\/\/www.mjoelnerhunting.com\/no\/#\/schema\/logo\/image\/"},"sameAs":["https:\/\/www.facebook.com\/MJOELNERHUNTING"]}]}},"_links":{"self":[{"href":"https:\/\/www.mjoelnerhunting.com\/no\/wp-json\/wp\/v2\/product\/42290","targetHints":{"allow":["GET"]}}],"collection":[{"href":"https:\/\/www.mjoelnerhunting.com\/no\/wp-json\/wp\/v2\/product"}],"about":[{"href":"https:\/\/www.mjoelnerhunting.com\/no\/wp-json\/wp\/v2\/types\/product"}],"replies":[{"embeddable":true,"href":"https:\/\/www.mjoelnerhunting.com\/no\/wp-json\/wp\/v2\/comments?post=42290"}],"wp:featuredmedia":[{"embeddable":true,"href":"https:\/\/www.mjoelnerhunting.com\/no\/wp-json\/wp\/v2\/media\/42292"}],"wp:attachment":[{"href":"https:\/\/www.mjoelnerhunting.com\/no\/wp-json\/wp\/v2\/media?parent=42290"}],"wp:term":[{"taxonomy":"product_brand","embeddable":true,"href":"https:\/\/www.mjoelnerhunting.com\/no\/wp-json\/wp\/v2\/product_brand?post=42290"},{"taxonomy":"product_cat","embeddable":true,"href":"https:\/\/www.mjoelnerhunting.com\/no\/wp-json\/wp\/v2\/product_cat?post=42290"},{"taxonomy":"product_tag","embeddable":true,"href":"https:\/\/www.mjoelnerhunting.com\/no\/wp-json\/wp\/v2\/product_tag?post=42290"}],"curies":[{"name":"wp","href":"https:\/\/api.w.org\/{rel}","templated":true}]}}