{"id":45942,"date":"2026-02-02T14:25:33","date_gmt":"2026-02-02T13:25:33","guid":{"rendered":"https:\/\/www.mjoelnerhunting.com\/product\/icom-d-52-jagdfunkgeraet\/"},"modified":"2026-03-30T10:54:09","modified_gmt":"2026-03-30T08:54:09","slug":"icom-d-52-jagdfunkgeraet","status":"publish","type":"product","link":"https:\/\/www.mjoelnerhunting.com\/de\/produkt\/icom-d-52-jagdfunkgeraet\/","title":{"rendered":"ICOM D-52 Jagdfunkger\u00e4t"},"content":{"rendered":"<p>Das ICOM ProHunt D52 Jagdfunkger\u00e4t mit Waldantenne und Headset ist sofort einsatzbereit und verf\u00fcgt \u00fcber fortschrittliche Technologie, die sowohl digitale als auch analoge Jagdkan\u00e4le verarbeitet. Das D52 verf\u00fcgt \u00fcber integriertes Bluetooth. Das Set enth\u00e4lt eine Waldantenne f\u00fcr eine verbesserte Reichweite und ein komfortables Headset.  <\/p>\n","protected":false},"excerpt":{"rendered":"<p>Mjoelner Hunting<\/p>\n","protected":false},"featured_media":47267,"comment_status":"closed","ping_status":"closed","template":"","meta":{"_acf_changed":false},"product_brand":[],"product_cat":[232],"product_tag":[],"class_list":{"0":"post-45942","1":"product","2":"type-product","3":"status-publish","4":"has-post-thumbnail","6":"product_cat-jagdradio-und-zubehoer","8":"first","9":"instock","10":"purchasable","11":"product-type-simple"},"supplier_id":null,"supplier_sku":"","barcode":null,"atum_controlled":true,"out_stock_date":null,"out_stock_threshold":null,"inheritable":false,"inbound_stock":0,"stock_on_hold":0,"sold_today":0,"sales_last_days":2,"reserved_stock":0,"customer_returns":0,"warehouse_damage":0,"lost_in_post":0,"other_logs":0,"out_stock_days":0,"lost_sales":0,"has_location":false,"update_date":"2026-03-30T08:53:57","atum_locations":[],"atum_stock_status":"instock","restock_status":false,"low_stock_amount":"","sales_update_date":"2026-02-23T08:43:30","calc_backorders":null,"acf":[],"yoast_head":"<!-- This site is optimized with the Yoast SEO plugin v27.3 - https:\/\/yoast.com\/product\/yoast-seo-wordpress\/ -->\n<title>ICOM D-52 Jagdfunkger\u00e4t - Mj\u00f8lner Hunting<\/title>\n<meta name=\"robots\" content=\"index, follow, max-snippet:-1, max-image-preview:large, max-video-preview:-1\" \/>\n<link rel=\"canonical\" href=\"https:\/\/www.mjoelnerhunting.com\/de\/produkt\/icom-d-52-jagdfunkgeraet\/\" \/>\n<meta property=\"og:locale\" content=\"de_DE\" \/>\n<meta property=\"og:type\" content=\"article\" \/>\n<meta property=\"og:title\" content=\"ICOM D-52 Jagdfunkger\u00e4t - Mj\u00f8lner Hunting\" \/>\n<meta property=\"og:description\" content=\"Mjoelner Hunting\" \/>\n<meta property=\"og:url\" content=\"https:\/\/www.mjoelnerhunting.com\/de\/produkt\/icom-d-52-jagdfunkgeraet\/\" \/>\n<meta property=\"og:site_name\" content=\"Mj\u00f8lner Hunting\" \/>\n<meta property=\"article:publisher\" content=\"https:\/\/www.facebook.com\/MJOELNERHUNTING\" \/>\n<meta property=\"article:modified_time\" content=\"2026-03-30T08:54:09+00:00\" \/>\n<meta property=\"og:image\" content=\"https:\/\/www.mjoelnerhunting.com\/wp-content\/uploads\/2026\/02\/icom-prohunt-D52_saet.jpg\" \/>\n\t<meta property=\"og:image:width\" content=\"225\" \/>\n\t<meta property=\"og:image:height\" content=\"225\" \/>\n\t<meta property=\"og:image:type\" content=\"image\/jpeg\" \/>\n<meta name=\"twitter:card\" content=\"summary_large_image\" \/>\n<script type=\"application\/ld+json\" class=\"yoast-schema-graph\">{\"@context\":\"https:\\\/\\\/schema.org\",\"@graph\":[{\"@type\":\"WebPage\",\"@id\":\"https:\\\/\\\/www.mjoelnerhunting.com\\\/de\\\/produkt\\\/icom-d-52-jagdfunkgeraet\\\/\",\"url\":\"https:\\\/\\\/www.mjoelnerhunting.com\\\/de\\\/produkt\\\/icom-d-52-jagdfunkgeraet\\\/\",\"name\":\"ICOM D-52 Jagdfunkger\u00e4t - Mj\u00f8lner Hunting\",\"isPartOf\":{\"@id\":\"https:\\\/\\\/www.mjoelnerhunting.com\\\/de\\\/#website\"},\"primaryImageOfPage\":{\"@id\":\"https:\\\/\\\/www.mjoelnerhunting.com\\\/de\\\/produkt\\\/icom-d-52-jagdfunkgeraet\\\/#primaryimage\"},\"image\":{\"@id\":\"https:\\\/\\\/www.mjoelnerhunting.com\\\/de\\\/produkt\\\/icom-d-52-jagdfunkgeraet\\\/#primaryimage\"},\"thumbnailUrl\":\"https:\\\/\\\/www.mjoelnerhunting.com\\\/wp-content\\\/uploads\\\/2026\\\/02\\\/icom-prohunt-D52_saet.jpg\",\"datePublished\":\"2026-02-02T13:25:33+00:00\",\"dateModified\":\"2026-03-30T08:54:09+00:00\",\"breadcrumb\":{\"@id\":\"https:\\\/\\\/www.mjoelnerhunting.com\\\/de\\\/produkt\\\/icom-d-52-jagdfunkgeraet\\\/#breadcrumb\"},\"inLanguage\":\"de\",\"potentialAction\":[{\"@type\":\"ReadAction\",\"target\":[\"https:\\\/\\\/www.mjoelnerhunting.com\\\/de\\\/produkt\\\/icom-d-52-jagdfunkgeraet\\\/\"]}]},{\"@type\":\"ImageObject\",\"inLanguage\":\"de\",\"@id\":\"https:\\\/\\\/www.mjoelnerhunting.com\\\/de\\\/produkt\\\/icom-d-52-jagdfunkgeraet\\\/#primaryimage\",\"url\":\"https:\\\/\\\/www.mjoelnerhunting.com\\\/wp-content\\\/uploads\\\/2026\\\/02\\\/icom-prohunt-D52_saet.jpg\",\"contentUrl\":\"https:\\\/\\\/www.mjoelnerhunting.com\\\/wp-content\\\/uploads\\\/2026\\\/02\\\/icom-prohunt-D52_saet.jpg\",\"width\":225,\"height\":225},{\"@type\":\"BreadcrumbList\",\"@id\":\"https:\\\/\\\/www.mjoelnerhunting.com\\\/de\\\/produkt\\\/icom-d-52-jagdfunkgeraet\\\/#breadcrumb\",\"itemListElement\":[{\"@type\":\"ListItem\",\"position\":1,\"name\":\"Startseite\",\"item\":\"https:\\\/\\\/www.mjoelnerhunting.com\\\/de\\\/jagen-sie-klueger-nicht-haerter\\\/\"},{\"@type\":\"ListItem\",\"position\":2,\"name\":\"Shop\",\"item\":\"https:\\\/\\\/www.mjoelnerhunting.com\\\/de\\\/shop\\\/\"},{\"@type\":\"ListItem\",\"position\":3,\"name\":\"ICOM D-52 Jagdfunkger\u00e4t\"}]},{\"@type\":\"WebSite\",\"@id\":\"https:\\\/\\\/www.mjoelnerhunting.com\\\/de\\\/#website\",\"url\":\"https:\\\/\\\/www.mjoelnerhunting.com\\\/de\\\/\",\"name\":\"Mj\u00f8lner Hunting\",\"description\":\"Hunting Gear\",\"publisher\":{\"@id\":\"https:\\\/\\\/www.mjoelnerhunting.com\\\/de\\\/#organization\"},\"potentialAction\":[{\"@type\":\"SearchAction\",\"target\":{\"@type\":\"EntryPoint\",\"urlTemplate\":\"https:\\\/\\\/www.mjoelnerhunting.com\\\/de\\\/?s={search_term_string}\"},\"query-input\":{\"@type\":\"PropertyValueSpecification\",\"valueRequired\":true,\"valueName\":\"search_term_string\"}}],\"inLanguage\":\"de\"},{\"@type\":\"Organization\",\"@id\":\"https:\\\/\\\/www.mjoelnerhunting.com\\\/de\\\/#organization\",\"name\":\"Mj\u00f8lner-Jagd\",\"url\":\"https:\\\/\\\/www.mjoelnerhunting.com\\\/de\\\/\",\"logo\":{\"@type\":\"ImageObject\",\"inLanguage\":\"de\",\"@id\":\"https:\\\/\\\/www.mjoelnerhunting.com\\\/de\\\/#\\\/schema\\\/logo\\\/image\\\/\",\"url\":\"https:\\\/\\\/www.mjoelnerhunting.com\\\/wp-content\\\/uploads\\\/2021\\\/10\\\/Logo-White.png\",\"contentUrl\":\"https:\\\/\\\/www.mjoelnerhunting.com\\\/wp-content\\\/uploads\\\/2021\\\/10\\\/Logo-White.png\",\"width\":238,\"height\":114,\"caption\":\"Mj\u00f8lner-Jagd\"},\"image\":{\"@id\":\"https:\\\/\\\/www.mjoelnerhunting.com\\\/de\\\/#\\\/schema\\\/logo\\\/image\\\/\"},\"sameAs\":[\"https:\\\/\\\/www.facebook.com\\\/MJOELNERHUNTING\"]}]}<\/script>\n<!-- \/ Yoast SEO plugin. -->","yoast_head_json":{"title":"ICOM D-52 Jagdfunkger\u00e4t - Mj\u00f8lner Hunting","robots":{"index":"index","follow":"follow","max-snippet":"max-snippet:-1","max-image-preview":"max-image-preview:large","max-video-preview":"max-video-preview:-1"},"canonical":"https:\/\/www.mjoelnerhunting.com\/de\/produkt\/icom-d-52-jagdfunkgeraet\/","og_locale":"de_DE","og_type":"article","og_title":"ICOM D-52 Jagdfunkger\u00e4t - Mj\u00f8lner Hunting","og_description":"Mjoelner Hunting","og_url":"https:\/\/www.mjoelnerhunting.com\/de\/produkt\/icom-d-52-jagdfunkgeraet\/","og_site_name":"Mj\u00f8lner Hunting","article_publisher":"https:\/\/www.facebook.com\/MJOELNERHUNTING","article_modified_time":"2026-03-30T08:54:09+00:00","og_image":[{"width":225,"height":225,"url":"https:\/\/www.mjoelnerhunting.com\/wp-content\/uploads\/2026\/02\/icom-prohunt-D52_saet.jpg","type":"image\/jpeg"}],"twitter_card":"summary_large_image","schema":{"@context":"https:\/\/schema.org","@graph":[{"@type":"WebPage","@id":"https:\/\/www.mjoelnerhunting.com\/de\/produkt\/icom-d-52-jagdfunkgeraet\/","url":"https:\/\/www.mjoelnerhunting.com\/de\/produkt\/icom-d-52-jagdfunkgeraet\/","name":"ICOM D-52 Jagdfunkger\u00e4t - Mj\u00f8lner Hunting","isPartOf":{"@id":"https:\/\/www.mjoelnerhunting.com\/de\/#website"},"primaryImageOfPage":{"@id":"https:\/\/www.mjoelnerhunting.com\/de\/produkt\/icom-d-52-jagdfunkgeraet\/#primaryimage"},"image":{"@id":"https:\/\/www.mjoelnerhunting.com\/de\/produkt\/icom-d-52-jagdfunkgeraet\/#primaryimage"},"thumbnailUrl":"https:\/\/www.mjoelnerhunting.com\/wp-content\/uploads\/2026\/02\/icom-prohunt-D52_saet.jpg","datePublished":"2026-02-02T13:25:33+00:00","dateModified":"2026-03-30T08:54:09+00:00","breadcrumb":{"@id":"https:\/\/www.mjoelnerhunting.com\/de\/produkt\/icom-d-52-jagdfunkgeraet\/#breadcrumb"},"inLanguage":"de","potentialAction":[{"@type":"ReadAction","target":["https:\/\/www.mjoelnerhunting.com\/de\/produkt\/icom-d-52-jagdfunkgeraet\/"]}]},{"@type":"ImageObject","inLanguage":"de","@id":"https:\/\/www.mjoelnerhunting.com\/de\/produkt\/icom-d-52-jagdfunkgeraet\/#primaryimage","url":"https:\/\/www.mjoelnerhunting.com\/wp-content\/uploads\/2026\/02\/icom-prohunt-D52_saet.jpg","contentUrl":"https:\/\/www.mjoelnerhunting.com\/wp-content\/uploads\/2026\/02\/icom-prohunt-D52_saet.jpg","width":225,"height":225},{"@type":"BreadcrumbList","@id":"https:\/\/www.mjoelnerhunting.com\/de\/produkt\/icom-d-52-jagdfunkgeraet\/#breadcrumb","itemListElement":[{"@type":"ListItem","position":1,"name":"Startseite","item":"https:\/\/www.mjoelnerhunting.com\/de\/jagen-sie-klueger-nicht-haerter\/"},{"@type":"ListItem","position":2,"name":"Shop","item":"https:\/\/www.mjoelnerhunting.com\/de\/shop\/"},{"@type":"ListItem","position":3,"name":"ICOM D-52 Jagdfunkger\u00e4t"}]},{"@type":"WebSite","@id":"https:\/\/www.mjoelnerhunting.com\/de\/#website","url":"https:\/\/www.mjoelnerhunting.com\/de\/","name":"Mj\u00f8lner Hunting","description":"Hunting Gear","publisher":{"@id":"https:\/\/www.mjoelnerhunting.com\/de\/#organization"},"potentialAction":[{"@type":"SearchAction","target":{"@type":"EntryPoint","urlTemplate":"https:\/\/www.mjoelnerhunting.com\/de\/?s={search_term_string}"},"query-input":{"@type":"PropertyValueSpecification","valueRequired":true,"valueName":"search_term_string"}}],"inLanguage":"de"},{"@type":"Organization","@id":"https:\/\/www.mjoelnerhunting.com\/de\/#organization","name":"Mj\u00f8lner-Jagd","url":"https:\/\/www.mjoelnerhunting.com\/de\/","logo":{"@type":"ImageObject","inLanguage":"de","@id":"https:\/\/www.mjoelnerhunting.com\/de\/#\/schema\/logo\/image\/","url":"https:\/\/www.mjoelnerhunting.com\/wp-content\/uploads\/2021\/10\/Logo-White.png","contentUrl":"https:\/\/www.mjoelnerhunting.com\/wp-content\/uploads\/2021\/10\/Logo-White.png","width":238,"height":114,"caption":"Mj\u00f8lner-Jagd"},"image":{"@id":"https:\/\/www.mjoelnerhunting.com\/de\/#\/schema\/logo\/image\/"},"sameAs":["https:\/\/www.facebook.com\/MJOELNERHUNTING"]}]}},"_links":{"self":[{"href":"https:\/\/www.mjoelnerhunting.com\/de\/wp-json\/wp\/v2\/product\/45942","targetHints":{"allow":["GET"]}}],"collection":[{"href":"https:\/\/www.mjoelnerhunting.com\/de\/wp-json\/wp\/v2\/product"}],"about":[{"href":"https:\/\/www.mjoelnerhunting.com\/de\/wp-json\/wp\/v2\/types\/product"}],"replies":[{"embeddable":true,"href":"https:\/\/www.mjoelnerhunting.com\/de\/wp-json\/wp\/v2\/comments?post=45942"}],"wp:featuredmedia":[{"embeddable":true,"href":"https:\/\/www.mjoelnerhunting.com\/de\/wp-json\/wp\/v2\/media\/47267"}],"wp:attachment":[{"href":"https:\/\/www.mjoelnerhunting.com\/de\/wp-json\/wp\/v2\/media?parent=45942"}],"wp:term":[{"taxonomy":"product_brand","embeddable":true,"href":"https:\/\/www.mjoelnerhunting.com\/de\/wp-json\/wp\/v2\/product_brand?post=45942"},{"taxonomy":"product_cat","embeddable":true,"href":"https:\/\/www.mjoelnerhunting.com\/de\/wp-json\/wp\/v2\/product_cat?post=45942"},{"taxonomy":"product_tag","embeddable":true,"href":"https:\/\/www.mjoelnerhunting.com\/de\/wp-json\/wp\/v2\/product_tag?post=45942"}],"curies":[{"name":"wp","href":"https:\/\/api.w.org\/{rel}","templated":true}]}}