{"id":45839,"date":"2026-02-19T13:10:43","date_gmt":"2026-02-19T12:10:43","guid":{"rendered":"https:\/\/www.mjoelnerhunting.com\/product\/handfernglas-heimdal-xo-1042-laser-entfernungsmesser\/"},"modified":"2026-03-12T16:16:05","modified_gmt":"2026-03-12T15:16:05","slug":"handfernglas-heimdal-xo-1042-laser-entfernungsmesser","status":"publish","type":"product","link":"https:\/\/www.mjoelnerhunting.com\/de\/produkt\/handfernglas-heimdal-xo-1042-laser-entfernungsmesser\/","title":{"rendered":"Fernglas Heimdal XO+ 10*42 Laser-Entfernungsmesser"},"content":{"rendered":"<p data-start=\"84\" data-end=\"125\">Stil: 20913001913 (EAN 5714414000321)<\/p>\n<p data-start=\"127\" data-end=\"146\">Farbe:  Dunkelgr\u00fcn<\/p>\n<p data-start=\"148\" data-end=\"179\">    Hauptmaterial Aluminium<\/p>\n<p data-start=\"181\" data-end=\"223\">Produktdetails L: 15 cm, Gewicht 850 Gramm<\/p>\n<p data-start=\"225\" data-end=\"235\">Eigenschaften<\/p>\n<p data-start=\"237\" data-end=\"255\">Lebenslange Garantie.<\/p>\n<p data-start=\"257\" data-end=\"280\">ED-Spezialglas-Optik.<\/p>\n<p data-start=\"282\" data-end=\"315\">Vollst\u00e4ndig multiverg\u00fctete BaK4-Prismen.<\/p>\n<p data-start=\"317\" data-end=\"357\">Sichtfeld (ft\/1000 Yards) 10&#215;42: 304 ft<\/p>\n<p data-start=\"359\" data-end=\"368\">Wasserdicht<\/p>\n<p data-start=\"370\" data-end=\"408\">Stickstoffgef\u00fcllte Konstruktion &#8211; taufrei.<\/p>\n<p data-start=\"410\" data-end=\"443\">Okularsystem: Drehbares Metallokular.<\/p>\n<p data-start=\"445\" data-end=\"487\">Wird mit Nylontasche, Riemen und Reinigungstuch geliefert.<\/p>\n<hr data-start=\"489\" data-end=\"492\">\n<p data-start=\"494\" data-end=\"515\">Beschreibung des Produkts:<\/p>\n<p data-start=\"517\" data-end=\"786\">Ein hochfunktionelles, handgehaltenes Fernglas. Verbessern Sie Ihre Sicht auf gro\u00dfe Entfernungen bei der Jagd mit dem Heimdal XO Fernglas &#8211; leicht, robust und wasserdicht. ED-Spezialglas-Optik und voll multiverg\u00fctete BaK4-Prismen sorgen f\u00fcr nat\u00fcrliche, klare Farben und eine deutlich verbesserte Leistung bei schlechten Lichtverh\u00e4ltnissen.  <\/p>\n","protected":false},"excerpt":{"rendered":"<p>Mjoelner Hunting<\/p>\n<p data-start=\"84\" data-end=\"125\">Stil: 20913001913 (EAN 5714414000321)<\/p>\n<p data-start=\"127\" data-end=\"146\">Farbe:  Dunkelgr\u00fcn<\/p>\n<p data-start=\"148\" data-end=\"179\">    Hauptmaterial Aluminium<\/p>\n<p data-start=\"181\" data-end=\"223\">Produktdetails L: 15 cm, Gewicht 850 Gramm<\/p>\n<p data-start=\"225\" data-end=\"235\">Merkmale:<\/p>\n<ul>\n<li data-start=\"237\" data-end=\"255\">Lebenslange Garantie.<\/li>\n<li data-start=\"257\" data-end=\"280\">ED-Spezialglas-Optik.<\/li>\n<li data-start=\"282\" data-end=\"315\">Vollst\u00e4ndig multiverg\u00fctete BaK4-Prismen.<\/li>\n<li data-start=\"317\" data-end=\"357\">Sichtfeld (ft\/1000 Yards) 10&#215;42: 304 ft<\/li>\n<li data-start=\"359\" data-end=\"368\">Wasserdicht<\/li>\n<li data-start=\"370\" data-end=\"408\">Stickstoffgef\u00fcllte Konstruktion &#8211; taufrei.<\/li>\n<li data-start=\"410\" data-end=\"443\">Okularsystem: Drehbares Metallokular.<\/li>\n<li data-start=\"445\" data-end=\"487\">Wird mit Nylontasche, Riemen und Reinigungstuch geliefert.<\/li>\n<\/ul>\n<hr data-start=\"489\" data-end=\"492\">\n<p data-start=\"494\" data-end=\"515\">Beschreibung des Produkts:<\/p>\n<p data-start=\"517\" data-end=\"786\">Ein hochfunktionelles, handgehaltenes Fernglas. Verbessern Sie Ihre Sicht auf gro\u00dfe Entfernungen bei der Jagd mit dem Heimdal XO Fernglas &#8211; leicht, robust und wasserdicht. ED-Spezialglas-Optik und voll multiverg\u00fctete BaK4-Prismen sorgen f\u00fcr nat\u00fcrliche, klare Farben und eine deutlich verbesserte Leistung bei schlechten Lichtverh\u00e4ltnissen.  <\/p>\n","protected":false},"featured_media":45840,"comment_status":"closed","ping_status":"closed","template":"","meta":{"_acf_changed":false},"product_brand":[],"product_cat":[199],"product_tag":[],"class_list":{"0":"post-45839","1":"product","2":"type-product","3":"status-publish","4":"has-post-thumbnail","6":"product_cat-optik-und-optikzubehoer","8":"first","9":"instock","10":"purchasable","11":"product-type-simple"},"supplier_id":null,"supplier_sku":"","barcode":null,"atum_controlled":true,"out_stock_date":null,"out_stock_threshold":null,"inheritable":false,"inbound_stock":0,"stock_on_hold":6,"sold_today":0,"sales_last_days":0,"reserved_stock":0,"customer_returns":0,"warehouse_damage":0,"lost_in_post":0,"other_logs":0,"out_stock_days":0,"lost_sales":0,"has_location":false,"update_date":"2026-03-31T22:04:41","atum_locations":[],"atum_stock_status":"instock","restock_status":false,"low_stock_amount":"","sales_update_date":"2026-03-31T22:04:41","calc_backorders":null,"acf":[],"yoast_head":"<!-- This site is optimized with the Yoast SEO plugin v27.3 - https:\/\/yoast.com\/product\/yoast-seo-wordpress\/ -->\n<title>Fernglas Heimdal XO+ 10*42 Laser-Entfernungsmesser - Mj\u00f8lner Hunting<\/title>\n<meta name=\"description\" content=\"Stil: 20913001913 (EAN 5714414000321)Farbe: Dunkelgr\u00fcnHauptmaterial AluminiumProduktdetailsL\u00e4nge: 15 cm, Gewicht 850 GrammMerkmaleLebenslange Garantie.ED-Spezialglasoptik.Voll multiverg\u00fctetes BaK4-Prisma.Sehfeld (ft\/1000 Yards) 10x42: 304 ftWasserdichtStickstoffgef\u00fcllte Konstruktion - beschlagfrei.Okularsystem: Metall-Drehverschluss.Lieferung mit Nylontasche, Trageriemen und Reinigungstuch.Produktbeschreibung:Ein hochfunktionelles Handfernglas. Verbessern Sie Ihre Sicht auf weite Entfernungen bei der Jagd mit dem Heimdal XO Fernglas - leicht, robust und wasserdicht. ED-Spezialglas-Optik und voll multiverg\u00fctete BaK4-Prismen sorgen f\u00fcr nat\u00fcrliche, klare Farben und eine deutlich verbesserte Leistung bei schlechten Lichtverh\u00e4ltnissen.\" \/>\n<meta name=\"robots\" content=\"index, follow, max-snippet:-1, max-image-preview:large, max-video-preview:-1\" \/>\n<link rel=\"canonical\" href=\"https:\/\/www.mjoelnerhunting.com\/de\/produkt\/handfernglas-heimdal-xo-1042-laser-entfernungsmesser\/\" \/>\n<meta property=\"og:locale\" content=\"de_DE\" \/>\n<meta property=\"og:type\" content=\"article\" \/>\n<meta property=\"og:title\" content=\"Fernglas Heimdal XO+ 10*42 Laser-Entfernungsmesser - Mj\u00f8lner Hunting\" \/>\n<meta property=\"og:description\" content=\"Stil: 20913001913 (EAN 5714414000321)Farbe: Dunkelgr\u00fcnHauptmaterial AluminiumProduktdetailsL\u00e4nge: 15 cm, Gewicht 850 GrammMerkmaleLebenslange Garantie.ED-Spezialglasoptik.Voll multiverg\u00fctetes BaK4-Prisma.Sehfeld (ft\/1000 Yards) 10x42: 304 ftWasserdichtStickstoffgef\u00fcllte Konstruktion - beschlagfrei.Okularsystem: Metall-Drehverschluss.Lieferung mit Nylontasche, Trageriemen und Reinigungstuch.Produktbeschreibung:Ein hochfunktionelles Handfernglas. Verbessern Sie Ihre Sicht auf weite Entfernungen bei der Jagd mit dem Heimdal XO Fernglas - leicht, robust und wasserdicht. ED-Spezialglas-Optik und voll multiverg\u00fctete BaK4-Prismen sorgen f\u00fcr nat\u00fcrliche, klare Farben und eine deutlich verbesserte Leistung bei schlechten Lichtverh\u00e4ltnissen.\" \/>\n<meta property=\"og:url\" content=\"https:\/\/www.mjoelnerhunting.com\/de\/produkt\/handfernglas-heimdal-xo-1042-laser-entfernungsmesser\/\" \/>\n<meta property=\"og:site_name\" content=\"Mj\u00f8lner Hunting\" \/>\n<meta property=\"article:publisher\" content=\"https:\/\/www.facebook.com\/MJOELNERHUNTING\" \/>\n<meta property=\"article:modified_time\" content=\"2026-03-12T15:16:05+00:00\" \/>\n<meta property=\"og:image\" content=\"https:\/\/www.mjoelnerhunting.com\/wp-content\/uploads\/2026\/01\/20913001913_Heimdal_LRF.jpg\" \/>\n\t<meta property=\"og:image:width\" content=\"2416\" \/>\n\t<meta property=\"og:image:height\" content=\"2384\" \/>\n\t<meta property=\"og:image:type\" content=\"image\/jpeg\" \/>\n<meta name=\"twitter:card\" content=\"summary_large_image\" \/>\n<script type=\"application\/ld+json\" class=\"yoast-schema-graph\">{\"@context\":\"https:\\\/\\\/schema.org\",\"@graph\":[{\"@type\":\"WebPage\",\"@id\":\"https:\\\/\\\/www.mjoelnerhunting.com\\\/de\\\/produkt\\\/handfernglas-heimdal-xo-1042-laser-entfernungsmesser\\\/\",\"url\":\"https:\\\/\\\/www.mjoelnerhunting.com\\\/de\\\/produkt\\\/handfernglas-heimdal-xo-1042-laser-entfernungsmesser\\\/\",\"name\":\"Fernglas Heimdal XO+ 10*42 Laser-Entfernungsmesser - Mj\u00f8lner Hunting\",\"isPartOf\":{\"@id\":\"https:\\\/\\\/www.mjoelnerhunting.com\\\/de\\\/#website\"},\"primaryImageOfPage\":{\"@id\":\"https:\\\/\\\/www.mjoelnerhunting.com\\\/de\\\/produkt\\\/handfernglas-heimdal-xo-1042-laser-entfernungsmesser\\\/#primaryimage\"},\"image\":{\"@id\":\"https:\\\/\\\/www.mjoelnerhunting.com\\\/de\\\/produkt\\\/handfernglas-heimdal-xo-1042-laser-entfernungsmesser\\\/#primaryimage\"},\"thumbnailUrl\":\"https:\\\/\\\/www.mjoelnerhunting.com\\\/wp-content\\\/uploads\\\/2026\\\/01\\\/20913001913_Heimdal_LRF.jpg\",\"datePublished\":\"2026-02-19T12:10:43+00:00\",\"dateModified\":\"2026-03-12T15:16:05+00:00\",\"description\":\"Stil: 20913001913 (EAN 5714414000321)Farbe: Dunkelgr\u00fcnHauptmaterial AluminiumProduktdetailsL\u00e4nge: 15 cm, Gewicht 850 GrammMerkmaleLebenslange Garantie.ED-Spezialglasoptik.Voll multiverg\u00fctetes BaK4-Prisma.Sehfeld (ft\\\/1000 Yards) 10x42: 304 ftWasserdichtStickstoffgef\u00fcllte Konstruktion - beschlagfrei.Okularsystem: Metall-Drehverschluss.Lieferung mit Nylontasche, Trageriemen und Reinigungstuch.Produktbeschreibung:Ein hochfunktionelles Handfernglas. Verbessern Sie Ihre Sicht auf weite Entfernungen bei der Jagd mit dem Heimdal XO Fernglas - leicht, robust und wasserdicht. ED-Spezialglas-Optik und voll multiverg\u00fctete BaK4-Prismen sorgen f\u00fcr nat\u00fcrliche, klare Farben und eine deutlich verbesserte Leistung bei schlechten Lichtverh\u00e4ltnissen.\",\"breadcrumb\":{\"@id\":\"https:\\\/\\\/www.mjoelnerhunting.com\\\/de\\\/produkt\\\/handfernglas-heimdal-xo-1042-laser-entfernungsmesser\\\/#breadcrumb\"},\"inLanguage\":\"de\",\"potentialAction\":[{\"@type\":\"ReadAction\",\"target\":[\"https:\\\/\\\/www.mjoelnerhunting.com\\\/de\\\/produkt\\\/handfernglas-heimdal-xo-1042-laser-entfernungsmesser\\\/\"]}]},{\"@type\":\"ImageObject\",\"inLanguage\":\"de\",\"@id\":\"https:\\\/\\\/www.mjoelnerhunting.com\\\/de\\\/produkt\\\/handfernglas-heimdal-xo-1042-laser-entfernungsmesser\\\/#primaryimage\",\"url\":\"https:\\\/\\\/www.mjoelnerhunting.com\\\/wp-content\\\/uploads\\\/2026\\\/01\\\/20913001913_Heimdal_LRF.jpg\",\"contentUrl\":\"https:\\\/\\\/www.mjoelnerhunting.com\\\/wp-content\\\/uploads\\\/2026\\\/01\\\/20913001913_Heimdal_LRF.jpg\",\"width\":2416,\"height\":2384},{\"@type\":\"BreadcrumbList\",\"@id\":\"https:\\\/\\\/www.mjoelnerhunting.com\\\/de\\\/produkt\\\/handfernglas-heimdal-xo-1042-laser-entfernungsmesser\\\/#breadcrumb\",\"itemListElement\":[{\"@type\":\"ListItem\",\"position\":1,\"name\":\"Startseite\",\"item\":\"https:\\\/\\\/www.mjoelnerhunting.com\\\/de\\\/jagen-sie-klueger-nicht-haerter\\\/\"},{\"@type\":\"ListItem\",\"position\":2,\"name\":\"Shop\",\"item\":\"https:\\\/\\\/www.mjoelnerhunting.com\\\/de\\\/shop\\\/\"},{\"@type\":\"ListItem\",\"position\":3,\"name\":\"Fernglas Heimdal XO+ 10*42 Laser-Entfernungsmesser\"}]},{\"@type\":\"WebSite\",\"@id\":\"https:\\\/\\\/www.mjoelnerhunting.com\\\/de\\\/#website\",\"url\":\"https:\\\/\\\/www.mjoelnerhunting.com\\\/de\\\/\",\"name\":\"Mj\u00f8lner Hunting\",\"description\":\"Hunting Gear\",\"publisher\":{\"@id\":\"https:\\\/\\\/www.mjoelnerhunting.com\\\/de\\\/#organization\"},\"potentialAction\":[{\"@type\":\"SearchAction\",\"target\":{\"@type\":\"EntryPoint\",\"urlTemplate\":\"https:\\\/\\\/www.mjoelnerhunting.com\\\/de\\\/?s={search_term_string}\"},\"query-input\":{\"@type\":\"PropertyValueSpecification\",\"valueRequired\":true,\"valueName\":\"search_term_string\"}}],\"inLanguage\":\"de\"},{\"@type\":\"Organization\",\"@id\":\"https:\\\/\\\/www.mjoelnerhunting.com\\\/de\\\/#organization\",\"name\":\"Mj\u00f8lner-Jagd\",\"url\":\"https:\\\/\\\/www.mjoelnerhunting.com\\\/de\\\/\",\"logo\":{\"@type\":\"ImageObject\",\"inLanguage\":\"de\",\"@id\":\"https:\\\/\\\/www.mjoelnerhunting.com\\\/de\\\/#\\\/schema\\\/logo\\\/image\\\/\",\"url\":\"https:\\\/\\\/www.mjoelnerhunting.com\\\/wp-content\\\/uploads\\\/2021\\\/10\\\/Logo-White.png\",\"contentUrl\":\"https:\\\/\\\/www.mjoelnerhunting.com\\\/wp-content\\\/uploads\\\/2021\\\/10\\\/Logo-White.png\",\"width\":238,\"height\":114,\"caption\":\"Mj\u00f8lner-Jagd\"},\"image\":{\"@id\":\"https:\\\/\\\/www.mjoelnerhunting.com\\\/de\\\/#\\\/schema\\\/logo\\\/image\\\/\"},\"sameAs\":[\"https:\\\/\\\/www.facebook.com\\\/MJOELNERHUNTING\"]}]}<\/script>\n<!-- \/ Yoast SEO plugin. -->","yoast_head_json":{"title":"Fernglas Heimdal XO+ 10*42 Laser-Entfernungsmesser - Mj\u00f8lner Hunting","description":"Stil: 20913001913 (EAN 5714414000321)Farbe: Dunkelgr\u00fcnHauptmaterial AluminiumProduktdetailsL\u00e4nge: 15 cm, Gewicht 850 GrammMerkmaleLebenslange Garantie.ED-Spezialglasoptik.Voll multiverg\u00fctetes BaK4-Prisma.Sehfeld (ft\/1000 Yards) 10x42: 304 ftWasserdichtStickstoffgef\u00fcllte Konstruktion - beschlagfrei.Okularsystem: Metall-Drehverschluss.Lieferung mit Nylontasche, Trageriemen und Reinigungstuch.Produktbeschreibung:Ein hochfunktionelles Handfernglas. Verbessern Sie Ihre Sicht auf weite Entfernungen bei der Jagd mit dem Heimdal XO Fernglas - leicht, robust und wasserdicht. ED-Spezialglas-Optik und voll multiverg\u00fctete BaK4-Prismen sorgen f\u00fcr nat\u00fcrliche, klare Farben und eine deutlich verbesserte Leistung bei schlechten Lichtverh\u00e4ltnissen.","robots":{"index":"index","follow":"follow","max-snippet":"max-snippet:-1","max-image-preview":"max-image-preview:large","max-video-preview":"max-video-preview:-1"},"canonical":"https:\/\/www.mjoelnerhunting.com\/de\/produkt\/handfernglas-heimdal-xo-1042-laser-entfernungsmesser\/","og_locale":"de_DE","og_type":"article","og_title":"Fernglas Heimdal XO+ 10*42 Laser-Entfernungsmesser - Mj\u00f8lner Hunting","og_description":"Stil: 20913001913 (EAN 5714414000321)Farbe: Dunkelgr\u00fcnHauptmaterial AluminiumProduktdetailsL\u00e4nge: 15 cm, Gewicht 850 GrammMerkmaleLebenslange Garantie.ED-Spezialglasoptik.Voll multiverg\u00fctetes BaK4-Prisma.Sehfeld (ft\/1000 Yards) 10x42: 304 ftWasserdichtStickstoffgef\u00fcllte Konstruktion - beschlagfrei.Okularsystem: Metall-Drehverschluss.Lieferung mit Nylontasche, Trageriemen und Reinigungstuch.Produktbeschreibung:Ein hochfunktionelles Handfernglas. Verbessern Sie Ihre Sicht auf weite Entfernungen bei der Jagd mit dem Heimdal XO Fernglas - leicht, robust und wasserdicht. ED-Spezialglas-Optik und voll multiverg\u00fctete BaK4-Prismen sorgen f\u00fcr nat\u00fcrliche, klare Farben und eine deutlich verbesserte Leistung bei schlechten Lichtverh\u00e4ltnissen.","og_url":"https:\/\/www.mjoelnerhunting.com\/de\/produkt\/handfernglas-heimdal-xo-1042-laser-entfernungsmesser\/","og_site_name":"Mj\u00f8lner Hunting","article_publisher":"https:\/\/www.facebook.com\/MJOELNERHUNTING","article_modified_time":"2026-03-12T15:16:05+00:00","og_image":[{"width":2416,"height":2384,"url":"https:\/\/www.mjoelnerhunting.com\/wp-content\/uploads\/2026\/01\/20913001913_Heimdal_LRF.jpg","type":"image\/jpeg"}],"twitter_card":"summary_large_image","schema":{"@context":"https:\/\/schema.org","@graph":[{"@type":"WebPage","@id":"https:\/\/www.mjoelnerhunting.com\/de\/produkt\/handfernglas-heimdal-xo-1042-laser-entfernungsmesser\/","url":"https:\/\/www.mjoelnerhunting.com\/de\/produkt\/handfernglas-heimdal-xo-1042-laser-entfernungsmesser\/","name":"Fernglas Heimdal XO+ 10*42 Laser-Entfernungsmesser - Mj\u00f8lner Hunting","isPartOf":{"@id":"https:\/\/www.mjoelnerhunting.com\/de\/#website"},"primaryImageOfPage":{"@id":"https:\/\/www.mjoelnerhunting.com\/de\/produkt\/handfernglas-heimdal-xo-1042-laser-entfernungsmesser\/#primaryimage"},"image":{"@id":"https:\/\/www.mjoelnerhunting.com\/de\/produkt\/handfernglas-heimdal-xo-1042-laser-entfernungsmesser\/#primaryimage"},"thumbnailUrl":"https:\/\/www.mjoelnerhunting.com\/wp-content\/uploads\/2026\/01\/20913001913_Heimdal_LRF.jpg","datePublished":"2026-02-19T12:10:43+00:00","dateModified":"2026-03-12T15:16:05+00:00","description":"Stil: 20913001913 (EAN 5714414000321)Farbe: Dunkelgr\u00fcnHauptmaterial AluminiumProduktdetailsL\u00e4nge: 15 cm, Gewicht 850 GrammMerkmaleLebenslange Garantie.ED-Spezialglasoptik.Voll multiverg\u00fctetes BaK4-Prisma.Sehfeld (ft\/1000 Yards) 10x42: 304 ftWasserdichtStickstoffgef\u00fcllte Konstruktion - beschlagfrei.Okularsystem: Metall-Drehverschluss.Lieferung mit Nylontasche, Trageriemen und Reinigungstuch.Produktbeschreibung:Ein hochfunktionelles Handfernglas. Verbessern Sie Ihre Sicht auf weite Entfernungen bei der Jagd mit dem Heimdal XO Fernglas - leicht, robust und wasserdicht. ED-Spezialglas-Optik und voll multiverg\u00fctete BaK4-Prismen sorgen f\u00fcr nat\u00fcrliche, klare Farben und eine deutlich verbesserte Leistung bei schlechten Lichtverh\u00e4ltnissen.","breadcrumb":{"@id":"https:\/\/www.mjoelnerhunting.com\/de\/produkt\/handfernglas-heimdal-xo-1042-laser-entfernungsmesser\/#breadcrumb"},"inLanguage":"de","potentialAction":[{"@type":"ReadAction","target":["https:\/\/www.mjoelnerhunting.com\/de\/produkt\/handfernglas-heimdal-xo-1042-laser-entfernungsmesser\/"]}]},{"@type":"ImageObject","inLanguage":"de","@id":"https:\/\/www.mjoelnerhunting.com\/de\/produkt\/handfernglas-heimdal-xo-1042-laser-entfernungsmesser\/#primaryimage","url":"https:\/\/www.mjoelnerhunting.com\/wp-content\/uploads\/2026\/01\/20913001913_Heimdal_LRF.jpg","contentUrl":"https:\/\/www.mjoelnerhunting.com\/wp-content\/uploads\/2026\/01\/20913001913_Heimdal_LRF.jpg","width":2416,"height":2384},{"@type":"BreadcrumbList","@id":"https:\/\/www.mjoelnerhunting.com\/de\/produkt\/handfernglas-heimdal-xo-1042-laser-entfernungsmesser\/#breadcrumb","itemListElement":[{"@type":"ListItem","position":1,"name":"Startseite","item":"https:\/\/www.mjoelnerhunting.com\/de\/jagen-sie-klueger-nicht-haerter\/"},{"@type":"ListItem","position":2,"name":"Shop","item":"https:\/\/www.mjoelnerhunting.com\/de\/shop\/"},{"@type":"ListItem","position":3,"name":"Fernglas Heimdal XO+ 10*42 Laser-Entfernungsmesser"}]},{"@type":"WebSite","@id":"https:\/\/www.mjoelnerhunting.com\/de\/#website","url":"https:\/\/www.mjoelnerhunting.com\/de\/","name":"Mj\u00f8lner Hunting","description":"Hunting Gear","publisher":{"@id":"https:\/\/www.mjoelnerhunting.com\/de\/#organization"},"potentialAction":[{"@type":"SearchAction","target":{"@type":"EntryPoint","urlTemplate":"https:\/\/www.mjoelnerhunting.com\/de\/?s={search_term_string}"},"query-input":{"@type":"PropertyValueSpecification","valueRequired":true,"valueName":"search_term_string"}}],"inLanguage":"de"},{"@type":"Organization","@id":"https:\/\/www.mjoelnerhunting.com\/de\/#organization","name":"Mj\u00f8lner-Jagd","url":"https:\/\/www.mjoelnerhunting.com\/de\/","logo":{"@type":"ImageObject","inLanguage":"de","@id":"https:\/\/www.mjoelnerhunting.com\/de\/#\/schema\/logo\/image\/","url":"https:\/\/www.mjoelnerhunting.com\/wp-content\/uploads\/2021\/10\/Logo-White.png","contentUrl":"https:\/\/www.mjoelnerhunting.com\/wp-content\/uploads\/2021\/10\/Logo-White.png","width":238,"height":114,"caption":"Mj\u00f8lner-Jagd"},"image":{"@id":"https:\/\/www.mjoelnerhunting.com\/de\/#\/schema\/logo\/image\/"},"sameAs":["https:\/\/www.facebook.com\/MJOELNERHUNTING"]}]}},"_links":{"self":[{"href":"https:\/\/www.mjoelnerhunting.com\/de\/wp-json\/wp\/v2\/product\/45839","targetHints":{"allow":["GET"]}}],"collection":[{"href":"https:\/\/www.mjoelnerhunting.com\/de\/wp-json\/wp\/v2\/product"}],"about":[{"href":"https:\/\/www.mjoelnerhunting.com\/de\/wp-json\/wp\/v2\/types\/product"}],"replies":[{"embeddable":true,"href":"https:\/\/www.mjoelnerhunting.com\/de\/wp-json\/wp\/v2\/comments?post=45839"}],"wp:featuredmedia":[{"embeddable":true,"href":"https:\/\/www.mjoelnerhunting.com\/de\/wp-json\/wp\/v2\/media\/45840"}],"wp:attachment":[{"href":"https:\/\/www.mjoelnerhunting.com\/de\/wp-json\/wp\/v2\/media?parent=45839"}],"wp:term":[{"taxonomy":"product_brand","embeddable":true,"href":"https:\/\/www.mjoelnerhunting.com\/de\/wp-json\/wp\/v2\/product_brand?post=45839"},{"taxonomy":"product_cat","embeddable":true,"href":"https:\/\/www.mjoelnerhunting.com\/de\/wp-json\/wp\/v2\/product_cat?post=45839"},{"taxonomy":"product_tag","embeddable":true,"href":"https:\/\/www.mjoelnerhunting.com\/de\/wp-json\/wp\/v2\/product_tag?post=45839"}],"curies":[{"name":"wp","href":"https:\/\/api.w.org\/{rel}","templated":true}]}}