{"id":44044,"date":"2026-02-19T13:04:43","date_gmt":"2026-02-19T12:04:43","guid":{"rendered":"https:\/\/www.mjoelnerhunting.com\/product\/gewehrkolben-tasche-klein\/"},"modified":"2026-02-19T19:32:44","modified_gmt":"2026-02-19T18:32:44","slug":"gewehrkolben-tasche-klein","status":"publish","type":"product","link":"https:\/\/www.mjoelnerhunting.com\/de\/produkt\/gewehrkolben-tasche-klein\/","title":{"rendered":"Gewehrbolzen Tasche Klein"},"content":{"rendered":"<p>Rifle Bolt Pouch in der perfekten Farbkombination aus sandfarbenem Canvas und hochwertigem braunem Leder. Sch\u00f6ne Verarbeitung. Sch\u00fctzen Sie Ihren empfindlichen Gewehrverschluss beim Transport und auf Reisen. Abschlie\u00dfbar. Teil der Valhalla Serie von Mjoelner Hunting. Bolzen Stil     <\/p>\n","protected":false},"excerpt":{"rendered":"<p>Mjoelner Hunting<\/p>\n","protected":false},"featured_media":44046,"comment_status":"closed","ping_status":"open","template":"","meta":{"_acf_changed":false},"product_brand":[],"product_cat":[130],"product_tag":[],"class_list":{"0":"post-44044","1":"product","2":"type-product","3":"status-publish","4":"has-post-thumbnail","6":"product_cat-rucksaecke-und-taschen","8":"first","9":"instock","10":"purchasable","11":"product-type-simple"},"supplier_id":null,"supplier_sku":"","barcode":null,"atum_controlled":true,"out_stock_date":null,"out_stock_threshold":null,"inheritable":false,"inbound_stock":null,"stock_on_hold":14,"sold_today":0,"sales_last_days":0,"reserved_stock":null,"customer_returns":null,"warehouse_damage":null,"lost_in_post":null,"other_logs":null,"out_stock_days":0,"lost_sales":0,"has_location":null,"update_date":"2026-03-31T22:04:42","atum_locations":[],"atum_stock_status":"instock","restock_status":false,"low_stock_amount":"","sales_update_date":"2026-03-31T22:04:42","calc_backorders":null,"acf":[],"yoast_head":"<!-- This site is optimized with the Yoast SEO plugin v27.3 - https:\/\/yoast.com\/product\/yoast-seo-wordpress\/ -->\n<title>Gewehrbolzen Tasche Klein - Mj\u00f8lner Hunting<\/title>\n<meta name=\"robots\" content=\"index, follow, max-snippet:-1, max-image-preview:large, max-video-preview:-1\" \/>\n<link rel=\"canonical\" href=\"https:\/\/www.mjoelnerhunting.com\/de\/produkt\/gewehrkolben-tasche-klein\/\" \/>\n<meta property=\"og:locale\" content=\"de_DE\" \/>\n<meta property=\"og:type\" content=\"article\" \/>\n<meta property=\"og:title\" content=\"Gewehrbolzen Tasche Klein - Mj\u00f8lner Hunting\" \/>\n<meta property=\"og:description\" content=\"Mjoelner Hunting\" \/>\n<meta property=\"og:url\" content=\"https:\/\/www.mjoelnerhunting.com\/de\/produkt\/gewehrkolben-tasche-klein\/\" \/>\n<meta property=\"og:site_name\" content=\"Mj\u00f8lner Hunting\" \/>\n<meta property=\"article:publisher\" content=\"https:\/\/www.facebook.com\/MJOELNERHUNTING\" \/>\n<meta property=\"article:modified_time\" content=\"2026-02-19T18:32:44+00:00\" \/>\n<meta property=\"og:image\" content=\"https:\/\/www.mjoelnerhunting.com\/wp-content\/uploads\/2026\/01\/10718148079%20Valhalla%20Rifle%20Bolt%20Pouch-scaled.jpg\" \/>\n\t<meta property=\"og:image:width\" content=\"2560\" \/>\n\t<meta property=\"og:image:height\" content=\"1667\" \/>\n\t<meta property=\"og:image:type\" content=\"image\/jpeg\" \/>\n<meta name=\"twitter:card\" content=\"summary_large_image\" \/>\n<script type=\"application\/ld+json\" class=\"yoast-schema-graph\">{\"@context\":\"https:\\\/\\\/schema.org\",\"@graph\":[{\"@type\":\"WebPage\",\"@id\":\"https:\\\/\\\/www.mjoelnerhunting.com\\\/de\\\/produkt\\\/gewehrkolben-tasche-klein\\\/\",\"url\":\"https:\\\/\\\/www.mjoelnerhunting.com\\\/de\\\/produkt\\\/gewehrkolben-tasche-klein\\\/\",\"name\":\"Gewehrbolzen Tasche Klein - Mj\u00f8lner Hunting\",\"isPartOf\":{\"@id\":\"https:\\\/\\\/www.mjoelnerhunting.com\\\/de\\\/#website\"},\"primaryImageOfPage\":{\"@id\":\"https:\\\/\\\/www.mjoelnerhunting.com\\\/de\\\/produkt\\\/gewehrkolben-tasche-klein\\\/#primaryimage\"},\"image\":{\"@id\":\"https:\\\/\\\/www.mjoelnerhunting.com\\\/de\\\/produkt\\\/gewehrkolben-tasche-klein\\\/#primaryimage\"},\"thumbnailUrl\":\"https:\\\/\\\/www.mjoelnerhunting.com\\\/wp-content\\\/uploads\\\/2026\\\/01\\\/10718148079 Valhalla Rifle Bolt Pouch-scaled.jpg\",\"datePublished\":\"2026-02-19T12:04:43+00:00\",\"dateModified\":\"2026-02-19T18:32:44+00:00\",\"breadcrumb\":{\"@id\":\"https:\\\/\\\/www.mjoelnerhunting.com\\\/de\\\/produkt\\\/gewehrkolben-tasche-klein\\\/#breadcrumb\"},\"inLanguage\":\"de\",\"potentialAction\":[{\"@type\":\"ReadAction\",\"target\":[\"https:\\\/\\\/www.mjoelnerhunting.com\\\/de\\\/produkt\\\/gewehrkolben-tasche-klein\\\/\"]}]},{\"@type\":\"ImageObject\",\"inLanguage\":\"de\",\"@id\":\"https:\\\/\\\/www.mjoelnerhunting.com\\\/de\\\/produkt\\\/gewehrkolben-tasche-klein\\\/#primaryimage\",\"url\":\"https:\\\/\\\/www.mjoelnerhunting.com\\\/wp-content\\\/uploads\\\/2026\\\/01\\\/10718148079 Valhalla Rifle Bolt Pouch-scaled.jpg\",\"contentUrl\":\"https:\\\/\\\/www.mjoelnerhunting.com\\\/wp-content\\\/uploads\\\/2026\\\/01\\\/10718148079 Valhalla Rifle Bolt Pouch-scaled.jpg\",\"width\":2560,\"height\":1667},{\"@type\":\"BreadcrumbList\",\"@id\":\"https:\\\/\\\/www.mjoelnerhunting.com\\\/de\\\/produkt\\\/gewehrkolben-tasche-klein\\\/#breadcrumb\",\"itemListElement\":[{\"@type\":\"ListItem\",\"position\":1,\"name\":\"Startseite\",\"item\":\"https:\\\/\\\/www.mjoelnerhunting.com\\\/de\\\/jagen-sie-klueger-nicht-haerter\\\/\"},{\"@type\":\"ListItem\",\"position\":2,\"name\":\"Shop\",\"item\":\"https:\\\/\\\/www.mjoelnerhunting.com\\\/de\\\/shop\\\/\"},{\"@type\":\"ListItem\",\"position\":3,\"name\":\"Gewehrbolzen Tasche Klein\"}]},{\"@type\":\"WebSite\",\"@id\":\"https:\\\/\\\/www.mjoelnerhunting.com\\\/de\\\/#website\",\"url\":\"https:\\\/\\\/www.mjoelnerhunting.com\\\/de\\\/\",\"name\":\"Mj\u00f8lner Hunting\",\"description\":\"Hunting Gear\",\"publisher\":{\"@id\":\"https:\\\/\\\/www.mjoelnerhunting.com\\\/de\\\/#organization\"},\"potentialAction\":[{\"@type\":\"SearchAction\",\"target\":{\"@type\":\"EntryPoint\",\"urlTemplate\":\"https:\\\/\\\/www.mjoelnerhunting.com\\\/de\\\/?s={search_term_string}\"},\"query-input\":{\"@type\":\"PropertyValueSpecification\",\"valueRequired\":true,\"valueName\":\"search_term_string\"}}],\"inLanguage\":\"de\"},{\"@type\":\"Organization\",\"@id\":\"https:\\\/\\\/www.mjoelnerhunting.com\\\/de\\\/#organization\",\"name\":\"Mj\u00f8lner-Jagd\",\"url\":\"https:\\\/\\\/www.mjoelnerhunting.com\\\/de\\\/\",\"logo\":{\"@type\":\"ImageObject\",\"inLanguage\":\"de\",\"@id\":\"https:\\\/\\\/www.mjoelnerhunting.com\\\/de\\\/#\\\/schema\\\/logo\\\/image\\\/\",\"url\":\"https:\\\/\\\/www.mjoelnerhunting.com\\\/wp-content\\\/uploads\\\/2021\\\/10\\\/Logo-White.png\",\"contentUrl\":\"https:\\\/\\\/www.mjoelnerhunting.com\\\/wp-content\\\/uploads\\\/2021\\\/10\\\/Logo-White.png\",\"width\":238,\"height\":114,\"caption\":\"Mj\u00f8lner-Jagd\"},\"image\":{\"@id\":\"https:\\\/\\\/www.mjoelnerhunting.com\\\/de\\\/#\\\/schema\\\/logo\\\/image\\\/\"},\"sameAs\":[\"https:\\\/\\\/www.facebook.com\\\/MJOELNERHUNTING\"]}]}<\/script>\n<!-- \/ Yoast SEO plugin. -->","yoast_head_json":{"title":"Gewehrbolzen Tasche Klein - Mj\u00f8lner Hunting","robots":{"index":"index","follow":"follow","max-snippet":"max-snippet:-1","max-image-preview":"max-image-preview:large","max-video-preview":"max-video-preview:-1"},"canonical":"https:\/\/www.mjoelnerhunting.com\/de\/produkt\/gewehrkolben-tasche-klein\/","og_locale":"de_DE","og_type":"article","og_title":"Gewehrbolzen Tasche Klein - Mj\u00f8lner Hunting","og_description":"Mjoelner Hunting","og_url":"https:\/\/www.mjoelnerhunting.com\/de\/produkt\/gewehrkolben-tasche-klein\/","og_site_name":"Mj\u00f8lner Hunting","article_publisher":"https:\/\/www.facebook.com\/MJOELNERHUNTING","article_modified_time":"2026-02-19T18:32:44+00:00","og_image":[{"width":2560,"height":1667,"url":"https:\/\/www.mjoelnerhunting.com\/wp-content\/uploads\/2026\/01\/10718148079 Valhalla Rifle Bolt Pouch-scaled.jpg","type":"image\/jpeg"}],"twitter_card":"summary_large_image","schema":{"@context":"https:\/\/schema.org","@graph":[{"@type":"WebPage","@id":"https:\/\/www.mjoelnerhunting.com\/de\/produkt\/gewehrkolben-tasche-klein\/","url":"https:\/\/www.mjoelnerhunting.com\/de\/produkt\/gewehrkolben-tasche-klein\/","name":"Gewehrbolzen Tasche Klein - Mj\u00f8lner Hunting","isPartOf":{"@id":"https:\/\/www.mjoelnerhunting.com\/de\/#website"},"primaryImageOfPage":{"@id":"https:\/\/www.mjoelnerhunting.com\/de\/produkt\/gewehrkolben-tasche-klein\/#primaryimage"},"image":{"@id":"https:\/\/www.mjoelnerhunting.com\/de\/produkt\/gewehrkolben-tasche-klein\/#primaryimage"},"thumbnailUrl":"https:\/\/www.mjoelnerhunting.com\/wp-content\/uploads\/2026\/01\/10718148079 Valhalla Rifle Bolt Pouch-scaled.jpg","datePublished":"2026-02-19T12:04:43+00:00","dateModified":"2026-02-19T18:32:44+00:00","breadcrumb":{"@id":"https:\/\/www.mjoelnerhunting.com\/de\/produkt\/gewehrkolben-tasche-klein\/#breadcrumb"},"inLanguage":"de","potentialAction":[{"@type":"ReadAction","target":["https:\/\/www.mjoelnerhunting.com\/de\/produkt\/gewehrkolben-tasche-klein\/"]}]},{"@type":"ImageObject","inLanguage":"de","@id":"https:\/\/www.mjoelnerhunting.com\/de\/produkt\/gewehrkolben-tasche-klein\/#primaryimage","url":"https:\/\/www.mjoelnerhunting.com\/wp-content\/uploads\/2026\/01\/10718148079 Valhalla Rifle Bolt Pouch-scaled.jpg","contentUrl":"https:\/\/www.mjoelnerhunting.com\/wp-content\/uploads\/2026\/01\/10718148079 Valhalla Rifle Bolt Pouch-scaled.jpg","width":2560,"height":1667},{"@type":"BreadcrumbList","@id":"https:\/\/www.mjoelnerhunting.com\/de\/produkt\/gewehrkolben-tasche-klein\/#breadcrumb","itemListElement":[{"@type":"ListItem","position":1,"name":"Startseite","item":"https:\/\/www.mjoelnerhunting.com\/de\/jagen-sie-klueger-nicht-haerter\/"},{"@type":"ListItem","position":2,"name":"Shop","item":"https:\/\/www.mjoelnerhunting.com\/de\/shop\/"},{"@type":"ListItem","position":3,"name":"Gewehrbolzen Tasche Klein"}]},{"@type":"WebSite","@id":"https:\/\/www.mjoelnerhunting.com\/de\/#website","url":"https:\/\/www.mjoelnerhunting.com\/de\/","name":"Mj\u00f8lner Hunting","description":"Hunting Gear","publisher":{"@id":"https:\/\/www.mjoelnerhunting.com\/de\/#organization"},"potentialAction":[{"@type":"SearchAction","target":{"@type":"EntryPoint","urlTemplate":"https:\/\/www.mjoelnerhunting.com\/de\/?s={search_term_string}"},"query-input":{"@type":"PropertyValueSpecification","valueRequired":true,"valueName":"search_term_string"}}],"inLanguage":"de"},{"@type":"Organization","@id":"https:\/\/www.mjoelnerhunting.com\/de\/#organization","name":"Mj\u00f8lner-Jagd","url":"https:\/\/www.mjoelnerhunting.com\/de\/","logo":{"@type":"ImageObject","inLanguage":"de","@id":"https:\/\/www.mjoelnerhunting.com\/de\/#\/schema\/logo\/image\/","url":"https:\/\/www.mjoelnerhunting.com\/wp-content\/uploads\/2021\/10\/Logo-White.png","contentUrl":"https:\/\/www.mjoelnerhunting.com\/wp-content\/uploads\/2021\/10\/Logo-White.png","width":238,"height":114,"caption":"Mj\u00f8lner-Jagd"},"image":{"@id":"https:\/\/www.mjoelnerhunting.com\/de\/#\/schema\/logo\/image\/"},"sameAs":["https:\/\/www.facebook.com\/MJOELNERHUNTING"]}]}},"_links":{"self":[{"href":"https:\/\/www.mjoelnerhunting.com\/de\/wp-json\/wp\/v2\/product\/44044","targetHints":{"allow":["GET"]}}],"collection":[{"href":"https:\/\/www.mjoelnerhunting.com\/de\/wp-json\/wp\/v2\/product"}],"about":[{"href":"https:\/\/www.mjoelnerhunting.com\/de\/wp-json\/wp\/v2\/types\/product"}],"replies":[{"embeddable":true,"href":"https:\/\/www.mjoelnerhunting.com\/de\/wp-json\/wp\/v2\/comments?post=44044"}],"wp:featuredmedia":[{"embeddable":true,"href":"https:\/\/www.mjoelnerhunting.com\/de\/wp-json\/wp\/v2\/media\/44046"}],"wp:attachment":[{"href":"https:\/\/www.mjoelnerhunting.com\/de\/wp-json\/wp\/v2\/media?parent=44044"}],"wp:term":[{"taxonomy":"product_brand","embeddable":true,"href":"https:\/\/www.mjoelnerhunting.com\/de\/wp-json\/wp\/v2\/product_brand?post=44044"},{"taxonomy":"product_cat","embeddable":true,"href":"https:\/\/www.mjoelnerhunting.com\/de\/wp-json\/wp\/v2\/product_cat?post=44044"},{"taxonomy":"product_tag","embeddable":true,"href":"https:\/\/www.mjoelnerhunting.com\/de\/wp-json\/wp\/v2\/product_tag?post=44044"}],"curies":[{"name":"wp","href":"https:\/\/api.w.org\/{rel}","templated":true}]}}