{"id":43493,"date":"2026-02-19T13:00:52","date_gmt":"2026-02-19T12:00:52","guid":{"rendered":"https:\/\/www.mjoelnerhunting.com\/product\/schiessstock-fenris-i-reisender\/"},"modified":"2026-03-11T12:46:51","modified_gmt":"2026-03-11T11:46:51","slug":"schiessstock-fenris-i-reisender","status":"publish","type":"product","link":"https:\/\/www.mjoelnerhunting.com\/de\/produkt\/schiessstock-fenris-i-reisender\/","title":{"rendered":"Schie\u00dfstock Fenris I Reisender"},"content":{"rendered":"<p>Die Fenris I und II Vierf\u00fc\u00dfler-Schie\u00dfst\u00f6cke von Mjoelner Hunting sind wahrscheinlich die besten auf dem Markt. Sie bieten Ihnen eine ultrastabile Schie\u00dfplattform mit einer gro\u00dfen Auswahl an Einstellungen, unabh\u00e4ngig von Gel\u00e4nde und Schussposition. Der ergonomische Silikongriff bietet einen nicht klebenden und w\u00e4rmenden Griff. Der Silikongriff verhindert Beinklappern und es gibt kein Pfeifen. Die silikonbeschichteten Gabeln sorgen f\u00fcr ein ger\u00e4uschloses System. Silikonriemen sichern Ihre Waffe in Wartesituationen und machen Zielwechsel schnell, einfach und ger\u00e4uschlos. Der von den Special Forces inspirierte Paracord-Fu\u00dfriemen fungiert als &#8218;f\u00fcnftes&#8216; Bein und verbessert Ihre F\u00e4higkeit, auch auf gro\u00dfe Entfernungen sichere und pr\u00e4zise Sch\u00fcsse abzugeben, erheblich. Der Fenris I Traveler und der Fenris I Traveler Camo k\u00f6nnen auch ohne das Mittelteil verwendet werden und sind damit der perfekte Schie\u00dfstock f\u00fcr das sitzende Schie\u00dfen, z.B. auf der Pirsch nach F\u00fcchsen. Oder als ultimativ leichter Schie\u00dfstock in kurzer Ausf\u00fchrung f\u00fcr die Bergjagd mit einem Gewicht von nur 700 Gramm.        <\/p>\n","protected":false},"excerpt":{"rendered":"<p>Mjoelner Hunting<\/p>\n","protected":false},"featured_media":43500,"comment_status":"closed","ping_status":"closed","template":"","meta":{"_acf_changed":false},"product_brand":[],"product_cat":[102],"product_tag":[],"class_list":{"0":"post-43493","1":"product","2":"type-product","3":"status-publish","4":"has-post-thumbnail","6":"product_cat-jagdzubehoer","8":"first","9":"instock","10":"purchasable","11":"product-type-simple"},"supplier_id":null,"supplier_sku":"","barcode":null,"atum_controlled":true,"out_stock_date":null,"out_stock_threshold":null,"inheritable":false,"inbound_stock":null,"stock_on_hold":2,"sold_today":0,"sales_last_days":2,"reserved_stock":null,"customer_returns":null,"warehouse_damage":null,"lost_in_post":null,"other_logs":null,"out_stock_days":0,"lost_sales":0,"has_location":null,"update_date":"2026-03-11T11:46:36","atum_locations":[],"atum_stock_status":"instock","restock_status":false,"low_stock_amount":"","sales_update_date":"2026-03-04T23:03:34","calc_backorders":null,"acf":[],"yoast_head":"<!-- This site is optimized with the Yoast SEO plugin v27.3 - https:\/\/yoast.com\/product\/yoast-seo-wordpress\/ -->\n<title>Schie\u00dfstock Fenris I Reisender - Mj\u00f8lner Hunting<\/title>\n<meta name=\"robots\" content=\"index, follow, max-snippet:-1, max-image-preview:large, max-video-preview:-1\" \/>\n<link rel=\"canonical\" href=\"https:\/\/www.mjoelnerhunting.com\/de\/produkt\/schiessstock-fenris-i-reisender\/\" \/>\n<meta property=\"og:locale\" content=\"de_DE\" \/>\n<meta property=\"og:type\" content=\"article\" \/>\n<meta property=\"og:title\" content=\"Schie\u00dfstock Fenris I Reisender - Mj\u00f8lner Hunting\" \/>\n<meta property=\"og:description\" content=\"Mjoelner Hunting\" \/>\n<meta property=\"og:url\" content=\"https:\/\/www.mjoelnerhunting.com\/de\/produkt\/schiessstock-fenris-i-reisender\/\" \/>\n<meta property=\"og:site_name\" content=\"Mj\u00f8lner Hunting\" \/>\n<meta property=\"article:publisher\" content=\"https:\/\/www.facebook.com\/MJOELNERHUNTING\" \/>\n<meta property=\"article:modified_time\" content=\"2026-03-11T11:46:51+00:00\" \/>\n<meta property=\"og:image\" content=\"https:\/\/www.mjoelnerhunting.com\/wp-content\/uploads\/2026\/01\/10312010705_Four_Legged_Shooting_Stick_Fenris_I_Traveler%20(1)-scaled.jpg\" \/>\n\t<meta property=\"og:image:width\" content=\"2560\" \/>\n\t<meta property=\"og:image:height\" content=\"2119\" \/>\n\t<meta property=\"og:image:type\" content=\"image\/jpeg\" \/>\n<meta name=\"twitter:card\" content=\"summary_large_image\" \/>\n<meta name=\"twitter:label1\" content=\"Gesch\u00e4tzte Lesezeit\" \/>\n\t<meta name=\"twitter:data1\" content=\"1\u00a0Minute\" \/>\n<script type=\"application\/ld+json\" class=\"yoast-schema-graph\">{\"@context\":\"https:\\\/\\\/schema.org\",\"@graph\":[{\"@type\":\"WebPage\",\"@id\":\"https:\\\/\\\/www.mjoelnerhunting.com\\\/de\\\/produkt\\\/schiessstock-fenris-i-reisender\\\/\",\"url\":\"https:\\\/\\\/www.mjoelnerhunting.com\\\/de\\\/produkt\\\/schiessstock-fenris-i-reisender\\\/\",\"name\":\"Schie\u00dfstock Fenris I Reisender - Mj\u00f8lner Hunting\",\"isPartOf\":{\"@id\":\"https:\\\/\\\/www.mjoelnerhunting.com\\\/de\\\/#website\"},\"primaryImageOfPage\":{\"@id\":\"https:\\\/\\\/www.mjoelnerhunting.com\\\/de\\\/produkt\\\/schiessstock-fenris-i-reisender\\\/#primaryimage\"},\"image\":{\"@id\":\"https:\\\/\\\/www.mjoelnerhunting.com\\\/de\\\/produkt\\\/schiessstock-fenris-i-reisender\\\/#primaryimage\"},\"thumbnailUrl\":\"https:\\\/\\\/www.mjoelnerhunting.com\\\/wp-content\\\/uploads\\\/2026\\\/01\\\/10312010705_Four_Legged_Shooting_Stick_Fenris_I_Traveler (1)-scaled.jpg\",\"datePublished\":\"2026-02-19T12:00:52+00:00\",\"dateModified\":\"2026-03-11T11:46:51+00:00\",\"breadcrumb\":{\"@id\":\"https:\\\/\\\/www.mjoelnerhunting.com\\\/de\\\/produkt\\\/schiessstock-fenris-i-reisender\\\/#breadcrumb\"},\"inLanguage\":\"de\",\"potentialAction\":[{\"@type\":\"ReadAction\",\"target\":[\"https:\\\/\\\/www.mjoelnerhunting.com\\\/de\\\/produkt\\\/schiessstock-fenris-i-reisender\\\/\"]}]},{\"@type\":\"ImageObject\",\"inLanguage\":\"de\",\"@id\":\"https:\\\/\\\/www.mjoelnerhunting.com\\\/de\\\/produkt\\\/schiessstock-fenris-i-reisender\\\/#primaryimage\",\"url\":\"https:\\\/\\\/www.mjoelnerhunting.com\\\/wp-content\\\/uploads\\\/2026\\\/01\\\/10312010705_Four_Legged_Shooting_Stick_Fenris_I_Traveler (1)-scaled.jpg\",\"contentUrl\":\"https:\\\/\\\/www.mjoelnerhunting.com\\\/wp-content\\\/uploads\\\/2026\\\/01\\\/10312010705_Four_Legged_Shooting_Stick_Fenris_I_Traveler (1)-scaled.jpg\",\"width\":2560,\"height\":2119},{\"@type\":\"BreadcrumbList\",\"@id\":\"https:\\\/\\\/www.mjoelnerhunting.com\\\/de\\\/produkt\\\/schiessstock-fenris-i-reisender\\\/#breadcrumb\",\"itemListElement\":[{\"@type\":\"ListItem\",\"position\":1,\"name\":\"Startseite\",\"item\":\"https:\\\/\\\/www.mjoelnerhunting.com\\\/de\\\/jagen-sie-klueger-nicht-haerter\\\/\"},{\"@type\":\"ListItem\",\"position\":2,\"name\":\"Shop\",\"item\":\"https:\\\/\\\/www.mjoelnerhunting.com\\\/de\\\/shop\\\/\"},{\"@type\":\"ListItem\",\"position\":3,\"name\":\"Schie\u00dfstock Fenris I Reisender\"}]},{\"@type\":\"WebSite\",\"@id\":\"https:\\\/\\\/www.mjoelnerhunting.com\\\/de\\\/#website\",\"url\":\"https:\\\/\\\/www.mjoelnerhunting.com\\\/de\\\/\",\"name\":\"Mj\u00f8lner Hunting\",\"description\":\"Hunting Gear\",\"publisher\":{\"@id\":\"https:\\\/\\\/www.mjoelnerhunting.com\\\/de\\\/#organization\"},\"potentialAction\":[{\"@type\":\"SearchAction\",\"target\":{\"@type\":\"EntryPoint\",\"urlTemplate\":\"https:\\\/\\\/www.mjoelnerhunting.com\\\/de\\\/?s={search_term_string}\"},\"query-input\":{\"@type\":\"PropertyValueSpecification\",\"valueRequired\":true,\"valueName\":\"search_term_string\"}}],\"inLanguage\":\"de\"},{\"@type\":\"Organization\",\"@id\":\"https:\\\/\\\/www.mjoelnerhunting.com\\\/de\\\/#organization\",\"name\":\"Mj\u00f8lner-Jagd\",\"url\":\"https:\\\/\\\/www.mjoelnerhunting.com\\\/de\\\/\",\"logo\":{\"@type\":\"ImageObject\",\"inLanguage\":\"de\",\"@id\":\"https:\\\/\\\/www.mjoelnerhunting.com\\\/de\\\/#\\\/schema\\\/logo\\\/image\\\/\",\"url\":\"https:\\\/\\\/www.mjoelnerhunting.com\\\/wp-content\\\/uploads\\\/2021\\\/10\\\/Logo-White.png\",\"contentUrl\":\"https:\\\/\\\/www.mjoelnerhunting.com\\\/wp-content\\\/uploads\\\/2021\\\/10\\\/Logo-White.png\",\"width\":238,\"height\":114,\"caption\":\"Mj\u00f8lner-Jagd\"},\"image\":{\"@id\":\"https:\\\/\\\/www.mjoelnerhunting.com\\\/de\\\/#\\\/schema\\\/logo\\\/image\\\/\"},\"sameAs\":[\"https:\\\/\\\/www.facebook.com\\\/MJOELNERHUNTING\"]}]}<\/script>\n<!-- \/ Yoast SEO plugin. -->","yoast_head_json":{"title":"Schie\u00dfstock Fenris I Reisender - Mj\u00f8lner Hunting","robots":{"index":"index","follow":"follow","max-snippet":"max-snippet:-1","max-image-preview":"max-image-preview:large","max-video-preview":"max-video-preview:-1"},"canonical":"https:\/\/www.mjoelnerhunting.com\/de\/produkt\/schiessstock-fenris-i-reisender\/","og_locale":"de_DE","og_type":"article","og_title":"Schie\u00dfstock Fenris I Reisender - Mj\u00f8lner Hunting","og_description":"Mjoelner Hunting","og_url":"https:\/\/www.mjoelnerhunting.com\/de\/produkt\/schiessstock-fenris-i-reisender\/","og_site_name":"Mj\u00f8lner Hunting","article_publisher":"https:\/\/www.facebook.com\/MJOELNERHUNTING","article_modified_time":"2026-03-11T11:46:51+00:00","og_image":[{"width":2560,"height":2119,"url":"https:\/\/www.mjoelnerhunting.com\/wp-content\/uploads\/2026\/01\/10312010705_Four_Legged_Shooting_Stick_Fenris_I_Traveler (1)-scaled.jpg","type":"image\/jpeg"}],"twitter_card":"summary_large_image","twitter_misc":{"Gesch\u00e4tzte Lesezeit":"1\u00a0Minute"},"schema":{"@context":"https:\/\/schema.org","@graph":[{"@type":"WebPage","@id":"https:\/\/www.mjoelnerhunting.com\/de\/produkt\/schiessstock-fenris-i-reisender\/","url":"https:\/\/www.mjoelnerhunting.com\/de\/produkt\/schiessstock-fenris-i-reisender\/","name":"Schie\u00dfstock Fenris I Reisender - Mj\u00f8lner Hunting","isPartOf":{"@id":"https:\/\/www.mjoelnerhunting.com\/de\/#website"},"primaryImageOfPage":{"@id":"https:\/\/www.mjoelnerhunting.com\/de\/produkt\/schiessstock-fenris-i-reisender\/#primaryimage"},"image":{"@id":"https:\/\/www.mjoelnerhunting.com\/de\/produkt\/schiessstock-fenris-i-reisender\/#primaryimage"},"thumbnailUrl":"https:\/\/www.mjoelnerhunting.com\/wp-content\/uploads\/2026\/01\/10312010705_Four_Legged_Shooting_Stick_Fenris_I_Traveler (1)-scaled.jpg","datePublished":"2026-02-19T12:00:52+00:00","dateModified":"2026-03-11T11:46:51+00:00","breadcrumb":{"@id":"https:\/\/www.mjoelnerhunting.com\/de\/produkt\/schiessstock-fenris-i-reisender\/#breadcrumb"},"inLanguage":"de","potentialAction":[{"@type":"ReadAction","target":["https:\/\/www.mjoelnerhunting.com\/de\/produkt\/schiessstock-fenris-i-reisender\/"]}]},{"@type":"ImageObject","inLanguage":"de","@id":"https:\/\/www.mjoelnerhunting.com\/de\/produkt\/schiessstock-fenris-i-reisender\/#primaryimage","url":"https:\/\/www.mjoelnerhunting.com\/wp-content\/uploads\/2026\/01\/10312010705_Four_Legged_Shooting_Stick_Fenris_I_Traveler (1)-scaled.jpg","contentUrl":"https:\/\/www.mjoelnerhunting.com\/wp-content\/uploads\/2026\/01\/10312010705_Four_Legged_Shooting_Stick_Fenris_I_Traveler (1)-scaled.jpg","width":2560,"height":2119},{"@type":"BreadcrumbList","@id":"https:\/\/www.mjoelnerhunting.com\/de\/produkt\/schiessstock-fenris-i-reisender\/#breadcrumb","itemListElement":[{"@type":"ListItem","position":1,"name":"Startseite","item":"https:\/\/www.mjoelnerhunting.com\/de\/jagen-sie-klueger-nicht-haerter\/"},{"@type":"ListItem","position":2,"name":"Shop","item":"https:\/\/www.mjoelnerhunting.com\/de\/shop\/"},{"@type":"ListItem","position":3,"name":"Schie\u00dfstock Fenris I Reisender"}]},{"@type":"WebSite","@id":"https:\/\/www.mjoelnerhunting.com\/de\/#website","url":"https:\/\/www.mjoelnerhunting.com\/de\/","name":"Mj\u00f8lner Hunting","description":"Hunting Gear","publisher":{"@id":"https:\/\/www.mjoelnerhunting.com\/de\/#organization"},"potentialAction":[{"@type":"SearchAction","target":{"@type":"EntryPoint","urlTemplate":"https:\/\/www.mjoelnerhunting.com\/de\/?s={search_term_string}"},"query-input":{"@type":"PropertyValueSpecification","valueRequired":true,"valueName":"search_term_string"}}],"inLanguage":"de"},{"@type":"Organization","@id":"https:\/\/www.mjoelnerhunting.com\/de\/#organization","name":"Mj\u00f8lner-Jagd","url":"https:\/\/www.mjoelnerhunting.com\/de\/","logo":{"@type":"ImageObject","inLanguage":"de","@id":"https:\/\/www.mjoelnerhunting.com\/de\/#\/schema\/logo\/image\/","url":"https:\/\/www.mjoelnerhunting.com\/wp-content\/uploads\/2021\/10\/Logo-White.png","contentUrl":"https:\/\/www.mjoelnerhunting.com\/wp-content\/uploads\/2021\/10\/Logo-White.png","width":238,"height":114,"caption":"Mj\u00f8lner-Jagd"},"image":{"@id":"https:\/\/www.mjoelnerhunting.com\/de\/#\/schema\/logo\/image\/"},"sameAs":["https:\/\/www.facebook.com\/MJOELNERHUNTING"]}]}},"_links":{"self":[{"href":"https:\/\/www.mjoelnerhunting.com\/de\/wp-json\/wp\/v2\/product\/43493","targetHints":{"allow":["GET"]}}],"collection":[{"href":"https:\/\/www.mjoelnerhunting.com\/de\/wp-json\/wp\/v2\/product"}],"about":[{"href":"https:\/\/www.mjoelnerhunting.com\/de\/wp-json\/wp\/v2\/types\/product"}],"replies":[{"embeddable":true,"href":"https:\/\/www.mjoelnerhunting.com\/de\/wp-json\/wp\/v2\/comments?post=43493"}],"wp:featuredmedia":[{"embeddable":true,"href":"https:\/\/www.mjoelnerhunting.com\/de\/wp-json\/wp\/v2\/media\/43500"}],"wp:attachment":[{"href":"https:\/\/www.mjoelnerhunting.com\/de\/wp-json\/wp\/v2\/media?parent=43493"}],"wp:term":[{"taxonomy":"product_brand","embeddable":true,"href":"https:\/\/www.mjoelnerhunting.com\/de\/wp-json\/wp\/v2\/product_brand?post=43493"},{"taxonomy":"product_cat","embeddable":true,"href":"https:\/\/www.mjoelnerhunting.com\/de\/wp-json\/wp\/v2\/product_cat?post=43493"},{"taxonomy":"product_tag","embeddable":true,"href":"https:\/\/www.mjoelnerhunting.com\/de\/wp-json\/wp\/v2\/product_tag?post=43493"}],"curies":[{"name":"wp","href":"https:\/\/api.w.org\/{rel}","templated":true}]}}