{"id":42974,"date":"2026-02-19T12:57:10","date_gmt":"2026-02-19T11:57:10","guid":{"rendered":"https:\/\/www.mjoelnerhunting.com\/product\/rucksack-arild-loden-m-gewehraufsatz-36-liter\/"},"modified":"2026-03-12T11:49:43","modified_gmt":"2026-03-12T10:49:43","slug":"rucksack-arild-loden-m-gewehraufsatz-36-liter","status":"publish","type":"product","link":"https:\/\/www.mjoelnerhunting.com\/de\/produkt\/rucksack-arild-loden-m-gewehraufsatz-36-liter\/","title":{"rendered":"Rucksack Arild loden W.\/gunslip 36 ltr."},"content":{"rendered":"<p>Der ultimative Rucksack f\u00fcr Berg- und Hochlandwanderungen. Entwickelt f\u00fcr die harte Jagd. Innovatives Design: Angenehm leises Material, abnehmbare Tasche f\u00fcr Schnellziehwaffen. Super atmungsaktives Tragesystem aus Trampolinmaterial. Breiter gepolsterter H\u00fcftgurt. Ein gro\u00dfes Hauptfach mit Kompressionsriemen. Schnell zu \u00f6ffnender Rei\u00dfverschluss mit \u00dcberlappung und Zugang an der Unterseite. Abnehmbare und umkehrbare Frontklappe mit elastischen B\u00e4ndern auf der einen Seite und einer Netztasche auf der anderen Seite, die f\u00fcr nasse Kleidung oder Schw\u00e4mme verwendet werden kann. Zwei seitliche Netztaschen f\u00fcr schnellen Zugriff auch beim Gehen. Schlauchdurchf\u00fchrung f\u00fcr die Wasserflasche. Rei\u00dfverschl\u00fcsse f\u00fcr einfache und leise Bedienung auch mit Handschuhen. Brustgurt. Regen\u00fcberzug in Gr\u00fcn und Wei\u00df zum Wenden. Das hintere Gewehrtaschenfach kann auch als Staufach verwendet werden.             <\/p>\n<p>Produkt-Details: H x B x T: 64 x 40 x 18 cm, Gewicht: 2550 Gramm, Volumen: 36+ Liter.<\/p>\n","protected":false},"excerpt":{"rendered":"<p>Der ultimative Rucksack f\u00fcr Berg- und Hochlandwanderungen. Entwickelt f\u00fcr die harte Jagd. Innovatives Design: Angenehm leises Material, abnehmbare Tasche f\u00fcr Schnellziehwaffen. Super atmungsaktives Tragesystem aus Trampolinmaterial. Breiter gepolsterter H\u00fcftgurt. Ein gro\u00dfes Hauptfach mit Kompressionsriemen. Schnell zu \u00f6ffnender Rei\u00dfverschluss mit \u00dcberlappung und Zugang an der Unterseite. Abnehmbare und umkehrbare Frontklappe mit elastischen B\u00e4ndern auf der einen Seite und einer Netztasche auf der anderen Seite, die f\u00fcr nasse Kleidung oder Schw\u00e4mme verwendet werden kann. Zwei seitliche Netztaschen f\u00fcr schnellen Zugriff auch beim Gehen. Schlauchdurchf\u00fchrung f\u00fcr die Wasserflasche. Rei\u00dfverschl\u00fcsse f\u00fcr einfache und leise Bedienung auch mit Handschuhen. Brustgurt. Regen\u00fcberzug in Gr\u00fcn und Wei\u00df zum Wenden. Das hintere Gewehrtaschenfach kann auch als Staufach verwendet werden.             <\/p>\n<p>Produkt-Details: H x B x T: 64 x 40 x 18 cm, Gewicht: 2550 Gramm, Volumen: 36+ Liter.<\/p>\n","protected":false},"featured_media":42391,"comment_status":"closed","ping_status":"closed","template":"","meta":{"_acf_changed":false},"product_brand":[],"product_cat":[130],"product_tag":[],"class_list":{"0":"post-42974","1":"product","2":"type-product","3":"status-publish","4":"has-post-thumbnail","6":"product_cat-rucksaecke-und-taschen","8":"first","9":"instock","10":"purchasable","11":"product-type-simple"},"supplier_id":null,"supplier_sku":"","barcode":null,"atum_controlled":true,"out_stock_date":null,"out_stock_threshold":null,"inheritable":false,"inbound_stock":null,"stock_on_hold":1,"sold_today":0,"sales_last_days":1,"reserved_stock":null,"customer_returns":null,"warehouse_damage":null,"lost_in_post":null,"other_logs":null,"out_stock_days":0,"lost_sales":0,"has_location":false,"update_date":"2026-03-12T10:49:31","atum_locations":[],"atum_stock_status":"instock","restock_status":false,"low_stock_amount":"","sales_update_date":"2026-03-04T23:03:33","calc_backorders":null,"acf":[],"yoast_head":"<!-- This site is optimized with the Yoast SEO plugin v27.3 - https:\/\/yoast.com\/product\/yoast-seo-wordpress\/ -->\n<title>Rucksack Arild loden W.\/gunslip 36 ltr. - Mj\u00f8lner Hunting<\/title>\n<meta name=\"robots\" content=\"index, follow, max-snippet:-1, max-image-preview:large, max-video-preview:-1\" \/>\n<link rel=\"canonical\" href=\"https:\/\/www.mjoelnerhunting.com\/de\/produkt\/rucksack-arild-loden-m-gewehraufsatz-36-liter\/\" \/>\n<meta property=\"og:locale\" content=\"de_DE\" \/>\n<meta property=\"og:type\" content=\"article\" \/>\n<meta property=\"og:title\" content=\"Rucksack Arild loden W.\/gunslip 36 ltr. - Mj\u00f8lner Hunting\" \/>\n<meta property=\"og:description\" content=\"Der ultimative Rucksack f\u00fcr Berg- und Hochlandwanderungen. Entwickelt f\u00fcr die harte Jagd. Innovatives Design: Angenehm leises Material, abnehmbare Tasche f\u00fcr Schnellziehwaffen. Super atmungsaktives Tragesystem aus Trampolinmaterial. Breiter gepolsterter H\u00fcftgurt. Ein gro\u00dfes Hauptfach mit Kompressionsriemen. Schnell zu \u00f6ffnender Rei\u00dfverschluss mit \u00dcberlappung und Zugang an der Unterseite. Abnehmbare und umkehrbare Frontklappe mit elastischen B\u00e4ndern auf der einen Seite und einer Netztasche auf der anderen Seite, die f\u00fcr nasse Kleidung oder Schw\u00e4mme verwendet werden kann. Zwei seitliche Netztaschen f\u00fcr schnellen Zugriff auch beim Gehen. Schlauchdurchf\u00fchrung f\u00fcr die Wasserflasche. Rei\u00dfverschl\u00fcsse f\u00fcr einfache und leise Bedienung auch mit Handschuhen. Brustgurt. Regen\u00fcberzug in Gr\u00fcn und Wei\u00df zum Wenden. Das hintere Gewehrtaschenfach kann auch als Staufach verwendet werden.        Produkt-Details: H x B x T: 64 x 40 x 18 cm, Gewicht: 2550 Gramm, Volumen: 36+ Liter.\" \/>\n<meta property=\"og:url\" content=\"https:\/\/www.mjoelnerhunting.com\/de\/produkt\/rucksack-arild-loden-m-gewehraufsatz-36-liter\/\" \/>\n<meta property=\"og:site_name\" content=\"Mj\u00f8lner Hunting\" \/>\n<meta property=\"article:publisher\" content=\"https:\/\/www.facebook.com\/MJOELNERHUNTING\" \/>\n<meta property=\"article:modified_time\" content=\"2026-03-12T10:49:43+00:00\" \/>\n<meta property=\"og:image\" content=\"https:\/\/www.mjoelnerhunting.com\/wp-content\/uploads\/2026\/01\/10201140101_Backpack_Arild_with_Fast_draw_rifle_carrying_system%20(1)-scaled.jpg\" \/>\n\t<meta property=\"og:image:width\" content=\"1327\" \/>\n\t<meta property=\"og:image:height\" content=\"2560\" \/>\n\t<meta property=\"og:image:type\" content=\"image\/jpeg\" \/>\n<meta name=\"twitter:card\" content=\"summary_large_image\" \/>\n<meta name=\"twitter:label1\" content=\"Gesch\u00e4tzte Lesezeit\" \/>\n\t<meta name=\"twitter:data1\" content=\"1\u00a0Minute\" \/>\n<script type=\"application\/ld+json\" class=\"yoast-schema-graph\">{\"@context\":\"https:\\\/\\\/schema.org\",\"@graph\":[{\"@type\":\"WebPage\",\"@id\":\"https:\\\/\\\/www.mjoelnerhunting.com\\\/de\\\/produkt\\\/rucksack-arild-loden-m-gewehraufsatz-36-liter\\\/\",\"url\":\"https:\\\/\\\/www.mjoelnerhunting.com\\\/de\\\/produkt\\\/rucksack-arild-loden-m-gewehraufsatz-36-liter\\\/\",\"name\":\"Rucksack Arild loden W.\\\/gunslip 36 ltr. - Mj\u00f8lner Hunting\",\"isPartOf\":{\"@id\":\"https:\\\/\\\/www.mjoelnerhunting.com\\\/de\\\/#website\"},\"primaryImageOfPage\":{\"@id\":\"https:\\\/\\\/www.mjoelnerhunting.com\\\/de\\\/produkt\\\/rucksack-arild-loden-m-gewehraufsatz-36-liter\\\/#primaryimage\"},\"image\":{\"@id\":\"https:\\\/\\\/www.mjoelnerhunting.com\\\/de\\\/produkt\\\/rucksack-arild-loden-m-gewehraufsatz-36-liter\\\/#primaryimage\"},\"thumbnailUrl\":\"https:\\\/\\\/www.mjoelnerhunting.com\\\/wp-content\\\/uploads\\\/2026\\\/01\\\/10201140101_Backpack_Arild_with_Fast_draw_rifle_carrying_system (1)-scaled.jpg\",\"datePublished\":\"2026-02-19T11:57:10+00:00\",\"dateModified\":\"2026-03-12T10:49:43+00:00\",\"breadcrumb\":{\"@id\":\"https:\\\/\\\/www.mjoelnerhunting.com\\\/de\\\/produkt\\\/rucksack-arild-loden-m-gewehraufsatz-36-liter\\\/#breadcrumb\"},\"inLanguage\":\"de\",\"potentialAction\":[{\"@type\":\"ReadAction\",\"target\":[\"https:\\\/\\\/www.mjoelnerhunting.com\\\/de\\\/produkt\\\/rucksack-arild-loden-m-gewehraufsatz-36-liter\\\/\"]}]},{\"@type\":\"ImageObject\",\"inLanguage\":\"de\",\"@id\":\"https:\\\/\\\/www.mjoelnerhunting.com\\\/de\\\/produkt\\\/rucksack-arild-loden-m-gewehraufsatz-36-liter\\\/#primaryimage\",\"url\":\"https:\\\/\\\/www.mjoelnerhunting.com\\\/wp-content\\\/uploads\\\/2026\\\/01\\\/10201140101_Backpack_Arild_with_Fast_draw_rifle_carrying_system (1)-scaled.jpg\",\"contentUrl\":\"https:\\\/\\\/www.mjoelnerhunting.com\\\/wp-content\\\/uploads\\\/2026\\\/01\\\/10201140101_Backpack_Arild_with_Fast_draw_rifle_carrying_system (1)-scaled.jpg\",\"width\":1327,\"height\":2560},{\"@type\":\"BreadcrumbList\",\"@id\":\"https:\\\/\\\/www.mjoelnerhunting.com\\\/de\\\/produkt\\\/rucksack-arild-loden-m-gewehraufsatz-36-liter\\\/#breadcrumb\",\"itemListElement\":[{\"@type\":\"ListItem\",\"position\":1,\"name\":\"Startseite\",\"item\":\"https:\\\/\\\/www.mjoelnerhunting.com\\\/de\\\/jagen-sie-klueger-nicht-haerter\\\/\"},{\"@type\":\"ListItem\",\"position\":2,\"name\":\"Shop\",\"item\":\"https:\\\/\\\/www.mjoelnerhunting.com\\\/de\\\/shop\\\/\"},{\"@type\":\"ListItem\",\"position\":3,\"name\":\"Rucksack Arild loden W.\\\/gunslip 36 ltr.\"}]},{\"@type\":\"WebSite\",\"@id\":\"https:\\\/\\\/www.mjoelnerhunting.com\\\/de\\\/#website\",\"url\":\"https:\\\/\\\/www.mjoelnerhunting.com\\\/de\\\/\",\"name\":\"Mj\u00f8lner Hunting\",\"description\":\"Hunting Gear\",\"publisher\":{\"@id\":\"https:\\\/\\\/www.mjoelnerhunting.com\\\/de\\\/#organization\"},\"potentialAction\":[{\"@type\":\"SearchAction\",\"target\":{\"@type\":\"EntryPoint\",\"urlTemplate\":\"https:\\\/\\\/www.mjoelnerhunting.com\\\/de\\\/?s={search_term_string}\"},\"query-input\":{\"@type\":\"PropertyValueSpecification\",\"valueRequired\":true,\"valueName\":\"search_term_string\"}}],\"inLanguage\":\"de\"},{\"@type\":\"Organization\",\"@id\":\"https:\\\/\\\/www.mjoelnerhunting.com\\\/de\\\/#organization\",\"name\":\"Mj\u00f8lner-Jagd\",\"url\":\"https:\\\/\\\/www.mjoelnerhunting.com\\\/de\\\/\",\"logo\":{\"@type\":\"ImageObject\",\"inLanguage\":\"de\",\"@id\":\"https:\\\/\\\/www.mjoelnerhunting.com\\\/de\\\/#\\\/schema\\\/logo\\\/image\\\/\",\"url\":\"https:\\\/\\\/www.mjoelnerhunting.com\\\/wp-content\\\/uploads\\\/2021\\\/10\\\/Logo-White.png\",\"contentUrl\":\"https:\\\/\\\/www.mjoelnerhunting.com\\\/wp-content\\\/uploads\\\/2021\\\/10\\\/Logo-White.png\",\"width\":238,\"height\":114,\"caption\":\"Mj\u00f8lner-Jagd\"},\"image\":{\"@id\":\"https:\\\/\\\/www.mjoelnerhunting.com\\\/de\\\/#\\\/schema\\\/logo\\\/image\\\/\"},\"sameAs\":[\"https:\\\/\\\/www.facebook.com\\\/MJOELNERHUNTING\"]}]}<\/script>\n<!-- \/ Yoast SEO plugin. -->","yoast_head_json":{"title":"Rucksack Arild loden W.\/gunslip 36 ltr. - Mj\u00f8lner Hunting","robots":{"index":"index","follow":"follow","max-snippet":"max-snippet:-1","max-image-preview":"max-image-preview:large","max-video-preview":"max-video-preview:-1"},"canonical":"https:\/\/www.mjoelnerhunting.com\/de\/produkt\/rucksack-arild-loden-m-gewehraufsatz-36-liter\/","og_locale":"de_DE","og_type":"article","og_title":"Rucksack Arild loden W.\/gunslip 36 ltr. - Mj\u00f8lner Hunting","og_description":"Der ultimative Rucksack f\u00fcr Berg- und Hochlandwanderungen. Entwickelt f\u00fcr die harte Jagd. Innovatives Design: Angenehm leises Material, abnehmbare Tasche f\u00fcr Schnellziehwaffen. Super atmungsaktives Tragesystem aus Trampolinmaterial. Breiter gepolsterter H\u00fcftgurt. Ein gro\u00dfes Hauptfach mit Kompressionsriemen. Schnell zu \u00f6ffnender Rei\u00dfverschluss mit \u00dcberlappung und Zugang an der Unterseite. Abnehmbare und umkehrbare Frontklappe mit elastischen B\u00e4ndern auf der einen Seite und einer Netztasche auf der anderen Seite, die f\u00fcr nasse Kleidung oder Schw\u00e4mme verwendet werden kann. Zwei seitliche Netztaschen f\u00fcr schnellen Zugriff auch beim Gehen. Schlauchdurchf\u00fchrung f\u00fcr die Wasserflasche. Rei\u00dfverschl\u00fcsse f\u00fcr einfache und leise Bedienung auch mit Handschuhen. Brustgurt. Regen\u00fcberzug in Gr\u00fcn und Wei\u00df zum Wenden. Das hintere Gewehrtaschenfach kann auch als Staufach verwendet werden.        Produkt-Details: H x B x T: 64 x 40 x 18 cm, Gewicht: 2550 Gramm, Volumen: 36+ Liter.","og_url":"https:\/\/www.mjoelnerhunting.com\/de\/produkt\/rucksack-arild-loden-m-gewehraufsatz-36-liter\/","og_site_name":"Mj\u00f8lner Hunting","article_publisher":"https:\/\/www.facebook.com\/MJOELNERHUNTING","article_modified_time":"2026-03-12T10:49:43+00:00","og_image":[{"width":1327,"height":2560,"url":"https:\/\/www.mjoelnerhunting.com\/wp-content\/uploads\/2026\/01\/10201140101_Backpack_Arild_with_Fast_draw_rifle_carrying_system (1)-scaled.jpg","type":"image\/jpeg"}],"twitter_card":"summary_large_image","twitter_misc":{"Gesch\u00e4tzte Lesezeit":"1\u00a0Minute"},"schema":{"@context":"https:\/\/schema.org","@graph":[{"@type":"WebPage","@id":"https:\/\/www.mjoelnerhunting.com\/de\/produkt\/rucksack-arild-loden-m-gewehraufsatz-36-liter\/","url":"https:\/\/www.mjoelnerhunting.com\/de\/produkt\/rucksack-arild-loden-m-gewehraufsatz-36-liter\/","name":"Rucksack Arild loden W.\/gunslip 36 ltr. - Mj\u00f8lner Hunting","isPartOf":{"@id":"https:\/\/www.mjoelnerhunting.com\/de\/#website"},"primaryImageOfPage":{"@id":"https:\/\/www.mjoelnerhunting.com\/de\/produkt\/rucksack-arild-loden-m-gewehraufsatz-36-liter\/#primaryimage"},"image":{"@id":"https:\/\/www.mjoelnerhunting.com\/de\/produkt\/rucksack-arild-loden-m-gewehraufsatz-36-liter\/#primaryimage"},"thumbnailUrl":"https:\/\/www.mjoelnerhunting.com\/wp-content\/uploads\/2026\/01\/10201140101_Backpack_Arild_with_Fast_draw_rifle_carrying_system (1)-scaled.jpg","datePublished":"2026-02-19T11:57:10+00:00","dateModified":"2026-03-12T10:49:43+00:00","breadcrumb":{"@id":"https:\/\/www.mjoelnerhunting.com\/de\/produkt\/rucksack-arild-loden-m-gewehraufsatz-36-liter\/#breadcrumb"},"inLanguage":"de","potentialAction":[{"@type":"ReadAction","target":["https:\/\/www.mjoelnerhunting.com\/de\/produkt\/rucksack-arild-loden-m-gewehraufsatz-36-liter\/"]}]},{"@type":"ImageObject","inLanguage":"de","@id":"https:\/\/www.mjoelnerhunting.com\/de\/produkt\/rucksack-arild-loden-m-gewehraufsatz-36-liter\/#primaryimage","url":"https:\/\/www.mjoelnerhunting.com\/wp-content\/uploads\/2026\/01\/10201140101_Backpack_Arild_with_Fast_draw_rifle_carrying_system (1)-scaled.jpg","contentUrl":"https:\/\/www.mjoelnerhunting.com\/wp-content\/uploads\/2026\/01\/10201140101_Backpack_Arild_with_Fast_draw_rifle_carrying_system (1)-scaled.jpg","width":1327,"height":2560},{"@type":"BreadcrumbList","@id":"https:\/\/www.mjoelnerhunting.com\/de\/produkt\/rucksack-arild-loden-m-gewehraufsatz-36-liter\/#breadcrumb","itemListElement":[{"@type":"ListItem","position":1,"name":"Startseite","item":"https:\/\/www.mjoelnerhunting.com\/de\/jagen-sie-klueger-nicht-haerter\/"},{"@type":"ListItem","position":2,"name":"Shop","item":"https:\/\/www.mjoelnerhunting.com\/de\/shop\/"},{"@type":"ListItem","position":3,"name":"Rucksack Arild loden W.\/gunslip 36 ltr."}]},{"@type":"WebSite","@id":"https:\/\/www.mjoelnerhunting.com\/de\/#website","url":"https:\/\/www.mjoelnerhunting.com\/de\/","name":"Mj\u00f8lner Hunting","description":"Hunting Gear","publisher":{"@id":"https:\/\/www.mjoelnerhunting.com\/de\/#organization"},"potentialAction":[{"@type":"SearchAction","target":{"@type":"EntryPoint","urlTemplate":"https:\/\/www.mjoelnerhunting.com\/de\/?s={search_term_string}"},"query-input":{"@type":"PropertyValueSpecification","valueRequired":true,"valueName":"search_term_string"}}],"inLanguage":"de"},{"@type":"Organization","@id":"https:\/\/www.mjoelnerhunting.com\/de\/#organization","name":"Mj\u00f8lner-Jagd","url":"https:\/\/www.mjoelnerhunting.com\/de\/","logo":{"@type":"ImageObject","inLanguage":"de","@id":"https:\/\/www.mjoelnerhunting.com\/de\/#\/schema\/logo\/image\/","url":"https:\/\/www.mjoelnerhunting.com\/wp-content\/uploads\/2021\/10\/Logo-White.png","contentUrl":"https:\/\/www.mjoelnerhunting.com\/wp-content\/uploads\/2021\/10\/Logo-White.png","width":238,"height":114,"caption":"Mj\u00f8lner-Jagd"},"image":{"@id":"https:\/\/www.mjoelnerhunting.com\/de\/#\/schema\/logo\/image\/"},"sameAs":["https:\/\/www.facebook.com\/MJOELNERHUNTING"]}]}},"_links":{"self":[{"href":"https:\/\/www.mjoelnerhunting.com\/de\/wp-json\/wp\/v2\/product\/42974","targetHints":{"allow":["GET"]}}],"collection":[{"href":"https:\/\/www.mjoelnerhunting.com\/de\/wp-json\/wp\/v2\/product"}],"about":[{"href":"https:\/\/www.mjoelnerhunting.com\/de\/wp-json\/wp\/v2\/types\/product"}],"replies":[{"embeddable":true,"href":"https:\/\/www.mjoelnerhunting.com\/de\/wp-json\/wp\/v2\/comments?post=42974"}],"wp:featuredmedia":[{"embeddable":true,"href":"https:\/\/www.mjoelnerhunting.com\/de\/wp-json\/wp\/v2\/media\/42391"}],"wp:attachment":[{"href":"https:\/\/www.mjoelnerhunting.com\/de\/wp-json\/wp\/v2\/media?parent=42974"}],"wp:term":[{"taxonomy":"product_brand","embeddable":true,"href":"https:\/\/www.mjoelnerhunting.com\/de\/wp-json\/wp\/v2\/product_brand?post=42974"},{"taxonomy":"product_cat","embeddable":true,"href":"https:\/\/www.mjoelnerhunting.com\/de\/wp-json\/wp\/v2\/product_cat?post=42974"},{"taxonomy":"product_tag","embeddable":true,"href":"https:\/\/www.mjoelnerhunting.com\/de\/wp-json\/wp\/v2\/product_tag?post=42974"}],"curies":[{"name":"wp","href":"https:\/\/api.w.org\/{rel}","templated":true}]}}