{"id":42917,"date":"2026-02-19T12:57:42","date_gmt":"2026-02-19T11:57:42","guid":{"rendered":"https:\/\/www.mjoelnerhunting.com\/product\/rucksack-arn-loden-36-l\/"},"modified":"2026-02-18T07:25:22","modified_gmt":"2026-02-18T06:25:22","slug":"rucksack-arn-loden-36-l","status":"publish","type":"product","link":"https:\/\/www.mjoelnerhunting.com\/de\/produkt\/rucksack-arn-loden-36-l\/","title":{"rendered":"Rucksack ARN loden 36 l."},"content":{"rendered":"<p>Ultimativer Rucksack f\u00fcr Berg- und Hochlandwanderungen. Entwickelt f\u00fcr die harte Jagd. Innovatives Design mit: Stylisches, ger\u00e4uscharmes Material. Super atmungsaktives Tragesystem aus Trampolinmaterial. Breiter gepolsterter H\u00fcftgurt. Ein gro\u00dfes Hauptfach mit Kompressionsriemen. Oberer Rei\u00dfverschluss mit \u00fcberlappendem und unterem Zugang. Abnehmbare und umkehrbare Frontklappe mit elastischen B\u00e4ndern auf einer Seite und einer Netztasche auf der anderen Seite, die f\u00fcr nasse Kleidung oder Schw\u00e4mme verwendet werden kann. Zwei seitliche Netztaschen f\u00fcr schnellen Zugriff auch beim Gehen. Schlauchdurchf\u00fchrung f\u00fcr eine Wasserflasche. Rei\u00dfverschl\u00fcsse f\u00fcr einfache und leise Bedienung auch mit Handschuhen. Brustgurt. Wende-Regenh\u00fclle in Gr\u00fcn und Wei\u00df.            <\/p>\n","protected":false},"excerpt":{"rendered":"<p>Mjoelner Hunting<\/p>\n","protected":false},"featured_media":42918,"comment_status":"closed","ping_status":"open","template":"","meta":{"_acf_changed":false},"product_brand":[],"product_cat":[130],"product_tag":[],"class_list":{"0":"post-42917","1":"product","2":"type-product","3":"status-publish","4":"has-post-thumbnail","6":"product_cat-rucksaecke-und-taschen","8":"first","9":"instock","10":"purchasable","11":"product-type-simple"},"supplier_id":null,"supplier_sku":"","barcode":null,"atum_controlled":true,"out_stock_date":null,"out_stock_threshold":null,"inheritable":false,"inbound_stock":null,"stock_on_hold":0,"sold_today":0,"sales_last_days":0,"reserved_stock":null,"customer_returns":null,"warehouse_damage":null,"lost_in_post":null,"other_logs":null,"out_stock_days":0,"lost_sales":0,"has_location":null,"update_date":"2026-03-06T15:13:34","atum_locations":[],"atum_stock_status":"instock","restock_status":false,"low_stock_amount":"","sales_update_date":"2026-03-06T15:13:34","calc_backorders":null,"acf":[],"yoast_head":"<!-- This site is optimized with the Yoast SEO plugin v27.3 - https:\/\/yoast.com\/product\/yoast-seo-wordpress\/ -->\n<title>Rucksack ARN loden 36 l. - Mj\u00f8lner Hunting<\/title>\n<meta name=\"robots\" content=\"index, follow, max-snippet:-1, max-image-preview:large, max-video-preview:-1\" \/>\n<link rel=\"canonical\" href=\"https:\/\/www.mjoelnerhunting.com\/de\/produkt\/rucksack-arn-loden-36-l\/\" \/>\n<meta property=\"og:locale\" content=\"de_DE\" \/>\n<meta property=\"og:type\" content=\"article\" \/>\n<meta property=\"og:title\" content=\"Rucksack ARN loden 36 l. - Mj\u00f8lner Hunting\" \/>\n<meta property=\"og:description\" content=\"Mjoelner Hunting\" \/>\n<meta property=\"og:url\" content=\"https:\/\/www.mjoelnerhunting.com\/de\/produkt\/rucksack-arn-loden-36-l\/\" \/>\n<meta property=\"og:site_name\" content=\"Mj\u00f8lner Hunting\" \/>\n<meta property=\"article:publisher\" content=\"https:\/\/www.facebook.com\/MJOELNERHUNTING\" \/>\n<meta property=\"og:image\" content=\"https:\/\/www.mjoelnerhunting.com\/wp-content\/uploads\/2026\/01\/10201150101_Backpack_Arn%20(1)-scaled.jpg\" \/>\n\t<meta property=\"og:image:width\" content=\"1706\" \/>\n\t<meta property=\"og:image:height\" content=\"2560\" \/>\n\t<meta property=\"og:image:type\" content=\"image\/jpeg\" \/>\n<meta name=\"twitter:card\" content=\"summary_large_image\" \/>\n<meta name=\"twitter:label1\" content=\"Gesch\u00e4tzte Lesezeit\" \/>\n\t<meta name=\"twitter:data1\" content=\"1\u00a0Minute\" \/>\n<script type=\"application\/ld+json\" class=\"yoast-schema-graph\">{\"@context\":\"https:\\\/\\\/schema.org\",\"@graph\":[{\"@type\":\"WebPage\",\"@id\":\"https:\\\/\\\/www.mjoelnerhunting.com\\\/de\\\/produkt\\\/rucksack-arn-loden-36-l\\\/\",\"url\":\"https:\\\/\\\/www.mjoelnerhunting.com\\\/de\\\/produkt\\\/rucksack-arn-loden-36-l\\\/\",\"name\":\"Rucksack ARN loden 36 l. - Mj\u00f8lner Hunting\",\"isPartOf\":{\"@id\":\"https:\\\/\\\/www.mjoelnerhunting.com\\\/de\\\/#website\"},\"primaryImageOfPage\":{\"@id\":\"https:\\\/\\\/www.mjoelnerhunting.com\\\/de\\\/produkt\\\/rucksack-arn-loden-36-l\\\/#primaryimage\"},\"image\":{\"@id\":\"https:\\\/\\\/www.mjoelnerhunting.com\\\/de\\\/produkt\\\/rucksack-arn-loden-36-l\\\/#primaryimage\"},\"thumbnailUrl\":\"https:\\\/\\\/www.mjoelnerhunting.com\\\/wp-content\\\/uploads\\\/2026\\\/01\\\/10201150101_Backpack_Arn (1)-scaled.jpg\",\"datePublished\":\"2026-02-19T11:57:42+00:00\",\"breadcrumb\":{\"@id\":\"https:\\\/\\\/www.mjoelnerhunting.com\\\/de\\\/produkt\\\/rucksack-arn-loden-36-l\\\/#breadcrumb\"},\"inLanguage\":\"de\",\"potentialAction\":[{\"@type\":\"ReadAction\",\"target\":[\"https:\\\/\\\/www.mjoelnerhunting.com\\\/de\\\/produkt\\\/rucksack-arn-loden-36-l\\\/\"]}]},{\"@type\":\"ImageObject\",\"inLanguage\":\"de\",\"@id\":\"https:\\\/\\\/www.mjoelnerhunting.com\\\/de\\\/produkt\\\/rucksack-arn-loden-36-l\\\/#primaryimage\",\"url\":\"https:\\\/\\\/www.mjoelnerhunting.com\\\/wp-content\\\/uploads\\\/2026\\\/01\\\/10201150101_Backpack_Arn (1)-scaled.jpg\",\"contentUrl\":\"https:\\\/\\\/www.mjoelnerhunting.com\\\/wp-content\\\/uploads\\\/2026\\\/01\\\/10201150101_Backpack_Arn (1)-scaled.jpg\",\"width\":1706,\"height\":2560},{\"@type\":\"BreadcrumbList\",\"@id\":\"https:\\\/\\\/www.mjoelnerhunting.com\\\/de\\\/produkt\\\/rucksack-arn-loden-36-l\\\/#breadcrumb\",\"itemListElement\":[{\"@type\":\"ListItem\",\"position\":1,\"name\":\"Startseite\",\"item\":\"https:\\\/\\\/www.mjoelnerhunting.com\\\/de\\\/jagen-sie-klueger-nicht-haerter\\\/\"},{\"@type\":\"ListItem\",\"position\":2,\"name\":\"Shop\",\"item\":\"https:\\\/\\\/www.mjoelnerhunting.com\\\/de\\\/shop\\\/\"},{\"@type\":\"ListItem\",\"position\":3,\"name\":\"Rucksack ARN loden 36 l.\"}]},{\"@type\":\"WebSite\",\"@id\":\"https:\\\/\\\/www.mjoelnerhunting.com\\\/de\\\/#website\",\"url\":\"https:\\\/\\\/www.mjoelnerhunting.com\\\/de\\\/\",\"name\":\"Mj\u00f8lner Hunting\",\"description\":\"Hunting Gear\",\"publisher\":{\"@id\":\"https:\\\/\\\/www.mjoelnerhunting.com\\\/de\\\/#organization\"},\"potentialAction\":[{\"@type\":\"SearchAction\",\"target\":{\"@type\":\"EntryPoint\",\"urlTemplate\":\"https:\\\/\\\/www.mjoelnerhunting.com\\\/de\\\/?s={search_term_string}\"},\"query-input\":{\"@type\":\"PropertyValueSpecification\",\"valueRequired\":true,\"valueName\":\"search_term_string\"}}],\"inLanguage\":\"de\"},{\"@type\":\"Organization\",\"@id\":\"https:\\\/\\\/www.mjoelnerhunting.com\\\/de\\\/#organization\",\"name\":\"Mj\u00f8lner-Jagd\",\"url\":\"https:\\\/\\\/www.mjoelnerhunting.com\\\/de\\\/\",\"logo\":{\"@type\":\"ImageObject\",\"inLanguage\":\"de\",\"@id\":\"https:\\\/\\\/www.mjoelnerhunting.com\\\/de\\\/#\\\/schema\\\/logo\\\/image\\\/\",\"url\":\"https:\\\/\\\/www.mjoelnerhunting.com\\\/wp-content\\\/uploads\\\/2021\\\/10\\\/Logo-White.png\",\"contentUrl\":\"https:\\\/\\\/www.mjoelnerhunting.com\\\/wp-content\\\/uploads\\\/2021\\\/10\\\/Logo-White.png\",\"width\":238,\"height\":114,\"caption\":\"Mj\u00f8lner-Jagd\"},\"image\":{\"@id\":\"https:\\\/\\\/www.mjoelnerhunting.com\\\/de\\\/#\\\/schema\\\/logo\\\/image\\\/\"},\"sameAs\":[\"https:\\\/\\\/www.facebook.com\\\/MJOELNERHUNTING\"]}]}<\/script>\n<!-- \/ Yoast SEO plugin. -->","yoast_head_json":{"title":"Rucksack ARN loden 36 l. - Mj\u00f8lner Hunting","robots":{"index":"index","follow":"follow","max-snippet":"max-snippet:-1","max-image-preview":"max-image-preview:large","max-video-preview":"max-video-preview:-1"},"canonical":"https:\/\/www.mjoelnerhunting.com\/de\/produkt\/rucksack-arn-loden-36-l\/","og_locale":"de_DE","og_type":"article","og_title":"Rucksack ARN loden 36 l. - Mj\u00f8lner Hunting","og_description":"Mjoelner Hunting","og_url":"https:\/\/www.mjoelnerhunting.com\/de\/produkt\/rucksack-arn-loden-36-l\/","og_site_name":"Mj\u00f8lner Hunting","article_publisher":"https:\/\/www.facebook.com\/MJOELNERHUNTING","og_image":[{"width":1706,"height":2560,"url":"https:\/\/www.mjoelnerhunting.com\/wp-content\/uploads\/2026\/01\/10201150101_Backpack_Arn (1)-scaled.jpg","type":"image\/jpeg"}],"twitter_card":"summary_large_image","twitter_misc":{"Gesch\u00e4tzte Lesezeit":"1\u00a0Minute"},"schema":{"@context":"https:\/\/schema.org","@graph":[{"@type":"WebPage","@id":"https:\/\/www.mjoelnerhunting.com\/de\/produkt\/rucksack-arn-loden-36-l\/","url":"https:\/\/www.mjoelnerhunting.com\/de\/produkt\/rucksack-arn-loden-36-l\/","name":"Rucksack ARN loden 36 l. - Mj\u00f8lner Hunting","isPartOf":{"@id":"https:\/\/www.mjoelnerhunting.com\/de\/#website"},"primaryImageOfPage":{"@id":"https:\/\/www.mjoelnerhunting.com\/de\/produkt\/rucksack-arn-loden-36-l\/#primaryimage"},"image":{"@id":"https:\/\/www.mjoelnerhunting.com\/de\/produkt\/rucksack-arn-loden-36-l\/#primaryimage"},"thumbnailUrl":"https:\/\/www.mjoelnerhunting.com\/wp-content\/uploads\/2026\/01\/10201150101_Backpack_Arn (1)-scaled.jpg","datePublished":"2026-02-19T11:57:42+00:00","breadcrumb":{"@id":"https:\/\/www.mjoelnerhunting.com\/de\/produkt\/rucksack-arn-loden-36-l\/#breadcrumb"},"inLanguage":"de","potentialAction":[{"@type":"ReadAction","target":["https:\/\/www.mjoelnerhunting.com\/de\/produkt\/rucksack-arn-loden-36-l\/"]}]},{"@type":"ImageObject","inLanguage":"de","@id":"https:\/\/www.mjoelnerhunting.com\/de\/produkt\/rucksack-arn-loden-36-l\/#primaryimage","url":"https:\/\/www.mjoelnerhunting.com\/wp-content\/uploads\/2026\/01\/10201150101_Backpack_Arn (1)-scaled.jpg","contentUrl":"https:\/\/www.mjoelnerhunting.com\/wp-content\/uploads\/2026\/01\/10201150101_Backpack_Arn (1)-scaled.jpg","width":1706,"height":2560},{"@type":"BreadcrumbList","@id":"https:\/\/www.mjoelnerhunting.com\/de\/produkt\/rucksack-arn-loden-36-l\/#breadcrumb","itemListElement":[{"@type":"ListItem","position":1,"name":"Startseite","item":"https:\/\/www.mjoelnerhunting.com\/de\/jagen-sie-klueger-nicht-haerter\/"},{"@type":"ListItem","position":2,"name":"Shop","item":"https:\/\/www.mjoelnerhunting.com\/de\/shop\/"},{"@type":"ListItem","position":3,"name":"Rucksack ARN loden 36 l."}]},{"@type":"WebSite","@id":"https:\/\/www.mjoelnerhunting.com\/de\/#website","url":"https:\/\/www.mjoelnerhunting.com\/de\/","name":"Mj\u00f8lner Hunting","description":"Hunting Gear","publisher":{"@id":"https:\/\/www.mjoelnerhunting.com\/de\/#organization"},"potentialAction":[{"@type":"SearchAction","target":{"@type":"EntryPoint","urlTemplate":"https:\/\/www.mjoelnerhunting.com\/de\/?s={search_term_string}"},"query-input":{"@type":"PropertyValueSpecification","valueRequired":true,"valueName":"search_term_string"}}],"inLanguage":"de"},{"@type":"Organization","@id":"https:\/\/www.mjoelnerhunting.com\/de\/#organization","name":"Mj\u00f8lner-Jagd","url":"https:\/\/www.mjoelnerhunting.com\/de\/","logo":{"@type":"ImageObject","inLanguage":"de","@id":"https:\/\/www.mjoelnerhunting.com\/de\/#\/schema\/logo\/image\/","url":"https:\/\/www.mjoelnerhunting.com\/wp-content\/uploads\/2021\/10\/Logo-White.png","contentUrl":"https:\/\/www.mjoelnerhunting.com\/wp-content\/uploads\/2021\/10\/Logo-White.png","width":238,"height":114,"caption":"Mj\u00f8lner-Jagd"},"image":{"@id":"https:\/\/www.mjoelnerhunting.com\/de\/#\/schema\/logo\/image\/"},"sameAs":["https:\/\/www.facebook.com\/MJOELNERHUNTING"]}]}},"_links":{"self":[{"href":"https:\/\/www.mjoelnerhunting.com\/de\/wp-json\/wp\/v2\/product\/42917","targetHints":{"allow":["GET"]}}],"collection":[{"href":"https:\/\/www.mjoelnerhunting.com\/de\/wp-json\/wp\/v2\/product"}],"about":[{"href":"https:\/\/www.mjoelnerhunting.com\/de\/wp-json\/wp\/v2\/types\/product"}],"replies":[{"embeddable":true,"href":"https:\/\/www.mjoelnerhunting.com\/de\/wp-json\/wp\/v2\/comments?post=42917"}],"wp:featuredmedia":[{"embeddable":true,"href":"https:\/\/www.mjoelnerhunting.com\/de\/wp-json\/wp\/v2\/media\/42918"}],"wp:attachment":[{"href":"https:\/\/www.mjoelnerhunting.com\/de\/wp-json\/wp\/v2\/media?parent=42917"}],"wp:term":[{"taxonomy":"product_brand","embeddable":true,"href":"https:\/\/www.mjoelnerhunting.com\/de\/wp-json\/wp\/v2\/product_brand?post=42917"},{"taxonomy":"product_cat","embeddable":true,"href":"https:\/\/www.mjoelnerhunting.com\/de\/wp-json\/wp\/v2\/product_cat?post=42917"},{"taxonomy":"product_tag","embeddable":true,"href":"https:\/\/www.mjoelnerhunting.com\/de\/wp-json\/wp\/v2\/product_tag?post=42917"}],"curies":[{"name":"wp","href":"https:\/\/api.w.org\/{rel}","templated":true}]}}