{"id":42252,"date":"2026-02-19T12:58:00","date_gmt":"2026-02-19T11:58:00","guid":{"rendered":"https:\/\/www.mjoelnerhunting.com\/product\/rucksack-stuhl-bjorn-braun-loden\/"},"modified":"2026-02-22T15:51:46","modified_gmt":"2026-02-22T14:51:46","slug":"rucksack-stuhl-bjorn-braun-loden","status":"publish","type":"product","link":"https:\/\/www.mjoelnerhunting.com\/de\/produkt\/rucksack-stuhl-bjorn-braun-loden\/","title":{"rendered":"Rucksack Stuhl Bjoern Braun Loden"},"content":{"rendered":"<p>Rucksackstuhl Bjorn<br \/>\nStilvoller Rucksackstuhl in leisem Loden. Super Sitzkomfort. Breite Schultergurte aus starkem Bel\u00fcftungsnetz f\u00fcr mehr Komfort. Ein gro\u00dfes Hauptfach und ein Frontfach, sowie zwei Seitentaschen. Starker Stuhl, h\u00e4lt einem Seitengewicht von 200 kg stand. Regenschutz.     <\/p>\n","protected":false},"excerpt":{"rendered":"<div class=\"relative basis-auto flex-col -mb-(--composer-overlap-px) [--composer-overlap-px:28px] grow flex\">\n<div class=\"flex flex-col text-sm pb-25\">\n<article class=\"text-token-text-primary w-full focus:outline-none [--shadow-height:45px] has-data-writing-block:pointer-events-none has-data-writing-block:-mt-(--shadow-height) has-data-writing-block:pt-(--shadow-height) [&amp;:has([data-writing-block])&gt;*]:pointer-events-auto scroll-mt-[calc(var(--header-height)+min(200px,max(70px,20svh)))]\" dir=\"auto\" tabindex=\"-1\" data-turn-id=\"request-68342a7b-4650-800a-8f78-37ef23b5530d-6\" data-testid=\"conversation-turn-263\" data-scroll-anchor=\"true\" data-turn=\"assistant\">\n<div class=\"text-base my-auto mx-auto pb-10 [--thread-content-margin:--spacing(4)] @w-sm\/main:[--thread-content-margin:--spacing(6)] @w-lg\/main:[--thread-content-margin:--spacing(16)] px-(--thread-content-margin)\">\n<div class=\"[--thread-content-max-width:40rem] @w-lg\/main:[--thread-content-max-width:48rem] mx-auto max-w-(--thread-content-max-width) flex-1 group\/turn-messages focus-visible:outline-hidden relative flex w-full min-w-0 flex-col agent-turn\" tabindex=\"-1\">\n<div class=\"flex max-w-full flex-col grow\">\n<div class=\"min-h-8 text-message relative flex w-full flex-col items-end gap-2 text-start break-words whitespace-normal [.text-message+&amp;]:mt-1\" dir=\"auto\" data-message-author-role=\"assistant\" data-message-id=\"07f35154-a2df-4639-80e7-fca0438c6057\" data-message-model-slug=\"gpt-5-2\">\n<div class=\"flex w-full flex-col gap-1 empty:hidden first:pt-[1px]\">\n<div class=\"markdown prose dark:prose-invert w-full wrap-break-word light markdown-new-styling\">\n<p data-start=\"162\" data-end=\"211\"><strong data-start=\"162\" data-end=\"211\">Kompakt, stark und f\u00fcr nordische Bedingungen gebaut<\/strong><\/p>\n<p data-start=\"213\" data-end=\"461\">Bjoern ist der Rucksack f\u00fcr den J\u00e4ger, der sowohl Komfort als auch Robustheit in einem kompakten System sucht. Aus ger\u00e4uscharmem Lodenmaterial gefertigt und mit einem stabilen Aluminiumrahmen kombiniert, erhalten Sie einen robusten Stuhlrucksack, der lange h\u00e4lt &#8211; auch unter anspruchsvollen Bedingungen. <\/p>\n<hr data-start=\"463\" data-end=\"466\">\n<h3 data-start=\"468\" data-end=\"505\">Extreme St\u00e4rke &#8211; maximale Sicherheit<\/h3>\n<p data-start=\"507\" data-end=\"690\">Der Stuhl besteht aus einem soliden Aluminiumrahmen und hat eine beeindruckende maximale Belastbarkeit von <strong data-start=\"608\" data-end=\"618\">200 kg<\/strong>. Das gibt Ihnen Stabilit\u00e4t und Sicherheit beim Sitzen auf dem Pfosten &#8211; egal auf welchem Untergrund. <\/p>\n<hr data-start=\"692\" data-end=\"695\">\n<h3 data-start=\"697\" data-end=\"716\">Komfort im Fokus<\/h3>\n<ul data-start=\"718\" data-end=\"889\">\n<li data-start=\"718\" data-end=\"746\">\n<p data-start=\"720\" data-end=\"746\">Gepolsterte R\u00fcckenkonstruktion<\/p>\n<\/li>\n<li data-start=\"747\" data-end=\"799\">\n<p data-start=\"749\" data-end=\"799\">Breite Schultergurte aus strapazierf\u00e4higem Bel\u00fcftungsnetz<\/p>\n<\/li>\n<li data-start=\"800\" data-end=\"838\">\n<p data-start=\"802\" data-end=\"838\">H\u00fcftgurt f\u00fcr bessere Gewichtsverteilung<\/p>\n<\/li>\n<li data-start=\"839\" data-end=\"861\">\n<p data-start=\"841\" data-end=\"861\">Super Sitzkomfort<\/p>\n<\/li>\n<li data-start=\"862\" data-end=\"889\">\n<p data-start=\"864\" data-end=\"889\">Inklusive Regenschutz<\/p>\n<\/li>\n<\/ul>\n<p data-start=\"891\" data-end=\"1033\">Die breiten, bel\u00fcfteten Tr\u00e4ger erh\u00f6hen den Komfort auf l\u00e4ngeren Reisen und die R\u00fcckenpolsterung sorgt f\u00fcr bequemes Tragen &#8211; auch wenn der Rucksack voll gepackt ist.<\/p>\n<hr data-start=\"1035\" data-end=\"1038\">\n<h3 data-start=\"1040\" data-end=\"1064\">Praktisch und ger\u00e4umig<\/h3>\n<p data-start=\"1066\" data-end=\"1129\">Mit einem Fassungsverm\u00f6gen von 30 Litern haben Sie Platz f\u00fcr die Ausr\u00fcstung, die Sie ben\u00f6tigen:<\/p>\n<ul data-start=\"1131\" data-end=\"1209\">\n<li data-start=\"1131\" data-end=\"1149\">\n<p data-start=\"1133\" data-end=\"1149\">Gro\u00dfes Hauptfach<\/p>\n<\/li>\n<li data-start=\"1150\" data-end=\"1173\">\n<p data-start=\"1152\" data-end=\"1173\">Ger\u00e4umige Fronttasche<\/p>\n<\/li>\n<li data-start=\"1174\" data-end=\"1209\">\n<p data-start=\"1176\" data-end=\"1209\">Zwei Seitentaschen<\/p>\n<\/li>\n<\/ul>\n<p data-start=\"1211\" data-end=\"1328\">Alles ist in ein kompaktes und gut ausbalanciertes Design verpackt, so dass Bjoern sowohl beim Transport als auch bei der Jagd leicht zu handhaben ist.<\/p>\n<hr data-start=\"1330\" data-end=\"1333\">\n<h3 data-start=\"1335\" data-end=\"1354\">Spezifikationen<\/h3>\n<ul data-start=\"1356\" data-end=\"1528\">\n<li data-start=\"1356\" data-end=\"1392\">\n<p data-start=\"1358\" data-end=\"1392\">Abmessungen (H x B x T): 52 x 30 x 25 cm<\/p>\n<\/li>\n<li data-start=\"1393\" data-end=\"1412\">\n<p data-start=\"1395\" data-end=\"1412\">Gewicht: 2100 Gramm<\/p>\n<\/li>\n<li data-start=\"1413\" data-end=\"1434\">\n<p data-start=\"1415\" data-end=\"1434\">Volumen: 30 Liter<\/p>\n<\/li>\n<li data-start=\"1435\" data-end=\"1468\">\n<p data-start=\"1437\" data-end=\"1468\">Material: Loden und Aluminium<\/p>\n<\/li>\n<li data-start=\"1469\" data-end=\"1489\">\n<p data-start=\"1471\" data-end=\"1489\">Farbe: Dunkelbraun<\/p>\n<\/li>\n<li data-start=\"1490\" data-end=\"1528\">\n<p data-start=\"1492\" data-end=\"1528\">Maximale Belastung (Stuhl): 200 kg<\/p>\n<\/li>\n<\/ul>\n<hr data-start=\"1530\" data-end=\"1533\">\n<p data-start=\"1535\" data-end=\"1666\">Bjoern ist die offensichtliche Wahl f\u00fcr J\u00e4ger, die einen robusten, kompakten und leisen Stuhlrucksack mit hohem Komfort und beeindruckender Tragekapazit\u00e4t suchen.<\/p>\n<p data-start=\"1668\" data-end=\"1709\" data-is-last-node=\"\" data-is-only-node=\"\">Wenn Sie sich hinsetzen &#8211; Sie werden den Unterschied sp\u00fcren.<\/p>\n<\/div>\n<\/div>\n<\/div>\n<\/div>\n<div class=\"z-0 flex min-h-[46px] justify-start\"><\/div>\n<\/div>\n<\/div>\n<\/article>\n<\/div>\n<\/div>\n","protected":false},"featured_media":42256,"comment_status":"closed","ping_status":"closed","template":"","meta":{"_acf_changed":false},"product_brand":[],"product_cat":[130],"product_tag":[],"class_list":{"0":"post-42252","1":"product","2":"type-product","3":"status-publish","4":"has-post-thumbnail","6":"product_cat-rucksaecke-und-taschen","8":"first","9":"instock","10":"purchasable","11":"product-type-simple"},"supplier_id":null,"supplier_sku":"","barcode":null,"atum_controlled":true,"out_stock_date":null,"out_stock_threshold":null,"inheritable":false,"inbound_stock":null,"stock_on_hold":2,"sold_today":0,"sales_last_days":2,"reserved_stock":null,"customer_returns":null,"warehouse_damage":null,"lost_in_post":null,"other_logs":null,"out_stock_days":0,"lost_sales":0,"has_location":false,"update_date":"2026-03-04T23:03:33","atum_locations":[],"atum_stock_status":"instock","restock_status":false,"low_stock_amount":"","sales_update_date":"2026-03-04T23:03:33","calc_backorders":null,"acf":[],"yoast_head":"<!-- This site is optimized with the Yoast SEO plugin v27.3 - https:\/\/yoast.com\/product\/yoast-seo-wordpress\/ -->\n<title>Rucksack Stuhl Bjoern Braun Loden - Mj\u00f8lner Hunting<\/title>\n<meta name=\"robots\" content=\"index, follow, max-snippet:-1, max-image-preview:large, max-video-preview:-1\" \/>\n<link rel=\"canonical\" href=\"https:\/\/www.mjoelnerhunting.com\/de\/produkt\/rucksack-stuhl-bjorn-braun-loden\/\" \/>\n<meta property=\"og:locale\" content=\"de_DE\" \/>\n<meta property=\"og:type\" content=\"article\" \/>\n<meta property=\"og:title\" content=\"Rucksack Stuhl Bjoern Braun Loden - Mj\u00f8lner Hunting\" \/>\n<meta property=\"og:description\" content=\"Kompakt, stark und f\u00fcr nordische Bedingungen gebaut Bjoern ist der Rucksack f\u00fcr den J\u00e4ger, der sowohl Komfort als auch Robustheit in einem kompakten System sucht. Aus ger\u00e4uscharmem Lodenmaterial gefertigt und mit einem stabilen Aluminiumrahmen kombiniert, erhalten Sie einen robusten Stuhlrucksack, der lange h\u00e4lt - auch unter anspruchsvollen Bedingungen.   Extreme St\u00e4rke - maximale Sicherheit Der Stuhl besteht aus einem soliden Aluminiumrahmen und hat eine beeindruckende maximale Belastbarkeit von 200 kg. Das gibt Ihnen Stabilit\u00e4t und Sicherheit beim Sitzen auf dem Pfosten - egal auf welchem Untergrund.   Komfort im Fokus   Gepolsterte R\u00fcckenkonstruktion   Breite Schultergurte aus strapazierf\u00e4higem Bel\u00fcftungsnetz   H\u00fcftgurt f\u00fcr bessere Gewichtsverteilung   Super Sitzkomfort   Inklusive Regenschutz  Die breiten, bel\u00fcfteten Tr\u00e4ger erh\u00f6hen den Komfort auf l\u00e4ngeren Reisen und die R\u00fcckenpolsterung sorgt f\u00fcr bequemes Tragen - auch wenn der Rucksack voll gepackt ist.   Praktisch und ger\u00e4umig Mit einem Fassungsverm\u00f6gen von 30 Litern haben Sie Platz f\u00fcr die Ausr\u00fcstung, die Sie ben\u00f6tigen:   Gro\u00dfes Hauptfach   Ger\u00e4umige Fronttasche   Zwei Seitentaschen  Alles ist in ein kompaktes und gut ausbalanciertes Design verpackt, so dass Bjoern sowohl beim Transport als auch bei der Jagd leicht zu handhaben ist.   Spezifikationen   Abmessungen (H x B x T): 52 x 30 x 25 cm   Gewicht: 2100 Gramm   Volumen: 30 Liter   Material: Loden und Aluminium   Farbe: Dunkelbraun   Maximale Belastung (Stuhl): 200 kg   Bjoern ist die offensichtliche Wahl f\u00fcr J\u00e4ger, die einen robusten, kompakten und leisen Stuhlrucksack mit hohem Komfort und beeindruckender Tragekapazit\u00e4t suchen. Wenn Sie sich hinsetzen - Sie werden den Unterschied sp\u00fcren.\" \/>\n<meta property=\"og:url\" content=\"https:\/\/www.mjoelnerhunting.com\/de\/produkt\/rucksack-stuhl-bjorn-braun-loden\/\" \/>\n<meta property=\"og:site_name\" content=\"Mj\u00f8lner Hunting\" \/>\n<meta property=\"article:publisher\" content=\"https:\/\/www.facebook.com\/MJOELNERHUNTING\" \/>\n<meta property=\"article:modified_time\" content=\"2026-02-22T14:51:46+00:00\" \/>\n<meta property=\"og:image\" content=\"https:\/\/www.mjoelnerhunting.com\/wp-content\/uploads\/2026\/01\/10202121301_Backpack_Chair_Bjoern_Brown_Loden%20(10)-scaled.jpg\" \/>\n\t<meta property=\"og:image:width\" content=\"1886\" \/>\n\t<meta property=\"og:image:height\" content=\"2560\" \/>\n\t<meta property=\"og:image:type\" content=\"image\/jpeg\" \/>\n<meta name=\"twitter:card\" content=\"summary_large_image\" \/>\n<script type=\"application\/ld+json\" class=\"yoast-schema-graph\">{\"@context\":\"https:\\\/\\\/schema.org\",\"@graph\":[{\"@type\":\"WebPage\",\"@id\":\"https:\\\/\\\/www.mjoelnerhunting.com\\\/de\\\/produkt\\\/rucksack-stuhl-bjorn-braun-loden\\\/\",\"url\":\"https:\\\/\\\/www.mjoelnerhunting.com\\\/de\\\/produkt\\\/rucksack-stuhl-bjorn-braun-loden\\\/\",\"name\":\"Rucksack Stuhl Bjoern Braun Loden - Mj\u00f8lner Hunting\",\"isPartOf\":{\"@id\":\"https:\\\/\\\/www.mjoelnerhunting.com\\\/de\\\/#website\"},\"primaryImageOfPage\":{\"@id\":\"https:\\\/\\\/www.mjoelnerhunting.com\\\/de\\\/produkt\\\/rucksack-stuhl-bjorn-braun-loden\\\/#primaryimage\"},\"image\":{\"@id\":\"https:\\\/\\\/www.mjoelnerhunting.com\\\/de\\\/produkt\\\/rucksack-stuhl-bjorn-braun-loden\\\/#primaryimage\"},\"thumbnailUrl\":\"https:\\\/\\\/www.mjoelnerhunting.com\\\/wp-content\\\/uploads\\\/2026\\\/01\\\/10202121301_Backpack_Chair_Bjoern_Brown_Loden (10)-scaled.jpg\",\"datePublished\":\"2026-02-19T11:58:00+00:00\",\"dateModified\":\"2026-02-22T14:51:46+00:00\",\"breadcrumb\":{\"@id\":\"https:\\\/\\\/www.mjoelnerhunting.com\\\/de\\\/produkt\\\/rucksack-stuhl-bjorn-braun-loden\\\/#breadcrumb\"},\"inLanguage\":\"de\",\"potentialAction\":[{\"@type\":\"ReadAction\",\"target\":[\"https:\\\/\\\/www.mjoelnerhunting.com\\\/de\\\/produkt\\\/rucksack-stuhl-bjorn-braun-loden\\\/\"]}]},{\"@type\":\"ImageObject\",\"inLanguage\":\"de\",\"@id\":\"https:\\\/\\\/www.mjoelnerhunting.com\\\/de\\\/produkt\\\/rucksack-stuhl-bjorn-braun-loden\\\/#primaryimage\",\"url\":\"https:\\\/\\\/www.mjoelnerhunting.com\\\/wp-content\\\/uploads\\\/2026\\\/01\\\/10202121301_Backpack_Chair_Bjoern_Brown_Loden (10)-scaled.jpg\",\"contentUrl\":\"https:\\\/\\\/www.mjoelnerhunting.com\\\/wp-content\\\/uploads\\\/2026\\\/01\\\/10202121301_Backpack_Chair_Bjoern_Brown_Loden (10)-scaled.jpg\",\"width\":1886,\"height\":2560},{\"@type\":\"BreadcrumbList\",\"@id\":\"https:\\\/\\\/www.mjoelnerhunting.com\\\/de\\\/produkt\\\/rucksack-stuhl-bjorn-braun-loden\\\/#breadcrumb\",\"itemListElement\":[{\"@type\":\"ListItem\",\"position\":1,\"name\":\"Startseite\",\"item\":\"https:\\\/\\\/www.mjoelnerhunting.com\\\/de\\\/jagen-sie-klueger-nicht-haerter\\\/\"},{\"@type\":\"ListItem\",\"position\":2,\"name\":\"Shop\",\"item\":\"https:\\\/\\\/www.mjoelnerhunting.com\\\/de\\\/shop\\\/\"},{\"@type\":\"ListItem\",\"position\":3,\"name\":\"Rucksack Stuhl Bjoern Braun Loden\"}]},{\"@type\":\"WebSite\",\"@id\":\"https:\\\/\\\/www.mjoelnerhunting.com\\\/de\\\/#website\",\"url\":\"https:\\\/\\\/www.mjoelnerhunting.com\\\/de\\\/\",\"name\":\"Mj\u00f8lner Hunting\",\"description\":\"Hunting Gear\",\"publisher\":{\"@id\":\"https:\\\/\\\/www.mjoelnerhunting.com\\\/de\\\/#organization\"},\"potentialAction\":[{\"@type\":\"SearchAction\",\"target\":{\"@type\":\"EntryPoint\",\"urlTemplate\":\"https:\\\/\\\/www.mjoelnerhunting.com\\\/de\\\/?s={search_term_string}\"},\"query-input\":{\"@type\":\"PropertyValueSpecification\",\"valueRequired\":true,\"valueName\":\"search_term_string\"}}],\"inLanguage\":\"de\"},{\"@type\":\"Organization\",\"@id\":\"https:\\\/\\\/www.mjoelnerhunting.com\\\/de\\\/#organization\",\"name\":\"Mj\u00f8lner-Jagd\",\"url\":\"https:\\\/\\\/www.mjoelnerhunting.com\\\/de\\\/\",\"logo\":{\"@type\":\"ImageObject\",\"inLanguage\":\"de\",\"@id\":\"https:\\\/\\\/www.mjoelnerhunting.com\\\/de\\\/#\\\/schema\\\/logo\\\/image\\\/\",\"url\":\"https:\\\/\\\/www.mjoelnerhunting.com\\\/wp-content\\\/uploads\\\/2021\\\/10\\\/Logo-White.png\",\"contentUrl\":\"https:\\\/\\\/www.mjoelnerhunting.com\\\/wp-content\\\/uploads\\\/2021\\\/10\\\/Logo-White.png\",\"width\":238,\"height\":114,\"caption\":\"Mj\u00f8lner-Jagd\"},\"image\":{\"@id\":\"https:\\\/\\\/www.mjoelnerhunting.com\\\/de\\\/#\\\/schema\\\/logo\\\/image\\\/\"},\"sameAs\":[\"https:\\\/\\\/www.facebook.com\\\/MJOELNERHUNTING\"]}]}<\/script>\n<!-- \/ Yoast SEO plugin. -->","yoast_head_json":{"title":"Rucksack Stuhl Bjoern Braun Loden - Mj\u00f8lner Hunting","robots":{"index":"index","follow":"follow","max-snippet":"max-snippet:-1","max-image-preview":"max-image-preview:large","max-video-preview":"max-video-preview:-1"},"canonical":"https:\/\/www.mjoelnerhunting.com\/de\/produkt\/rucksack-stuhl-bjorn-braun-loden\/","og_locale":"de_DE","og_type":"article","og_title":"Rucksack Stuhl Bjoern Braun Loden - Mj\u00f8lner Hunting","og_description":"Kompakt, stark und f\u00fcr nordische Bedingungen gebaut Bjoern ist der Rucksack f\u00fcr den J\u00e4ger, der sowohl Komfort als auch Robustheit in einem kompakten System sucht. Aus ger\u00e4uscharmem Lodenmaterial gefertigt und mit einem stabilen Aluminiumrahmen kombiniert, erhalten Sie einen robusten Stuhlrucksack, der lange h\u00e4lt - auch unter anspruchsvollen Bedingungen.   Extreme St\u00e4rke - maximale Sicherheit Der Stuhl besteht aus einem soliden Aluminiumrahmen und hat eine beeindruckende maximale Belastbarkeit von 200 kg. Das gibt Ihnen Stabilit\u00e4t und Sicherheit beim Sitzen auf dem Pfosten - egal auf welchem Untergrund.   Komfort im Fokus   Gepolsterte R\u00fcckenkonstruktion   Breite Schultergurte aus strapazierf\u00e4higem Bel\u00fcftungsnetz   H\u00fcftgurt f\u00fcr bessere Gewichtsverteilung   Super Sitzkomfort   Inklusive Regenschutz  Die breiten, bel\u00fcfteten Tr\u00e4ger erh\u00f6hen den Komfort auf l\u00e4ngeren Reisen und die R\u00fcckenpolsterung sorgt f\u00fcr bequemes Tragen - auch wenn der Rucksack voll gepackt ist.   Praktisch und ger\u00e4umig Mit einem Fassungsverm\u00f6gen von 30 Litern haben Sie Platz f\u00fcr die Ausr\u00fcstung, die Sie ben\u00f6tigen:   Gro\u00dfes Hauptfach   Ger\u00e4umige Fronttasche   Zwei Seitentaschen  Alles ist in ein kompaktes und gut ausbalanciertes Design verpackt, so dass Bjoern sowohl beim Transport als auch bei der Jagd leicht zu handhaben ist.   Spezifikationen   Abmessungen (H x B x T): 52 x 30 x 25 cm   Gewicht: 2100 Gramm   Volumen: 30 Liter   Material: Loden und Aluminium   Farbe: Dunkelbraun   Maximale Belastung (Stuhl): 200 kg   Bjoern ist die offensichtliche Wahl f\u00fcr J\u00e4ger, die einen robusten, kompakten und leisen Stuhlrucksack mit hohem Komfort und beeindruckender Tragekapazit\u00e4t suchen. Wenn Sie sich hinsetzen - Sie werden den Unterschied sp\u00fcren.","og_url":"https:\/\/www.mjoelnerhunting.com\/de\/produkt\/rucksack-stuhl-bjorn-braun-loden\/","og_site_name":"Mj\u00f8lner Hunting","article_publisher":"https:\/\/www.facebook.com\/MJOELNERHUNTING","article_modified_time":"2026-02-22T14:51:46+00:00","og_image":[{"width":1886,"height":2560,"url":"https:\/\/www.mjoelnerhunting.com\/wp-content\/uploads\/2026\/01\/10202121301_Backpack_Chair_Bjoern_Brown_Loden (10)-scaled.jpg","type":"image\/jpeg"}],"twitter_card":"summary_large_image","schema":{"@context":"https:\/\/schema.org","@graph":[{"@type":"WebPage","@id":"https:\/\/www.mjoelnerhunting.com\/de\/produkt\/rucksack-stuhl-bjorn-braun-loden\/","url":"https:\/\/www.mjoelnerhunting.com\/de\/produkt\/rucksack-stuhl-bjorn-braun-loden\/","name":"Rucksack Stuhl Bjoern Braun Loden - Mj\u00f8lner Hunting","isPartOf":{"@id":"https:\/\/www.mjoelnerhunting.com\/de\/#website"},"primaryImageOfPage":{"@id":"https:\/\/www.mjoelnerhunting.com\/de\/produkt\/rucksack-stuhl-bjorn-braun-loden\/#primaryimage"},"image":{"@id":"https:\/\/www.mjoelnerhunting.com\/de\/produkt\/rucksack-stuhl-bjorn-braun-loden\/#primaryimage"},"thumbnailUrl":"https:\/\/www.mjoelnerhunting.com\/wp-content\/uploads\/2026\/01\/10202121301_Backpack_Chair_Bjoern_Brown_Loden (10)-scaled.jpg","datePublished":"2026-02-19T11:58:00+00:00","dateModified":"2026-02-22T14:51:46+00:00","breadcrumb":{"@id":"https:\/\/www.mjoelnerhunting.com\/de\/produkt\/rucksack-stuhl-bjorn-braun-loden\/#breadcrumb"},"inLanguage":"de","potentialAction":[{"@type":"ReadAction","target":["https:\/\/www.mjoelnerhunting.com\/de\/produkt\/rucksack-stuhl-bjorn-braun-loden\/"]}]},{"@type":"ImageObject","inLanguage":"de","@id":"https:\/\/www.mjoelnerhunting.com\/de\/produkt\/rucksack-stuhl-bjorn-braun-loden\/#primaryimage","url":"https:\/\/www.mjoelnerhunting.com\/wp-content\/uploads\/2026\/01\/10202121301_Backpack_Chair_Bjoern_Brown_Loden (10)-scaled.jpg","contentUrl":"https:\/\/www.mjoelnerhunting.com\/wp-content\/uploads\/2026\/01\/10202121301_Backpack_Chair_Bjoern_Brown_Loden (10)-scaled.jpg","width":1886,"height":2560},{"@type":"BreadcrumbList","@id":"https:\/\/www.mjoelnerhunting.com\/de\/produkt\/rucksack-stuhl-bjorn-braun-loden\/#breadcrumb","itemListElement":[{"@type":"ListItem","position":1,"name":"Startseite","item":"https:\/\/www.mjoelnerhunting.com\/de\/jagen-sie-klueger-nicht-haerter\/"},{"@type":"ListItem","position":2,"name":"Shop","item":"https:\/\/www.mjoelnerhunting.com\/de\/shop\/"},{"@type":"ListItem","position":3,"name":"Rucksack Stuhl Bjoern Braun Loden"}]},{"@type":"WebSite","@id":"https:\/\/www.mjoelnerhunting.com\/de\/#website","url":"https:\/\/www.mjoelnerhunting.com\/de\/","name":"Mj\u00f8lner Hunting","description":"Hunting Gear","publisher":{"@id":"https:\/\/www.mjoelnerhunting.com\/de\/#organization"},"potentialAction":[{"@type":"SearchAction","target":{"@type":"EntryPoint","urlTemplate":"https:\/\/www.mjoelnerhunting.com\/de\/?s={search_term_string}"},"query-input":{"@type":"PropertyValueSpecification","valueRequired":true,"valueName":"search_term_string"}}],"inLanguage":"de"},{"@type":"Organization","@id":"https:\/\/www.mjoelnerhunting.com\/de\/#organization","name":"Mj\u00f8lner-Jagd","url":"https:\/\/www.mjoelnerhunting.com\/de\/","logo":{"@type":"ImageObject","inLanguage":"de","@id":"https:\/\/www.mjoelnerhunting.com\/de\/#\/schema\/logo\/image\/","url":"https:\/\/www.mjoelnerhunting.com\/wp-content\/uploads\/2021\/10\/Logo-White.png","contentUrl":"https:\/\/www.mjoelnerhunting.com\/wp-content\/uploads\/2021\/10\/Logo-White.png","width":238,"height":114,"caption":"Mj\u00f8lner-Jagd"},"image":{"@id":"https:\/\/www.mjoelnerhunting.com\/de\/#\/schema\/logo\/image\/"},"sameAs":["https:\/\/www.facebook.com\/MJOELNERHUNTING"]}]}},"_links":{"self":[{"href":"https:\/\/www.mjoelnerhunting.com\/de\/wp-json\/wp\/v2\/product\/42252","targetHints":{"allow":["GET"]}}],"collection":[{"href":"https:\/\/www.mjoelnerhunting.com\/de\/wp-json\/wp\/v2\/product"}],"about":[{"href":"https:\/\/www.mjoelnerhunting.com\/de\/wp-json\/wp\/v2\/types\/product"}],"replies":[{"embeddable":true,"href":"https:\/\/www.mjoelnerhunting.com\/de\/wp-json\/wp\/v2\/comments?post=42252"}],"wp:featuredmedia":[{"embeddable":true,"href":"https:\/\/www.mjoelnerhunting.com\/de\/wp-json\/wp\/v2\/media\/42256"}],"wp:attachment":[{"href":"https:\/\/www.mjoelnerhunting.com\/de\/wp-json\/wp\/v2\/media?parent=42252"}],"wp:term":[{"taxonomy":"product_brand","embeddable":true,"href":"https:\/\/www.mjoelnerhunting.com\/de\/wp-json\/wp\/v2\/product_brand?post=42252"},{"taxonomy":"product_cat","embeddable":true,"href":"https:\/\/www.mjoelnerhunting.com\/de\/wp-json\/wp\/v2\/product_cat?post=42252"},{"taxonomy":"product_tag","embeddable":true,"href":"https:\/\/www.mjoelnerhunting.com\/de\/wp-json\/wp\/v2\/product_tag?post=42252"}],"curies":[{"name":"wp","href":"https:\/\/api.w.org\/{rel}","templated":true}]}}