{"id":42245,"date":"2026-02-19T12:58:27","date_gmt":"2026-02-19T11:58:27","guid":{"rendered":"https:\/\/www.mjoelnerhunting.com\/product\/rucksackstuhl-roar-mit-rueckenlehne\/"},"modified":"2026-02-22T11:54:06","modified_gmt":"2026-02-22T10:54:06","slug":"rucksackstuhl-roar-mit-rueckenlehne","status":"publish","type":"product","link":"https:\/\/www.mjoelnerhunting.com\/de\/produkt\/rucksackstuhl-roar-mit-rueckenlehne\/","title":{"rendered":"Rucksackstuhl ROAR mit R\u00fcckenlehne"},"content":{"rendered":"<p>Der Rucksackstuhl mit dem genialen Design des R\u00fcckenlehnenstuhls. &#8222;Nehmen Sie den Sessel mit in den Wald&#8220;. Sitzkomfort der Spitzenklasse. Verstellbare und abnehmbare R\u00fcckenlehne. Fester Sitz mit Kissen f\u00fcr h\u00f6chsten Komfort. Hergestellt aus ger\u00e4uscharmem Material mit wasserdichtem Unterbau. Gro\u00dfes Hauptfach, gro\u00dfe Fronttasche und zwei Seitentaschen aus Netzmaterial. Atmungsaktives Tragesystem mit breiten Riemen f\u00fcr mehr Komfort. Rei\u00dfverschl\u00fcsse f\u00fcr einfache und leise Bedienung auch mit Handschuhen. Aluminiumrahmen, der St\u00e4rke und Leichtigkeit kombiniert. Stuhl und Rucksack k\u00f6nnen leicht getrennt und separat verwendet werden          <\/p>\n","protected":false},"excerpt":{"rendered":"<p data-start=\"101\" data-end=\"150\"><strong data-start=\"101\" data-end=\"150\">Komfort und Funktionalit\u00e4t in einer L\u00f6sung<\/strong><\/p>\n<p data-start=\"152\" data-end=\"260\"><strong data-start=\"152\" data-end=\"162\">Stil:<\/strong> 10202131301<br data-start=\"174\" data-end=\"177\"><strong data-start=\"177\" data-end=\"185\"> EAN:<\/strong> 5714414020305<br data-start=\"199\" data-end=\"202\"><strong data-start=\"202\" data-end=\"212\">Farbe:<\/strong> Dunkelbraun<br data-start=\"222\" data-end=\"225\"><strong data-start=\"225\" data-end=\"239\">Material:<\/strong> Loden und Aluminium<\/p>\n<hr data-start=\"262\" data-end=\"265\">\n<h3 data-start=\"267\" data-end=\"286\">Wesentliche Merkmale<\/h3>\n<ul data-start=\"288\" data-end=\"520\">\n<li data-start=\"288\" data-end=\"316\">\n<p data-start=\"290\" data-end=\"316\">Max. Belastung: 100kg<\/p>\n<\/li>\n<li data-start=\"317\" data-end=\"345\">\n<p data-start=\"319\" data-end=\"345\">Gepolsterte R\u00fcckenkonstruktion<\/p>\n<\/li>\n<li data-start=\"346\" data-end=\"377\">\n<p data-start=\"348\" data-end=\"377\">Bel\u00fcftete Schultergurte<\/p>\n<\/li>\n<li data-start=\"378\" data-end=\"418\">\n<p data-start=\"380\" data-end=\"418\">H\u00fcftgurt f\u00fcr optimale Gewichtsverteilung<\/p>\n<\/li>\n<li data-start=\"419\" data-end=\"446\">\n<p data-start=\"421\" data-end=\"446\">Inklusive Regenschutz<\/p>\n<\/li>\n<li data-start=\"447\" data-end=\"482\">\n<p data-start=\"449\" data-end=\"482\">Verstellbare und abnehmbare R\u00fcckenlehne<\/p>\n<\/li>\n<li data-start=\"483\" data-end=\"520\">\n<p data-start=\"485\" data-end=\"520\">Kann demontiert und separat verwendet werden<\/p>\n<\/li>\n<\/ul>\n<hr data-start=\"522\" data-end=\"525\">\n<h3 data-start=\"527\" data-end=\"546\">Details zum Produkt<\/h3>\n<ul data-start=\"548\" data-end=\"660\">\n<li data-start=\"548\" data-end=\"584\">\n<p data-start=\"550\" data-end=\"584\">Abmessungen (H x B x T): 63 x 30 x 33 cm<\/p>\n<\/li>\n<li data-start=\"585\" data-end=\"618\">\n<p data-start=\"587\" data-end=\"618\">H\u00f6he mit erh\u00f6hter R\u00fcckenlehne: 84 cm<\/p>\n<\/li>\n<li data-start=\"619\" data-end=\"638\">\n<p data-start=\"621\" data-end=\"638\">Gewicht: 3400 Gramm<\/p>\n<\/li>\n<li data-start=\"639\" data-end=\"660\">\n<p data-start=\"641\" data-end=\"660\">Volumen: 30 Liter<\/p>\n<\/li>\n<\/ul>\n<hr data-start=\"662\" data-end=\"665\">\n<h3 data-start=\"667\" data-end=\"689\">Beschreibung des Produkts<\/h3>\n<p data-start=\"691\" data-end=\"898\">Der Roar Backpack Chair kombiniert Rucksack und Stuhl in einem durchdachten und praktischen Design. Das innovative Design der R\u00fcckenlehne bietet Ihnen einen Sitzkomfort, den Sie sonst nur von einem Sessel kennen &#8211; jetzt auch f\u00fcr den Einsatz im Wald. <\/p>\n<p data-start=\"900\" data-end=\"1163\">Die feste, gepolsterte Sitzfl\u00e4che sorgt f\u00fcr hohen Komfort bei langen Aufenthalten am Posten, w\u00e4hrend die verstellbare und abnehmbare R\u00fcckenlehne bei Bedarf f\u00fcr Flexibilit\u00e4t sorgt. Das Material ist leise und jagdtauglich, und die Basis ist wasserabweisend f\u00fcr erh\u00f6hte Haltbarkeit in feuchtem Terrain. <\/p>\n<p data-start=\"1165\" data-end=\"1398\">Der Rucksack verf\u00fcgt \u00fcber ein gro\u00dfes Hauptfach, eine ger\u00e4umige Fronttasche und zwei seitliche Netztaschen f\u00fcr schnellen Zugriff auf die Ausr\u00fcstung. Die breiten, atmungsaktiven Schultergurte und der H\u00fcftgurt sorgen f\u00fcr eine gute Gewichtsverteilung und hohen Tragekomfort &#8211; auch auf l\u00e4ngeren Touren. <\/p>\n<p data-start=\"1400\" data-end=\"1581\">Die Rei\u00dfverschl\u00fcsse sind mit Griffen f\u00fcr eine einfache und ger\u00e4uschlose Bedienung, auch mit Handschuhen, ausgestattet. Der solide Aluminiumrahmen kombiniert St\u00e4rke und geringes Gewicht f\u00fcr Stabilit\u00e4t w\u00e4hrend des Gebrauchs. <\/p>\n<p data-start=\"1583\" data-end=\"1799\">Der Stuhl und der Rucksack k\u00f6nnen leicht getrennt und separat verwendet werden. Das macht den Roar Backpack Chair zu einer flexiblen L\u00f6sung f\u00fcr J\u00e4ger und Outdoor-Enthusiasten, die Komfort w\u00fcnschen, ohne auf Funktionalit\u00e4t verzichten zu m\u00fcssen.<\/p>\n","protected":false},"featured_media":42246,"comment_status":"closed","ping_status":"closed","template":"","meta":{"_acf_changed":false},"product_brand":[],"product_cat":[130],"product_tag":[],"class_list":{"0":"post-42245","1":"product","2":"type-product","3":"status-publish","4":"has-post-thumbnail","6":"product_cat-rucksaecke-und-taschen","8":"first","9":"instock","10":"purchasable","11":"product-type-simple"},"supplier_id":null,"supplier_sku":"","barcode":null,"atum_controlled":true,"out_stock_date":null,"out_stock_threshold":null,"inheritable":false,"inbound_stock":null,"stock_on_hold":8,"sold_today":0,"sales_last_days":0,"reserved_stock":null,"customer_returns":null,"warehouse_damage":null,"lost_in_post":null,"other_logs":null,"out_stock_days":0,"lost_sales":0,"has_location":false,"update_date":"2026-03-31T22:04:42","atum_locations":[],"atum_stock_status":"instock","restock_status":false,"low_stock_amount":"","sales_update_date":"2026-03-31T22:04:42","calc_backorders":null,"acf":[],"yoast_head":"<!-- This site is optimized with the Yoast SEO plugin v27.3 - https:\/\/yoast.com\/product\/yoast-seo-wordpress\/ -->\n<title>Rucksackstuhl ROAR mit R\u00fcckenlehne - Mj\u00f8lner Hunting<\/title>\n<meta name=\"robots\" content=\"index, follow, max-snippet:-1, max-image-preview:large, max-video-preview:-1\" \/>\n<link rel=\"canonical\" href=\"https:\/\/www.mjoelnerhunting.com\/de\/produkt\/rucksackstuhl-roar-mit-rueckenlehne\/\" \/>\n<meta property=\"og:locale\" content=\"de_DE\" \/>\n<meta property=\"og:type\" content=\"article\" \/>\n<meta property=\"og:title\" content=\"Rucksackstuhl ROAR mit R\u00fcckenlehne - Mj\u00f8lner Hunting\" \/>\n<meta property=\"og:description\" content=\"Komfort und Funktionalit\u00e4t in einer L\u00f6sung Stil: 10202131301 EAN: 5714414020305Farbe: DunkelbraunMaterial: Loden und Aluminium   Wesentliche Merkmale   Max. Belastung: 100kg   Gepolsterte R\u00fcckenkonstruktion   Bel\u00fcftete Schultergurte   H\u00fcftgurt f\u00fcr optimale Gewichtsverteilung   Inklusive Regenschutz   Verstellbare und abnehmbare R\u00fcckenlehne   Kann demontiert und separat verwendet werden   Details zum Produkt   Abmessungen (H x B x T): 63 x 30 x 33 cm   H\u00f6he mit erh\u00f6hter R\u00fcckenlehne: 84 cm   Gewicht: 3400 Gramm   Volumen: 30 Liter   Beschreibung des Produkts Der Roar Backpack Chair kombiniert Rucksack und Stuhl in einem durchdachten und praktischen Design. Das innovative Design der R\u00fcckenlehne bietet Ihnen einen Sitzkomfort, den Sie sonst nur von einem Sessel kennen - jetzt auch f\u00fcr den Einsatz im Wald. Die feste, gepolsterte Sitzfl\u00e4che sorgt f\u00fcr hohen Komfort bei langen Aufenthalten am Posten, w\u00e4hrend die verstellbare und abnehmbare R\u00fcckenlehne bei Bedarf f\u00fcr Flexibilit\u00e4t sorgt. Das Material ist leise und jagdtauglich, und die Basis ist wasserabweisend f\u00fcr erh\u00f6hte Haltbarkeit in feuchtem Terrain. Der Rucksack verf\u00fcgt \u00fcber ein gro\u00dfes Hauptfach, eine ger\u00e4umige Fronttasche und zwei seitliche Netztaschen f\u00fcr schnellen Zugriff auf die Ausr\u00fcstung. Die breiten, atmungsaktiven Schultergurte und der H\u00fcftgurt sorgen f\u00fcr eine gute Gewichtsverteilung und hohen Tragekomfort - auch auf l\u00e4ngeren Touren. Die Rei\u00dfverschl\u00fcsse sind mit Griffen f\u00fcr eine einfache und ger\u00e4uschlose Bedienung, auch mit Handschuhen, ausgestattet. Der solide Aluminiumrahmen kombiniert St\u00e4rke und geringes Gewicht f\u00fcr Stabilit\u00e4t w\u00e4hrend des Gebrauchs. Der Stuhl und der Rucksack k\u00f6nnen leicht getrennt und separat verwendet werden. Das macht den Roar Backpack Chair zu einer flexiblen L\u00f6sung f\u00fcr J\u00e4ger und Outdoor-Enthusiasten, die Komfort w\u00fcnschen, ohne auf Funktionalit\u00e4t verzichten zu m\u00fcssen.\" \/>\n<meta property=\"og:url\" content=\"https:\/\/www.mjoelnerhunting.com\/de\/produkt\/rucksackstuhl-roar-mit-rueckenlehne\/\" \/>\n<meta property=\"og:site_name\" content=\"Mj\u00f8lner Hunting\" \/>\n<meta property=\"article:publisher\" content=\"https:\/\/www.facebook.com\/MJOELNERHUNTING\" \/>\n<meta property=\"article:modified_time\" content=\"2026-02-22T10:54:06+00:00\" \/>\n<meta property=\"og:image\" content=\"https:\/\/www.mjoelnerhunting.com\/wp-content\/uploads\/2026\/01\/10202131301_Backpack_Chair_Roar_Brown_Loden_Backrest%20(1)-scaled.jpg\" \/>\n\t<meta property=\"og:image:width\" content=\"2344\" \/>\n\t<meta property=\"og:image:height\" content=\"2560\" \/>\n\t<meta property=\"og:image:type\" content=\"image\/jpeg\" \/>\n<meta name=\"twitter:card\" content=\"summary_large_image\" \/>\n<script type=\"application\/ld+json\" class=\"yoast-schema-graph\">{\"@context\":\"https:\\\/\\\/schema.org\",\"@graph\":[{\"@type\":\"WebPage\",\"@id\":\"https:\\\/\\\/www.mjoelnerhunting.com\\\/de\\\/produkt\\\/rucksackstuhl-roar-mit-rueckenlehne\\\/\",\"url\":\"https:\\\/\\\/www.mjoelnerhunting.com\\\/de\\\/produkt\\\/rucksackstuhl-roar-mit-rueckenlehne\\\/\",\"name\":\"Rucksackstuhl ROAR mit R\u00fcckenlehne - Mj\u00f8lner Hunting\",\"isPartOf\":{\"@id\":\"https:\\\/\\\/www.mjoelnerhunting.com\\\/de\\\/#website\"},\"primaryImageOfPage\":{\"@id\":\"https:\\\/\\\/www.mjoelnerhunting.com\\\/de\\\/produkt\\\/rucksackstuhl-roar-mit-rueckenlehne\\\/#primaryimage\"},\"image\":{\"@id\":\"https:\\\/\\\/www.mjoelnerhunting.com\\\/de\\\/produkt\\\/rucksackstuhl-roar-mit-rueckenlehne\\\/#primaryimage\"},\"thumbnailUrl\":\"https:\\\/\\\/www.mjoelnerhunting.com\\\/wp-content\\\/uploads\\\/2026\\\/01\\\/10202131301_Backpack_Chair_Roar_Brown_Loden_Backrest (1)-scaled.jpg\",\"datePublished\":\"2026-02-19T11:58:27+00:00\",\"dateModified\":\"2026-02-22T10:54:06+00:00\",\"breadcrumb\":{\"@id\":\"https:\\\/\\\/www.mjoelnerhunting.com\\\/de\\\/produkt\\\/rucksackstuhl-roar-mit-rueckenlehne\\\/#breadcrumb\"},\"inLanguage\":\"de\",\"potentialAction\":[{\"@type\":\"ReadAction\",\"target\":[\"https:\\\/\\\/www.mjoelnerhunting.com\\\/de\\\/produkt\\\/rucksackstuhl-roar-mit-rueckenlehne\\\/\"]}]},{\"@type\":\"ImageObject\",\"inLanguage\":\"de\",\"@id\":\"https:\\\/\\\/www.mjoelnerhunting.com\\\/de\\\/produkt\\\/rucksackstuhl-roar-mit-rueckenlehne\\\/#primaryimage\",\"url\":\"https:\\\/\\\/www.mjoelnerhunting.com\\\/wp-content\\\/uploads\\\/2026\\\/01\\\/10202131301_Backpack_Chair_Roar_Brown_Loden_Backrest (1)-scaled.jpg\",\"contentUrl\":\"https:\\\/\\\/www.mjoelnerhunting.com\\\/wp-content\\\/uploads\\\/2026\\\/01\\\/10202131301_Backpack_Chair_Roar_Brown_Loden_Backrest (1)-scaled.jpg\",\"width\":2344,\"height\":2560},{\"@type\":\"BreadcrumbList\",\"@id\":\"https:\\\/\\\/www.mjoelnerhunting.com\\\/de\\\/produkt\\\/rucksackstuhl-roar-mit-rueckenlehne\\\/#breadcrumb\",\"itemListElement\":[{\"@type\":\"ListItem\",\"position\":1,\"name\":\"Startseite\",\"item\":\"https:\\\/\\\/www.mjoelnerhunting.com\\\/de\\\/jagen-sie-klueger-nicht-haerter\\\/\"},{\"@type\":\"ListItem\",\"position\":2,\"name\":\"Shop\",\"item\":\"https:\\\/\\\/www.mjoelnerhunting.com\\\/de\\\/shop\\\/\"},{\"@type\":\"ListItem\",\"position\":3,\"name\":\"Rucksackstuhl ROAR mit R\u00fcckenlehne\"}]},{\"@type\":\"WebSite\",\"@id\":\"https:\\\/\\\/www.mjoelnerhunting.com\\\/de\\\/#website\",\"url\":\"https:\\\/\\\/www.mjoelnerhunting.com\\\/de\\\/\",\"name\":\"Mj\u00f8lner Hunting\",\"description\":\"Hunting Gear\",\"publisher\":{\"@id\":\"https:\\\/\\\/www.mjoelnerhunting.com\\\/de\\\/#organization\"},\"potentialAction\":[{\"@type\":\"SearchAction\",\"target\":{\"@type\":\"EntryPoint\",\"urlTemplate\":\"https:\\\/\\\/www.mjoelnerhunting.com\\\/de\\\/?s={search_term_string}\"},\"query-input\":{\"@type\":\"PropertyValueSpecification\",\"valueRequired\":true,\"valueName\":\"search_term_string\"}}],\"inLanguage\":\"de\"},{\"@type\":\"Organization\",\"@id\":\"https:\\\/\\\/www.mjoelnerhunting.com\\\/de\\\/#organization\",\"name\":\"Mj\u00f8lner-Jagd\",\"url\":\"https:\\\/\\\/www.mjoelnerhunting.com\\\/de\\\/\",\"logo\":{\"@type\":\"ImageObject\",\"inLanguage\":\"de\",\"@id\":\"https:\\\/\\\/www.mjoelnerhunting.com\\\/de\\\/#\\\/schema\\\/logo\\\/image\\\/\",\"url\":\"https:\\\/\\\/www.mjoelnerhunting.com\\\/wp-content\\\/uploads\\\/2021\\\/10\\\/Logo-White.png\",\"contentUrl\":\"https:\\\/\\\/www.mjoelnerhunting.com\\\/wp-content\\\/uploads\\\/2021\\\/10\\\/Logo-White.png\",\"width\":238,\"height\":114,\"caption\":\"Mj\u00f8lner-Jagd\"},\"image\":{\"@id\":\"https:\\\/\\\/www.mjoelnerhunting.com\\\/de\\\/#\\\/schema\\\/logo\\\/image\\\/\"},\"sameAs\":[\"https:\\\/\\\/www.facebook.com\\\/MJOELNERHUNTING\"]}]}<\/script>\n<!-- \/ Yoast SEO plugin. -->","yoast_head_json":{"title":"Rucksackstuhl ROAR mit R\u00fcckenlehne - Mj\u00f8lner Hunting","robots":{"index":"index","follow":"follow","max-snippet":"max-snippet:-1","max-image-preview":"max-image-preview:large","max-video-preview":"max-video-preview:-1"},"canonical":"https:\/\/www.mjoelnerhunting.com\/de\/produkt\/rucksackstuhl-roar-mit-rueckenlehne\/","og_locale":"de_DE","og_type":"article","og_title":"Rucksackstuhl ROAR mit R\u00fcckenlehne - Mj\u00f8lner Hunting","og_description":"Komfort und Funktionalit\u00e4t in einer L\u00f6sung Stil: 10202131301 EAN: 5714414020305Farbe: DunkelbraunMaterial: Loden und Aluminium   Wesentliche Merkmale   Max. Belastung: 100kg   Gepolsterte R\u00fcckenkonstruktion   Bel\u00fcftete Schultergurte   H\u00fcftgurt f\u00fcr optimale Gewichtsverteilung   Inklusive Regenschutz   Verstellbare und abnehmbare R\u00fcckenlehne   Kann demontiert und separat verwendet werden   Details zum Produkt   Abmessungen (H x B x T): 63 x 30 x 33 cm   H\u00f6he mit erh\u00f6hter R\u00fcckenlehne: 84 cm   Gewicht: 3400 Gramm   Volumen: 30 Liter   Beschreibung des Produkts Der Roar Backpack Chair kombiniert Rucksack und Stuhl in einem durchdachten und praktischen Design. Das innovative Design der R\u00fcckenlehne bietet Ihnen einen Sitzkomfort, den Sie sonst nur von einem Sessel kennen - jetzt auch f\u00fcr den Einsatz im Wald. Die feste, gepolsterte Sitzfl\u00e4che sorgt f\u00fcr hohen Komfort bei langen Aufenthalten am Posten, w\u00e4hrend die verstellbare und abnehmbare R\u00fcckenlehne bei Bedarf f\u00fcr Flexibilit\u00e4t sorgt. Das Material ist leise und jagdtauglich, und die Basis ist wasserabweisend f\u00fcr erh\u00f6hte Haltbarkeit in feuchtem Terrain. Der Rucksack verf\u00fcgt \u00fcber ein gro\u00dfes Hauptfach, eine ger\u00e4umige Fronttasche und zwei seitliche Netztaschen f\u00fcr schnellen Zugriff auf die Ausr\u00fcstung. Die breiten, atmungsaktiven Schultergurte und der H\u00fcftgurt sorgen f\u00fcr eine gute Gewichtsverteilung und hohen Tragekomfort - auch auf l\u00e4ngeren Touren. Die Rei\u00dfverschl\u00fcsse sind mit Griffen f\u00fcr eine einfache und ger\u00e4uschlose Bedienung, auch mit Handschuhen, ausgestattet. Der solide Aluminiumrahmen kombiniert St\u00e4rke und geringes Gewicht f\u00fcr Stabilit\u00e4t w\u00e4hrend des Gebrauchs. Der Stuhl und der Rucksack k\u00f6nnen leicht getrennt und separat verwendet werden. Das macht den Roar Backpack Chair zu einer flexiblen L\u00f6sung f\u00fcr J\u00e4ger und Outdoor-Enthusiasten, die Komfort w\u00fcnschen, ohne auf Funktionalit\u00e4t verzichten zu m\u00fcssen.","og_url":"https:\/\/www.mjoelnerhunting.com\/de\/produkt\/rucksackstuhl-roar-mit-rueckenlehne\/","og_site_name":"Mj\u00f8lner Hunting","article_publisher":"https:\/\/www.facebook.com\/MJOELNERHUNTING","article_modified_time":"2026-02-22T10:54:06+00:00","og_image":[{"width":2344,"height":2560,"url":"https:\/\/www.mjoelnerhunting.com\/wp-content\/uploads\/2026\/01\/10202131301_Backpack_Chair_Roar_Brown_Loden_Backrest (1)-scaled.jpg","type":"image\/jpeg"}],"twitter_card":"summary_large_image","schema":{"@context":"https:\/\/schema.org","@graph":[{"@type":"WebPage","@id":"https:\/\/www.mjoelnerhunting.com\/de\/produkt\/rucksackstuhl-roar-mit-rueckenlehne\/","url":"https:\/\/www.mjoelnerhunting.com\/de\/produkt\/rucksackstuhl-roar-mit-rueckenlehne\/","name":"Rucksackstuhl ROAR mit R\u00fcckenlehne - Mj\u00f8lner Hunting","isPartOf":{"@id":"https:\/\/www.mjoelnerhunting.com\/de\/#website"},"primaryImageOfPage":{"@id":"https:\/\/www.mjoelnerhunting.com\/de\/produkt\/rucksackstuhl-roar-mit-rueckenlehne\/#primaryimage"},"image":{"@id":"https:\/\/www.mjoelnerhunting.com\/de\/produkt\/rucksackstuhl-roar-mit-rueckenlehne\/#primaryimage"},"thumbnailUrl":"https:\/\/www.mjoelnerhunting.com\/wp-content\/uploads\/2026\/01\/10202131301_Backpack_Chair_Roar_Brown_Loden_Backrest (1)-scaled.jpg","datePublished":"2026-02-19T11:58:27+00:00","dateModified":"2026-02-22T10:54:06+00:00","breadcrumb":{"@id":"https:\/\/www.mjoelnerhunting.com\/de\/produkt\/rucksackstuhl-roar-mit-rueckenlehne\/#breadcrumb"},"inLanguage":"de","potentialAction":[{"@type":"ReadAction","target":["https:\/\/www.mjoelnerhunting.com\/de\/produkt\/rucksackstuhl-roar-mit-rueckenlehne\/"]}]},{"@type":"ImageObject","inLanguage":"de","@id":"https:\/\/www.mjoelnerhunting.com\/de\/produkt\/rucksackstuhl-roar-mit-rueckenlehne\/#primaryimage","url":"https:\/\/www.mjoelnerhunting.com\/wp-content\/uploads\/2026\/01\/10202131301_Backpack_Chair_Roar_Brown_Loden_Backrest (1)-scaled.jpg","contentUrl":"https:\/\/www.mjoelnerhunting.com\/wp-content\/uploads\/2026\/01\/10202131301_Backpack_Chair_Roar_Brown_Loden_Backrest (1)-scaled.jpg","width":2344,"height":2560},{"@type":"BreadcrumbList","@id":"https:\/\/www.mjoelnerhunting.com\/de\/produkt\/rucksackstuhl-roar-mit-rueckenlehne\/#breadcrumb","itemListElement":[{"@type":"ListItem","position":1,"name":"Startseite","item":"https:\/\/www.mjoelnerhunting.com\/de\/jagen-sie-klueger-nicht-haerter\/"},{"@type":"ListItem","position":2,"name":"Shop","item":"https:\/\/www.mjoelnerhunting.com\/de\/shop\/"},{"@type":"ListItem","position":3,"name":"Rucksackstuhl ROAR mit R\u00fcckenlehne"}]},{"@type":"WebSite","@id":"https:\/\/www.mjoelnerhunting.com\/de\/#website","url":"https:\/\/www.mjoelnerhunting.com\/de\/","name":"Mj\u00f8lner Hunting","description":"Hunting Gear","publisher":{"@id":"https:\/\/www.mjoelnerhunting.com\/de\/#organization"},"potentialAction":[{"@type":"SearchAction","target":{"@type":"EntryPoint","urlTemplate":"https:\/\/www.mjoelnerhunting.com\/de\/?s={search_term_string}"},"query-input":{"@type":"PropertyValueSpecification","valueRequired":true,"valueName":"search_term_string"}}],"inLanguage":"de"},{"@type":"Organization","@id":"https:\/\/www.mjoelnerhunting.com\/de\/#organization","name":"Mj\u00f8lner-Jagd","url":"https:\/\/www.mjoelnerhunting.com\/de\/","logo":{"@type":"ImageObject","inLanguage":"de","@id":"https:\/\/www.mjoelnerhunting.com\/de\/#\/schema\/logo\/image\/","url":"https:\/\/www.mjoelnerhunting.com\/wp-content\/uploads\/2021\/10\/Logo-White.png","contentUrl":"https:\/\/www.mjoelnerhunting.com\/wp-content\/uploads\/2021\/10\/Logo-White.png","width":238,"height":114,"caption":"Mj\u00f8lner-Jagd"},"image":{"@id":"https:\/\/www.mjoelnerhunting.com\/de\/#\/schema\/logo\/image\/"},"sameAs":["https:\/\/www.facebook.com\/MJOELNERHUNTING"]}]}},"_links":{"self":[{"href":"https:\/\/www.mjoelnerhunting.com\/de\/wp-json\/wp\/v2\/product\/42245","targetHints":{"allow":["GET"]}}],"collection":[{"href":"https:\/\/www.mjoelnerhunting.com\/de\/wp-json\/wp\/v2\/product"}],"about":[{"href":"https:\/\/www.mjoelnerhunting.com\/de\/wp-json\/wp\/v2\/types\/product"}],"replies":[{"embeddable":true,"href":"https:\/\/www.mjoelnerhunting.com\/de\/wp-json\/wp\/v2\/comments?post=42245"}],"wp:featuredmedia":[{"embeddable":true,"href":"https:\/\/www.mjoelnerhunting.com\/de\/wp-json\/wp\/v2\/media\/42246"}],"wp:attachment":[{"href":"https:\/\/www.mjoelnerhunting.com\/de\/wp-json\/wp\/v2\/media?parent=42245"}],"wp:term":[{"taxonomy":"product_brand","embeddable":true,"href":"https:\/\/www.mjoelnerhunting.com\/de\/wp-json\/wp\/v2\/product_brand?post=42245"},{"taxonomy":"product_cat","embeddable":true,"href":"https:\/\/www.mjoelnerhunting.com\/de\/wp-json\/wp\/v2\/product_cat?post=42245"},{"taxonomy":"product_tag","embeddable":true,"href":"https:\/\/www.mjoelnerhunting.com\/de\/wp-json\/wp\/v2\/product_tag?post=42245"}],"curies":[{"name":"wp","href":"https:\/\/api.w.org\/{rel}","templated":true}]}}